{"id":402,"date":"2020-05-28T15:42:53","date_gmt":"2020-05-28T13:42:53","guid":{"rendered":"https:\/\/g-man.se\/product\/sticksagblad-bi-metall-bosch-faste"},"modified":"2023-06-28T09:25:45","modified_gmt":"2023-06-28T07:25:45","slug":"2015-sticksagblad-bi-metall-bosch-faste","status":"publish","type":"product","link":"https:\/\/g-man.se\/sv\/produkter\/sticksagsblad\/bosch-faste\/2015-sticksagblad-bi-metall-bosch-faste","title":{"rendered":"2015 Sticks\u00e5gblad Bi-metall, Bosch-f\u00e4ste"},"content":{"rendered":"\n<table id=\"tablepress-14\" class=\"tablepress tablepress-id-14\">\n<thead>\n<tr class=\"row-1\">\n\t<th class=\"column-1\">Artikelnummer<\/th><th class=\"column-2\">Dimensioner (mm)<\/th><th class=\"column-3\">F\u00f6rpackningsstorlek<\/th>\n<\/tr>\n<\/thead>\n<tbody class=\"row-striping\">\n<tr class=\"row-2\">\n\t<td class=\"column-1\">2015-0512<br \/>\n<\/td><td class=\"column-2\">50x8x1,0<br \/>\n<\/td><td class=\"column-3\">5-pack<\/td>\n<\/tr>\n<tr class=\"row-3\">\n\t<td class=\"column-1\">2015-1012<br \/>\n<\/td><td class=\"column-2\">100x8x1,0<br \/>\n<\/td><td class=\"column-3\">5-pack<\/td>\n<\/tr>\n<tr class=\"row-4\">\n\t<td class=\"column-1\">2015-2010<br \/>\n<\/td><td class=\"column-2\">200x8x1,0 <br \/>\n<\/td><td class=\"column-3\">5-pack<\/td>\n<\/tr>\n<tr class=\"row-5\">\n\t<td class=\"column-1\">2015-0520<br \/>\n<\/td><td class=\"column-2\">50x8x1,0<br \/>\n<\/td><td class=\"column-3\">5-pack<\/td>\n<\/tr>\n<tr class=\"row-6\">\n\t<td class=\"column-1\">2015-1020<br \/>\n<\/td><td class=\"column-2\">100x8x1,0<br \/>\n<\/td><td class=\"column-3\">5-pack<\/td>\n<\/tr>\n<tr class=\"row-7\">\n\t<td class=\"column-1\">2015-0700<\/td><td class=\"column-2\">77x8,5x1,0<br \/>\n<\/td><td class=\"column-3\">5-pack<\/td>\n<\/tr>\n<tr class=\"row-8\">\n\t<td class=\"column-1\">2015-1100<\/td><td class=\"column-2\">108x10x1,25<br \/>\n<\/td><td class=\"column-3\">5-pack<\/td>\n<\/tr>\n<tr class=\"row-9\">\n\t<td class=\"column-1\">2015-0730<br \/>\n<\/td><td class=\"column-2\">75x8x1,0<br \/>\n<\/td><td class=\"column-3\">5-pack<\/td>\n<\/tr>\n<\/tbody>\n<\/table>\n\n","protected":false},"excerpt":{"rendered":"<p>Fina snitt i metallprofiler och pl\u00e5t.<\/p>\n<p><img loading=\"lazy\" decoding=\"async\" class=\"alignnone size-full wp-image-676\" src=\"https:\/\/g-man.se\/wp-content\/uploads\/symbol-metal.png\" alt=\"\" width=\"80\" height=\"80\" \/>\u00a0 \u00a0 <img loading=\"lazy\" decoding=\"async\" class=\"alignnone size-full wp-image-671\" src=\"https:\/\/g-man.se\/wp-content\/uploads\/symbol-figure-sawing.png\" alt=\"\" width=\"80\" height=\"80\" \/>\u00a0 \u00a0 <img loading=\"lazy\" decoding=\"async\" class=\"alignnone size-full wp-image-677\" src=\"https:\/\/g-man.se\/wp-content\/uploads\/symbol-nail-embedded-wood.png\" alt=\"\" width=\"80\" height=\"80\" \/><\/p>\n","protected":false},"featured_media":2100,"comment_status":"closed","ping_status":"closed","template":"","meta":{"_acf_changed":false},"product_cat":[43],"product_tag":[],"class_list":["post-402","product","type-product","status-publish","has-post-thumbnail","hentry","product_cat-bosch-faste","entry","has-media"],"acf":[],"yoast_head":"<!-- This site is optimized with the Yoast SEO plugin v26.8 - https:\/\/yoast.com\/product\/yoast-seo-wordpress\/ -->\n<title>2015 Sticks\u00e5gblad Bi-metall, Bosch-f\u00e4ste - G-MAN Tools<\/title>\n<meta name=\"robots\" content=\"index, follow, max-snippet:-1, max-image-preview:large, max-video-preview:-1\" \/>\n<link rel=\"canonical\" href=\"https:\/\/g-man.se\/sv\/produkter\/sticksagsblad\/bosch-faste\/2015-sticksagblad-bi-metall-bosch-faste\" \/>\n<meta property=\"og:locale\" content=\"sv_SE\" \/>\n<meta property=\"og:type\" content=\"article\" \/>\n<meta property=\"og:title\" content=\"2015 Sticks\u00e5gblad Bi-metall, Bosch-f\u00e4ste - G-MAN Tools\" \/>\n<meta property=\"og:description\" content=\"Fina snitt i metallprofiler och pl\u00e5t.  \u00a0 \u00a0 \u00a0 \u00a0\" \/>\n<meta property=\"og:url\" content=\"https:\/\/g-man.se\/sv\/produkter\/sticksagsblad\/bosch-faste\/2015-sticksagblad-bi-metall-bosch-faste\" \/>\n<meta property=\"og:site_name\" content=\"G-MAN Tools\" \/>\n<meta property=\"article:publisher\" content=\"https:\/\/www.facebook.com\/GManToolsAB\/\" \/>\n<meta property=\"article:modified_time\" content=\"2023-06-28T07:25:45+00:00\" \/>\n<meta property=\"og:image\" content=\"https:\/\/g-man.se\/wp-content\/uploads\/2015-0520-2.jpg\" \/>\n\t<meta property=\"og:image:width\" content=\"930\" \/>\n\t<meta property=\"og:image:height\" content=\"150\" \/>\n\t<meta property=\"og:image:type\" content=\"image\/jpeg\" \/>\n<meta name=\"twitter:card\" content=\"summary_large_image\" \/>\n<script type=\"application\/ld+json\" class=\"yoast-schema-graph\">{\"@context\":\"https:\/\/schema.org\",\"@graph\":[{\"@type\":\"WebPage\",\"@id\":\"https:\/\/g-man.se\/sv\/produkter\/sticksagsblad\/bosch-faste\/2015-sticksagblad-bi-metall-bosch-faste\",\"url\":\"https:\/\/g-man.se\/sv\/produkter\/sticksagsblad\/bosch-faste\/2015-sticksagblad-bi-metall-bosch-faste\",\"name\":\"2015 Sticks\u00e5gblad Bi-metall, Bosch-f\u00e4ste - G-MAN Tools\",\"isPartOf\":{\"@id\":\"https:\/\/g-man.se\/sv\/sv\/#website\"},\"primaryImageOfPage\":{\"@id\":\"https:\/\/g-man.se\/sv\/produkter\/sticksagsblad\/bosch-faste\/2015-sticksagblad-bi-metall-bosch-faste#primaryimage\"},\"image\":{\"@id\":\"https:\/\/g-man.se\/sv\/produkter\/sticksagsblad\/bosch-faste\/2015-sticksagblad-bi-metall-bosch-faste#primaryimage\"},\"thumbnailUrl\":\"https:\/\/g-man.se\/wp-content\/uploads\/2015-0520-2.jpg\",\"datePublished\":\"2020-05-28T13:42:53+00:00\",\"dateModified\":\"2023-06-28T07:25:45+00:00\",\"breadcrumb\":{\"@id\":\"https:\/\/g-man.se\/sv\/produkter\/sticksagsblad\/bosch-faste\/2015-sticksagblad-bi-metall-bosch-faste#breadcrumb\"},\"inLanguage\":\"sv-SE\",\"potentialAction\":[{\"@type\":\"ReadAction\",\"target\":[\"https:\/\/g-man.se\/sv\/produkter\/sticksagsblad\/bosch-faste\/2015-sticksagblad-bi-metall-bosch-faste\"]}]},{\"@type\":\"ImageObject\",\"inLanguage\":\"sv-SE\",\"@id\":\"https:\/\/g-man.se\/sv\/produkter\/sticksagsblad\/bosch-faste\/2015-sticksagblad-bi-metall-bosch-faste#primaryimage\",\"url\":\"https:\/\/g-man.se\/wp-content\/uploads\/2015-0520-2.jpg\",\"contentUrl\":\"https:\/\/g-man.se\/wp-content\/uploads\/2015-0520-2.jpg\",\"width\":930,\"height\":150},{\"@type\":\"BreadcrumbList\",\"@id\":\"https:\/\/g-man.se\/sv\/produkter\/sticksagsblad\/bosch-faste\/2015-sticksagblad-bi-metall-bosch-faste#breadcrumb\",\"itemListElement\":[{\"@type\":\"ListItem\",\"position\":1,\"name\":\"Hem\",\"item\":\"https:\/\/g-man.se\/sv\"},{\"@type\":\"ListItem\",\"position\":2,\"name\":\"Products\",\"item\":\"https:\/\/g-man.se\/sv\/shop\"},{\"@type\":\"ListItem\",\"position\":3,\"name\":\"Sticks\u00e5gsblad\",\"item\":\"https:\/\/g-man.se\/sv\/produkt-kategori\/sticksagsblad\"},{\"@type\":\"ListItem\",\"position\":4,\"name\":\"Bosch-f\u00e4ste\",\"item\":\"https:\/\/g-man.se\/sv\/produkt-kategori\/sticksagsblad\/bosch-faste\"},{\"@type\":\"ListItem\",\"position\":5,\"name\":\"2015 Sticks\u00e5gblad Bi-metall, Bosch-f\u00e4ste\"}]},{\"@type\":\"WebSite\",\"@id\":\"https:\/\/g-man.se\/sv\/sv\/#website\",\"url\":\"https:\/\/g-man.se\/sv\/sv\/\",\"name\":\"G-MAN Tools\",\"description\":\"The Swedish Saw Expert\",\"publisher\":{\"@id\":\"https:\/\/g-man.se\/sv\/sv\/#organization\"},\"potentialAction\":[{\"@type\":\"SearchAction\",\"target\":{\"@type\":\"EntryPoint\",\"urlTemplate\":\"https:\/\/g-man.se\/sv\/sv\/?s={search_term_string}\"},\"query-input\":{\"@type\":\"PropertyValueSpecification\",\"valueRequired\":true,\"valueName\":\"search_term_string\"}}],\"inLanguage\":\"sv-SE\"},{\"@type\":\"Organization\",\"@id\":\"https:\/\/g-man.se\/sv\/sv\/#organization\",\"name\":\"G-Man Tools\",\"url\":\"https:\/\/g-man.se\/sv\/sv\/\",\"logo\":{\"@type\":\"ImageObject\",\"inLanguage\":\"sv-SE\",\"@id\":\"https:\/\/g-man.se\/sv\/sv\/#\/schema\/logo\/image\/\",\"url\":\"https:\/\/g-man.se\/wp-content\/uploads\/g-man-logo.png\",\"contentUrl\":\"https:\/\/g-man.se\/wp-content\/uploads\/g-man-logo.png\",\"width\":1080,\"height\":373,\"caption\":\"G-Man Tools\"},\"image\":{\"@id\":\"https:\/\/g-man.se\/sv\/sv\/#\/schema\/logo\/image\/\"},\"sameAs\":[\"https:\/\/www.facebook.com\/GManToolsAB\/\",\"https:\/\/www.instagram.com\/gmantools\/\",\"https:\/\/se.linkedin.com\/company\/g-man-tools-ab\",\"https:\/\/www.youtube.com\/user\/GManTools\"]}]}<\/script>\n<!-- \/ Yoast SEO plugin. -->","yoast_head_json":{"title":"2015 Sticks\u00e5gblad Bi-metall, Bosch-f\u00e4ste - G-MAN Tools","robots":{"index":"index","follow":"follow","max-snippet":"max-snippet:-1","max-image-preview":"max-image-preview:large","max-video-preview":"max-video-preview:-1"},"canonical":"https:\/\/g-man.se\/sv\/produkter\/sticksagsblad\/bosch-faste\/2015-sticksagblad-bi-metall-bosch-faste","og_locale":"sv_SE","og_type":"article","og_title":"2015 Sticks\u00e5gblad Bi-metall, Bosch-f\u00e4ste - G-MAN Tools","og_description":"Fina snitt i metallprofiler och pl\u00e5t.  \u00a0 \u00a0 \u00a0 \u00a0","og_url":"https:\/\/g-man.se\/sv\/produkter\/sticksagsblad\/bosch-faste\/2015-sticksagblad-bi-metall-bosch-faste","og_site_name":"G-MAN Tools","article_publisher":"https:\/\/www.facebook.com\/GManToolsAB\/","article_modified_time":"2023-06-28T07:25:45+00:00","og_image":[{"width":930,"height":150,"url":"https:\/\/g-man.se\/wp-content\/uploads\/2015-0520-2.jpg","type":"image\/jpeg"}],"twitter_card":"summary_large_image","schema":{"@context":"https:\/\/schema.org","@graph":[{"@type":"WebPage","@id":"https:\/\/g-man.se\/sv\/produkter\/sticksagsblad\/bosch-faste\/2015-sticksagblad-bi-metall-bosch-faste","url":"https:\/\/g-man.se\/sv\/produkter\/sticksagsblad\/bosch-faste\/2015-sticksagblad-bi-metall-bosch-faste","name":"2015 Sticks\u00e5gblad Bi-metall, Bosch-f\u00e4ste - G-MAN Tools","isPartOf":{"@id":"https:\/\/g-man.se\/sv\/sv\/#website"},"primaryImageOfPage":{"@id":"https:\/\/g-man.se\/sv\/produkter\/sticksagsblad\/bosch-faste\/2015-sticksagblad-bi-metall-bosch-faste#primaryimage"},"image":{"@id":"https:\/\/g-man.se\/sv\/produkter\/sticksagsblad\/bosch-faste\/2015-sticksagblad-bi-metall-bosch-faste#primaryimage"},"thumbnailUrl":"https:\/\/g-man.se\/wp-content\/uploads\/2015-0520-2.jpg","datePublished":"2020-05-28T13:42:53+00:00","dateModified":"2023-06-28T07:25:45+00:00","breadcrumb":{"@id":"https:\/\/g-man.se\/sv\/produkter\/sticksagsblad\/bosch-faste\/2015-sticksagblad-bi-metall-bosch-faste#breadcrumb"},"inLanguage":"sv-SE","potentialAction":[{"@type":"ReadAction","target":["https:\/\/g-man.se\/sv\/produkter\/sticksagsblad\/bosch-faste\/2015-sticksagblad-bi-metall-bosch-faste"]}]},{"@type":"ImageObject","inLanguage":"sv-SE","@id":"https:\/\/g-man.se\/sv\/produkter\/sticksagsblad\/bosch-faste\/2015-sticksagblad-bi-metall-bosch-faste#primaryimage","url":"https:\/\/g-man.se\/wp-content\/uploads\/2015-0520-2.jpg","contentUrl":"https:\/\/g-man.se\/wp-content\/uploads\/2015-0520-2.jpg","width":930,"height":150},{"@type":"BreadcrumbList","@id":"https:\/\/g-man.se\/sv\/produkter\/sticksagsblad\/bosch-faste\/2015-sticksagblad-bi-metall-bosch-faste#breadcrumb","itemListElement":[{"@type":"ListItem","position":1,"name":"Hem","item":"https:\/\/g-man.se\/sv"},{"@type":"ListItem","position":2,"name":"Products","item":"https:\/\/g-man.se\/sv\/shop"},{"@type":"ListItem","position":3,"name":"Sticks\u00e5gsblad","item":"https:\/\/g-man.se\/sv\/produkt-kategori\/sticksagsblad"},{"@type":"ListItem","position":4,"name":"Bosch-f\u00e4ste","item":"https:\/\/g-man.se\/sv\/produkt-kategori\/sticksagsblad\/bosch-faste"},{"@type":"ListItem","position":5,"name":"2015 Sticks\u00e5gblad Bi-metall, Bosch-f\u00e4ste"}]},{"@type":"WebSite","@id":"https:\/\/g-man.se\/sv\/sv\/#website","url":"https:\/\/g-man.se\/sv\/sv\/","name":"G-MAN Tools","description":"The Swedish Saw Expert","publisher":{"@id":"https:\/\/g-man.se\/sv\/sv\/#organization"},"potentialAction":[{"@type":"SearchAction","target":{"@type":"EntryPoint","urlTemplate":"https:\/\/g-man.se\/sv\/sv\/?s={search_term_string}"},"query-input":{"@type":"PropertyValueSpecification","valueRequired":true,"valueName":"search_term_string"}}],"inLanguage":"sv-SE"},{"@type":"Organization","@id":"https:\/\/g-man.se\/sv\/sv\/#organization","name":"G-Man Tools","url":"https:\/\/g-man.se\/sv\/sv\/","logo":{"@type":"ImageObject","inLanguage":"sv-SE","@id":"https:\/\/g-man.se\/sv\/sv\/#\/schema\/logo\/image\/","url":"https:\/\/g-man.se\/wp-content\/uploads\/g-man-logo.png","contentUrl":"https:\/\/g-man.se\/wp-content\/uploads\/g-man-logo.png","width":1080,"height":373,"caption":"G-Man Tools"},"image":{"@id":"https:\/\/g-man.se\/sv\/sv\/#\/schema\/logo\/image\/"},"sameAs":["https:\/\/www.facebook.com\/GManToolsAB\/","https:\/\/www.instagram.com\/gmantools\/","https:\/\/se.linkedin.com\/company\/g-man-tools-ab","https:\/\/www.youtube.com\/user\/GManTools"]}]}},"_links":{"self":[{"href":"https:\/\/g-man.se\/sv\/wp-json\/wp\/v2\/product\/402","targetHints":{"allow":["GET"]}}],"collection":[{"href":"https:\/\/g-man.se\/sv\/wp-json\/wp\/v2\/product"}],"about":[{"href":"https:\/\/g-man.se\/sv\/wp-json\/wp\/v2\/types\/product"}],"replies":[{"embeddable":true,"href":"https:\/\/g-man.se\/sv\/wp-json\/wp\/v2\/comments?post=402"}],"wp:featuredmedia":[{"embeddable":true,"href":"https:\/\/g-man.se\/sv\/wp-json\/wp\/v2\/media\/2100"}],"wp:attachment":[{"href":"https:\/\/g-man.se\/sv\/wp-json\/wp\/v2\/media?parent=402"}],"wp:term":[{"taxonomy":"product_cat","embeddable":true,"href":"https:\/\/g-man.se\/sv\/wp-json\/wp\/v2\/product_cat?post=402"},{"taxonomy":"product_tag","embeddable":true,"href":"https:\/\/g-man.se\/sv\/wp-json\/wp\/v2\/product_tag?post=402"}],"curies":[{"name":"wp","href":"https:\/\/api.w.org\/{rel}","templated":true}]}}