{"id":400,"date":"2020-05-28T15:42:53","date_gmt":"2020-05-28T13:42:53","guid":{"rendered":"https:\/\/g-man.se\/product\/sticksagblad-verktygsstal-bosch-faste-6"},"modified":"2020-10-09T14:03:50","modified_gmt":"2020-10-09T12:03:50","slug":"2009-0740-sticksagblad-verktygsstal-bosch-faste","status":"publish","type":"product","link":"https:\/\/g-man.se\/sv\/produkter\/sticksagsblad\/bosch-faste\/2009-0740-sticksagblad-verktygsstal-bosch-faste","title":{"rendered":"2009-0740 Sticks\u00e5gblad Verktygsst\u00e5l, Bosch-f\u00e4ste"},"content":{"rendered":"","protected":false},"excerpt":{"rendered":"<p>Exakta parallella snabba snitt i tr\u00e4, sp\u00e5nskivor och plast.<\/p>\n<p><img loading=\"lazy\" decoding=\"async\" class=\"alignnone size-full wp-image-680\" src=\"https:\/\/g-man.se\/wp-content\/uploads\/wood.png\" alt=\"\" width=\"80\" height=\"80\" \/><\/p>\n","protected":false},"featured_media":238,"comment_status":"closed","ping_status":"closed","template":"","meta":{"_acf_changed":false},"product_cat":[43],"product_tag":[],"class_list":["post-400","product","type-product","status-publish","has-post-thumbnail","hentry","product_cat-bosch-faste","entry","has-media"],"acf":[],"yoast_head":"<!-- This site is optimized with the Yoast SEO plugin v26.8 - https:\/\/yoast.com\/product\/yoast-seo-wordpress\/ -->\n<title>2009-0740 Sticks\u00e5gblad Verktygsst\u00e5l, Bosch-f\u00e4ste - G-MAN Tools<\/title>\n<meta name=\"robots\" content=\"index, follow, max-snippet:-1, max-image-preview:large, max-video-preview:-1\" \/>\n<link rel=\"canonical\" href=\"https:\/\/g-man.se\/sv\/produkter\/sticksagsblad\/bosch-faste\/2009-0740-sticksagblad-verktygsstal-bosch-faste\" \/>\n<meta property=\"og:locale\" content=\"sv_SE\" \/>\n<meta property=\"og:type\" content=\"article\" \/>\n<meta property=\"og:title\" content=\"2009-0740 Sticks\u00e5gblad Verktygsst\u00e5l, Bosch-f\u00e4ste - G-MAN Tools\" \/>\n<meta property=\"og:description\" content=\"Exakta parallella snabba snitt i tr\u00e4, sp\u00e5nskivor och plast.\" \/>\n<meta property=\"og:url\" content=\"https:\/\/g-man.se\/sv\/produkter\/sticksagsblad\/bosch-faste\/2009-0740-sticksagblad-verktygsstal-bosch-faste\" \/>\n<meta property=\"og:site_name\" content=\"G-MAN Tools\" \/>\n<meta property=\"article:publisher\" content=\"https:\/\/www.facebook.com\/GManToolsAB\/\" \/>\n<meta property=\"article:modified_time\" content=\"2020-10-09T12:03:50+00:00\" \/>\n<meta property=\"og:image\" content=\"https:\/\/g-man.se\/wp-content\/uploads\/2009-0740.jpg\" \/>\n\t<meta property=\"og:image:width\" content=\"1181\" \/>\n\t<meta property=\"og:image:height\" content=\"118\" \/>\n\t<meta property=\"og:image:type\" content=\"image\/jpeg\" \/>\n<meta name=\"twitter:card\" content=\"summary_large_image\" \/>\n<script type=\"application\/ld+json\" class=\"yoast-schema-graph\">{\"@context\":\"https:\/\/schema.org\",\"@graph\":[{\"@type\":\"WebPage\",\"@id\":\"https:\/\/g-man.se\/sv\/produkter\/sticksagsblad\/bosch-faste\/2009-0740-sticksagblad-verktygsstal-bosch-faste\",\"url\":\"https:\/\/g-man.se\/sv\/produkter\/sticksagsblad\/bosch-faste\/2009-0740-sticksagblad-verktygsstal-bosch-faste\",\"name\":\"2009-0740 Sticks\u00e5gblad Verktygsst\u00e5l, Bosch-f\u00e4ste - G-MAN Tools\",\"isPartOf\":{\"@id\":\"https:\/\/g-man.se\/sv\/sv\/#website\"},\"primaryImageOfPage\":{\"@id\":\"https:\/\/g-man.se\/sv\/produkter\/sticksagsblad\/bosch-faste\/2009-0740-sticksagblad-verktygsstal-bosch-faste#primaryimage\"},\"image\":{\"@id\":\"https:\/\/g-man.se\/sv\/produkter\/sticksagsblad\/bosch-faste\/2009-0740-sticksagblad-verktygsstal-bosch-faste#primaryimage\"},\"thumbnailUrl\":\"https:\/\/g-man.se\/wp-content\/uploads\/2009-0740.jpg\",\"datePublished\":\"2020-05-28T13:42:53+00:00\",\"dateModified\":\"2020-10-09T12:03:50+00:00\",\"breadcrumb\":{\"@id\":\"https:\/\/g-man.se\/sv\/produkter\/sticksagsblad\/bosch-faste\/2009-0740-sticksagblad-verktygsstal-bosch-faste#breadcrumb\"},\"inLanguage\":\"sv-SE\",\"potentialAction\":[{\"@type\":\"ReadAction\",\"target\":[\"https:\/\/g-man.se\/sv\/produkter\/sticksagsblad\/bosch-faste\/2009-0740-sticksagblad-verktygsstal-bosch-faste\"]}]},{\"@type\":\"ImageObject\",\"inLanguage\":\"sv-SE\",\"@id\":\"https:\/\/g-man.se\/sv\/produkter\/sticksagsblad\/bosch-faste\/2009-0740-sticksagblad-verktygsstal-bosch-faste#primaryimage\",\"url\":\"https:\/\/g-man.se\/wp-content\/uploads\/2009-0740.jpg\",\"contentUrl\":\"https:\/\/g-man.se\/wp-content\/uploads\/2009-0740.jpg\",\"width\":1181,\"height\":118},{\"@type\":\"BreadcrumbList\",\"@id\":\"https:\/\/g-man.se\/sv\/produkter\/sticksagsblad\/bosch-faste\/2009-0740-sticksagblad-verktygsstal-bosch-faste#breadcrumb\",\"itemListElement\":[{\"@type\":\"ListItem\",\"position\":1,\"name\":\"Hem\",\"item\":\"https:\/\/g-man.se\/sv\"},{\"@type\":\"ListItem\",\"position\":2,\"name\":\"Products\",\"item\":\"https:\/\/g-man.se\/sv\/shop\"},{\"@type\":\"ListItem\",\"position\":3,\"name\":\"Sticks\u00e5gsblad\",\"item\":\"https:\/\/g-man.se\/sv\/produkt-kategori\/sticksagsblad\"},{\"@type\":\"ListItem\",\"position\":4,\"name\":\"Bosch-f\u00e4ste\",\"item\":\"https:\/\/g-man.se\/sv\/produkt-kategori\/sticksagsblad\/bosch-faste\"},{\"@type\":\"ListItem\",\"position\":5,\"name\":\"2009-0740 Sticks\u00e5gblad Verktygsst\u00e5l, Bosch-f\u00e4ste\"}]},{\"@type\":\"WebSite\",\"@id\":\"https:\/\/g-man.se\/sv\/sv\/#website\",\"url\":\"https:\/\/g-man.se\/sv\/sv\/\",\"name\":\"G-MAN Tools\",\"description\":\"The Swedish Saw Expert\",\"publisher\":{\"@id\":\"https:\/\/g-man.se\/sv\/sv\/#organization\"},\"potentialAction\":[{\"@type\":\"SearchAction\",\"target\":{\"@type\":\"EntryPoint\",\"urlTemplate\":\"https:\/\/g-man.se\/sv\/sv\/?s={search_term_string}\"},\"query-input\":{\"@type\":\"PropertyValueSpecification\",\"valueRequired\":true,\"valueName\":\"search_term_string\"}}],\"inLanguage\":\"sv-SE\"},{\"@type\":\"Organization\",\"@id\":\"https:\/\/g-man.se\/sv\/sv\/#organization\",\"name\":\"G-Man Tools\",\"url\":\"https:\/\/g-man.se\/sv\/sv\/\",\"logo\":{\"@type\":\"ImageObject\",\"inLanguage\":\"sv-SE\",\"@id\":\"https:\/\/g-man.se\/sv\/sv\/#\/schema\/logo\/image\/\",\"url\":\"https:\/\/g-man.se\/wp-content\/uploads\/g-man-logo.png\",\"contentUrl\":\"https:\/\/g-man.se\/wp-content\/uploads\/g-man-logo.png\",\"width\":1080,\"height\":373,\"caption\":\"G-Man Tools\"},\"image\":{\"@id\":\"https:\/\/g-man.se\/sv\/sv\/#\/schema\/logo\/image\/\"},\"sameAs\":[\"https:\/\/www.facebook.com\/GManToolsAB\/\",\"https:\/\/www.instagram.com\/gmantools\/\",\"https:\/\/se.linkedin.com\/company\/g-man-tools-ab\",\"https:\/\/www.youtube.com\/user\/GManTools\"]}]}<\/script>\n<!-- \/ Yoast SEO plugin. -->","yoast_head_json":{"title":"2009-0740 Sticks\u00e5gblad Verktygsst\u00e5l, Bosch-f\u00e4ste - G-MAN Tools","robots":{"index":"index","follow":"follow","max-snippet":"max-snippet:-1","max-image-preview":"max-image-preview:large","max-video-preview":"max-video-preview:-1"},"canonical":"https:\/\/g-man.se\/sv\/produkter\/sticksagsblad\/bosch-faste\/2009-0740-sticksagblad-verktygsstal-bosch-faste","og_locale":"sv_SE","og_type":"article","og_title":"2009-0740 Sticks\u00e5gblad Verktygsst\u00e5l, Bosch-f\u00e4ste - G-MAN Tools","og_description":"Exakta parallella snabba snitt i tr\u00e4, sp\u00e5nskivor och plast.","og_url":"https:\/\/g-man.se\/sv\/produkter\/sticksagsblad\/bosch-faste\/2009-0740-sticksagblad-verktygsstal-bosch-faste","og_site_name":"G-MAN Tools","article_publisher":"https:\/\/www.facebook.com\/GManToolsAB\/","article_modified_time":"2020-10-09T12:03:50+00:00","og_image":[{"width":1181,"height":118,"url":"https:\/\/g-man.se\/wp-content\/uploads\/2009-0740.jpg","type":"image\/jpeg"}],"twitter_card":"summary_large_image","schema":{"@context":"https:\/\/schema.org","@graph":[{"@type":"WebPage","@id":"https:\/\/g-man.se\/sv\/produkter\/sticksagsblad\/bosch-faste\/2009-0740-sticksagblad-verktygsstal-bosch-faste","url":"https:\/\/g-man.se\/sv\/produkter\/sticksagsblad\/bosch-faste\/2009-0740-sticksagblad-verktygsstal-bosch-faste","name":"2009-0740 Sticks\u00e5gblad Verktygsst\u00e5l, Bosch-f\u00e4ste - G-MAN Tools","isPartOf":{"@id":"https:\/\/g-man.se\/sv\/sv\/#website"},"primaryImageOfPage":{"@id":"https:\/\/g-man.se\/sv\/produkter\/sticksagsblad\/bosch-faste\/2009-0740-sticksagblad-verktygsstal-bosch-faste#primaryimage"},"image":{"@id":"https:\/\/g-man.se\/sv\/produkter\/sticksagsblad\/bosch-faste\/2009-0740-sticksagblad-verktygsstal-bosch-faste#primaryimage"},"thumbnailUrl":"https:\/\/g-man.se\/wp-content\/uploads\/2009-0740.jpg","datePublished":"2020-05-28T13:42:53+00:00","dateModified":"2020-10-09T12:03:50+00:00","breadcrumb":{"@id":"https:\/\/g-man.se\/sv\/produkter\/sticksagsblad\/bosch-faste\/2009-0740-sticksagblad-verktygsstal-bosch-faste#breadcrumb"},"inLanguage":"sv-SE","potentialAction":[{"@type":"ReadAction","target":["https:\/\/g-man.se\/sv\/produkter\/sticksagsblad\/bosch-faste\/2009-0740-sticksagblad-verktygsstal-bosch-faste"]}]},{"@type":"ImageObject","inLanguage":"sv-SE","@id":"https:\/\/g-man.se\/sv\/produkter\/sticksagsblad\/bosch-faste\/2009-0740-sticksagblad-verktygsstal-bosch-faste#primaryimage","url":"https:\/\/g-man.se\/wp-content\/uploads\/2009-0740.jpg","contentUrl":"https:\/\/g-man.se\/wp-content\/uploads\/2009-0740.jpg","width":1181,"height":118},{"@type":"BreadcrumbList","@id":"https:\/\/g-man.se\/sv\/produkter\/sticksagsblad\/bosch-faste\/2009-0740-sticksagblad-verktygsstal-bosch-faste#breadcrumb","itemListElement":[{"@type":"ListItem","position":1,"name":"Hem","item":"https:\/\/g-man.se\/sv"},{"@type":"ListItem","position":2,"name":"Products","item":"https:\/\/g-man.se\/sv\/shop"},{"@type":"ListItem","position":3,"name":"Sticks\u00e5gsblad","item":"https:\/\/g-man.se\/sv\/produkt-kategori\/sticksagsblad"},{"@type":"ListItem","position":4,"name":"Bosch-f\u00e4ste","item":"https:\/\/g-man.se\/sv\/produkt-kategori\/sticksagsblad\/bosch-faste"},{"@type":"ListItem","position":5,"name":"2009-0740 Sticks\u00e5gblad Verktygsst\u00e5l, Bosch-f\u00e4ste"}]},{"@type":"WebSite","@id":"https:\/\/g-man.se\/sv\/sv\/#website","url":"https:\/\/g-man.se\/sv\/sv\/","name":"G-MAN Tools","description":"The Swedish Saw Expert","publisher":{"@id":"https:\/\/g-man.se\/sv\/sv\/#organization"},"potentialAction":[{"@type":"SearchAction","target":{"@type":"EntryPoint","urlTemplate":"https:\/\/g-man.se\/sv\/sv\/?s={search_term_string}"},"query-input":{"@type":"PropertyValueSpecification","valueRequired":true,"valueName":"search_term_string"}}],"inLanguage":"sv-SE"},{"@type":"Organization","@id":"https:\/\/g-man.se\/sv\/sv\/#organization","name":"G-Man Tools","url":"https:\/\/g-man.se\/sv\/sv\/","logo":{"@type":"ImageObject","inLanguage":"sv-SE","@id":"https:\/\/g-man.se\/sv\/sv\/#\/schema\/logo\/image\/","url":"https:\/\/g-man.se\/wp-content\/uploads\/g-man-logo.png","contentUrl":"https:\/\/g-man.se\/wp-content\/uploads\/g-man-logo.png","width":1080,"height":373,"caption":"G-Man Tools"},"image":{"@id":"https:\/\/g-man.se\/sv\/sv\/#\/schema\/logo\/image\/"},"sameAs":["https:\/\/www.facebook.com\/GManToolsAB\/","https:\/\/www.instagram.com\/gmantools\/","https:\/\/se.linkedin.com\/company\/g-man-tools-ab","https:\/\/www.youtube.com\/user\/GManTools"]}]}},"_links":{"self":[{"href":"https:\/\/g-man.se\/sv\/wp-json\/wp\/v2\/product\/400","targetHints":{"allow":["GET"]}}],"collection":[{"href":"https:\/\/g-man.se\/sv\/wp-json\/wp\/v2\/product"}],"about":[{"href":"https:\/\/g-man.se\/sv\/wp-json\/wp\/v2\/types\/product"}],"replies":[{"embeddable":true,"href":"https:\/\/g-man.se\/sv\/wp-json\/wp\/v2\/comments?post=400"}],"wp:featuredmedia":[{"embeddable":true,"href":"https:\/\/g-man.se\/sv\/wp-json\/wp\/v2\/media\/238"}],"wp:attachment":[{"href":"https:\/\/g-man.se\/sv\/wp-json\/wp\/v2\/media?parent=400"}],"wp:term":[{"taxonomy":"product_cat","embeddable":true,"href":"https:\/\/g-man.se\/sv\/wp-json\/wp\/v2\/product_cat?post=400"},{"taxonomy":"product_tag","embeddable":true,"href":"https:\/\/g-man.se\/sv\/wp-json\/wp\/v2\/product_tag?post=400"}],"curies":[{"name":"wp","href":"https:\/\/api.w.org\/{rel}","templated":true}]}}