{"id":3575,"date":"2026-03-01T19:50:38","date_gmt":"2026-03-01T18:50:38","guid":{"rendered":"https:\/\/g-man.se\/?post_type=product&#038;p=3575"},"modified":"2026-03-01T20:33:25","modified_gmt":"2026-03-01T19:33:25","slug":"485lh-kvistsag-ranger","status":"publish","type":"product","link":"https:\/\/g-man.se\/sv\/produkter\/kvistsagar\/kvistsagar-kvistsagar\/485lh-kvistsag-ranger","title":{"rendered":"485LH Kvists\u00e5g &#8211; Ranger"},"content":{"rendered":"","protected":false},"excerpt":{"rendered":"<p>En proffss\u00e5g f\u00f6r tr\u00e4dbesk\u00e4rning med extra tjock klinga. S\u00e5gbladet har en slipad krok och kniv som anv\u00e4nds f\u00f6r att st\u00f6ta av mindre grenar. Konkavslipat blad f\u00f6r minskad friktion och j\u00e4mn snittyta R\u00f6r handtag som kan monteras p\u00e5 f\u00f6rl\u00e4ngningsskaft. Levereras med v\u00e5r nyutvecklade 3-fastandning som ger en mycket snabb avverkning och ett fint snitt.<\/p>\n<p><img loading=\"lazy\" decoding=\"async\" class=\"alignnone wp-image-3050\" src=\"https:\/\/g-man.se\/wp-content\/uploads\/icon_6tpi.png\" alt=\"\" width=\"80\" height=\"80\" \/> \u00a0<img loading=\"lazy\" decoding=\"async\" class=\"alignnone size-full wp-image-683\" src=\"https:\/\/g-man.se\/wp-content\/uploads\/symbol-hardpoint.png\" alt=\"\" width=\"80\" height=\"80\" \/><\/p>\n","protected":false},"featured_media":3580,"comment_status":"closed","ping_status":"closed","template":"","meta":{"_acf_changed":false},"product_cat":[47],"product_tag":[],"class_list":["post-3575","product","type-product","status-publish","has-post-thumbnail","hentry","product_cat-kvistsagar-kvistsagar","entry","has-media"],"acf":[],"yoast_head":"<!-- This site is optimized with the Yoast SEO plugin v26.8 - https:\/\/yoast.com\/product\/yoast-seo-wordpress\/ -->\n<title>485LH Kvists\u00e5g - Ranger - G-MAN Tools<\/title>\n<meta name=\"robots\" content=\"index, follow, max-snippet:-1, max-image-preview:large, max-video-preview:-1\" \/>\n<link rel=\"canonical\" href=\"https:\/\/g-man.se\/sv\/produkter\/kvistsagar\/kvistsagar-kvistsagar\/485lh-kvistsag-ranger\" \/>\n<meta property=\"og:locale\" content=\"sv_SE\" \/>\n<meta property=\"og:type\" content=\"article\" \/>\n<meta property=\"og:title\" content=\"485LH Kvists\u00e5g - Ranger - G-MAN Tools\" \/>\n<meta property=\"og:description\" content=\"En proffss\u00e5g f\u00f6r tr\u00e4dbesk\u00e4rning med extra tjock klinga. S\u00e5gbladet har en slipad krok och kniv som anv\u00e4nds f\u00f6r att st\u00f6ta av mindre grenar. Konkavslipat blad f\u00f6r minskad friktion och j\u00e4mn snittyta R\u00f6r handtag som kan monteras p\u00e5 f\u00f6rl\u00e4ngningsskaft. Levereras med v\u00e5r nyutvecklade 3-fastandning som ger en mycket snabb avverkning och ett fint snitt.   \u00a0\" \/>\n<meta property=\"og:url\" content=\"https:\/\/g-man.se\/sv\/produkter\/kvistsagar\/kvistsagar-kvistsagar\/485lh-kvistsag-ranger\" \/>\n<meta property=\"og:site_name\" content=\"G-MAN Tools\" \/>\n<meta property=\"article:publisher\" content=\"https:\/\/www.facebook.com\/GManToolsAB\/\" \/>\n<meta property=\"article:modified_time\" content=\"2026-03-01T19:33:25+00:00\" \/>\n<meta property=\"og:image\" content=\"https:\/\/g-man.se\/wp-content\/uploads\/485LH_web.jpg\" \/>\n\t<meta property=\"og:image:width\" content=\"2560\" \/>\n\t<meta property=\"og:image:height\" content=\"577\" \/>\n\t<meta property=\"og:image:type\" content=\"image\/jpeg\" \/>\n<meta name=\"twitter:card\" content=\"summary_large_image\" \/>\n<script type=\"application\/ld+json\" class=\"yoast-schema-graph\">{\"@context\":\"https:\/\/schema.org\",\"@graph\":[{\"@type\":\"WebPage\",\"@id\":\"https:\/\/g-man.se\/sv\/produkter\/kvistsagar\/kvistsagar-kvistsagar\/485lh-kvistsag-ranger\",\"url\":\"https:\/\/g-man.se\/sv\/produkter\/kvistsagar\/kvistsagar-kvistsagar\/485lh-kvistsag-ranger\",\"name\":\"485LH Kvists\u00e5g - Ranger - G-MAN Tools\",\"isPartOf\":{\"@id\":\"https:\/\/g-man.se\/sv\/sv\/#website\"},\"primaryImageOfPage\":{\"@id\":\"https:\/\/g-man.se\/sv\/produkter\/kvistsagar\/kvistsagar-kvistsagar\/485lh-kvistsag-ranger#primaryimage\"},\"image\":{\"@id\":\"https:\/\/g-man.se\/sv\/produkter\/kvistsagar\/kvistsagar-kvistsagar\/485lh-kvistsag-ranger#primaryimage\"},\"thumbnailUrl\":\"https:\/\/g-man.se\/wp-content\/uploads\/485LH_web.jpg\",\"datePublished\":\"2026-03-01T18:50:38+00:00\",\"dateModified\":\"2026-03-01T19:33:25+00:00\",\"breadcrumb\":{\"@id\":\"https:\/\/g-man.se\/sv\/produkter\/kvistsagar\/kvistsagar-kvistsagar\/485lh-kvistsag-ranger#breadcrumb\"},\"inLanguage\":\"sv-SE\",\"potentialAction\":[{\"@type\":\"ReadAction\",\"target\":[\"https:\/\/g-man.se\/sv\/produkter\/kvistsagar\/kvistsagar-kvistsagar\/485lh-kvistsag-ranger\"]}]},{\"@type\":\"ImageObject\",\"inLanguage\":\"sv-SE\",\"@id\":\"https:\/\/g-man.se\/sv\/produkter\/kvistsagar\/kvistsagar-kvistsagar\/485lh-kvistsag-ranger#primaryimage\",\"url\":\"https:\/\/g-man.se\/wp-content\/uploads\/485LH_web.jpg\",\"contentUrl\":\"https:\/\/g-man.se\/wp-content\/uploads\/485LH_web.jpg\",\"width\":2560,\"height\":577,\"caption\":\"485LH Ranger\"},{\"@type\":\"BreadcrumbList\",\"@id\":\"https:\/\/g-man.se\/sv\/produkter\/kvistsagar\/kvistsagar-kvistsagar\/485lh-kvistsag-ranger#breadcrumb\",\"itemListElement\":[{\"@type\":\"ListItem\",\"position\":1,\"name\":\"Hem\",\"item\":\"https:\/\/g-man.se\/sv\"},{\"@type\":\"ListItem\",\"position\":2,\"name\":\"Products\",\"item\":\"https:\/\/g-man.se\/sv\/shop\"},{\"@type\":\"ListItem\",\"position\":3,\"name\":\"Kvists\u00e5gar\",\"item\":\"https:\/\/g-man.se\/sv\/produkt-kategori\/kvistsagar\"},{\"@type\":\"ListItem\",\"position\":4,\"name\":\"Kvists\u00e5gar\",\"item\":\"https:\/\/g-man.se\/sv\/produkt-kategori\/kvistsagar\/kvistsagar-kvistsagar\"},{\"@type\":\"ListItem\",\"position\":5,\"name\":\"485LH Kvists\u00e5g &#8211; Ranger\"}]},{\"@type\":\"WebSite\",\"@id\":\"https:\/\/g-man.se\/sv\/sv\/#website\",\"url\":\"https:\/\/g-man.se\/sv\/sv\/\",\"name\":\"G-MAN Tools\",\"description\":\"The Swedish Saw Expert\",\"publisher\":{\"@id\":\"https:\/\/g-man.se\/sv\/sv\/#organization\"},\"potentialAction\":[{\"@type\":\"SearchAction\",\"target\":{\"@type\":\"EntryPoint\",\"urlTemplate\":\"https:\/\/g-man.se\/sv\/sv\/?s={search_term_string}\"},\"query-input\":{\"@type\":\"PropertyValueSpecification\",\"valueRequired\":true,\"valueName\":\"search_term_string\"}}],\"inLanguage\":\"sv-SE\"},{\"@type\":\"Organization\",\"@id\":\"https:\/\/g-man.se\/sv\/sv\/#organization\",\"name\":\"G-Man Tools\",\"url\":\"https:\/\/g-man.se\/sv\/sv\/\",\"logo\":{\"@type\":\"ImageObject\",\"inLanguage\":\"sv-SE\",\"@id\":\"https:\/\/g-man.se\/sv\/sv\/#\/schema\/logo\/image\/\",\"url\":\"https:\/\/g-man.se\/wp-content\/uploads\/g-man-logo.png\",\"contentUrl\":\"https:\/\/g-man.se\/wp-content\/uploads\/g-man-logo.png\",\"width\":1080,\"height\":373,\"caption\":\"G-Man Tools\"},\"image\":{\"@id\":\"https:\/\/g-man.se\/sv\/sv\/#\/schema\/logo\/image\/\"},\"sameAs\":[\"https:\/\/www.facebook.com\/GManToolsAB\/\",\"https:\/\/www.instagram.com\/gmantools\/\",\"https:\/\/se.linkedin.com\/company\/g-man-tools-ab\",\"https:\/\/www.youtube.com\/user\/GManTools\"]}]}<\/script>\n<!-- \/ Yoast SEO plugin. -->","yoast_head_json":{"title":"485LH Kvists\u00e5g - Ranger - G-MAN Tools","robots":{"index":"index","follow":"follow","max-snippet":"max-snippet:-1","max-image-preview":"max-image-preview:large","max-video-preview":"max-video-preview:-1"},"canonical":"https:\/\/g-man.se\/sv\/produkter\/kvistsagar\/kvistsagar-kvistsagar\/485lh-kvistsag-ranger","og_locale":"sv_SE","og_type":"article","og_title":"485LH Kvists\u00e5g - Ranger - G-MAN Tools","og_description":"En proffss\u00e5g f\u00f6r tr\u00e4dbesk\u00e4rning med extra tjock klinga. S\u00e5gbladet har en slipad krok och kniv som anv\u00e4nds f\u00f6r att st\u00f6ta av mindre grenar. Konkavslipat blad f\u00f6r minskad friktion och j\u00e4mn snittyta R\u00f6r handtag som kan monteras p\u00e5 f\u00f6rl\u00e4ngningsskaft. Levereras med v\u00e5r nyutvecklade 3-fastandning som ger en mycket snabb avverkning och ett fint snitt.   \u00a0","og_url":"https:\/\/g-man.se\/sv\/produkter\/kvistsagar\/kvistsagar-kvistsagar\/485lh-kvistsag-ranger","og_site_name":"G-MAN Tools","article_publisher":"https:\/\/www.facebook.com\/GManToolsAB\/","article_modified_time":"2026-03-01T19:33:25+00:00","og_image":[{"width":2560,"height":577,"url":"https:\/\/g-man.se\/wp-content\/uploads\/485LH_web.jpg","type":"image\/jpeg"}],"twitter_card":"summary_large_image","schema":{"@context":"https:\/\/schema.org","@graph":[{"@type":"WebPage","@id":"https:\/\/g-man.se\/sv\/produkter\/kvistsagar\/kvistsagar-kvistsagar\/485lh-kvistsag-ranger","url":"https:\/\/g-man.se\/sv\/produkter\/kvistsagar\/kvistsagar-kvistsagar\/485lh-kvistsag-ranger","name":"485LH Kvists\u00e5g - Ranger - G-MAN Tools","isPartOf":{"@id":"https:\/\/g-man.se\/sv\/sv\/#website"},"primaryImageOfPage":{"@id":"https:\/\/g-man.se\/sv\/produkter\/kvistsagar\/kvistsagar-kvistsagar\/485lh-kvistsag-ranger#primaryimage"},"image":{"@id":"https:\/\/g-man.se\/sv\/produkter\/kvistsagar\/kvistsagar-kvistsagar\/485lh-kvistsag-ranger#primaryimage"},"thumbnailUrl":"https:\/\/g-man.se\/wp-content\/uploads\/485LH_web.jpg","datePublished":"2026-03-01T18:50:38+00:00","dateModified":"2026-03-01T19:33:25+00:00","breadcrumb":{"@id":"https:\/\/g-man.se\/sv\/produkter\/kvistsagar\/kvistsagar-kvistsagar\/485lh-kvistsag-ranger#breadcrumb"},"inLanguage":"sv-SE","potentialAction":[{"@type":"ReadAction","target":["https:\/\/g-man.se\/sv\/produkter\/kvistsagar\/kvistsagar-kvistsagar\/485lh-kvistsag-ranger"]}]},{"@type":"ImageObject","inLanguage":"sv-SE","@id":"https:\/\/g-man.se\/sv\/produkter\/kvistsagar\/kvistsagar-kvistsagar\/485lh-kvistsag-ranger#primaryimage","url":"https:\/\/g-man.se\/wp-content\/uploads\/485LH_web.jpg","contentUrl":"https:\/\/g-man.se\/wp-content\/uploads\/485LH_web.jpg","width":2560,"height":577,"caption":"485LH Ranger"},{"@type":"BreadcrumbList","@id":"https:\/\/g-man.se\/sv\/produkter\/kvistsagar\/kvistsagar-kvistsagar\/485lh-kvistsag-ranger#breadcrumb","itemListElement":[{"@type":"ListItem","position":1,"name":"Hem","item":"https:\/\/g-man.se\/sv"},{"@type":"ListItem","position":2,"name":"Products","item":"https:\/\/g-man.se\/sv\/shop"},{"@type":"ListItem","position":3,"name":"Kvists\u00e5gar","item":"https:\/\/g-man.se\/sv\/produkt-kategori\/kvistsagar"},{"@type":"ListItem","position":4,"name":"Kvists\u00e5gar","item":"https:\/\/g-man.se\/sv\/produkt-kategori\/kvistsagar\/kvistsagar-kvistsagar"},{"@type":"ListItem","position":5,"name":"485LH Kvists\u00e5g &#8211; Ranger"}]},{"@type":"WebSite","@id":"https:\/\/g-man.se\/sv\/sv\/#website","url":"https:\/\/g-man.se\/sv\/sv\/","name":"G-MAN Tools","description":"The Swedish Saw Expert","publisher":{"@id":"https:\/\/g-man.se\/sv\/sv\/#organization"},"potentialAction":[{"@type":"SearchAction","target":{"@type":"EntryPoint","urlTemplate":"https:\/\/g-man.se\/sv\/sv\/?s={search_term_string}"},"query-input":{"@type":"PropertyValueSpecification","valueRequired":true,"valueName":"search_term_string"}}],"inLanguage":"sv-SE"},{"@type":"Organization","@id":"https:\/\/g-man.se\/sv\/sv\/#organization","name":"G-Man Tools","url":"https:\/\/g-man.se\/sv\/sv\/","logo":{"@type":"ImageObject","inLanguage":"sv-SE","@id":"https:\/\/g-man.se\/sv\/sv\/#\/schema\/logo\/image\/","url":"https:\/\/g-man.se\/wp-content\/uploads\/g-man-logo.png","contentUrl":"https:\/\/g-man.se\/wp-content\/uploads\/g-man-logo.png","width":1080,"height":373,"caption":"G-Man Tools"},"image":{"@id":"https:\/\/g-man.se\/sv\/sv\/#\/schema\/logo\/image\/"},"sameAs":["https:\/\/www.facebook.com\/GManToolsAB\/","https:\/\/www.instagram.com\/gmantools\/","https:\/\/se.linkedin.com\/company\/g-man-tools-ab","https:\/\/www.youtube.com\/user\/GManTools"]}]}},"_links":{"self":[{"href":"https:\/\/g-man.se\/sv\/wp-json\/wp\/v2\/product\/3575","targetHints":{"allow":["GET"]}}],"collection":[{"href":"https:\/\/g-man.se\/sv\/wp-json\/wp\/v2\/product"}],"about":[{"href":"https:\/\/g-man.se\/sv\/wp-json\/wp\/v2\/types\/product"}],"replies":[{"embeddable":true,"href":"https:\/\/g-man.se\/sv\/wp-json\/wp\/v2\/comments?post=3575"}],"wp:featuredmedia":[{"embeddable":true,"href":"https:\/\/g-man.se\/sv\/wp-json\/wp\/v2\/media\/3580"}],"wp:attachment":[{"href":"https:\/\/g-man.se\/sv\/wp-json\/wp\/v2\/media?parent=3575"}],"wp:term":[{"taxonomy":"product_cat","embeddable":true,"href":"https:\/\/g-man.se\/sv\/wp-json\/wp\/v2\/product_cat?post=3575"},{"taxonomy":"product_tag","embeddable":true,"href":"https:\/\/g-man.se\/sv\/wp-json\/wp\/v2\/product_tag?post=3575"}],"curies":[{"name":"wp","href":"https:\/\/api.w.org\/{rel}","templated":true}]}}