{"id":355,"date":"2020-05-28T15:42:46","date_gmt":"2020-05-28T13:42:46","guid":{"rendered":"https:\/\/g-man.se\/product\/bagsag-tradgard"},"modified":"2020-10-26T08:08:55","modified_gmt":"2020-10-26T07:08:55","slug":"146-bagsag-tradgard","status":"publish","type":"product","link":"https:\/\/g-man.se\/sv\/produkter\/bagsagar-sagblad\/bagsag\/146-bagsag-tradgard","title":{"rendered":"146 B\u00e5gs\u00e5g &#8211; Tr\u00e4dg\u00e5rd"},"content":{"rendered":"","protected":false},"excerpt":{"rendered":"<p>Speciellt avsedd f\u00f6r tr\u00e4dbesk\u00e4rning. S\u00e5gen \u00e4r f\u00f6rsedd med vridbart, fintandat blad, som underl\u00e4ttar s\u00e5gning n\u00e4ra stammen och i tr\u00e5nga l\u00e4gen. Levereras som standard med blad typ G10H.<\/p>\n","protected":false},"featured_media":169,"comment_status":"closed","ping_status":"closed","template":"","meta":{"_acf_changed":false},"product_cat":[32],"product_tag":[],"class_list":["post-355","product","type-product","status-publish","has-post-thumbnail","hentry","product_cat-bagsag","entry","has-media"],"acf":[],"yoast_head":"<!-- This site is optimized with the Yoast SEO plugin v26.8 - https:\/\/yoast.com\/product\/yoast-seo-wordpress\/ -->\n<title>146 B\u00e5gs\u00e5g - Tr\u00e4dg\u00e5rd - G-MAN Tools<\/title>\n<meta name=\"robots\" content=\"index, follow, max-snippet:-1, max-image-preview:large, max-video-preview:-1\" \/>\n<link rel=\"canonical\" href=\"https:\/\/g-man.se\/sv\/produkter\/bagsagar-sagblad\/bagsag\/146-bagsag-tradgard\" \/>\n<meta property=\"og:locale\" content=\"sv_SE\" \/>\n<meta property=\"og:type\" content=\"article\" \/>\n<meta property=\"og:title\" content=\"146 B\u00e5gs\u00e5g - Tr\u00e4dg\u00e5rd - G-MAN Tools\" \/>\n<meta property=\"og:description\" content=\"Speciellt avsedd f\u00f6r tr\u00e4dbesk\u00e4rning. S\u00e5gen \u00e4r f\u00f6rsedd med vridbart, fintandat blad, som underl\u00e4ttar s\u00e5gning n\u00e4ra stammen och i tr\u00e5nga l\u00e4gen. Levereras som standard med blad typ G10H.\" \/>\n<meta property=\"og:url\" content=\"https:\/\/g-man.se\/sv\/produkter\/bagsagar-sagblad\/bagsag\/146-bagsag-tradgard\" \/>\n<meta property=\"og:site_name\" content=\"G-MAN Tools\" \/>\n<meta property=\"article:publisher\" content=\"https:\/\/www.facebook.com\/GManToolsAB\/\" \/>\n<meta property=\"article:modified_time\" content=\"2020-10-26T07:08:55+00:00\" \/>\n<meta property=\"og:image\" content=\"https:\/\/g-man.se\/wp-content\/uploads\/14610H21-scaled.jpg\" \/>\n\t<meta property=\"og:image:width\" content=\"2560\" \/>\n\t<meta property=\"og:image:height\" content=\"982\" \/>\n\t<meta property=\"og:image:type\" content=\"image\/jpeg\" \/>\n<meta name=\"twitter:card\" content=\"summary_large_image\" \/>\n<script type=\"application\/ld+json\" class=\"yoast-schema-graph\">{\"@context\":\"https:\/\/schema.org\",\"@graph\":[{\"@type\":\"WebPage\",\"@id\":\"https:\/\/g-man.se\/sv\/produkter\/bagsagar-sagblad\/bagsag\/146-bagsag-tradgard\",\"url\":\"https:\/\/g-man.se\/sv\/produkter\/bagsagar-sagblad\/bagsag\/146-bagsag-tradgard\",\"name\":\"146 B\u00e5gs\u00e5g - Tr\u00e4dg\u00e5rd - G-MAN Tools\",\"isPartOf\":{\"@id\":\"https:\/\/g-man.se\/sv\/sv\/#website\"},\"primaryImageOfPage\":{\"@id\":\"https:\/\/g-man.se\/sv\/produkter\/bagsagar-sagblad\/bagsag\/146-bagsag-tradgard#primaryimage\"},\"image\":{\"@id\":\"https:\/\/g-man.se\/sv\/produkter\/bagsagar-sagblad\/bagsag\/146-bagsag-tradgard#primaryimage\"},\"thumbnailUrl\":\"https:\/\/g-man.se\/wp-content\/uploads\/14610H21-scaled.jpg\",\"datePublished\":\"2020-05-28T13:42:46+00:00\",\"dateModified\":\"2020-10-26T07:08:55+00:00\",\"breadcrumb\":{\"@id\":\"https:\/\/g-man.se\/sv\/produkter\/bagsagar-sagblad\/bagsag\/146-bagsag-tradgard#breadcrumb\"},\"inLanguage\":\"sv-SE\",\"potentialAction\":[{\"@type\":\"ReadAction\",\"target\":[\"https:\/\/g-man.se\/sv\/produkter\/bagsagar-sagblad\/bagsag\/146-bagsag-tradgard\"]}]},{\"@type\":\"ImageObject\",\"inLanguage\":\"sv-SE\",\"@id\":\"https:\/\/g-man.se\/sv\/produkter\/bagsagar-sagblad\/bagsag\/146-bagsag-tradgard#primaryimage\",\"url\":\"https:\/\/g-man.se\/wp-content\/uploads\/14610H21-scaled.jpg\",\"contentUrl\":\"https:\/\/g-man.se\/wp-content\/uploads\/14610H21-scaled.jpg\",\"width\":2560,\"height\":982},{\"@type\":\"BreadcrumbList\",\"@id\":\"https:\/\/g-man.se\/sv\/produkter\/bagsagar-sagblad\/bagsag\/146-bagsag-tradgard#breadcrumb\",\"itemListElement\":[{\"@type\":\"ListItem\",\"position\":1,\"name\":\"Hem\",\"item\":\"https:\/\/g-man.se\/sv\"},{\"@type\":\"ListItem\",\"position\":2,\"name\":\"Products\",\"item\":\"https:\/\/g-man.se\/sv\/shop\"},{\"@type\":\"ListItem\",\"position\":3,\"name\":\"B\u00e5gs\u00e5gar\/S\u00e5gblad\",\"item\":\"https:\/\/g-man.se\/sv\/sv\/produkt-kategori\/bagsagar-sagblad\"},{\"@type\":\"ListItem\",\"position\":4,\"name\":\"B\u00e5gs\u00e5g\",\"item\":\"https:\/\/g-man.se\/sv\/sv\/produkt-kategori\/bagsagar-sagblad\/bagsag\"},{\"@type\":\"ListItem\",\"position\":5,\"name\":\"146 B\u00e5gs\u00e5g &#8211; Tr\u00e4dg\u00e5rd\"}]},{\"@type\":\"WebSite\",\"@id\":\"https:\/\/g-man.se\/sv\/sv\/#website\",\"url\":\"https:\/\/g-man.se\/sv\/sv\/\",\"name\":\"G-MAN Tools\",\"description\":\"The Swedish Saw Expert\",\"publisher\":{\"@id\":\"https:\/\/g-man.se\/sv\/sv\/#organization\"},\"potentialAction\":[{\"@type\":\"SearchAction\",\"target\":{\"@type\":\"EntryPoint\",\"urlTemplate\":\"https:\/\/g-man.se\/sv\/sv\/?s={search_term_string}\"},\"query-input\":{\"@type\":\"PropertyValueSpecification\",\"valueRequired\":true,\"valueName\":\"search_term_string\"}}],\"inLanguage\":\"sv-SE\"},{\"@type\":\"Organization\",\"@id\":\"https:\/\/g-man.se\/sv\/sv\/#organization\",\"name\":\"G-Man Tools\",\"url\":\"https:\/\/g-man.se\/sv\/sv\/\",\"logo\":{\"@type\":\"ImageObject\",\"inLanguage\":\"sv-SE\",\"@id\":\"https:\/\/g-man.se\/sv\/sv\/#\/schema\/logo\/image\/\",\"url\":\"https:\/\/g-man.se\/wp-content\/uploads\/g-man-logo.png\",\"contentUrl\":\"https:\/\/g-man.se\/wp-content\/uploads\/g-man-logo.png\",\"width\":1080,\"height\":373,\"caption\":\"G-Man Tools\"},\"image\":{\"@id\":\"https:\/\/g-man.se\/sv\/sv\/#\/schema\/logo\/image\/\"},\"sameAs\":[\"https:\/\/www.facebook.com\/GManToolsAB\/\",\"https:\/\/www.instagram.com\/gmantools\/\",\"https:\/\/se.linkedin.com\/company\/g-man-tools-ab\",\"https:\/\/www.youtube.com\/user\/GManTools\"]}]}<\/script>\n<!-- \/ Yoast SEO plugin. -->","yoast_head_json":{"title":"146 B\u00e5gs\u00e5g - Tr\u00e4dg\u00e5rd - G-MAN Tools","robots":{"index":"index","follow":"follow","max-snippet":"max-snippet:-1","max-image-preview":"max-image-preview:large","max-video-preview":"max-video-preview:-1"},"canonical":"https:\/\/g-man.se\/sv\/produkter\/bagsagar-sagblad\/bagsag\/146-bagsag-tradgard","og_locale":"sv_SE","og_type":"article","og_title":"146 B\u00e5gs\u00e5g - Tr\u00e4dg\u00e5rd - G-MAN Tools","og_description":"Speciellt avsedd f\u00f6r tr\u00e4dbesk\u00e4rning. S\u00e5gen \u00e4r f\u00f6rsedd med vridbart, fintandat blad, som underl\u00e4ttar s\u00e5gning n\u00e4ra stammen och i tr\u00e5nga l\u00e4gen. Levereras som standard med blad typ G10H.","og_url":"https:\/\/g-man.se\/sv\/produkter\/bagsagar-sagblad\/bagsag\/146-bagsag-tradgard","og_site_name":"G-MAN Tools","article_publisher":"https:\/\/www.facebook.com\/GManToolsAB\/","article_modified_time":"2020-10-26T07:08:55+00:00","og_image":[{"width":2560,"height":982,"url":"https:\/\/g-man.se\/wp-content\/uploads\/14610H21-scaled.jpg","type":"image\/jpeg"}],"twitter_card":"summary_large_image","schema":{"@context":"https:\/\/schema.org","@graph":[{"@type":"WebPage","@id":"https:\/\/g-man.se\/sv\/produkter\/bagsagar-sagblad\/bagsag\/146-bagsag-tradgard","url":"https:\/\/g-man.se\/sv\/produkter\/bagsagar-sagblad\/bagsag\/146-bagsag-tradgard","name":"146 B\u00e5gs\u00e5g - Tr\u00e4dg\u00e5rd - G-MAN Tools","isPartOf":{"@id":"https:\/\/g-man.se\/sv\/sv\/#website"},"primaryImageOfPage":{"@id":"https:\/\/g-man.se\/sv\/produkter\/bagsagar-sagblad\/bagsag\/146-bagsag-tradgard#primaryimage"},"image":{"@id":"https:\/\/g-man.se\/sv\/produkter\/bagsagar-sagblad\/bagsag\/146-bagsag-tradgard#primaryimage"},"thumbnailUrl":"https:\/\/g-man.se\/wp-content\/uploads\/14610H21-scaled.jpg","datePublished":"2020-05-28T13:42:46+00:00","dateModified":"2020-10-26T07:08:55+00:00","breadcrumb":{"@id":"https:\/\/g-man.se\/sv\/produkter\/bagsagar-sagblad\/bagsag\/146-bagsag-tradgard#breadcrumb"},"inLanguage":"sv-SE","potentialAction":[{"@type":"ReadAction","target":["https:\/\/g-man.se\/sv\/produkter\/bagsagar-sagblad\/bagsag\/146-bagsag-tradgard"]}]},{"@type":"ImageObject","inLanguage":"sv-SE","@id":"https:\/\/g-man.se\/sv\/produkter\/bagsagar-sagblad\/bagsag\/146-bagsag-tradgard#primaryimage","url":"https:\/\/g-man.se\/wp-content\/uploads\/14610H21-scaled.jpg","contentUrl":"https:\/\/g-man.se\/wp-content\/uploads\/14610H21-scaled.jpg","width":2560,"height":982},{"@type":"BreadcrumbList","@id":"https:\/\/g-man.se\/sv\/produkter\/bagsagar-sagblad\/bagsag\/146-bagsag-tradgard#breadcrumb","itemListElement":[{"@type":"ListItem","position":1,"name":"Hem","item":"https:\/\/g-man.se\/sv"},{"@type":"ListItem","position":2,"name":"Products","item":"https:\/\/g-man.se\/sv\/shop"},{"@type":"ListItem","position":3,"name":"B\u00e5gs\u00e5gar\/S\u00e5gblad","item":"https:\/\/g-man.se\/sv\/sv\/produkt-kategori\/bagsagar-sagblad"},{"@type":"ListItem","position":4,"name":"B\u00e5gs\u00e5g","item":"https:\/\/g-man.se\/sv\/sv\/produkt-kategori\/bagsagar-sagblad\/bagsag"},{"@type":"ListItem","position":5,"name":"146 B\u00e5gs\u00e5g &#8211; Tr\u00e4dg\u00e5rd"}]},{"@type":"WebSite","@id":"https:\/\/g-man.se\/sv\/sv\/#website","url":"https:\/\/g-man.se\/sv\/sv\/","name":"G-MAN Tools","description":"The Swedish Saw Expert","publisher":{"@id":"https:\/\/g-man.se\/sv\/sv\/#organization"},"potentialAction":[{"@type":"SearchAction","target":{"@type":"EntryPoint","urlTemplate":"https:\/\/g-man.se\/sv\/sv\/?s={search_term_string}"},"query-input":{"@type":"PropertyValueSpecification","valueRequired":true,"valueName":"search_term_string"}}],"inLanguage":"sv-SE"},{"@type":"Organization","@id":"https:\/\/g-man.se\/sv\/sv\/#organization","name":"G-Man Tools","url":"https:\/\/g-man.se\/sv\/sv\/","logo":{"@type":"ImageObject","inLanguage":"sv-SE","@id":"https:\/\/g-man.se\/sv\/sv\/#\/schema\/logo\/image\/","url":"https:\/\/g-man.se\/wp-content\/uploads\/g-man-logo.png","contentUrl":"https:\/\/g-man.se\/wp-content\/uploads\/g-man-logo.png","width":1080,"height":373,"caption":"G-Man Tools"},"image":{"@id":"https:\/\/g-man.se\/sv\/sv\/#\/schema\/logo\/image\/"},"sameAs":["https:\/\/www.facebook.com\/GManToolsAB\/","https:\/\/www.instagram.com\/gmantools\/","https:\/\/se.linkedin.com\/company\/g-man-tools-ab","https:\/\/www.youtube.com\/user\/GManTools"]}]}},"_links":{"self":[{"href":"https:\/\/g-man.se\/sv\/wp-json\/wp\/v2\/product\/355","targetHints":{"allow":["GET"]}}],"collection":[{"href":"https:\/\/g-man.se\/sv\/wp-json\/wp\/v2\/product"}],"about":[{"href":"https:\/\/g-man.se\/sv\/wp-json\/wp\/v2\/types\/product"}],"replies":[{"embeddable":true,"href":"https:\/\/g-man.se\/sv\/wp-json\/wp\/v2\/comments?post=355"}],"wp:featuredmedia":[{"embeddable":true,"href":"https:\/\/g-man.se\/sv\/wp-json\/wp\/v2\/media\/169"}],"wp:attachment":[{"href":"https:\/\/g-man.se\/sv\/wp-json\/wp\/v2\/media?parent=355"}],"wp:term":[{"taxonomy":"product_cat","embeddable":true,"href":"https:\/\/g-man.se\/sv\/wp-json\/wp\/v2\/product_cat?post=355"},{"taxonomy":"product_tag","embeddable":true,"href":"https:\/\/g-man.se\/sv\/wp-json\/wp\/v2\/product_tag?post=355"}],"curies":[{"name":"wp","href":"https:\/\/api.w.org\/{rel}","templated":true}]}}