{"id":354,"date":"2020-05-28T15:42:46","date_gmt":"2020-05-28T13:42:46","guid":{"rendered":"https:\/\/g-man.se\/product\/bagsag-4"},"modified":"2020-06-05T11:17:44","modified_gmt":"2020-06-05T09:17:44","slug":"147-bagsag","status":"publish","type":"product","link":"https:\/\/g-man.se\/sv\/produkter\/bagsagar-sagblad\/bagsag\/147-bagsag","title":{"rendered":"147 B\u00e5gs\u00e5g"},"content":{"rendered":"\n<table id=\"tablepress-13\" class=\"tablepress tablepress-id-13\">\n<thead>\n<tr class=\"row-1\">\n\t<th class=\"column-1\">Artikelnummer<\/th><th class=\"column-2\">L\u00e4ngd (mm)<\/th><th class=\"column-3\">L\u00e4ngd (tum)<\/th><th class=\"column-4\">F\u00f6rpackningsstorlek<\/th>\n<\/tr>\n<\/thead>\n<tbody class=\"row-striping\">\n<tr class=\"row-2\">\n\t<td class=\"column-1\">14710H18<br \/>\n<br \/>\n<\/td><td class=\"column-2\">450<\/td><td class=\"column-3\">18<\/td><td class=\"column-4\">10-pack<\/td>\n<\/tr>\n<tr class=\"row-3\">\n\t<td class=\"column-1\">14710H21<br \/>\n<\/td><td class=\"column-2\">530<\/td><td class=\"column-3\">21<\/td><td class=\"column-4\">10-pack<\/td>\n<\/tr>\n<tr class=\"row-4\">\n\t<td class=\"column-1\">14730SH18<br \/>\n<\/td><td class=\"column-2\">450<br \/>\n<\/td><td class=\"column-3\">18<\/td><td class=\"column-4\">10-pack<\/td>\n<\/tr>\n<tr class=\"row-5\">\n\t<td class=\"column-1\">14730SH21<\/td><td class=\"column-2\">530<\/td><td class=\"column-3\">21<\/td><td class=\"column-4\">10-pack<\/td>\n<\/tr>\n<\/tbody>\n<\/table>\n\n","protected":false},"excerpt":{"rendered":"<p>L\u00e4tt modell med h\u00f6g fram\u00e4nde. Levereras som standard med blad G10H. Monteras med knogskydd.<\/p>\n","protected":false},"featured_media":170,"comment_status":"closed","ping_status":"closed","template":"","meta":{"_acf_changed":false},"product_cat":[32],"product_tag":[],"class_list":["post-354","product","type-product","status-publish","has-post-thumbnail","hentry","product_cat-bagsag","entry","has-media"],"acf":[],"yoast_head":"<!-- This site is optimized with the Yoast SEO plugin v26.8 - https:\/\/yoast.com\/product\/yoast-seo-wordpress\/ -->\n<title>147 B\u00e5gs\u00e5g - G-MAN Tools<\/title>\n<meta name=\"robots\" content=\"index, follow, max-snippet:-1, max-image-preview:large, max-video-preview:-1\" \/>\n<link rel=\"canonical\" href=\"https:\/\/g-man.se\/sv\/produkter\/bagsagar-sagblad\/bagsag\/147-bagsag\" \/>\n<meta property=\"og:locale\" content=\"sv_SE\" \/>\n<meta property=\"og:type\" content=\"article\" \/>\n<meta property=\"og:title\" content=\"147 B\u00e5gs\u00e5g - G-MAN Tools\" \/>\n<meta property=\"og:description\" content=\"L\u00e4tt modell med h\u00f6g fram\u00e4nde. Levereras som standard med blad G10H. Monteras med knogskydd.\" \/>\n<meta property=\"og:url\" content=\"https:\/\/g-man.se\/sv\/produkter\/bagsagar-sagblad\/bagsag\/147-bagsag\" \/>\n<meta property=\"og:site_name\" content=\"G-MAN Tools\" \/>\n<meta property=\"article:publisher\" content=\"https:\/\/www.facebook.com\/GManToolsAB\/\" \/>\n<meta property=\"article:modified_time\" content=\"2020-06-05T09:17:44+00:00\" \/>\n<meta property=\"og:image\" content=\"https:\/\/g-man.se\/wp-content\/uploads\/14710H18-scaled.jpg\" \/>\n\t<meta property=\"og:image:width\" content=\"2560\" \/>\n\t<meta property=\"og:image:height\" content=\"913\" \/>\n\t<meta property=\"og:image:type\" content=\"image\/jpeg\" \/>\n<meta name=\"twitter:card\" content=\"summary_large_image\" \/>\n<script type=\"application\/ld+json\" class=\"yoast-schema-graph\">{\"@context\":\"https:\/\/schema.org\",\"@graph\":[{\"@type\":\"WebPage\",\"@id\":\"https:\/\/g-man.se\/sv\/produkter\/bagsagar-sagblad\/bagsag\/147-bagsag\",\"url\":\"https:\/\/g-man.se\/sv\/produkter\/bagsagar-sagblad\/bagsag\/147-bagsag\",\"name\":\"147 B\u00e5gs\u00e5g - G-MAN Tools\",\"isPartOf\":{\"@id\":\"https:\/\/g-man.se\/sv\/sv\/#website\"},\"primaryImageOfPage\":{\"@id\":\"https:\/\/g-man.se\/sv\/produkter\/bagsagar-sagblad\/bagsag\/147-bagsag#primaryimage\"},\"image\":{\"@id\":\"https:\/\/g-man.se\/sv\/produkter\/bagsagar-sagblad\/bagsag\/147-bagsag#primaryimage\"},\"thumbnailUrl\":\"https:\/\/g-man.se\/wp-content\/uploads\/14710H18-scaled.jpg\",\"datePublished\":\"2020-05-28T13:42:46+00:00\",\"dateModified\":\"2020-06-05T09:17:44+00:00\",\"breadcrumb\":{\"@id\":\"https:\/\/g-man.se\/sv\/produkter\/bagsagar-sagblad\/bagsag\/147-bagsag#breadcrumb\"},\"inLanguage\":\"sv-SE\",\"potentialAction\":[{\"@type\":\"ReadAction\",\"target\":[\"https:\/\/g-man.se\/sv\/produkter\/bagsagar-sagblad\/bagsag\/147-bagsag\"]}]},{\"@type\":\"ImageObject\",\"inLanguage\":\"sv-SE\",\"@id\":\"https:\/\/g-man.se\/sv\/produkter\/bagsagar-sagblad\/bagsag\/147-bagsag#primaryimage\",\"url\":\"https:\/\/g-man.se\/wp-content\/uploads\/14710H18-scaled.jpg\",\"contentUrl\":\"https:\/\/g-man.se\/wp-content\/uploads\/14710H18-scaled.jpg\",\"width\":2560,\"height\":913},{\"@type\":\"BreadcrumbList\",\"@id\":\"https:\/\/g-man.se\/sv\/produkter\/bagsagar-sagblad\/bagsag\/147-bagsag#breadcrumb\",\"itemListElement\":[{\"@type\":\"ListItem\",\"position\":1,\"name\":\"Hem\",\"item\":\"https:\/\/g-man.se\/sv\"},{\"@type\":\"ListItem\",\"position\":2,\"name\":\"Products\",\"item\":\"https:\/\/g-man.se\/sv\/shop\"},{\"@type\":\"ListItem\",\"position\":3,\"name\":\"B\u00e5gs\u00e5gar\/S\u00e5gblad\",\"item\":\"https:\/\/g-man.se\/sv\/sv\/produkt-kategori\/bagsagar-sagblad\"},{\"@type\":\"ListItem\",\"position\":4,\"name\":\"B\u00e5gs\u00e5g\",\"item\":\"https:\/\/g-man.se\/sv\/sv\/produkt-kategori\/bagsagar-sagblad\/bagsag\"},{\"@type\":\"ListItem\",\"position\":5,\"name\":\"147 B\u00e5gs\u00e5g\"}]},{\"@type\":\"WebSite\",\"@id\":\"https:\/\/g-man.se\/sv\/sv\/#website\",\"url\":\"https:\/\/g-man.se\/sv\/sv\/\",\"name\":\"G-MAN Tools\",\"description\":\"The Swedish Saw Expert\",\"publisher\":{\"@id\":\"https:\/\/g-man.se\/sv\/sv\/#organization\"},\"potentialAction\":[{\"@type\":\"SearchAction\",\"target\":{\"@type\":\"EntryPoint\",\"urlTemplate\":\"https:\/\/g-man.se\/sv\/sv\/?s={search_term_string}\"},\"query-input\":{\"@type\":\"PropertyValueSpecification\",\"valueRequired\":true,\"valueName\":\"search_term_string\"}}],\"inLanguage\":\"sv-SE\"},{\"@type\":\"Organization\",\"@id\":\"https:\/\/g-man.se\/sv\/sv\/#organization\",\"name\":\"G-Man Tools\",\"url\":\"https:\/\/g-man.se\/sv\/sv\/\",\"logo\":{\"@type\":\"ImageObject\",\"inLanguage\":\"sv-SE\",\"@id\":\"https:\/\/g-man.se\/sv\/sv\/#\/schema\/logo\/image\/\",\"url\":\"https:\/\/g-man.se\/wp-content\/uploads\/g-man-logo.png\",\"contentUrl\":\"https:\/\/g-man.se\/wp-content\/uploads\/g-man-logo.png\",\"width\":1080,\"height\":373,\"caption\":\"G-Man Tools\"},\"image\":{\"@id\":\"https:\/\/g-man.se\/sv\/sv\/#\/schema\/logo\/image\/\"},\"sameAs\":[\"https:\/\/www.facebook.com\/GManToolsAB\/\",\"https:\/\/www.instagram.com\/gmantools\/\",\"https:\/\/se.linkedin.com\/company\/g-man-tools-ab\",\"https:\/\/www.youtube.com\/user\/GManTools\"]}]}<\/script>\n<!-- \/ Yoast SEO plugin. -->","yoast_head_json":{"title":"147 B\u00e5gs\u00e5g - G-MAN Tools","robots":{"index":"index","follow":"follow","max-snippet":"max-snippet:-1","max-image-preview":"max-image-preview:large","max-video-preview":"max-video-preview:-1"},"canonical":"https:\/\/g-man.se\/sv\/produkter\/bagsagar-sagblad\/bagsag\/147-bagsag","og_locale":"sv_SE","og_type":"article","og_title":"147 B\u00e5gs\u00e5g - G-MAN Tools","og_description":"L\u00e4tt modell med h\u00f6g fram\u00e4nde. Levereras som standard med blad G10H. Monteras med knogskydd.","og_url":"https:\/\/g-man.se\/sv\/produkter\/bagsagar-sagblad\/bagsag\/147-bagsag","og_site_name":"G-MAN Tools","article_publisher":"https:\/\/www.facebook.com\/GManToolsAB\/","article_modified_time":"2020-06-05T09:17:44+00:00","og_image":[{"width":2560,"height":913,"url":"https:\/\/g-man.se\/wp-content\/uploads\/14710H18-scaled.jpg","type":"image\/jpeg"}],"twitter_card":"summary_large_image","schema":{"@context":"https:\/\/schema.org","@graph":[{"@type":"WebPage","@id":"https:\/\/g-man.se\/sv\/produkter\/bagsagar-sagblad\/bagsag\/147-bagsag","url":"https:\/\/g-man.se\/sv\/produkter\/bagsagar-sagblad\/bagsag\/147-bagsag","name":"147 B\u00e5gs\u00e5g - G-MAN Tools","isPartOf":{"@id":"https:\/\/g-man.se\/sv\/sv\/#website"},"primaryImageOfPage":{"@id":"https:\/\/g-man.se\/sv\/produkter\/bagsagar-sagblad\/bagsag\/147-bagsag#primaryimage"},"image":{"@id":"https:\/\/g-man.se\/sv\/produkter\/bagsagar-sagblad\/bagsag\/147-bagsag#primaryimage"},"thumbnailUrl":"https:\/\/g-man.se\/wp-content\/uploads\/14710H18-scaled.jpg","datePublished":"2020-05-28T13:42:46+00:00","dateModified":"2020-06-05T09:17:44+00:00","breadcrumb":{"@id":"https:\/\/g-man.se\/sv\/produkter\/bagsagar-sagblad\/bagsag\/147-bagsag#breadcrumb"},"inLanguage":"sv-SE","potentialAction":[{"@type":"ReadAction","target":["https:\/\/g-man.se\/sv\/produkter\/bagsagar-sagblad\/bagsag\/147-bagsag"]}]},{"@type":"ImageObject","inLanguage":"sv-SE","@id":"https:\/\/g-man.se\/sv\/produkter\/bagsagar-sagblad\/bagsag\/147-bagsag#primaryimage","url":"https:\/\/g-man.se\/wp-content\/uploads\/14710H18-scaled.jpg","contentUrl":"https:\/\/g-man.se\/wp-content\/uploads\/14710H18-scaled.jpg","width":2560,"height":913},{"@type":"BreadcrumbList","@id":"https:\/\/g-man.se\/sv\/produkter\/bagsagar-sagblad\/bagsag\/147-bagsag#breadcrumb","itemListElement":[{"@type":"ListItem","position":1,"name":"Hem","item":"https:\/\/g-man.se\/sv"},{"@type":"ListItem","position":2,"name":"Products","item":"https:\/\/g-man.se\/sv\/shop"},{"@type":"ListItem","position":3,"name":"B\u00e5gs\u00e5gar\/S\u00e5gblad","item":"https:\/\/g-man.se\/sv\/sv\/produkt-kategori\/bagsagar-sagblad"},{"@type":"ListItem","position":4,"name":"B\u00e5gs\u00e5g","item":"https:\/\/g-man.se\/sv\/sv\/produkt-kategori\/bagsagar-sagblad\/bagsag"},{"@type":"ListItem","position":5,"name":"147 B\u00e5gs\u00e5g"}]},{"@type":"WebSite","@id":"https:\/\/g-man.se\/sv\/sv\/#website","url":"https:\/\/g-man.se\/sv\/sv\/","name":"G-MAN Tools","description":"The Swedish Saw Expert","publisher":{"@id":"https:\/\/g-man.se\/sv\/sv\/#organization"},"potentialAction":[{"@type":"SearchAction","target":{"@type":"EntryPoint","urlTemplate":"https:\/\/g-man.se\/sv\/sv\/?s={search_term_string}"},"query-input":{"@type":"PropertyValueSpecification","valueRequired":true,"valueName":"search_term_string"}}],"inLanguage":"sv-SE"},{"@type":"Organization","@id":"https:\/\/g-man.se\/sv\/sv\/#organization","name":"G-Man Tools","url":"https:\/\/g-man.se\/sv\/sv\/","logo":{"@type":"ImageObject","inLanguage":"sv-SE","@id":"https:\/\/g-man.se\/sv\/sv\/#\/schema\/logo\/image\/","url":"https:\/\/g-man.se\/wp-content\/uploads\/g-man-logo.png","contentUrl":"https:\/\/g-man.se\/wp-content\/uploads\/g-man-logo.png","width":1080,"height":373,"caption":"G-Man Tools"},"image":{"@id":"https:\/\/g-man.se\/sv\/sv\/#\/schema\/logo\/image\/"},"sameAs":["https:\/\/www.facebook.com\/GManToolsAB\/","https:\/\/www.instagram.com\/gmantools\/","https:\/\/se.linkedin.com\/company\/g-man-tools-ab","https:\/\/www.youtube.com\/user\/GManTools"]}]}},"_links":{"self":[{"href":"https:\/\/g-man.se\/sv\/wp-json\/wp\/v2\/product\/354","targetHints":{"allow":["GET"]}}],"collection":[{"href":"https:\/\/g-man.se\/sv\/wp-json\/wp\/v2\/product"}],"about":[{"href":"https:\/\/g-man.se\/sv\/wp-json\/wp\/v2\/types\/product"}],"replies":[{"embeddable":true,"href":"https:\/\/g-man.se\/sv\/wp-json\/wp\/v2\/comments?post=354"}],"wp:featuredmedia":[{"embeddable":true,"href":"https:\/\/g-man.se\/sv\/wp-json\/wp\/v2\/media\/170"}],"wp:attachment":[{"href":"https:\/\/g-man.se\/sv\/wp-json\/wp\/v2\/media?parent=354"}],"wp:term":[{"taxonomy":"product_cat","embeddable":true,"href":"https:\/\/g-man.se\/sv\/wp-json\/wp\/v2\/product_cat?post=354"},{"taxonomy":"product_tag","embeddable":true,"href":"https:\/\/g-man.se\/sv\/wp-json\/wp\/v2\/product_tag?post=354"}],"curies":[{"name":"wp","href":"https:\/\/api.w.org\/{rel}","templated":true}]}}