{"id":346,"date":"2020-05-28T15:42:45","date_gmt":"2020-05-28T13:42:45","guid":{"rendered":"https:\/\/g-man.se\/product\/bagsagblad-3"},"modified":"2020-06-05T11:19:34","modified_gmt":"2020-06-05T09:19:34","slug":"g30sh-bagsagblad","status":"publish","type":"product","link":"https:\/\/g-man.se\/sv\/produkter\/bagsagar-sagblad\/sagblad\/g30sh-bagsagblad","title":{"rendered":"G30SH B\u00e5gs\u00e5gblad"},"content":{"rendered":"\n<table id=\"tablepress-9\" class=\"tablepress tablepress-id-9\">\n<thead>\n<tr class=\"row-1\">\n\t<th class=\"column-1\">Artikelnummer<\/th><th class=\"column-2\">L\u00e4ngd (mm)<\/th><th class=\"column-3\">L\u00e4ngd (tum)<\/th><th class=\"column-4\">F\u00f6rpackningsstorlek<\/th>\n<\/tr>\n<\/thead>\n<tbody class=\"row-striping\">\n<tr class=\"row-2\">\n\t<td class=\"column-1\">G30SH12<br \/>\n<\/td><td class=\"column-2\">300<\/td><td class=\"column-3\">12<br \/>\n<\/td><td class=\"column-4\">100-pack<\/td>\n<\/tr>\n<tr class=\"row-3\">\n\t<td class=\"column-1\">G30SH15<br \/>\n<\/td><td class=\"column-2\">380<\/td><td class=\"column-3\">15<\/td><td class=\"column-4\">100-pack<\/td>\n<\/tr>\n<tr class=\"row-4\">\n\t<td class=\"column-1\">G30SH16<br \/>\n<\/td><td class=\"column-2\">400<br \/>\n<\/td><td class=\"column-3\">16<\/td><td class=\"column-4\">100-pack<\/td>\n<\/tr>\n<tr class=\"row-5\">\n\t<td class=\"column-1\">G30SH18<br \/>\n<\/td><td class=\"column-2\">450<br \/>\n<\/td><td class=\"column-3\">18<\/td><td class=\"column-4\">100-pack<\/td>\n<\/tr>\n<tr class=\"row-6\">\n\t<td class=\"column-1\">G30SH21<br \/>\n<\/td><td class=\"column-2\">530<br \/>\n<\/td><td class=\"column-3\">21<\/td><td class=\"column-4\">100-pack<\/td>\n<\/tr>\n<tr class=\"row-7\">\n\t<td class=\"column-1\">G30SH24<br \/>\n<\/td><td class=\"column-2\">610<br \/>\n<\/td><td class=\"column-3\">24<\/td><td class=\"column-4\">100-pack<\/td>\n<\/tr>\n<\/tbody>\n<\/table>\n\n","protected":false},"excerpt":{"rendered":"<p>Fintandad, hyveltandad f\u00f6r r\u00e5tt, f\u00e4rskt virke.<\/p>\n","protected":false},"featured_media":193,"comment_status":"closed","ping_status":"closed","template":"","meta":{"_acf_changed":false},"product_cat":[31],"product_tag":[],"class_list":["post-346","product","type-product","status-publish","has-post-thumbnail","hentry","product_cat-sagblad","entry","has-media"],"acf":[],"yoast_head":"<!-- This site is optimized with the Yoast SEO plugin v26.8 - https:\/\/yoast.com\/product\/yoast-seo-wordpress\/ -->\n<title>G30SH B\u00e5gs\u00e5gblad - G-MAN Tools<\/title>\n<meta name=\"robots\" content=\"index, follow, max-snippet:-1, max-image-preview:large, max-video-preview:-1\" \/>\n<link rel=\"canonical\" href=\"https:\/\/g-man.se\/sv\/produkter\/bagsagar-sagblad\/sagblad\/g30sh-bagsagblad\" \/>\n<meta property=\"og:locale\" content=\"sv_SE\" \/>\n<meta property=\"og:type\" content=\"article\" \/>\n<meta property=\"og:title\" content=\"G30SH B\u00e5gs\u00e5gblad - G-MAN Tools\" \/>\n<meta property=\"og:description\" content=\"Fintandad, hyveltandad f\u00f6r r\u00e5tt, f\u00e4rskt virke.\" \/>\n<meta property=\"og:url\" content=\"https:\/\/g-man.se\/sv\/produkter\/bagsagar-sagblad\/sagblad\/g30sh-bagsagblad\" \/>\n<meta property=\"og:site_name\" content=\"G-MAN Tools\" \/>\n<meta property=\"article:publisher\" content=\"https:\/\/www.facebook.com\/GManToolsAB\/\" \/>\n<meta property=\"article:modified_time\" content=\"2020-06-05T09:19:34+00:00\" \/>\n<meta property=\"og:image\" content=\"https:\/\/g-man.se\/wp-content\/uploads\/G30SH-scaled.jpg\" \/>\n\t<meta property=\"og:image:width\" content=\"2560\" \/>\n\t<meta property=\"og:image:height\" content=\"190\" \/>\n\t<meta property=\"og:image:type\" content=\"image\/jpeg\" \/>\n<meta name=\"twitter:card\" content=\"summary_large_image\" \/>\n<script type=\"application\/ld+json\" class=\"yoast-schema-graph\">{\"@context\":\"https:\/\/schema.org\",\"@graph\":[{\"@type\":\"WebPage\",\"@id\":\"https:\/\/g-man.se\/sv\/produkter\/bagsagar-sagblad\/sagblad\/g30sh-bagsagblad\",\"url\":\"https:\/\/g-man.se\/sv\/produkter\/bagsagar-sagblad\/sagblad\/g30sh-bagsagblad\",\"name\":\"G30SH B\u00e5gs\u00e5gblad - G-MAN Tools\",\"isPartOf\":{\"@id\":\"https:\/\/g-man.se\/sv\/sv\/#website\"},\"primaryImageOfPage\":{\"@id\":\"https:\/\/g-man.se\/sv\/produkter\/bagsagar-sagblad\/sagblad\/g30sh-bagsagblad#primaryimage\"},\"image\":{\"@id\":\"https:\/\/g-man.se\/sv\/produkter\/bagsagar-sagblad\/sagblad\/g30sh-bagsagblad#primaryimage\"},\"thumbnailUrl\":\"https:\/\/g-man.se\/wp-content\/uploads\/G30SH-scaled.jpg\",\"datePublished\":\"2020-05-28T13:42:45+00:00\",\"dateModified\":\"2020-06-05T09:19:34+00:00\",\"breadcrumb\":{\"@id\":\"https:\/\/g-man.se\/sv\/produkter\/bagsagar-sagblad\/sagblad\/g30sh-bagsagblad#breadcrumb\"},\"inLanguage\":\"sv-SE\",\"potentialAction\":[{\"@type\":\"ReadAction\",\"target\":[\"https:\/\/g-man.se\/sv\/produkter\/bagsagar-sagblad\/sagblad\/g30sh-bagsagblad\"]}]},{\"@type\":\"ImageObject\",\"inLanguage\":\"sv-SE\",\"@id\":\"https:\/\/g-man.se\/sv\/produkter\/bagsagar-sagblad\/sagblad\/g30sh-bagsagblad#primaryimage\",\"url\":\"https:\/\/g-man.se\/wp-content\/uploads\/G30SH-scaled.jpg\",\"contentUrl\":\"https:\/\/g-man.se\/wp-content\/uploads\/G30SH-scaled.jpg\",\"width\":2560,\"height\":190},{\"@type\":\"BreadcrumbList\",\"@id\":\"https:\/\/g-man.se\/sv\/produkter\/bagsagar-sagblad\/sagblad\/g30sh-bagsagblad#breadcrumb\",\"itemListElement\":[{\"@type\":\"ListItem\",\"position\":1,\"name\":\"Hem\",\"item\":\"https:\/\/g-man.se\/sv\"},{\"@type\":\"ListItem\",\"position\":2,\"name\":\"Products\",\"item\":\"https:\/\/g-man.se\/sv\/shop\"},{\"@type\":\"ListItem\",\"position\":3,\"name\":\"B\u00e5gs\u00e5gar\/S\u00e5gblad\",\"item\":\"https:\/\/g-man.se\/sv\/sv\/produkt-kategori\/bagsagar-sagblad\"},{\"@type\":\"ListItem\",\"position\":4,\"name\":\"S\u00e5gblad\",\"item\":\"https:\/\/g-man.se\/sv\/produkt-kategori\/bagsagar-sagblad\/sagblad\"},{\"@type\":\"ListItem\",\"position\":5,\"name\":\"G30SH B\u00e5gs\u00e5gblad\"}]},{\"@type\":\"WebSite\",\"@id\":\"https:\/\/g-man.se\/sv\/sv\/#website\",\"url\":\"https:\/\/g-man.se\/sv\/sv\/\",\"name\":\"G-MAN Tools\",\"description\":\"The Swedish Saw Expert\",\"publisher\":{\"@id\":\"https:\/\/g-man.se\/sv\/sv\/#organization\"},\"potentialAction\":[{\"@type\":\"SearchAction\",\"target\":{\"@type\":\"EntryPoint\",\"urlTemplate\":\"https:\/\/g-man.se\/sv\/sv\/?s={search_term_string}\"},\"query-input\":{\"@type\":\"PropertyValueSpecification\",\"valueRequired\":true,\"valueName\":\"search_term_string\"}}],\"inLanguage\":\"sv-SE\"},{\"@type\":\"Organization\",\"@id\":\"https:\/\/g-man.se\/sv\/sv\/#organization\",\"name\":\"G-Man Tools\",\"url\":\"https:\/\/g-man.se\/sv\/sv\/\",\"logo\":{\"@type\":\"ImageObject\",\"inLanguage\":\"sv-SE\",\"@id\":\"https:\/\/g-man.se\/sv\/sv\/#\/schema\/logo\/image\/\",\"url\":\"https:\/\/g-man.se\/wp-content\/uploads\/g-man-logo.png\",\"contentUrl\":\"https:\/\/g-man.se\/wp-content\/uploads\/g-man-logo.png\",\"width\":1080,\"height\":373,\"caption\":\"G-Man Tools\"},\"image\":{\"@id\":\"https:\/\/g-man.se\/sv\/sv\/#\/schema\/logo\/image\/\"},\"sameAs\":[\"https:\/\/www.facebook.com\/GManToolsAB\/\",\"https:\/\/www.instagram.com\/gmantools\/\",\"https:\/\/se.linkedin.com\/company\/g-man-tools-ab\",\"https:\/\/www.youtube.com\/user\/GManTools\"]}]}<\/script>\n<!-- \/ Yoast SEO plugin. -->","yoast_head_json":{"title":"G30SH B\u00e5gs\u00e5gblad - G-MAN Tools","robots":{"index":"index","follow":"follow","max-snippet":"max-snippet:-1","max-image-preview":"max-image-preview:large","max-video-preview":"max-video-preview:-1"},"canonical":"https:\/\/g-man.se\/sv\/produkter\/bagsagar-sagblad\/sagblad\/g30sh-bagsagblad","og_locale":"sv_SE","og_type":"article","og_title":"G30SH B\u00e5gs\u00e5gblad - G-MAN Tools","og_description":"Fintandad, hyveltandad f\u00f6r r\u00e5tt, f\u00e4rskt virke.","og_url":"https:\/\/g-man.se\/sv\/produkter\/bagsagar-sagblad\/sagblad\/g30sh-bagsagblad","og_site_name":"G-MAN Tools","article_publisher":"https:\/\/www.facebook.com\/GManToolsAB\/","article_modified_time":"2020-06-05T09:19:34+00:00","og_image":[{"width":2560,"height":190,"url":"https:\/\/g-man.se\/wp-content\/uploads\/G30SH-scaled.jpg","type":"image\/jpeg"}],"twitter_card":"summary_large_image","schema":{"@context":"https:\/\/schema.org","@graph":[{"@type":"WebPage","@id":"https:\/\/g-man.se\/sv\/produkter\/bagsagar-sagblad\/sagblad\/g30sh-bagsagblad","url":"https:\/\/g-man.se\/sv\/produkter\/bagsagar-sagblad\/sagblad\/g30sh-bagsagblad","name":"G30SH B\u00e5gs\u00e5gblad - G-MAN Tools","isPartOf":{"@id":"https:\/\/g-man.se\/sv\/sv\/#website"},"primaryImageOfPage":{"@id":"https:\/\/g-man.se\/sv\/produkter\/bagsagar-sagblad\/sagblad\/g30sh-bagsagblad#primaryimage"},"image":{"@id":"https:\/\/g-man.se\/sv\/produkter\/bagsagar-sagblad\/sagblad\/g30sh-bagsagblad#primaryimage"},"thumbnailUrl":"https:\/\/g-man.se\/wp-content\/uploads\/G30SH-scaled.jpg","datePublished":"2020-05-28T13:42:45+00:00","dateModified":"2020-06-05T09:19:34+00:00","breadcrumb":{"@id":"https:\/\/g-man.se\/sv\/produkter\/bagsagar-sagblad\/sagblad\/g30sh-bagsagblad#breadcrumb"},"inLanguage":"sv-SE","potentialAction":[{"@type":"ReadAction","target":["https:\/\/g-man.se\/sv\/produkter\/bagsagar-sagblad\/sagblad\/g30sh-bagsagblad"]}]},{"@type":"ImageObject","inLanguage":"sv-SE","@id":"https:\/\/g-man.se\/sv\/produkter\/bagsagar-sagblad\/sagblad\/g30sh-bagsagblad#primaryimage","url":"https:\/\/g-man.se\/wp-content\/uploads\/G30SH-scaled.jpg","contentUrl":"https:\/\/g-man.se\/wp-content\/uploads\/G30SH-scaled.jpg","width":2560,"height":190},{"@type":"BreadcrumbList","@id":"https:\/\/g-man.se\/sv\/produkter\/bagsagar-sagblad\/sagblad\/g30sh-bagsagblad#breadcrumb","itemListElement":[{"@type":"ListItem","position":1,"name":"Hem","item":"https:\/\/g-man.se\/sv"},{"@type":"ListItem","position":2,"name":"Products","item":"https:\/\/g-man.se\/sv\/shop"},{"@type":"ListItem","position":3,"name":"B\u00e5gs\u00e5gar\/S\u00e5gblad","item":"https:\/\/g-man.se\/sv\/sv\/produkt-kategori\/bagsagar-sagblad"},{"@type":"ListItem","position":4,"name":"S\u00e5gblad","item":"https:\/\/g-man.se\/sv\/produkt-kategori\/bagsagar-sagblad\/sagblad"},{"@type":"ListItem","position":5,"name":"G30SH B\u00e5gs\u00e5gblad"}]},{"@type":"WebSite","@id":"https:\/\/g-man.se\/sv\/sv\/#website","url":"https:\/\/g-man.se\/sv\/sv\/","name":"G-MAN Tools","description":"The Swedish Saw Expert","publisher":{"@id":"https:\/\/g-man.se\/sv\/sv\/#organization"},"potentialAction":[{"@type":"SearchAction","target":{"@type":"EntryPoint","urlTemplate":"https:\/\/g-man.se\/sv\/sv\/?s={search_term_string}"},"query-input":{"@type":"PropertyValueSpecification","valueRequired":true,"valueName":"search_term_string"}}],"inLanguage":"sv-SE"},{"@type":"Organization","@id":"https:\/\/g-man.se\/sv\/sv\/#organization","name":"G-Man Tools","url":"https:\/\/g-man.se\/sv\/sv\/","logo":{"@type":"ImageObject","inLanguage":"sv-SE","@id":"https:\/\/g-man.se\/sv\/sv\/#\/schema\/logo\/image\/","url":"https:\/\/g-man.se\/wp-content\/uploads\/g-man-logo.png","contentUrl":"https:\/\/g-man.se\/wp-content\/uploads\/g-man-logo.png","width":1080,"height":373,"caption":"G-Man Tools"},"image":{"@id":"https:\/\/g-man.se\/sv\/sv\/#\/schema\/logo\/image\/"},"sameAs":["https:\/\/www.facebook.com\/GManToolsAB\/","https:\/\/www.instagram.com\/gmantools\/","https:\/\/se.linkedin.com\/company\/g-man-tools-ab","https:\/\/www.youtube.com\/user\/GManTools"]}]}},"_links":{"self":[{"href":"https:\/\/g-man.se\/sv\/wp-json\/wp\/v2\/product\/346","targetHints":{"allow":["GET"]}}],"collection":[{"href":"https:\/\/g-man.se\/sv\/wp-json\/wp\/v2\/product"}],"about":[{"href":"https:\/\/g-man.se\/sv\/wp-json\/wp\/v2\/types\/product"}],"replies":[{"embeddable":true,"href":"https:\/\/g-man.se\/sv\/wp-json\/wp\/v2\/comments?post=346"}],"wp:featuredmedia":[{"embeddable":true,"href":"https:\/\/g-man.se\/sv\/wp-json\/wp\/v2\/media\/193"}],"wp:attachment":[{"href":"https:\/\/g-man.se\/sv\/wp-json\/wp\/v2\/media?parent=346"}],"wp:term":[{"taxonomy":"product_cat","embeddable":true,"href":"https:\/\/g-man.se\/sv\/wp-json\/wp\/v2\/product_cat?post=346"},{"taxonomy":"product_tag","embeddable":true,"href":"https:\/\/g-man.se\/sv\/wp-json\/wp\/v2\/product_tag?post=346"}],"curies":[{"name":"wp","href":"https:\/\/api.w.org\/{rel}","templated":true}]}}