{"id":331,"date":"2020-05-28T15:42:42","date_gmt":"2020-05-28T13:42:42","guid":{"rendered":"https:\/\/g-man.se\/product\/handsag-classic"},"modified":"2022-10-21T15:05:07","modified_gmt":"2022-10-21T13:05:07","slug":"328h-handsag-classic","status":"publish","type":"product","link":"https:\/\/g-man.se\/sv\/produkter\/handsagar\/classic\/328h-handsag-classic","title":{"rendered":"328H Hands\u00e5g Classic"},"content":{"rendered":"\n<table id=\"tablepress-4\" class=\"tablepress tablepress-id-4\">\n<thead>\n<tr class=\"row-1\">\n\t<th class=\"column-1\">Artikelnummer<\/th><th class=\"column-2\">L\u00e4ngd (mm)<\/th><th class=\"column-3\">L\u00e4ngd (tum)<\/th><th class=\"column-4\">F\u00f6rpackningsstorlek<\/th>\n<\/tr>\n<\/thead>\n<tbody class=\"row-striping\">\n<tr class=\"row-2\">\n\t<td class=\"column-1\">32820R35<br \/>\n<\/td><td class=\"column-2\">500<br \/>\n<\/td><td class=\"column-3\">20<br \/>\n<\/td><td class=\"column-4\">10-pack<\/td>\n<\/tr>\n<tr class=\"row-3\">\n\t<td class=\"column-1\">32824R35<\/td><td class=\"column-2\">600<br \/>\n<\/td><td class=\"column-3\">24<br \/>\n<\/td><td class=\"column-4\">10-pack<\/td>\n<\/tr>\n<tr class=\"row-4\">\n\t<td class=\"column-1\">328H16R7<\/td><td class=\"column-2\">400<br \/>\n<\/td><td class=\"column-3\">16<br \/>\n<\/td><td class=\"column-4\">10-pack<\/td>\n<\/tr>\n<tr class=\"row-5\">\n\t<td class=\"column-1\">328H16U7<\/td><td class=\"column-2\">400<br \/>\n<\/td><td class=\"column-3\">16<br \/>\n<\/td><td class=\"column-4\">10-pack<\/td>\n<\/tr>\n<tr class=\"row-6\">\n\t<td class=\"column-1\">328H18R7<\/td><td class=\"column-2\">450<br \/>\n<\/td><td class=\"column-3\">18<br \/>\n<\/td><td class=\"column-4\">10-pack<\/td>\n<\/tr>\n<tr class=\"row-7\">\n\t<td class=\"column-1\">328H18U7<br \/>\n<\/td><td class=\"column-2\">450<br \/>\n<\/td><td class=\"column-3\">18<br \/>\n<\/td><td class=\"column-4\">10-pack<\/td>\n<\/tr>\n<tr class=\"row-8\">\n\t<td class=\"column-1\">328H20R7<br \/>\n<\/td><td class=\"column-2\">500<br \/>\n<\/td><td class=\"column-3\">20<br \/>\n<\/td><td class=\"column-4\">10-pack<\/td>\n<\/tr>\n<tr class=\"row-9\">\n\t<td class=\"column-1\">328H20U7<br \/>\n<\/td><td class=\"column-2\">500<br \/>\n<\/td><td class=\"column-3\">20<br \/>\n<\/td><td class=\"column-4\">10-pack<\/td>\n<\/tr>\n<tr class=\"row-10\">\n\t<td class=\"column-1\">328H20R5<br \/>\n<\/td><td class=\"column-2\">500<\/td><td class=\"column-3\">20<br \/>\n<\/td><td class=\"column-4\">10-pack<\/td>\n<\/tr>\n<tr class=\"row-11\">\n\t<td class=\"column-1\">328H22R5<br \/>\n<\/td><td class=\"column-2\">550<br \/>\n<\/td><td class=\"column-3\">22<br \/>\n<\/td><td class=\"column-4\">10-pack<\/td>\n<\/tr>\n<tr class=\"row-12\">\n\t<td class=\"column-1\">328H22R7<\/td><td class=\"column-2\">550<\/td><td class=\"column-3\">22<\/td><td class=\"column-4\">10-pack<\/td>\n<\/tr>\n<tr class=\"row-13\">\n\t<td class=\"column-1\">328H22U7<br \/>\n<\/td><td class=\"column-2\">550<br \/>\n<\/td><td class=\"column-3\">22<br \/>\n<\/td><td class=\"column-4\">10-pack<\/td>\n<\/tr>\n<tr class=\"row-14\">\n\t<td class=\"column-1\">328H24U7<br \/>\n<\/td><td class=\"column-2\">600<br \/>\n<\/td><td class=\"column-3\">24<br \/>\n<\/td><td class=\"column-4\">10-pack<\/td>\n<\/tr>\n<\/tbody>\n<\/table>\n\n","protected":false},"excerpt":{"rendered":"<p>En klassisk fogsvans som vi kan erbjuda i m\u00e5nga olika varianter i l\u00e4ngder fr\u00e5n 16 tum till 24 tum med tandningstyper R7 och U7. F\u00f6r grovkapning finns dessutom l\u00e4ngderna 20 och 24 tum med tandtyp R3,5, samt 20 och 22 tum med tandningen R5. Modellen leverereras med greppv\u00e4nligt handtag av plast.<\/p>\n<p><img loading=\"lazy\" decoding=\"async\" class=\"alignnone size-full wp-image-690\" src=\"https:\/\/g-man.se\/wp-content\/uploads\/u7.png\" alt=\"\" width=\"80\" height=\"45\" \/>\u00a0 \u00a0 <img loading=\"lazy\" decoding=\"async\" class=\"alignnone size-full wp-image-689\" src=\"https:\/\/g-man.se\/wp-content\/uploads\/symbol-r7.png\" alt=\"\" width=\"80\" height=\"45\" \/>\u00a0 \u00a0 <img loading=\"lazy\" decoding=\"async\" class=\"alignnone size-full wp-image-688\" src=\"https:\/\/g-man.se\/wp-content\/uploads\/symbol-r5.png\" alt=\"\" width=\"80\" height=\"45\" \/>\u00a0 \u00a0 <img loading=\"lazy\" decoding=\"async\" class=\"alignnone size-full wp-image-687\" src=\"https:\/\/g-man.se\/wp-content\/uploads\/symbol-r35.png\" alt=\"\" width=\"80\" height=\"45\" \/><\/p>\n","protected":false},"featured_media":1803,"comment_status":"closed","ping_status":"closed","template":"","meta":{"_acf_changed":false},"product_cat":[24],"product_tag":[],"class_list":["post-331","product","type-product","status-publish","has-post-thumbnail","hentry","product_cat-classic","entry","has-media"],"acf":[],"yoast_head":"<!-- This site is optimized with the Yoast SEO plugin v26.8 - https:\/\/yoast.com\/product\/yoast-seo-wordpress\/ -->\n<title>328H Hands\u00e5g Classic - G-MAN Tools<\/title>\n<meta name=\"robots\" content=\"index, follow, max-snippet:-1, max-image-preview:large, max-video-preview:-1\" \/>\n<link rel=\"canonical\" href=\"https:\/\/g-man.se\/sv\/produkter\/handsagar\/classic\/328h-handsag-classic\" \/>\n<meta property=\"og:locale\" content=\"sv_SE\" \/>\n<meta property=\"og:type\" content=\"article\" \/>\n<meta property=\"og:title\" content=\"328H Hands\u00e5g Classic - G-MAN Tools\" \/>\n<meta property=\"og:description\" content=\"En klassisk fogsvans som vi kan erbjuda i m\u00e5nga olika varianter i l\u00e4ngder fr\u00e5n 16 tum till 24 tum med tandningstyper R7 och U7. F\u00f6r grovkapning finns dessutom l\u00e4ngderna 20 och 24 tum med tandtyp R3,5, samt 20 och 22 tum med tandningen R5. Modellen leverereras med greppv\u00e4nligt handtag av plast.  \u00a0 \u00a0 \u00a0 \u00a0 \u00a0 \u00a0\" \/>\n<meta property=\"og:url\" content=\"https:\/\/g-man.se\/sv\/produkter\/handsagar\/classic\/328h-handsag-classic\" \/>\n<meta property=\"og:site_name\" content=\"G-MAN Tools\" \/>\n<meta property=\"article:publisher\" content=\"https:\/\/www.facebook.com\/GManToolsAB\/\" \/>\n<meta property=\"article:modified_time\" content=\"2022-10-21T13:05:07+00:00\" \/>\n<meta property=\"og:image\" content=\"https:\/\/g-man.se\/wp-content\/uploads\/328H22R7_CLASSIC_550mm_WEBB.jpg\" \/>\n\t<meta property=\"og:image:width\" content=\"1338\" \/>\n\t<meta property=\"og:image:height\" content=\"306\" \/>\n\t<meta property=\"og:image:type\" content=\"image\/jpeg\" \/>\n<meta name=\"twitter:card\" content=\"summary_large_image\" \/>\n<script type=\"application\/ld+json\" class=\"yoast-schema-graph\">{\"@context\":\"https:\/\/schema.org\",\"@graph\":[{\"@type\":\"WebPage\",\"@id\":\"https:\/\/g-man.se\/sv\/produkter\/handsagar\/classic\/328h-handsag-classic\",\"url\":\"https:\/\/g-man.se\/sv\/produkter\/handsagar\/classic\/328h-handsag-classic\",\"name\":\"328H Hands\u00e5g Classic - G-MAN Tools\",\"isPartOf\":{\"@id\":\"https:\/\/g-man.se\/sv\/sv\/#website\"},\"primaryImageOfPage\":{\"@id\":\"https:\/\/g-man.se\/sv\/produkter\/handsagar\/classic\/328h-handsag-classic#primaryimage\"},\"image\":{\"@id\":\"https:\/\/g-man.se\/sv\/produkter\/handsagar\/classic\/328h-handsag-classic#primaryimage\"},\"thumbnailUrl\":\"https:\/\/g-man.se\/wp-content\/uploads\/328H22R7_CLASSIC_550mm_WEBB.jpg\",\"datePublished\":\"2020-05-28T13:42:42+00:00\",\"dateModified\":\"2022-10-21T13:05:07+00:00\",\"breadcrumb\":{\"@id\":\"https:\/\/g-man.se\/sv\/produkter\/handsagar\/classic\/328h-handsag-classic#breadcrumb\"},\"inLanguage\":\"sv-SE\",\"potentialAction\":[{\"@type\":\"ReadAction\",\"target\":[\"https:\/\/g-man.se\/sv\/produkter\/handsagar\/classic\/328h-handsag-classic\"]}]},{\"@type\":\"ImageObject\",\"inLanguage\":\"sv-SE\",\"@id\":\"https:\/\/g-man.se\/sv\/produkter\/handsagar\/classic\/328h-handsag-classic#primaryimage\",\"url\":\"https:\/\/g-man.se\/wp-content\/uploads\/328H22R7_CLASSIC_550mm_WEBB.jpg\",\"contentUrl\":\"https:\/\/g-man.se\/wp-content\/uploads\/328H22R7_CLASSIC_550mm_WEBB.jpg\",\"width\":1338,\"height\":306},{\"@type\":\"BreadcrumbList\",\"@id\":\"https:\/\/g-man.se\/sv\/produkter\/handsagar\/classic\/328h-handsag-classic#breadcrumb\",\"itemListElement\":[{\"@type\":\"ListItem\",\"position\":1,\"name\":\"Hem\",\"item\":\"https:\/\/g-man.se\/sv\"},{\"@type\":\"ListItem\",\"position\":2,\"name\":\"Products\",\"item\":\"https:\/\/g-man.se\/sv\/shop\"},{\"@type\":\"ListItem\",\"position\":3,\"name\":\"Hands\u00e5gar\",\"item\":\"https:\/\/g-man.se\/sv\/produkt-kategori\/handsagar\"},{\"@type\":\"ListItem\",\"position\":4,\"name\":\"Classic\",\"item\":\"https:\/\/g-man.se\/sv\/produkt-kategori\/handsagar\/classic\"},{\"@type\":\"ListItem\",\"position\":5,\"name\":\"328H Hands\u00e5g Classic\"}]},{\"@type\":\"WebSite\",\"@id\":\"https:\/\/g-man.se\/sv\/sv\/#website\",\"url\":\"https:\/\/g-man.se\/sv\/sv\/\",\"name\":\"G-MAN Tools\",\"description\":\"The Swedish Saw Expert\",\"publisher\":{\"@id\":\"https:\/\/g-man.se\/sv\/sv\/#organization\"},\"potentialAction\":[{\"@type\":\"SearchAction\",\"target\":{\"@type\":\"EntryPoint\",\"urlTemplate\":\"https:\/\/g-man.se\/sv\/sv\/?s={search_term_string}\"},\"query-input\":{\"@type\":\"PropertyValueSpecification\",\"valueRequired\":true,\"valueName\":\"search_term_string\"}}],\"inLanguage\":\"sv-SE\"},{\"@type\":\"Organization\",\"@id\":\"https:\/\/g-man.se\/sv\/sv\/#organization\",\"name\":\"G-Man Tools\",\"url\":\"https:\/\/g-man.se\/sv\/sv\/\",\"logo\":{\"@type\":\"ImageObject\",\"inLanguage\":\"sv-SE\",\"@id\":\"https:\/\/g-man.se\/sv\/sv\/#\/schema\/logo\/image\/\",\"url\":\"https:\/\/g-man.se\/wp-content\/uploads\/g-man-logo.png\",\"contentUrl\":\"https:\/\/g-man.se\/wp-content\/uploads\/g-man-logo.png\",\"width\":1080,\"height\":373,\"caption\":\"G-Man Tools\"},\"image\":{\"@id\":\"https:\/\/g-man.se\/sv\/sv\/#\/schema\/logo\/image\/\"},\"sameAs\":[\"https:\/\/www.facebook.com\/GManToolsAB\/\",\"https:\/\/www.instagram.com\/gmantools\/\",\"https:\/\/se.linkedin.com\/company\/g-man-tools-ab\",\"https:\/\/www.youtube.com\/user\/GManTools\"]}]}<\/script>\n<!-- \/ Yoast SEO plugin. -->","yoast_head_json":{"title":"328H Hands\u00e5g Classic - G-MAN Tools","robots":{"index":"index","follow":"follow","max-snippet":"max-snippet:-1","max-image-preview":"max-image-preview:large","max-video-preview":"max-video-preview:-1"},"canonical":"https:\/\/g-man.se\/sv\/produkter\/handsagar\/classic\/328h-handsag-classic","og_locale":"sv_SE","og_type":"article","og_title":"328H Hands\u00e5g Classic - G-MAN Tools","og_description":"En klassisk fogsvans som vi kan erbjuda i m\u00e5nga olika varianter i l\u00e4ngder fr\u00e5n 16 tum till 24 tum med tandningstyper R7 och U7. F\u00f6r grovkapning finns dessutom l\u00e4ngderna 20 och 24 tum med tandtyp R3,5, samt 20 och 22 tum med tandningen R5. Modellen leverereras med greppv\u00e4nligt handtag av plast.  \u00a0 \u00a0 \u00a0 \u00a0 \u00a0 \u00a0","og_url":"https:\/\/g-man.se\/sv\/produkter\/handsagar\/classic\/328h-handsag-classic","og_site_name":"G-MAN Tools","article_publisher":"https:\/\/www.facebook.com\/GManToolsAB\/","article_modified_time":"2022-10-21T13:05:07+00:00","og_image":[{"width":1338,"height":306,"url":"https:\/\/g-man.se\/wp-content\/uploads\/328H22R7_CLASSIC_550mm_WEBB.jpg","type":"image\/jpeg"}],"twitter_card":"summary_large_image","schema":{"@context":"https:\/\/schema.org","@graph":[{"@type":"WebPage","@id":"https:\/\/g-man.se\/sv\/produkter\/handsagar\/classic\/328h-handsag-classic","url":"https:\/\/g-man.se\/sv\/produkter\/handsagar\/classic\/328h-handsag-classic","name":"328H Hands\u00e5g Classic - G-MAN Tools","isPartOf":{"@id":"https:\/\/g-man.se\/sv\/sv\/#website"},"primaryImageOfPage":{"@id":"https:\/\/g-man.se\/sv\/produkter\/handsagar\/classic\/328h-handsag-classic#primaryimage"},"image":{"@id":"https:\/\/g-man.se\/sv\/produkter\/handsagar\/classic\/328h-handsag-classic#primaryimage"},"thumbnailUrl":"https:\/\/g-man.se\/wp-content\/uploads\/328H22R7_CLASSIC_550mm_WEBB.jpg","datePublished":"2020-05-28T13:42:42+00:00","dateModified":"2022-10-21T13:05:07+00:00","breadcrumb":{"@id":"https:\/\/g-man.se\/sv\/produkter\/handsagar\/classic\/328h-handsag-classic#breadcrumb"},"inLanguage":"sv-SE","potentialAction":[{"@type":"ReadAction","target":["https:\/\/g-man.se\/sv\/produkter\/handsagar\/classic\/328h-handsag-classic"]}]},{"@type":"ImageObject","inLanguage":"sv-SE","@id":"https:\/\/g-man.se\/sv\/produkter\/handsagar\/classic\/328h-handsag-classic#primaryimage","url":"https:\/\/g-man.se\/wp-content\/uploads\/328H22R7_CLASSIC_550mm_WEBB.jpg","contentUrl":"https:\/\/g-man.se\/wp-content\/uploads\/328H22R7_CLASSIC_550mm_WEBB.jpg","width":1338,"height":306},{"@type":"BreadcrumbList","@id":"https:\/\/g-man.se\/sv\/produkter\/handsagar\/classic\/328h-handsag-classic#breadcrumb","itemListElement":[{"@type":"ListItem","position":1,"name":"Hem","item":"https:\/\/g-man.se\/sv"},{"@type":"ListItem","position":2,"name":"Products","item":"https:\/\/g-man.se\/sv\/shop"},{"@type":"ListItem","position":3,"name":"Hands\u00e5gar","item":"https:\/\/g-man.se\/sv\/produkt-kategori\/handsagar"},{"@type":"ListItem","position":4,"name":"Classic","item":"https:\/\/g-man.se\/sv\/produkt-kategori\/handsagar\/classic"},{"@type":"ListItem","position":5,"name":"328H Hands\u00e5g Classic"}]},{"@type":"WebSite","@id":"https:\/\/g-man.se\/sv\/sv\/#website","url":"https:\/\/g-man.se\/sv\/sv\/","name":"G-MAN Tools","description":"The Swedish Saw Expert","publisher":{"@id":"https:\/\/g-man.se\/sv\/sv\/#organization"},"potentialAction":[{"@type":"SearchAction","target":{"@type":"EntryPoint","urlTemplate":"https:\/\/g-man.se\/sv\/sv\/?s={search_term_string}"},"query-input":{"@type":"PropertyValueSpecification","valueRequired":true,"valueName":"search_term_string"}}],"inLanguage":"sv-SE"},{"@type":"Organization","@id":"https:\/\/g-man.se\/sv\/sv\/#organization","name":"G-Man Tools","url":"https:\/\/g-man.se\/sv\/sv\/","logo":{"@type":"ImageObject","inLanguage":"sv-SE","@id":"https:\/\/g-man.se\/sv\/sv\/#\/schema\/logo\/image\/","url":"https:\/\/g-man.se\/wp-content\/uploads\/g-man-logo.png","contentUrl":"https:\/\/g-man.se\/wp-content\/uploads\/g-man-logo.png","width":1080,"height":373,"caption":"G-Man Tools"},"image":{"@id":"https:\/\/g-man.se\/sv\/sv\/#\/schema\/logo\/image\/"},"sameAs":["https:\/\/www.facebook.com\/GManToolsAB\/","https:\/\/www.instagram.com\/gmantools\/","https:\/\/se.linkedin.com\/company\/g-man-tools-ab","https:\/\/www.youtube.com\/user\/GManTools"]}]}},"_links":{"self":[{"href":"https:\/\/g-man.se\/sv\/wp-json\/wp\/v2\/product\/331","targetHints":{"allow":["GET"]}}],"collection":[{"href":"https:\/\/g-man.se\/sv\/wp-json\/wp\/v2\/product"}],"about":[{"href":"https:\/\/g-man.se\/sv\/wp-json\/wp\/v2\/types\/product"}],"replies":[{"embeddable":true,"href":"https:\/\/g-man.se\/sv\/wp-json\/wp\/v2\/comments?post=331"}],"wp:featuredmedia":[{"embeddable":true,"href":"https:\/\/g-man.se\/sv\/wp-json\/wp\/v2\/media\/1803"}],"wp:attachment":[{"href":"https:\/\/g-man.se\/sv\/wp-json\/wp\/v2\/media?parent=331"}],"wp:term":[{"taxonomy":"product_cat","embeddable":true,"href":"https:\/\/g-man.se\/sv\/wp-json\/wp\/v2\/product_cat?post=331"},{"taxonomy":"product_tag","embeddable":true,"href":"https:\/\/g-man.se\/sv\/wp-json\/wp\/v2\/product_tag?post=331"}],"curies":[{"name":"wp","href":"https:\/\/api.w.org\/{rel}","templated":true}]}}