{"id":324,"date":"2020-05-28T15:42:41","date_gmt":"2020-05-28T13:42:41","guid":{"rendered":"https:\/\/g-man.se\/product\/handsag-premium-isoleringssag"},"modified":"2024-03-20T18:38:10","modified_gmt":"2024-03-20T17:38:10","slug":"255h-handsag-premium-isoleringssag","status":"publish","type":"product","link":"https:\/\/g-man.se\/sv\/produkter\/handsagar\/premium\/255h-handsag-premium-isoleringssag","title":{"rendered":"255H Hands\u00e5g Premium &#8211; Isoleringss\u00e5g"},"content":{"rendered":"","protected":false},"excerpt":{"rendered":"<p>F\u00f6r s\u00e5gning\/sk\u00e4rning av isoleringsmaterial, mineral ull m.m. V\u00e5gtandad egg. Tandspetsh\u00e4rdad<\/p>\n","protected":false},"featured_media":2202,"comment_status":"closed","ping_status":"closed","template":"","meta":{"_acf_changed":false},"product_cat":[23],"product_tag":[],"class_list":["post-324","product","type-product","status-publish","has-post-thumbnail","hentry","product_cat-premium","entry","has-media"],"acf":[],"yoast_head":"<!-- This site is optimized with the Yoast SEO plugin v26.8 - https:\/\/yoast.com\/product\/yoast-seo-wordpress\/ -->\n<title>255H Hands\u00e5g Premium - Isoleringss\u00e5g - G-MAN Tools<\/title>\n<meta name=\"robots\" content=\"index, follow, max-snippet:-1, max-image-preview:large, max-video-preview:-1\" \/>\n<link rel=\"canonical\" href=\"https:\/\/g-man.se\/sv\/produkter\/handsagar\/premium\/255h-handsag-premium-isoleringssag\" \/>\n<meta property=\"og:locale\" content=\"sv_SE\" \/>\n<meta property=\"og:type\" content=\"article\" \/>\n<meta property=\"og:title\" content=\"255H Hands\u00e5g Premium - Isoleringss\u00e5g - G-MAN Tools\" \/>\n<meta property=\"og:description\" content=\"F\u00f6r s\u00e5gning\/sk\u00e4rning av isoleringsmaterial, mineral ull m.m. V\u00e5gtandad egg. Tandspetsh\u00e4rdad\" \/>\n<meta property=\"og:url\" content=\"https:\/\/g-man.se\/sv\/produkter\/handsagar\/premium\/255h-handsag-premium-isoleringssag\" \/>\n<meta property=\"og:site_name\" content=\"G-MAN Tools\" \/>\n<meta property=\"article:publisher\" content=\"https:\/\/www.facebook.com\/GManToolsAB\/\" \/>\n<meta property=\"article:modified_time\" content=\"2024-03-20T17:38:10+00:00\" \/>\n<meta property=\"og:image\" content=\"https:\/\/g-man.se\/wp-content\/uploads\/255H22WA_PREMIUM_INSULATION_550mm.jpg\" \/>\n\t<meta property=\"og:image:width\" content=\"1179\" \/>\n\t<meta property=\"og:image:height\" content=\"298\" \/>\n\t<meta property=\"og:image:type\" content=\"image\/jpeg\" \/>\n<meta name=\"twitter:card\" content=\"summary_large_image\" \/>\n<script type=\"application\/ld+json\" class=\"yoast-schema-graph\">{\"@context\":\"https:\/\/schema.org\",\"@graph\":[{\"@type\":\"WebPage\",\"@id\":\"https:\/\/g-man.se\/sv\/produkter\/handsagar\/premium\/255h-handsag-premium-isoleringssag\",\"url\":\"https:\/\/g-man.se\/sv\/produkter\/handsagar\/premium\/255h-handsag-premium-isoleringssag\",\"name\":\"255H Hands\u00e5g Premium - Isoleringss\u00e5g - G-MAN Tools\",\"isPartOf\":{\"@id\":\"https:\/\/g-man.se\/sv\/sv\/#website\"},\"primaryImageOfPage\":{\"@id\":\"https:\/\/g-man.se\/sv\/produkter\/handsagar\/premium\/255h-handsag-premium-isoleringssag#primaryimage\"},\"image\":{\"@id\":\"https:\/\/g-man.se\/sv\/produkter\/handsagar\/premium\/255h-handsag-premium-isoleringssag#primaryimage\"},\"thumbnailUrl\":\"https:\/\/g-man.se\/wp-content\/uploads\/255H22WA_PREMIUM_INSULATION_550mm.jpg\",\"datePublished\":\"2020-05-28T13:42:41+00:00\",\"dateModified\":\"2024-03-20T17:38:10+00:00\",\"breadcrumb\":{\"@id\":\"https:\/\/g-man.se\/sv\/produkter\/handsagar\/premium\/255h-handsag-premium-isoleringssag#breadcrumb\"},\"inLanguage\":\"sv-SE\",\"potentialAction\":[{\"@type\":\"ReadAction\",\"target\":[\"https:\/\/g-man.se\/sv\/produkter\/handsagar\/premium\/255h-handsag-premium-isoleringssag\"]}]},{\"@type\":\"ImageObject\",\"inLanguage\":\"sv-SE\",\"@id\":\"https:\/\/g-man.se\/sv\/produkter\/handsagar\/premium\/255h-handsag-premium-isoleringssag#primaryimage\",\"url\":\"https:\/\/g-man.se\/wp-content\/uploads\/255H22WA_PREMIUM_INSULATION_550mm.jpg\",\"contentUrl\":\"https:\/\/g-man.se\/wp-content\/uploads\/255H22WA_PREMIUM_INSULATION_550mm.jpg\",\"width\":1179,\"height\":298},{\"@type\":\"BreadcrumbList\",\"@id\":\"https:\/\/g-man.se\/sv\/produkter\/handsagar\/premium\/255h-handsag-premium-isoleringssag#breadcrumb\",\"itemListElement\":[{\"@type\":\"ListItem\",\"position\":1,\"name\":\"Hem\",\"item\":\"https:\/\/g-man.se\/sv\"},{\"@type\":\"ListItem\",\"position\":2,\"name\":\"Products\",\"item\":\"https:\/\/g-man.se\/sv\/shop\"},{\"@type\":\"ListItem\",\"position\":3,\"name\":\"Hands\u00e5gar\",\"item\":\"https:\/\/g-man.se\/sv\/produkt-kategori\/handsagar\"},{\"@type\":\"ListItem\",\"position\":4,\"name\":\"Premium\",\"item\":\"https:\/\/g-man.se\/sv\/produkt-kategori\/handsagar\/premium\"},{\"@type\":\"ListItem\",\"position\":5,\"name\":\"255H Hands\u00e5g Premium &#8211; Isoleringss\u00e5g\"}]},{\"@type\":\"WebSite\",\"@id\":\"https:\/\/g-man.se\/sv\/sv\/#website\",\"url\":\"https:\/\/g-man.se\/sv\/sv\/\",\"name\":\"G-MAN Tools\",\"description\":\"The Swedish Saw Expert\",\"publisher\":{\"@id\":\"https:\/\/g-man.se\/sv\/sv\/#organization\"},\"potentialAction\":[{\"@type\":\"SearchAction\",\"target\":{\"@type\":\"EntryPoint\",\"urlTemplate\":\"https:\/\/g-man.se\/sv\/sv\/?s={search_term_string}\"},\"query-input\":{\"@type\":\"PropertyValueSpecification\",\"valueRequired\":true,\"valueName\":\"search_term_string\"}}],\"inLanguage\":\"sv-SE\"},{\"@type\":\"Organization\",\"@id\":\"https:\/\/g-man.se\/sv\/sv\/#organization\",\"name\":\"G-Man Tools\",\"url\":\"https:\/\/g-man.se\/sv\/sv\/\",\"logo\":{\"@type\":\"ImageObject\",\"inLanguage\":\"sv-SE\",\"@id\":\"https:\/\/g-man.se\/sv\/sv\/#\/schema\/logo\/image\/\",\"url\":\"https:\/\/g-man.se\/wp-content\/uploads\/g-man-logo.png\",\"contentUrl\":\"https:\/\/g-man.se\/wp-content\/uploads\/g-man-logo.png\",\"width\":1080,\"height\":373,\"caption\":\"G-Man Tools\"},\"image\":{\"@id\":\"https:\/\/g-man.se\/sv\/sv\/#\/schema\/logo\/image\/\"},\"sameAs\":[\"https:\/\/www.facebook.com\/GManToolsAB\/\",\"https:\/\/www.instagram.com\/gmantools\/\",\"https:\/\/se.linkedin.com\/company\/g-man-tools-ab\",\"https:\/\/www.youtube.com\/user\/GManTools\"]}]}<\/script>\n<!-- \/ Yoast SEO plugin. -->","yoast_head_json":{"title":"255H Hands\u00e5g Premium - Isoleringss\u00e5g - G-MAN Tools","robots":{"index":"index","follow":"follow","max-snippet":"max-snippet:-1","max-image-preview":"max-image-preview:large","max-video-preview":"max-video-preview:-1"},"canonical":"https:\/\/g-man.se\/sv\/produkter\/handsagar\/premium\/255h-handsag-premium-isoleringssag","og_locale":"sv_SE","og_type":"article","og_title":"255H Hands\u00e5g Premium - Isoleringss\u00e5g - G-MAN Tools","og_description":"F\u00f6r s\u00e5gning\/sk\u00e4rning av isoleringsmaterial, mineral ull m.m. V\u00e5gtandad egg. Tandspetsh\u00e4rdad","og_url":"https:\/\/g-man.se\/sv\/produkter\/handsagar\/premium\/255h-handsag-premium-isoleringssag","og_site_name":"G-MAN Tools","article_publisher":"https:\/\/www.facebook.com\/GManToolsAB\/","article_modified_time":"2024-03-20T17:38:10+00:00","og_image":[{"width":1179,"height":298,"url":"https:\/\/g-man.se\/wp-content\/uploads\/255H22WA_PREMIUM_INSULATION_550mm.jpg","type":"image\/jpeg"}],"twitter_card":"summary_large_image","schema":{"@context":"https:\/\/schema.org","@graph":[{"@type":"WebPage","@id":"https:\/\/g-man.se\/sv\/produkter\/handsagar\/premium\/255h-handsag-premium-isoleringssag","url":"https:\/\/g-man.se\/sv\/produkter\/handsagar\/premium\/255h-handsag-premium-isoleringssag","name":"255H Hands\u00e5g Premium - Isoleringss\u00e5g - G-MAN Tools","isPartOf":{"@id":"https:\/\/g-man.se\/sv\/sv\/#website"},"primaryImageOfPage":{"@id":"https:\/\/g-man.se\/sv\/produkter\/handsagar\/premium\/255h-handsag-premium-isoleringssag#primaryimage"},"image":{"@id":"https:\/\/g-man.se\/sv\/produkter\/handsagar\/premium\/255h-handsag-premium-isoleringssag#primaryimage"},"thumbnailUrl":"https:\/\/g-man.se\/wp-content\/uploads\/255H22WA_PREMIUM_INSULATION_550mm.jpg","datePublished":"2020-05-28T13:42:41+00:00","dateModified":"2024-03-20T17:38:10+00:00","breadcrumb":{"@id":"https:\/\/g-man.se\/sv\/produkter\/handsagar\/premium\/255h-handsag-premium-isoleringssag#breadcrumb"},"inLanguage":"sv-SE","potentialAction":[{"@type":"ReadAction","target":["https:\/\/g-man.se\/sv\/produkter\/handsagar\/premium\/255h-handsag-premium-isoleringssag"]}]},{"@type":"ImageObject","inLanguage":"sv-SE","@id":"https:\/\/g-man.se\/sv\/produkter\/handsagar\/premium\/255h-handsag-premium-isoleringssag#primaryimage","url":"https:\/\/g-man.se\/wp-content\/uploads\/255H22WA_PREMIUM_INSULATION_550mm.jpg","contentUrl":"https:\/\/g-man.se\/wp-content\/uploads\/255H22WA_PREMIUM_INSULATION_550mm.jpg","width":1179,"height":298},{"@type":"BreadcrumbList","@id":"https:\/\/g-man.se\/sv\/produkter\/handsagar\/premium\/255h-handsag-premium-isoleringssag#breadcrumb","itemListElement":[{"@type":"ListItem","position":1,"name":"Hem","item":"https:\/\/g-man.se\/sv"},{"@type":"ListItem","position":2,"name":"Products","item":"https:\/\/g-man.se\/sv\/shop"},{"@type":"ListItem","position":3,"name":"Hands\u00e5gar","item":"https:\/\/g-man.se\/sv\/produkt-kategori\/handsagar"},{"@type":"ListItem","position":4,"name":"Premium","item":"https:\/\/g-man.se\/sv\/produkt-kategori\/handsagar\/premium"},{"@type":"ListItem","position":5,"name":"255H Hands\u00e5g Premium &#8211; Isoleringss\u00e5g"}]},{"@type":"WebSite","@id":"https:\/\/g-man.se\/sv\/sv\/#website","url":"https:\/\/g-man.se\/sv\/sv\/","name":"G-MAN Tools","description":"The Swedish Saw Expert","publisher":{"@id":"https:\/\/g-man.se\/sv\/sv\/#organization"},"potentialAction":[{"@type":"SearchAction","target":{"@type":"EntryPoint","urlTemplate":"https:\/\/g-man.se\/sv\/sv\/?s={search_term_string}"},"query-input":{"@type":"PropertyValueSpecification","valueRequired":true,"valueName":"search_term_string"}}],"inLanguage":"sv-SE"},{"@type":"Organization","@id":"https:\/\/g-man.se\/sv\/sv\/#organization","name":"G-Man Tools","url":"https:\/\/g-man.se\/sv\/sv\/","logo":{"@type":"ImageObject","inLanguage":"sv-SE","@id":"https:\/\/g-man.se\/sv\/sv\/#\/schema\/logo\/image\/","url":"https:\/\/g-man.se\/wp-content\/uploads\/g-man-logo.png","contentUrl":"https:\/\/g-man.se\/wp-content\/uploads\/g-man-logo.png","width":1080,"height":373,"caption":"G-Man Tools"},"image":{"@id":"https:\/\/g-man.se\/sv\/sv\/#\/schema\/logo\/image\/"},"sameAs":["https:\/\/www.facebook.com\/GManToolsAB\/","https:\/\/www.instagram.com\/gmantools\/","https:\/\/se.linkedin.com\/company\/g-man-tools-ab","https:\/\/www.youtube.com\/user\/GManTools"]}]}},"_links":{"self":[{"href":"https:\/\/g-man.se\/sv\/wp-json\/wp\/v2\/product\/324","targetHints":{"allow":["GET"]}}],"collection":[{"href":"https:\/\/g-man.se\/sv\/wp-json\/wp\/v2\/product"}],"about":[{"href":"https:\/\/g-man.se\/sv\/wp-json\/wp\/v2\/types\/product"}],"replies":[{"embeddable":true,"href":"https:\/\/g-man.se\/sv\/wp-json\/wp\/v2\/comments?post=324"}],"wp:featuredmedia":[{"embeddable":true,"href":"https:\/\/g-man.se\/sv\/wp-json\/wp\/v2\/media\/2202"}],"wp:attachment":[{"href":"https:\/\/g-man.se\/sv\/wp-json\/wp\/v2\/media?parent=324"}],"wp:term":[{"taxonomy":"product_cat","embeddable":true,"href":"https:\/\/g-man.se\/sv\/wp-json\/wp\/v2\/product_cat?post=324"},{"taxonomy":"product_tag","embeddable":true,"href":"https:\/\/g-man.se\/sv\/wp-json\/wp\/v2\/product_tag?post=324"}],"curies":[{"name":"wp","href":"https:\/\/api.w.org\/{rel}","templated":true}]}}