{"id":3043,"date":"2025-06-25T17:44:41","date_gmt":"2025-06-25T15:44:41","guid":{"rendered":"https:\/\/g-man.se\/?post_type=product&#038;p=3043"},"modified":"2025-07-11T15:32:16","modified_gmt":"2025-07-11T13:32:16","slug":"144-klassisk-beskarningssag","status":"publish","type":"product","link":"https:\/\/g-man.se\/sv\/produkter\/kvistsagar\/kvistsagar-kvistsagar\/144-klassisk-beskarningssag","title":{"rendered":"144 Klassisk besk\u00e4rningss\u00e5g"},"content":{"rendered":"","protected":false},"excerpt":{"rendered":"<p>En traditionell s\u00e5g designad f\u00f6r besk\u00e4rning. Handtaget \u00e4r tillverkat av n\u00e4stan 100 % biobaserade material (tr\u00e4fibrer och biobaserad plast), och genom att anv\u00e4nda biokompositerna har vi minskat v\u00e5rt koldioxidavtryck med 65 %. Tr\u00e4fibrerna i biokompositmaterialet kommer fr\u00e5n certifierat, h\u00e5llbart skogsbruk och materialet \u00e4r designat f\u00f6r enkel \u00e5tervinning. Den fintandade tandningen ger en snabb avverkning och fint snitt. Perfekt f\u00f6r mindre grenar och lite torrare tr\u00e4.<\/p>\n<p><img loading=\"lazy\" decoding=\"async\" class=\"alignnone wp-image-3052\" src=\"https:\/\/g-man.se\/wp-content\/uploads\/icon_9tpi.png\" alt=\"\" width=\"80\" height=\"80\" srcset=\"https:\/\/g-man.se\/wp-content\/uploads\/icon_9tpi.png 150w, https:\/\/g-man.se\/wp-content\/uploads\/icon_9tpi-100x100.png 100w\" sizes=\"auto, (max-width: 80px) 100vw, 80px\" \/> \u00a0<img loading=\"lazy\" decoding=\"async\" class=\"alignnone size-full wp-image-683\" src=\"https:\/\/g-man.se\/wp-content\/uploads\/symbol-hardpoint.png\" alt=\"\" width=\"80\" height=\"80\" \/><\/p>\n","protected":false},"featured_media":3045,"comment_status":"closed","ping_status":"closed","template":"","meta":{"_acf_changed":false},"product_cat":[47],"product_tag":[],"class_list":["post-3043","product","type-product","status-publish","has-post-thumbnail","hentry","product_cat-kvistsagar-kvistsagar","entry","has-media"],"acf":[],"yoast_head":"<!-- This site is optimized with the Yoast SEO plugin v26.8 - https:\/\/yoast.com\/product\/yoast-seo-wordpress\/ -->\n<title>144 Klassisk besk\u00e4rningss\u00e5g - G-MAN Tools<\/title>\n<meta name=\"robots\" content=\"index, follow, max-snippet:-1, max-image-preview:large, max-video-preview:-1\" \/>\n<link rel=\"canonical\" href=\"https:\/\/g-man.se\/sv\/produkter\/kvistsagar\/kvistsagar-kvistsagar\/144-klassisk-beskarningssag\" \/>\n<meta property=\"og:locale\" content=\"sv_SE\" \/>\n<meta property=\"og:type\" content=\"article\" \/>\n<meta property=\"og:title\" content=\"144 Klassisk besk\u00e4rningss\u00e5g - G-MAN Tools\" \/>\n<meta property=\"og:description\" content=\"En traditionell s\u00e5g designad f\u00f6r besk\u00e4rning. Handtaget \u00e4r tillverkat av n\u00e4stan 100 % biobaserade material (tr\u00e4fibrer och biobaserad plast), och genom att anv\u00e4nda biokompositerna har vi minskat v\u00e5rt koldioxidavtryck med 65 %. Tr\u00e4fibrerna i biokompositmaterialet kommer fr\u00e5n certifierat, h\u00e5llbart skogsbruk och materialet \u00e4r designat f\u00f6r enkel \u00e5tervinning. Den fintandade tandningen ger en snabb avverkning och fint snitt. Perfekt f\u00f6r mindre grenar och lite torrare tr\u00e4.   \u00a0\" \/>\n<meta property=\"og:url\" content=\"https:\/\/g-man.se\/sv\/produkter\/kvistsagar\/kvistsagar-kvistsagar\/144-klassisk-beskarningssag\" \/>\n<meta property=\"og:site_name\" content=\"G-MAN Tools\" \/>\n<meta property=\"article:publisher\" content=\"https:\/\/www.facebook.com\/GManToolsAB\/\" \/>\n<meta property=\"article:modified_time\" content=\"2025-07-11T13:32:16+00:00\" \/>\n<meta property=\"og:image\" content=\"https:\/\/g-man.se\/wp-content\/uploads\/144H10_web.jpg\" \/>\n\t<meta property=\"og:image:width\" content=\"2560\" \/>\n\t<meta property=\"og:image:height\" content=\"794\" \/>\n\t<meta property=\"og:image:type\" content=\"image\/jpeg\" \/>\n<meta name=\"twitter:card\" content=\"summary_large_image\" \/>\n<script type=\"application\/ld+json\" class=\"yoast-schema-graph\">{\"@context\":\"https:\/\/schema.org\",\"@graph\":[{\"@type\":\"WebPage\",\"@id\":\"https:\/\/g-man.se\/sv\/produkter\/kvistsagar\/kvistsagar-kvistsagar\/144-klassisk-beskarningssag\",\"url\":\"https:\/\/g-man.se\/sv\/produkter\/kvistsagar\/kvistsagar-kvistsagar\/144-klassisk-beskarningssag\",\"name\":\"144 Klassisk besk\u00e4rningss\u00e5g - G-MAN Tools\",\"isPartOf\":{\"@id\":\"https:\/\/g-man.se\/sv\/sv\/#website\"},\"primaryImageOfPage\":{\"@id\":\"https:\/\/g-man.se\/sv\/produkter\/kvistsagar\/kvistsagar-kvistsagar\/144-klassisk-beskarningssag#primaryimage\"},\"image\":{\"@id\":\"https:\/\/g-man.se\/sv\/produkter\/kvistsagar\/kvistsagar-kvistsagar\/144-klassisk-beskarningssag#primaryimage\"},\"thumbnailUrl\":\"https:\/\/g-man.se\/wp-content\/uploads\/144H10_web.jpg\",\"datePublished\":\"2025-06-25T15:44:41+00:00\",\"dateModified\":\"2025-07-11T13:32:16+00:00\",\"breadcrumb\":{\"@id\":\"https:\/\/g-man.se\/sv\/produkter\/kvistsagar\/kvistsagar-kvistsagar\/144-klassisk-beskarningssag#breadcrumb\"},\"inLanguage\":\"sv-SE\",\"potentialAction\":[{\"@type\":\"ReadAction\",\"target\":[\"https:\/\/g-man.se\/sv\/produkter\/kvistsagar\/kvistsagar-kvistsagar\/144-klassisk-beskarningssag\"]}]},{\"@type\":\"ImageObject\",\"inLanguage\":\"sv-SE\",\"@id\":\"https:\/\/g-man.se\/sv\/produkter\/kvistsagar\/kvistsagar-kvistsagar\/144-klassisk-beskarningssag#primaryimage\",\"url\":\"https:\/\/g-man.se\/wp-content\/uploads\/144H10_web.jpg\",\"contentUrl\":\"https:\/\/g-man.se\/wp-content\/uploads\/144H10_web.jpg\",\"width\":2560,\"height\":794},{\"@type\":\"BreadcrumbList\",\"@id\":\"https:\/\/g-man.se\/sv\/produkter\/kvistsagar\/kvistsagar-kvistsagar\/144-klassisk-beskarningssag#breadcrumb\",\"itemListElement\":[{\"@type\":\"ListItem\",\"position\":1,\"name\":\"Hem\",\"item\":\"https:\/\/g-man.se\/sv\"},{\"@type\":\"ListItem\",\"position\":2,\"name\":\"Products\",\"item\":\"https:\/\/g-man.se\/sv\/shop\"},{\"@type\":\"ListItem\",\"position\":3,\"name\":\"Kvists\u00e5gar\",\"item\":\"https:\/\/g-man.se\/sv\/produkt-kategori\/kvistsagar\"},{\"@type\":\"ListItem\",\"position\":4,\"name\":\"Kvists\u00e5gar\",\"item\":\"https:\/\/g-man.se\/sv\/produkt-kategori\/kvistsagar\/kvistsagar-kvistsagar\"},{\"@type\":\"ListItem\",\"position\":5,\"name\":\"144 Klassisk besk\u00e4rningss\u00e5g\"}]},{\"@type\":\"WebSite\",\"@id\":\"https:\/\/g-man.se\/sv\/sv\/#website\",\"url\":\"https:\/\/g-man.se\/sv\/sv\/\",\"name\":\"G-MAN Tools\",\"description\":\"The Swedish Saw Expert\",\"publisher\":{\"@id\":\"https:\/\/g-man.se\/sv\/sv\/#organization\"},\"potentialAction\":[{\"@type\":\"SearchAction\",\"target\":{\"@type\":\"EntryPoint\",\"urlTemplate\":\"https:\/\/g-man.se\/sv\/sv\/?s={search_term_string}\"},\"query-input\":{\"@type\":\"PropertyValueSpecification\",\"valueRequired\":true,\"valueName\":\"search_term_string\"}}],\"inLanguage\":\"sv-SE\"},{\"@type\":\"Organization\",\"@id\":\"https:\/\/g-man.se\/sv\/sv\/#organization\",\"name\":\"G-Man Tools\",\"url\":\"https:\/\/g-man.se\/sv\/sv\/\",\"logo\":{\"@type\":\"ImageObject\",\"inLanguage\":\"sv-SE\",\"@id\":\"https:\/\/g-man.se\/sv\/sv\/#\/schema\/logo\/image\/\",\"url\":\"https:\/\/g-man.se\/wp-content\/uploads\/g-man-logo.png\",\"contentUrl\":\"https:\/\/g-man.se\/wp-content\/uploads\/g-man-logo.png\",\"width\":1080,\"height\":373,\"caption\":\"G-Man Tools\"},\"image\":{\"@id\":\"https:\/\/g-man.se\/sv\/sv\/#\/schema\/logo\/image\/\"},\"sameAs\":[\"https:\/\/www.facebook.com\/GManToolsAB\/\",\"https:\/\/www.instagram.com\/gmantools\/\",\"https:\/\/se.linkedin.com\/company\/g-man-tools-ab\",\"https:\/\/www.youtube.com\/user\/GManTools\"]}]}<\/script>\n<!-- \/ Yoast SEO plugin. -->","yoast_head_json":{"title":"144 Klassisk besk\u00e4rningss\u00e5g - G-MAN Tools","robots":{"index":"index","follow":"follow","max-snippet":"max-snippet:-1","max-image-preview":"max-image-preview:large","max-video-preview":"max-video-preview:-1"},"canonical":"https:\/\/g-man.se\/sv\/produkter\/kvistsagar\/kvistsagar-kvistsagar\/144-klassisk-beskarningssag","og_locale":"sv_SE","og_type":"article","og_title":"144 Klassisk besk\u00e4rningss\u00e5g - G-MAN Tools","og_description":"En traditionell s\u00e5g designad f\u00f6r besk\u00e4rning. Handtaget \u00e4r tillverkat av n\u00e4stan 100 % biobaserade material (tr\u00e4fibrer och biobaserad plast), och genom att anv\u00e4nda biokompositerna har vi minskat v\u00e5rt koldioxidavtryck med 65 %. Tr\u00e4fibrerna i biokompositmaterialet kommer fr\u00e5n certifierat, h\u00e5llbart skogsbruk och materialet \u00e4r designat f\u00f6r enkel \u00e5tervinning. Den fintandade tandningen ger en snabb avverkning och fint snitt. Perfekt f\u00f6r mindre grenar och lite torrare tr\u00e4.   \u00a0","og_url":"https:\/\/g-man.se\/sv\/produkter\/kvistsagar\/kvistsagar-kvistsagar\/144-klassisk-beskarningssag","og_site_name":"G-MAN Tools","article_publisher":"https:\/\/www.facebook.com\/GManToolsAB\/","article_modified_time":"2025-07-11T13:32:16+00:00","og_image":[{"width":2560,"height":794,"url":"https:\/\/g-man.se\/wp-content\/uploads\/144H10_web.jpg","type":"image\/jpeg"}],"twitter_card":"summary_large_image","schema":{"@context":"https:\/\/schema.org","@graph":[{"@type":"WebPage","@id":"https:\/\/g-man.se\/sv\/produkter\/kvistsagar\/kvistsagar-kvistsagar\/144-klassisk-beskarningssag","url":"https:\/\/g-man.se\/sv\/produkter\/kvistsagar\/kvistsagar-kvistsagar\/144-klassisk-beskarningssag","name":"144 Klassisk besk\u00e4rningss\u00e5g - G-MAN Tools","isPartOf":{"@id":"https:\/\/g-man.se\/sv\/sv\/#website"},"primaryImageOfPage":{"@id":"https:\/\/g-man.se\/sv\/produkter\/kvistsagar\/kvistsagar-kvistsagar\/144-klassisk-beskarningssag#primaryimage"},"image":{"@id":"https:\/\/g-man.se\/sv\/produkter\/kvistsagar\/kvistsagar-kvistsagar\/144-klassisk-beskarningssag#primaryimage"},"thumbnailUrl":"https:\/\/g-man.se\/wp-content\/uploads\/144H10_web.jpg","datePublished":"2025-06-25T15:44:41+00:00","dateModified":"2025-07-11T13:32:16+00:00","breadcrumb":{"@id":"https:\/\/g-man.se\/sv\/produkter\/kvistsagar\/kvistsagar-kvistsagar\/144-klassisk-beskarningssag#breadcrumb"},"inLanguage":"sv-SE","potentialAction":[{"@type":"ReadAction","target":["https:\/\/g-man.se\/sv\/produkter\/kvistsagar\/kvistsagar-kvistsagar\/144-klassisk-beskarningssag"]}]},{"@type":"ImageObject","inLanguage":"sv-SE","@id":"https:\/\/g-man.se\/sv\/produkter\/kvistsagar\/kvistsagar-kvistsagar\/144-klassisk-beskarningssag#primaryimage","url":"https:\/\/g-man.se\/wp-content\/uploads\/144H10_web.jpg","contentUrl":"https:\/\/g-man.se\/wp-content\/uploads\/144H10_web.jpg","width":2560,"height":794},{"@type":"BreadcrumbList","@id":"https:\/\/g-man.se\/sv\/produkter\/kvistsagar\/kvistsagar-kvistsagar\/144-klassisk-beskarningssag#breadcrumb","itemListElement":[{"@type":"ListItem","position":1,"name":"Hem","item":"https:\/\/g-man.se\/sv"},{"@type":"ListItem","position":2,"name":"Products","item":"https:\/\/g-man.se\/sv\/shop"},{"@type":"ListItem","position":3,"name":"Kvists\u00e5gar","item":"https:\/\/g-man.se\/sv\/produkt-kategori\/kvistsagar"},{"@type":"ListItem","position":4,"name":"Kvists\u00e5gar","item":"https:\/\/g-man.se\/sv\/produkt-kategori\/kvistsagar\/kvistsagar-kvistsagar"},{"@type":"ListItem","position":5,"name":"144 Klassisk besk\u00e4rningss\u00e5g"}]},{"@type":"WebSite","@id":"https:\/\/g-man.se\/sv\/sv\/#website","url":"https:\/\/g-man.se\/sv\/sv\/","name":"G-MAN Tools","description":"The Swedish Saw Expert","publisher":{"@id":"https:\/\/g-man.se\/sv\/sv\/#organization"},"potentialAction":[{"@type":"SearchAction","target":{"@type":"EntryPoint","urlTemplate":"https:\/\/g-man.se\/sv\/sv\/?s={search_term_string}"},"query-input":{"@type":"PropertyValueSpecification","valueRequired":true,"valueName":"search_term_string"}}],"inLanguage":"sv-SE"},{"@type":"Organization","@id":"https:\/\/g-man.se\/sv\/sv\/#organization","name":"G-Man Tools","url":"https:\/\/g-man.se\/sv\/sv\/","logo":{"@type":"ImageObject","inLanguage":"sv-SE","@id":"https:\/\/g-man.se\/sv\/sv\/#\/schema\/logo\/image\/","url":"https:\/\/g-man.se\/wp-content\/uploads\/g-man-logo.png","contentUrl":"https:\/\/g-man.se\/wp-content\/uploads\/g-man-logo.png","width":1080,"height":373,"caption":"G-Man Tools"},"image":{"@id":"https:\/\/g-man.se\/sv\/sv\/#\/schema\/logo\/image\/"},"sameAs":["https:\/\/www.facebook.com\/GManToolsAB\/","https:\/\/www.instagram.com\/gmantools\/","https:\/\/se.linkedin.com\/company\/g-man-tools-ab","https:\/\/www.youtube.com\/user\/GManTools"]}]}},"_links":{"self":[{"href":"https:\/\/g-man.se\/sv\/wp-json\/wp\/v2\/product\/3043","targetHints":{"allow":["GET"]}}],"collection":[{"href":"https:\/\/g-man.se\/sv\/wp-json\/wp\/v2\/product"}],"about":[{"href":"https:\/\/g-man.se\/sv\/wp-json\/wp\/v2\/types\/product"}],"replies":[{"embeddable":true,"href":"https:\/\/g-man.se\/sv\/wp-json\/wp\/v2\/comments?post=3043"}],"wp:featuredmedia":[{"embeddable":true,"href":"https:\/\/g-man.se\/sv\/wp-json\/wp\/v2\/media\/3045"}],"wp:attachment":[{"href":"https:\/\/g-man.se\/sv\/wp-json\/wp\/v2\/media?parent=3043"}],"wp:term":[{"taxonomy":"product_cat","embeddable":true,"href":"https:\/\/g-man.se\/sv\/wp-json\/wp\/v2\/product_cat?post=3043"},{"taxonomy":"product_tag","embeddable":true,"href":"https:\/\/g-man.se\/sv\/wp-json\/wp\/v2\/product_tag?post=3043"}],"curies":[{"name":"wp","href":"https:\/\/api.w.org\/{rel}","templated":true}]}}