{"id":2897,"date":"2025-02-11T10:48:34","date_gmt":"2025-02-11T09:48:34","guid":{"rendered":"https:\/\/g-man.se\/?post_type=product&#038;p=2897"},"modified":"2025-06-25T18:49:54","modified_gmt":"2025-06-25T16:49:54","slug":"239-hopfallbar-kvistsag","status":"publish","type":"product","link":"https:\/\/g-man.se\/sv\/produkter\/kvistsagar\/kvistsagar-kvistsagar\/239-hopfallbar-kvistsag","title":{"rendered":"239 Hopf\u00e4llbar kvists\u00e5g"},"content":{"rendered":"","protected":false},"excerpt":{"rendered":"<p>Kompakt och ihopf\u00e4llbar s\u00e5g designad f\u00f6r frekvent och m\u00e5ngsidig anv\u00e4ndning, perfekt f\u00f6r besk\u00e4rning och tr\u00e4dg\u00e5rdsarbete. Ergonomiskt handtag med metallk\u00e4rna f\u00f6r stabilitet och komfort. S\u00e5gbladet l\u00e5ser i b\u00e5de inf\u00e4llt och utf\u00e4llt l\u00e4ge f\u00f6r s\u00e4ker hantering. 9 TPI tandning f\u00f6r fins\u00e5gning i torrt virke, konisk slipning f\u00f6r minskad friktion och j\u00e4mn snittyta. Finns i tv\u00e5 l\u00e4ngder.<\/p>\n<p><img loading=\"lazy\" decoding=\"async\" class=\"alignnone wp-image-2891 \" style=\"margin-top: 20px;\" src=\"https:\/\/g-man.se\/wp-content\/uploads\/9tpi.png\" alt=\"\" width=\"77\" height=\"77\" \/> <img loading=\"lazy\" decoding=\"async\" class=\"alignnone wp-image-2903 size-full\" src=\"https:\/\/g-man.se\/wp-content\/uploads\/H7-75mm.png\" alt=\"\" width=\"80\" height=\"100\" \/> <img loading=\"lazy\" decoding=\"async\" class=\"alignnone wp-image-2905 size-full\" src=\"https:\/\/g-man.se\/wp-content\/uploads\/H10-150mm.png\" alt=\"\" width=\"80\" height=\"100\" \/> <img loading=\"lazy\" decoding=\"async\" class=\"alignnone size-full wp-image-683\" style=\"margin-top: 20px;\" src=\"https:\/\/g-man.se\/wp-content\/uploads\/symbol-hardpoint.png\" alt=\"\" width=\"80\" height=\"80\" \/> <img loading=\"lazy\" decoding=\"async\" class=\"alignnone size-full wp-image-682\" style=\"margin-top: 20px;\" src=\"https:\/\/g-man.se\/wp-content\/uploads\/symbol-concave-blade.png\" alt=\"\" width=\"80\" height=\"80\" \/><\/p>\n<p>&nbsp;<\/p>\n","protected":false},"featured_media":2909,"comment_status":"closed","ping_status":"closed","template":"","meta":{"_acf_changed":false},"product_cat":[47],"product_tag":[],"class_list":["post-2897","product","type-product","status-publish","has-post-thumbnail","hentry","product_cat-kvistsagar-kvistsagar","entry","has-media"],"acf":[],"yoast_head":"<!-- This site is optimized with the Yoast SEO plugin v26.8 - https:\/\/yoast.com\/product\/yoast-seo-wordpress\/ -->\n<title>239 Hopf\u00e4llbar kvists\u00e5g - G-MAN Tools<\/title>\n<meta name=\"robots\" content=\"index, follow, max-snippet:-1, max-image-preview:large, max-video-preview:-1\" \/>\n<link rel=\"canonical\" href=\"https:\/\/g-man.se\/sv\/produkter\/kvistsagar\/kvistsagar-kvistsagar\/239-hopfallbar-kvistsag\" \/>\n<meta property=\"og:locale\" content=\"sv_SE\" \/>\n<meta property=\"og:type\" content=\"article\" \/>\n<meta property=\"og:title\" content=\"239 Hopf\u00e4llbar kvists\u00e5g - G-MAN Tools\" \/>\n<meta property=\"og:description\" content=\"Kompakt och ihopf\u00e4llbar s\u00e5g designad f\u00f6r frekvent och m\u00e5ngsidig anv\u00e4ndning, perfekt f\u00f6r besk\u00e4rning och tr\u00e4dg\u00e5rdsarbete. Ergonomiskt handtag med metallk\u00e4rna f\u00f6r stabilitet och komfort. S\u00e5gbladet l\u00e5ser i b\u00e5de inf\u00e4llt och utf\u00e4llt l\u00e4ge f\u00f6r s\u00e4ker hantering. 9 TPI tandning f\u00f6r fins\u00e5gning i torrt virke, konisk slipning f\u00f6r minskad friktion och j\u00e4mn snittyta. Finns i tv\u00e5 l\u00e4ngder.      &nbsp;\" \/>\n<meta property=\"og:url\" content=\"https:\/\/g-man.se\/sv\/produkter\/kvistsagar\/kvistsagar-kvistsagar\/239-hopfallbar-kvistsag\" \/>\n<meta property=\"og:site_name\" content=\"G-MAN Tools\" \/>\n<meta property=\"article:publisher\" content=\"https:\/\/www.facebook.com\/GManToolsAB\/\" \/>\n<meta property=\"article:modified_time\" content=\"2025-06-25T16:49:54+00:00\" \/>\n<meta property=\"og:image\" content=\"https:\/\/g-man.se\/wp-content\/uploads\/239H7_239H10.jpg\" \/>\n\t<meta property=\"og:image:width\" content=\"2560\" \/>\n\t<meta property=\"og:image:height\" content=\"809\" \/>\n\t<meta property=\"og:image:type\" content=\"image\/jpeg\" \/>\n<meta name=\"twitter:card\" content=\"summary_large_image\" \/>\n<script type=\"application\/ld+json\" class=\"yoast-schema-graph\">{\"@context\":\"https:\/\/schema.org\",\"@graph\":[{\"@type\":\"WebPage\",\"@id\":\"https:\/\/g-man.se\/sv\/produkter\/kvistsagar\/kvistsagar-kvistsagar\/239-hopfallbar-kvistsag\",\"url\":\"https:\/\/g-man.se\/sv\/produkter\/kvistsagar\/kvistsagar-kvistsagar\/239-hopfallbar-kvistsag\",\"name\":\"239 Hopf\u00e4llbar kvists\u00e5g - G-MAN Tools\",\"isPartOf\":{\"@id\":\"https:\/\/g-man.se\/sv\/sv\/#website\"},\"primaryImageOfPage\":{\"@id\":\"https:\/\/g-man.se\/sv\/produkter\/kvistsagar\/kvistsagar-kvistsagar\/239-hopfallbar-kvistsag#primaryimage\"},\"image\":{\"@id\":\"https:\/\/g-man.se\/sv\/produkter\/kvistsagar\/kvistsagar-kvistsagar\/239-hopfallbar-kvistsag#primaryimage\"},\"thumbnailUrl\":\"https:\/\/g-man.se\/wp-content\/uploads\/239H7_239H10.jpg\",\"datePublished\":\"2025-02-11T09:48:34+00:00\",\"dateModified\":\"2025-06-25T16:49:54+00:00\",\"breadcrumb\":{\"@id\":\"https:\/\/g-man.se\/sv\/produkter\/kvistsagar\/kvistsagar-kvistsagar\/239-hopfallbar-kvistsag#breadcrumb\"},\"inLanguage\":\"sv-SE\",\"potentialAction\":[{\"@type\":\"ReadAction\",\"target\":[\"https:\/\/g-man.se\/sv\/produkter\/kvistsagar\/kvistsagar-kvistsagar\/239-hopfallbar-kvistsag\"]}]},{\"@type\":\"ImageObject\",\"inLanguage\":\"sv-SE\",\"@id\":\"https:\/\/g-man.se\/sv\/produkter\/kvistsagar\/kvistsagar-kvistsagar\/239-hopfallbar-kvistsag#primaryimage\",\"url\":\"https:\/\/g-man.se\/wp-content\/uploads\/239H7_239H10.jpg\",\"contentUrl\":\"https:\/\/g-man.se\/wp-content\/uploads\/239H7_239H10.jpg\",\"width\":2560,\"height\":809},{\"@type\":\"BreadcrumbList\",\"@id\":\"https:\/\/g-man.se\/sv\/produkter\/kvistsagar\/kvistsagar-kvistsagar\/239-hopfallbar-kvistsag#breadcrumb\",\"itemListElement\":[{\"@type\":\"ListItem\",\"position\":1,\"name\":\"Hem\",\"item\":\"https:\/\/g-man.se\/sv\"},{\"@type\":\"ListItem\",\"position\":2,\"name\":\"Products\",\"item\":\"https:\/\/g-man.se\/sv\/shop\"},{\"@type\":\"ListItem\",\"position\":3,\"name\":\"Kvists\u00e5gar\",\"item\":\"https:\/\/g-man.se\/sv\/produkt-kategori\/kvistsagar\"},{\"@type\":\"ListItem\",\"position\":4,\"name\":\"Kvists\u00e5gar\",\"item\":\"https:\/\/g-man.se\/sv\/produkt-kategori\/kvistsagar\/kvistsagar-kvistsagar\"},{\"@type\":\"ListItem\",\"position\":5,\"name\":\"239 Hopf\u00e4llbar kvists\u00e5g\"}]},{\"@type\":\"WebSite\",\"@id\":\"https:\/\/g-man.se\/sv\/sv\/#website\",\"url\":\"https:\/\/g-man.se\/sv\/sv\/\",\"name\":\"G-MAN Tools\",\"description\":\"The Swedish Saw Expert\",\"publisher\":{\"@id\":\"https:\/\/g-man.se\/sv\/sv\/#organization\"},\"potentialAction\":[{\"@type\":\"SearchAction\",\"target\":{\"@type\":\"EntryPoint\",\"urlTemplate\":\"https:\/\/g-man.se\/sv\/sv\/?s={search_term_string}\"},\"query-input\":{\"@type\":\"PropertyValueSpecification\",\"valueRequired\":true,\"valueName\":\"search_term_string\"}}],\"inLanguage\":\"sv-SE\"},{\"@type\":\"Organization\",\"@id\":\"https:\/\/g-man.se\/sv\/sv\/#organization\",\"name\":\"G-Man Tools\",\"url\":\"https:\/\/g-man.se\/sv\/sv\/\",\"logo\":{\"@type\":\"ImageObject\",\"inLanguage\":\"sv-SE\",\"@id\":\"https:\/\/g-man.se\/sv\/sv\/#\/schema\/logo\/image\/\",\"url\":\"https:\/\/g-man.se\/wp-content\/uploads\/g-man-logo.png\",\"contentUrl\":\"https:\/\/g-man.se\/wp-content\/uploads\/g-man-logo.png\",\"width\":1080,\"height\":373,\"caption\":\"G-Man Tools\"},\"image\":{\"@id\":\"https:\/\/g-man.se\/sv\/sv\/#\/schema\/logo\/image\/\"},\"sameAs\":[\"https:\/\/www.facebook.com\/GManToolsAB\/\",\"https:\/\/www.instagram.com\/gmantools\/\",\"https:\/\/se.linkedin.com\/company\/g-man-tools-ab\",\"https:\/\/www.youtube.com\/user\/GManTools\"]}]}<\/script>\n<!-- \/ Yoast SEO plugin. -->","yoast_head_json":{"title":"239 Hopf\u00e4llbar kvists\u00e5g - G-MAN Tools","robots":{"index":"index","follow":"follow","max-snippet":"max-snippet:-1","max-image-preview":"max-image-preview:large","max-video-preview":"max-video-preview:-1"},"canonical":"https:\/\/g-man.se\/sv\/produkter\/kvistsagar\/kvistsagar-kvistsagar\/239-hopfallbar-kvistsag","og_locale":"sv_SE","og_type":"article","og_title":"239 Hopf\u00e4llbar kvists\u00e5g - G-MAN Tools","og_description":"Kompakt och ihopf\u00e4llbar s\u00e5g designad f\u00f6r frekvent och m\u00e5ngsidig anv\u00e4ndning, perfekt f\u00f6r besk\u00e4rning och tr\u00e4dg\u00e5rdsarbete. Ergonomiskt handtag med metallk\u00e4rna f\u00f6r stabilitet och komfort. S\u00e5gbladet l\u00e5ser i b\u00e5de inf\u00e4llt och utf\u00e4llt l\u00e4ge f\u00f6r s\u00e4ker hantering. 9 TPI tandning f\u00f6r fins\u00e5gning i torrt virke, konisk slipning f\u00f6r minskad friktion och j\u00e4mn snittyta. Finns i tv\u00e5 l\u00e4ngder.      &nbsp;","og_url":"https:\/\/g-man.se\/sv\/produkter\/kvistsagar\/kvistsagar-kvistsagar\/239-hopfallbar-kvistsag","og_site_name":"G-MAN Tools","article_publisher":"https:\/\/www.facebook.com\/GManToolsAB\/","article_modified_time":"2025-06-25T16:49:54+00:00","og_image":[{"width":2560,"height":809,"url":"https:\/\/g-man.se\/wp-content\/uploads\/239H7_239H10.jpg","type":"image\/jpeg"}],"twitter_card":"summary_large_image","schema":{"@context":"https:\/\/schema.org","@graph":[{"@type":"WebPage","@id":"https:\/\/g-man.se\/sv\/produkter\/kvistsagar\/kvistsagar-kvistsagar\/239-hopfallbar-kvistsag","url":"https:\/\/g-man.se\/sv\/produkter\/kvistsagar\/kvistsagar-kvistsagar\/239-hopfallbar-kvistsag","name":"239 Hopf\u00e4llbar kvists\u00e5g - G-MAN Tools","isPartOf":{"@id":"https:\/\/g-man.se\/sv\/sv\/#website"},"primaryImageOfPage":{"@id":"https:\/\/g-man.se\/sv\/produkter\/kvistsagar\/kvistsagar-kvistsagar\/239-hopfallbar-kvistsag#primaryimage"},"image":{"@id":"https:\/\/g-man.se\/sv\/produkter\/kvistsagar\/kvistsagar-kvistsagar\/239-hopfallbar-kvistsag#primaryimage"},"thumbnailUrl":"https:\/\/g-man.se\/wp-content\/uploads\/239H7_239H10.jpg","datePublished":"2025-02-11T09:48:34+00:00","dateModified":"2025-06-25T16:49:54+00:00","breadcrumb":{"@id":"https:\/\/g-man.se\/sv\/produkter\/kvistsagar\/kvistsagar-kvistsagar\/239-hopfallbar-kvistsag#breadcrumb"},"inLanguage":"sv-SE","potentialAction":[{"@type":"ReadAction","target":["https:\/\/g-man.se\/sv\/produkter\/kvistsagar\/kvistsagar-kvistsagar\/239-hopfallbar-kvistsag"]}]},{"@type":"ImageObject","inLanguage":"sv-SE","@id":"https:\/\/g-man.se\/sv\/produkter\/kvistsagar\/kvistsagar-kvistsagar\/239-hopfallbar-kvistsag#primaryimage","url":"https:\/\/g-man.se\/wp-content\/uploads\/239H7_239H10.jpg","contentUrl":"https:\/\/g-man.se\/wp-content\/uploads\/239H7_239H10.jpg","width":2560,"height":809},{"@type":"BreadcrumbList","@id":"https:\/\/g-man.se\/sv\/produkter\/kvistsagar\/kvistsagar-kvistsagar\/239-hopfallbar-kvistsag#breadcrumb","itemListElement":[{"@type":"ListItem","position":1,"name":"Hem","item":"https:\/\/g-man.se\/sv"},{"@type":"ListItem","position":2,"name":"Products","item":"https:\/\/g-man.se\/sv\/shop"},{"@type":"ListItem","position":3,"name":"Kvists\u00e5gar","item":"https:\/\/g-man.se\/sv\/produkt-kategori\/kvistsagar"},{"@type":"ListItem","position":4,"name":"Kvists\u00e5gar","item":"https:\/\/g-man.se\/sv\/produkt-kategori\/kvistsagar\/kvistsagar-kvistsagar"},{"@type":"ListItem","position":5,"name":"239 Hopf\u00e4llbar kvists\u00e5g"}]},{"@type":"WebSite","@id":"https:\/\/g-man.se\/sv\/sv\/#website","url":"https:\/\/g-man.se\/sv\/sv\/","name":"G-MAN Tools","description":"The Swedish Saw Expert","publisher":{"@id":"https:\/\/g-man.se\/sv\/sv\/#organization"},"potentialAction":[{"@type":"SearchAction","target":{"@type":"EntryPoint","urlTemplate":"https:\/\/g-man.se\/sv\/sv\/?s={search_term_string}"},"query-input":{"@type":"PropertyValueSpecification","valueRequired":true,"valueName":"search_term_string"}}],"inLanguage":"sv-SE"},{"@type":"Organization","@id":"https:\/\/g-man.se\/sv\/sv\/#organization","name":"G-Man Tools","url":"https:\/\/g-man.se\/sv\/sv\/","logo":{"@type":"ImageObject","inLanguage":"sv-SE","@id":"https:\/\/g-man.se\/sv\/sv\/#\/schema\/logo\/image\/","url":"https:\/\/g-man.se\/wp-content\/uploads\/g-man-logo.png","contentUrl":"https:\/\/g-man.se\/wp-content\/uploads\/g-man-logo.png","width":1080,"height":373,"caption":"G-Man Tools"},"image":{"@id":"https:\/\/g-man.se\/sv\/sv\/#\/schema\/logo\/image\/"},"sameAs":["https:\/\/www.facebook.com\/GManToolsAB\/","https:\/\/www.instagram.com\/gmantools\/","https:\/\/se.linkedin.com\/company\/g-man-tools-ab","https:\/\/www.youtube.com\/user\/GManTools"]}]}},"_links":{"self":[{"href":"https:\/\/g-man.se\/sv\/wp-json\/wp\/v2\/product\/2897","targetHints":{"allow":["GET"]}}],"collection":[{"href":"https:\/\/g-man.se\/sv\/wp-json\/wp\/v2\/product"}],"about":[{"href":"https:\/\/g-man.se\/sv\/wp-json\/wp\/v2\/types\/product"}],"replies":[{"embeddable":true,"href":"https:\/\/g-man.se\/sv\/wp-json\/wp\/v2\/comments?post=2897"}],"wp:featuredmedia":[{"embeddable":true,"href":"https:\/\/g-man.se\/sv\/wp-json\/wp\/v2\/media\/2909"}],"wp:attachment":[{"href":"https:\/\/g-man.se\/sv\/wp-json\/wp\/v2\/media?parent=2897"}],"wp:term":[{"taxonomy":"product_cat","embeddable":true,"href":"https:\/\/g-man.se\/sv\/wp-json\/wp\/v2\/product_cat?post=2897"},{"taxonomy":"product_tag","embeddable":true,"href":"https:\/\/g-man.se\/sv\/wp-json\/wp\/v2\/product_tag?post=2897"}],"curies":[{"name":"wp","href":"https:\/\/api.w.org\/{rel}","templated":true}]}}