{"id":77,"date":"2020-05-25T16:07:47","date_gmt":"2020-05-25T14:07:47","guid":{"rendered":"https:\/\/g-man.se\/?page_id=77"},"modified":"2020-05-29T11:34:34","modified_gmt":"2020-05-29T09:34:34","slug":"historik","status":"publish","type":"page","link":"https:\/\/g-man.se\/sv\/om-g-man\/historik","title":{"rendered":"Historik"},"content":{"rendered":"[vc_row max_width=&#8221;80&#8243;][vc_column][vc_column_text]\n<h1>Historik\u200b\u200b\u200b\u200b\u200b\u200b\u200b<\/h1>\n<h4><strong>S\u00e5gen blir till.<\/strong> Redan f\u00f6r 60 000 \u00e5r sedan finner man sp\u00e5r av en f\u00f6rfader till dagens m\u00e4nniskoart som hade redskap av tr\u00e4, ben, horn och sten. Dessa f\u00f6rf\u00e4der kallas f\u00f6r Cro-Magnon och vad man vet om dem \u00e4r att de hade en utvecklad teknik i tillhuggning av flinta redskap. Hos Cro-Magnon m\u00e4nniskorna m\u00f6ter man de f\u00f6rsta sp\u00e5ren av s\u00e5gen som redskap. Man har funnit smyckade flinta knivar med s\u00e5gtandade klingor, som kan tyda p\u00e5 att Cro-Magnon m\u00e4nniskan uppfunnit s\u00e5gt\u00e4ndernas verkan p\u00e5 tr\u00e4, ben och andra h\u00e5rda material.<\/h4>\n[\/vc_column_text][\/vc_column][\/vc_row][vc_row][vc_column][vc_single_image image=&#8221;478&#8243;][\/vc_column][\/vc_row][vc_row max_width=&#8221;80&#8243;][vc_column][vc_column_text]\n<div id=\"blockitem_186\" class=\"blockitem block_text\">\n<div class=\"block_body block_radius \">\n<div id=\"block_padding_186\" class=\"block_padding block_radius\">\n<div id=\"block_content_186\" class=\"block_content block_radius \">\n<div class=\"block_font_style\">\n<div>\n<h2>Egypterna och romarna<\/h2>\n<p>De f\u00f6rsta s\u00e5garna med metallklinga hittades i Egypten. S\u00e5gar som \u00e4r tillverkade i koppar \u00e4r daterade till \u00f6ver 6000 \u00e5r gamla. I takt med utvecklingen av olika metaller utvecklade egypterna bronss\u00e5gen omkring 1.500 \u00e5r f.Kr. Denna s\u00e5g var betydligt h\u00e5rdare \u00e4n koppars\u00e5gen, men t\u00e4ndernas form var fortfarande tillf\u00e4llig och oregelbunden. Efterhand fick t\u00e4nderna dock en mer V-liknande form och klingan f\u00f6rs\u00e5gs med tr\u00e4handtag. Sj\u00e4lva konstruktionen b\u00f6rjar likna dagens hands\u00e5gar i allt v\u00e4sentligare grad. \u00c4ven om bronss\u00e5gen var ett tekniskt framsteg f\u00f6r de gamla egypterna, hade de problem med att s\u00e5gen hela tiden kilades fast i s\u00e5gsp\u00e5ret. S\u00e5gen kilades fast f\u00f6r egypterna, dels f\u00f6r att s\u00e5g sp\u00e5net inte kunde komma ut ur s\u00e5gsp\u00e5ret och dels p\u00e5 grund av klingans skrovliga yta. F\u00f6r att motverka dessa besv\u00e4rligheter utvidgade de s\u00e5gsp\u00e5ret med kilar och sm\u00f6rjde med olja.<\/p>\n<p>Under loppet av Romarrikets glansperiod ca 100 \u00e5r f\u00f6re till 350 \u00e5r efter Kristi f\u00f6delse, skedde det m\u00e5nga tekniska framsteg. Vi kan bland annat tacka dem f\u00f6r l\u00f6sningen av problemet som hade pl\u00e5gat egyptiska hantverkare, n\u00e4mligen s\u00e5gens f\u00f6rm\u00e5ga att kila fast sig i s\u00e5gsp\u00e5ret. Romarna kom underfund med att om man vinklade varannan tand till v\u00e4nster och varannan tand till h\u00f6ger blev s\u00e5gsp\u00e5ret bredare \u00e4n s\u00e5gklingan och det blev plats f\u00f6r s\u00e5gsp\u00e5net att komma ut ur s\u00e5gsp\u00e5ret, samtidigt som friktionen minskade betydligt. Skr\u00e4nkningen var uppfunnen. Romarna utvecklade ocks\u00e5 b\u00e5gs\u00e5gen. F\u00f6r att konstruera b\u00e5garna sp\u00e4nde man bl\u00f6ta tr\u00e4db\u00e5gar h\u00e5rt f\u00f6r att f\u00f6rhindra dem att bli skeva och sneda. I m\u00e5ngt och mycket var det romarna som utvecklade hands\u00e5gen och de s\u00e5gtyper som vi i huvudsak anv\u00e4nder oss av \u00e4n idag.<\/p><\/div>\n<\/div>\n<\/div>\n<\/div>\n<\/div>\n<\/div>\n<div id=\"blockitem_125\" class=\"blockitem block_text\">\n<div class=\"block_body block_radius \">\n<div id=\"block_background_125\" class=\"block_background block_radius\"><\/div>\n<div id=\"block_padding_125\" class=\"block_padding block_radius\">\n<div id=\"block_content_125\" class=\"block_content block_radius \">\n<div class=\"block_font_style\">\n<div>\n<h2>Skandinavisk verktygstillverkning<\/h2>\n<p>Utvecklingen av s\u00e5gar stod sedan i stor sett stilla fram till 1900-talet. De framsteg som gjordes p\u00e5 detta omr\u00e5de var framf\u00f6rallt f\u00f6rb\u00e4ttringar av materialet. Utveckling av j\u00e4rnhantering bidrog naturligtvis till att redskap och verktyg f\u00f6rfinades. S\u00e5ledes har man i Sverige funnit en komplett industrianl\u00e4ggning f\u00f6r framst\u00e4llning av j\u00e4rn och j\u00e4rnredskap. Denna anl\u00e4ggning som anv\u00e4ndes fr\u00e5n slutet av 1100-talet och fram till mitten av 1300-talet \u00e4r den \u00e4ldsta anl\u00e4ggningen utanf\u00f6r Kina. Det \u00e4r sannolikt att masugnens ursprung i V\u00e4steuropa st\u00e5r att s\u00f6ka i Sverige. Den har sedan kommit att spridas \u00f6ver hela Europa och v\u00e4rlden.<\/p>\n<p>Under perioden fr\u00e5n 800-1000 g\u00f6r de nordiska vikingafolket en dramatisk entr\u00e9 i Europa. Vikingarna kom fr\u00e5n det som nu \u00e4r Skandinavien. De var sj\u00e4lvhush\u00e5llande lantbrukare och boskapsuppf\u00f6dare d\u00e4r jakt, fiske, och tillverkning av j\u00e4rn och j\u00e4rnredskap var ett komplement till jordbruket. J\u00e4rn och j\u00e4rnredskap var viktiga exportvaror och bidrog till en \u00f6kad tillv\u00e4xt under vikingatiden. Vikingarna som blivit mest k\u00e4nda f\u00f6r sina h\u00e4rjningst\u00e5g, var emellertid ocks\u00e5 mycket goda hantverkare och m\u00e5nga saker som har hittats fr\u00e5n den h\u00e4r perioden har visat tecken p\u00e5 avancerade kunskaper i smide och tr\u00e4bearbetning. I M\u00e4stermyr p\u00e5 Gotland p\u00e5tr\u00e4ffades 1936 Europas st\u00f6rsta samlade verktygsfynd. Verktygskistan \u00e4r daterad till omkring \u00e5r 1000. Den inneh\u00f6ll \u00f6ver 200 olika avancerade verktyg i olika storlekar. Verktygsl\u00e5dan inneh\u00f6ll bl a en fogsvans med tr\u00e4 handtag, s\u00e5gblad, yxor, filar, borrar, st\u00e4mj\u00e4rn, knivar, och hammare m.m. Verktygens former \u00e4r resultat av \u00e5rhundradens erfarenhet. Troligen l\u00e5ngt f\u00f6re vikingatiden har de n\u00e5tt full\u00e4ndning. De kunde inte g\u00f6ras b\u00e4ttre eller \u00e4ndam\u00e5lsenligare fram till maskin \u00e5lderns tid.<\/p><\/div>\n<\/div>\n<\/div>\n<\/div>\n<\/div>\n<\/div>\n<div id=\"blockitem_124\" class=\"blockitem block_text\">\n<div class=\"block_body block_radius \">\n<div id=\"block_background_124\" class=\"block_background block_radius\"><\/div>\n<div id=\"block_padding_124\" class=\"block_padding block_radius\">\n<div id=\"block_content_124\" class=\"block_content block_radius \">\n<div class=\"block_font_style\">\n<div>\n<h2>S\u00e5gtillverkare i Norden<\/h2>\n<p>S\u00e5gens historia har nu f\u00f6rt oss fram till mitten av 1900-talet, d\u00e5 ett antal tillverkare etablerat sig fr\u00e4mst i Sverige, men \u00e4ven i Norge och Danmark. Ledande i v\u00e5r del av v\u00e4rlden under hela 1900-talet kom att bli Sandvikens Jernverk, som redan i slutet av 1800-talet b\u00f6rjat vidaref\u00f6r\u00e4dla sitt bandst\u00e5l till olika s\u00e5gar och s\u00e5gblad f\u00f6r tr\u00e4. Sandvikens st\u00e5l blev snabbt v\u00e4rldsber\u00f6mt och s\u00e5ldes snart \u00f6ver stora delar av v\u00e4rlden. I k\u00f6lvattnet f\u00f6ljde de manufakturerade produkterna, bland annat s\u00e5gar, och idag f\u00f6rknippas namnet Sandvik hos gemene man, framf\u00f6rallt med s\u00e5gar och andra verktyg. Varum\u00e4rket med den lilla fisken och kroken blev en symbol f\u00f6r verktyg av h\u00f6gsta kvalitet i hela v\u00e4rlden.<\/p>\n<p>Under andra h\u00e4lften av 1900-talet breddades verktygssortimentet v\u00e4sentligt genom f\u00f6rv\u00e4rv av andra mindre b\u00e5de svenska och utl\u00e4nska tillverkare. S\u00e5ledes kom filar, skiftnycklar, skogsverktyg, m.m. att bli en del i Sandviks sortiment, efter f\u00f6rv\u00e4rv av \u00d6bergs, Bahco och EIA i Edsbyn. I slutet av 1900-talet omsatte divisionen \u00f6ver en miljard svenska kronor. \u00c4nd\u00e5 utgjorde detta mindre \u00e4n 10% av koncernen Sandviks oms\u00e4ttning. Utan tvekan har Sandviks framg\u00e5ngar och kvalitetsimage haft stor betydelse f\u00f6r efterf\u00f6ljarna i Norden.<\/p>\n<p>Idag bl\u00e5ser f\u00f6r\u00e4ndringens vindar, och amerikanska Sanp-on-Tools \u00f6vertagande av Sandviks s\u00e5gar\/verktygs division, kommer bland annat inneb\u00e4r att varum\u00e4rket Sandvik ej l\u00e4ngre kommer att anv\u00e4ndas p\u00e5 verktyg. Trots Sandviks dominerande st\u00e4llning, har ett antal andra mindre tillverkare verksamt bidragit b\u00e5de till utveckling av produkter och produktionsutrustning f\u00f6r dessa. \u00c5r 1925 erh\u00f6ll den Orsaf\u00f6dde meknikerna Erik Timander patent p\u00e5 den senare mycket ber\u00f6mda ORSIA-tandningen f\u00f6r s\u00e5gblad.<\/p>\n<p>Timander blev med \u00e5ren en mycket skicklig maskinbyggare och bildade n\u00e5got senare tillsammans med \u201cJ\u00e4rnbirger\u201d Olsson, AB Orsa S\u00e5gbladsfabrik. Bolaget blev en modern exportindustri fram till b\u00f6rjan av 1970-talet, d\u00e5 f\u00f6retaget f\u00f6rv\u00e4rvades av Edsbyns Industri AB (EIA).<\/p>\n<p>EIA:s s\u00e5gtillverkning startades startades p\u00e5 30-taletmed hj\u00e4lp av krafter fr\u00e5n Orsa, men med tiden utvecklade f\u00f6retaget sina egna maskiner och varum\u00e4rket EIA Bushman spreds \u00f6ver v\u00e4rlden. Den f\u00f6rsta s\u00e5gb\u00e5gen av r\u00f6r utvecklades i Edsbyn av Karl \u00d6hman ocks\u00e5 under 30-talet. Maskinkonstrukt\u00f6rer fr\u00e5n Edsbyn kom ocks\u00e5 senare under 40-talet verksamt att bidra till uppbyggnaden av s\u00e5gproduktion hos Grorud Jernvarefabrik i Oslo.<\/p>\n<p>EIA Bushman f\u00f6rv\u00e4rvades \u00e5r 1973 av Sandvik och s\u00e5gproduktionen flyttades s\u00e5 sm\u00e5ningom bort fr\u00e5n orten till andra enheter inom Sandvikkoncernen.<\/p>\n<p>Men s\u00e5gtraditionen i Edsbyn kom dock att leva vidare, efter bildandet av Edsby Tool AB 1984, som senare 1987 tillsammans med Grorud bildade bolaget G-Man Tools AB, med s\u00e4te och verksamheten f\u00f6rlagd till Edsbyn. Bland andra svenska tillverkare som dock ej l\u00e4ngre finns kvar kan ocks\u00e5 n\u00e4mnas Djurmoverken i Gagnef samt Stridsberg &amp; Bi\u00f6rck i Trollh\u00e4ttan.<\/p>\n<p>\u00c5r 1933 startade Hans Schr\u00f6der A\/S sitt f\u00f6retag i K\u00f6penhamn och s\u00e5gtillverkning i st\u00f6rre skala inleddes efter 2:a v\u00e4rldskriget. 50 \u00e5r senare hade verksamheten vuxit till en storindustri och varum\u00e4rket JACK hade introducerats p\u00e5 70-talet olika marknader \u00f6ver hela v\u00e4rlden. Sedan i b\u00f6rjan av 80-talet drevs f\u00f6rtaget vidare med stor framg\u00e5ng av sonen, Finn Schr\u00f6der, framt till f\u00f6r n\u00e5gra \u00e5r sedan d\u00e5 f\u00f6retaget \u00f6vergick i amerikansk \u00e4go, f\u00f6rv\u00e4rvat av American Tool Inc.<\/p>\n<p>I oktober 1940 tecknades ett samarbetsavtal mellan A\/S Grorud Jernvarefabrik, Oslo och AB Edsbyns Jernmanufaktur som var startskottet f\u00f6r s\u00e5gbladstillverkning i st\u00f6rre skala. Grorud drevs framg\u00e5ngsrikt under familjen Bratz regi under m\u00e5nga \u00e5r och s\u00e5gar under varum\u00e4rket G-Man blev en exportframg\u00e5ng framf\u00f6rallt i Nordamerika. Samtidigt v\u00e4xte Grorud tillverkning av beslag som kom att bli dominerande i f\u00f6retaget. Det var d\u00e4rf\u00f6r naturligt att cirkeln kunde slutas efter tidigare n\u00e4mnda flyttning och bildande av G-Man Tools i Edsbyn.<\/p>\n<p>\u00c4ven i Finland tillverkas det s\u00e5gar. Bland annat hade Purmo i Jakobstad framg\u00e5ng med sina s\u00e5gb\u00e5gar, som man b\u00f6rjade tillverka 1953. Dessa s\u00e5ldes i huvudsak p\u00e5 hemmamarknaden och tillverkning upph\u00f6rde under 70-talet d\u00e5 bolaget uppgick i Rettigkoncernen och verksamheten koncentrerades p\u00e5 radiatorer.<\/p>\n<p>Ett annat aktivt finskt f\u00f6retag i s\u00e5gbranschen \u00e4r Pikater\u00e4 som grundades 1956. F\u00f6retaget har sin verksamhet i Kausala i mellersta Finland.<\/p><\/div>\n<\/div>\n<\/div>\n<\/div>\n<\/div>\n<\/div>\n[\/vc_column_text][\/vc_column][\/vc_row]\n","protected":false},"excerpt":{"rendered":"<p>[vc_row max_width=&#8221;80&#8243;][vc_column][vc_column_text] Historik\u200b\u200b\u200b\u200b\u200b\u200b\u200b S\u00e5gen blir till. Redan f\u00f6r 60 000 \u00e5r sedan finner man sp\u00e5r av en f\u00f6rfader till dagens m\u00e4nniskoart som hade redskap av tr\u00e4, ben, horn och sten. Dessa f\u00f6rf\u00e4der kallas f\u00f6r Cro-Magnon och vad man vet om&hellip;<\/p>\n","protected":false},"author":2,"featured_media":0,"parent":75,"menu_order":0,"comment_status":"closed","ping_status":"closed","template":"","meta":{"_acf_changed":false,"footnotes":""},"class_list":["post-77","page","type-page","status-publish","hentry","entry","no-media"],"acf":[],"yoast_head":"<!-- This site is optimized with the Yoast SEO plugin v26.8 - https:\/\/yoast.com\/product\/yoast-seo-wordpress\/ -->\n<title>Historik - G-MAN Tools<\/title>\n<meta name=\"robots\" content=\"index, follow, max-snippet:-1, max-image-preview:large, max-video-preview:-1\" \/>\n<link rel=\"canonical\" href=\"https:\/\/g-man.se\/sv\/om-g-man\/historik\" \/>\n<meta property=\"og:locale\" content=\"sv_SE\" \/>\n<meta property=\"og:type\" content=\"article\" \/>\n<meta property=\"og:title\" content=\"Historik - G-MAN Tools\" \/>\n<meta property=\"og:description\" content=\"[vc_row max_width=&#8221;80&#8243;][vc_column][vc_column_text] Historik\u200b\u200b\u200b\u200b\u200b\u200b\u200b S\u00e5gen blir till. Redan f\u00f6r 60 000 \u00e5r sedan finner man sp\u00e5r av en f\u00f6rfader till dagens m\u00e4nniskoart som hade redskap av tr\u00e4, ben, horn och sten. Dessa f\u00f6rf\u00e4der kallas f\u00f6r Cro-Magnon och vad man vet om&hellip;\" \/>\n<meta property=\"og:url\" content=\"https:\/\/g-man.se\/sv\/om-g-man\/historik\" \/>\n<meta property=\"og:site_name\" content=\"G-MAN Tools\" \/>\n<meta property=\"article:publisher\" content=\"https:\/\/www.facebook.com\/GManToolsAB\/\" \/>\n<meta property=\"article:modified_time\" content=\"2020-05-29T09:34:34+00:00\" \/>\n<meta name=\"twitter:card\" content=\"summary_large_image\" \/>\n<meta name=\"twitter:label1\" content=\"Ber\u00e4knad l\u00e4stid\" \/>\n\t<meta name=\"twitter:data1\" content=\"8 minuter\" \/>\n<script type=\"application\/ld+json\" class=\"yoast-schema-graph\">{\"@context\":\"https:\/\/schema.org\",\"@graph\":[{\"@type\":\"WebPage\",\"@id\":\"https:\/\/g-man.se\/sv\/om-g-man\/historik\",\"url\":\"https:\/\/g-man.se\/sv\/om-g-man\/historik\",\"name\":\"Historik - G-MAN Tools\",\"isPartOf\":{\"@id\":\"https:\/\/g-man.se\/sv\/sv\/#website\"},\"datePublished\":\"2020-05-25T14:07:47+00:00\",\"dateModified\":\"2020-05-29T09:34:34+00:00\",\"breadcrumb\":{\"@id\":\"https:\/\/g-man.se\/sv\/om-g-man\/historik#breadcrumb\"},\"inLanguage\":\"sv-SE\",\"potentialAction\":[{\"@type\":\"ReadAction\",\"target\":[\"https:\/\/g-man.se\/sv\/om-g-man\/historik\"]}]},{\"@type\":\"BreadcrumbList\",\"@id\":\"https:\/\/g-man.se\/sv\/om-g-man\/historik#breadcrumb\",\"itemListElement\":[{\"@type\":\"ListItem\",\"position\":1,\"name\":\"Hem\",\"item\":\"https:\/\/g-man.se\/sv\"},{\"@type\":\"ListItem\",\"position\":2,\"name\":\"Om G-Man\",\"item\":\"https:\/\/g-man.se\/sv\/om-g-man\"},{\"@type\":\"ListItem\",\"position\":3,\"name\":\"Historik\"}]},{\"@type\":\"WebSite\",\"@id\":\"https:\/\/g-man.se\/sv\/sv\/#website\",\"url\":\"https:\/\/g-man.se\/sv\/sv\/\",\"name\":\"G-MAN Tools\",\"description\":\"The Swedish Saw Expert\",\"publisher\":{\"@id\":\"https:\/\/g-man.se\/sv\/sv\/#organization\"},\"potentialAction\":[{\"@type\":\"SearchAction\",\"target\":{\"@type\":\"EntryPoint\",\"urlTemplate\":\"https:\/\/g-man.se\/sv\/sv\/?s={search_term_string}\"},\"query-input\":{\"@type\":\"PropertyValueSpecification\",\"valueRequired\":true,\"valueName\":\"search_term_string\"}}],\"inLanguage\":\"sv-SE\"},{\"@type\":\"Organization\",\"@id\":\"https:\/\/g-man.se\/sv\/sv\/#organization\",\"name\":\"G-Man Tools\",\"url\":\"https:\/\/g-man.se\/sv\/sv\/\",\"logo\":{\"@type\":\"ImageObject\",\"inLanguage\":\"sv-SE\",\"@id\":\"https:\/\/g-man.se\/sv\/sv\/#\/schema\/logo\/image\/\",\"url\":\"https:\/\/g-man.se\/wp-content\/uploads\/g-man-logo.png\",\"contentUrl\":\"https:\/\/g-man.se\/wp-content\/uploads\/g-man-logo.png\",\"width\":1080,\"height\":373,\"caption\":\"G-Man Tools\"},\"image\":{\"@id\":\"https:\/\/g-man.se\/sv\/sv\/#\/schema\/logo\/image\/\"},\"sameAs\":[\"https:\/\/www.facebook.com\/GManToolsAB\/\",\"https:\/\/www.instagram.com\/gmantools\/\",\"https:\/\/se.linkedin.com\/company\/g-man-tools-ab\",\"https:\/\/www.youtube.com\/user\/GManTools\"]}]}<\/script>\n<!-- \/ Yoast SEO plugin. -->","yoast_head_json":{"title":"Historik - G-MAN Tools","robots":{"index":"index","follow":"follow","max-snippet":"max-snippet:-1","max-image-preview":"max-image-preview:large","max-video-preview":"max-video-preview:-1"},"canonical":"https:\/\/g-man.se\/sv\/om-g-man\/historik","og_locale":"sv_SE","og_type":"article","og_title":"Historik - G-MAN Tools","og_description":"[vc_row max_width=&#8221;80&#8243;][vc_column][vc_column_text] Historik\u200b\u200b\u200b\u200b\u200b\u200b\u200b S\u00e5gen blir till. Redan f\u00f6r 60 000 \u00e5r sedan finner man sp\u00e5r av en f\u00f6rfader till dagens m\u00e4nniskoart som hade redskap av tr\u00e4, ben, horn och sten. Dessa f\u00f6rf\u00e4der kallas f\u00f6r Cro-Magnon och vad man vet om&hellip;","og_url":"https:\/\/g-man.se\/sv\/om-g-man\/historik","og_site_name":"G-MAN Tools","article_publisher":"https:\/\/www.facebook.com\/GManToolsAB\/","article_modified_time":"2020-05-29T09:34:34+00:00","twitter_card":"summary_large_image","twitter_misc":{"Ber\u00e4knad l\u00e4stid":"8 minuter"},"schema":{"@context":"https:\/\/schema.org","@graph":[{"@type":"WebPage","@id":"https:\/\/g-man.se\/sv\/om-g-man\/historik","url":"https:\/\/g-man.se\/sv\/om-g-man\/historik","name":"Historik - G-MAN Tools","isPartOf":{"@id":"https:\/\/g-man.se\/sv\/sv\/#website"},"datePublished":"2020-05-25T14:07:47+00:00","dateModified":"2020-05-29T09:34:34+00:00","breadcrumb":{"@id":"https:\/\/g-man.se\/sv\/om-g-man\/historik#breadcrumb"},"inLanguage":"sv-SE","potentialAction":[{"@type":"ReadAction","target":["https:\/\/g-man.se\/sv\/om-g-man\/historik"]}]},{"@type":"BreadcrumbList","@id":"https:\/\/g-man.se\/sv\/om-g-man\/historik#breadcrumb","itemListElement":[{"@type":"ListItem","position":1,"name":"Hem","item":"https:\/\/g-man.se\/sv"},{"@type":"ListItem","position":2,"name":"Om G-Man","item":"https:\/\/g-man.se\/sv\/om-g-man"},{"@type":"ListItem","position":3,"name":"Historik"}]},{"@type":"WebSite","@id":"https:\/\/g-man.se\/sv\/sv\/#website","url":"https:\/\/g-man.se\/sv\/sv\/","name":"G-MAN Tools","description":"The Swedish Saw Expert","publisher":{"@id":"https:\/\/g-man.se\/sv\/sv\/#organization"},"potentialAction":[{"@type":"SearchAction","target":{"@type":"EntryPoint","urlTemplate":"https:\/\/g-man.se\/sv\/sv\/?s={search_term_string}"},"query-input":{"@type":"PropertyValueSpecification","valueRequired":true,"valueName":"search_term_string"}}],"inLanguage":"sv-SE"},{"@type":"Organization","@id":"https:\/\/g-man.se\/sv\/sv\/#organization","name":"G-Man Tools","url":"https:\/\/g-man.se\/sv\/sv\/","logo":{"@type":"ImageObject","inLanguage":"sv-SE","@id":"https:\/\/g-man.se\/sv\/sv\/#\/schema\/logo\/image\/","url":"https:\/\/g-man.se\/wp-content\/uploads\/g-man-logo.png","contentUrl":"https:\/\/g-man.se\/wp-content\/uploads\/g-man-logo.png","width":1080,"height":373,"caption":"G-Man Tools"},"image":{"@id":"https:\/\/g-man.se\/sv\/sv\/#\/schema\/logo\/image\/"},"sameAs":["https:\/\/www.facebook.com\/GManToolsAB\/","https:\/\/www.instagram.com\/gmantools\/","https:\/\/se.linkedin.com\/company\/g-man-tools-ab","https:\/\/www.youtube.com\/user\/GManTools"]}]}},"_links":{"self":[{"href":"https:\/\/g-man.se\/sv\/wp-json\/wp\/v2\/pages\/77","targetHints":{"allow":["GET"]}}],"collection":[{"href":"https:\/\/g-man.se\/sv\/wp-json\/wp\/v2\/pages"}],"about":[{"href":"https:\/\/g-man.se\/sv\/wp-json\/wp\/v2\/types\/page"}],"author":[{"embeddable":true,"href":"https:\/\/g-man.se\/sv\/wp-json\/wp\/v2\/users\/2"}],"replies":[{"embeddable":true,"href":"https:\/\/g-man.se\/sv\/wp-json\/wp\/v2\/comments?post=77"}],"version-history":[{"count":0,"href":"https:\/\/g-man.se\/sv\/wp-json\/wp\/v2\/pages\/77\/revisions"}],"up":[{"embeddable":true,"href":"https:\/\/g-man.se\/sv\/wp-json\/wp\/v2\/pages\/75"}],"wp:attachment":[{"href":"https:\/\/g-man.se\/sv\/wp-json\/wp\/v2\/media?parent=77"}],"curies":[{"name":"wp","href":"https:\/\/api.w.org\/{rel}","templated":true}]}}