{"id":75,"date":"2020-05-25T16:06:36","date_gmt":"2020-05-25T14:06:36","guid":{"rendered":"https:\/\/g-man.se\/?page_id=75"},"modified":"2020-11-17T15:15:39","modified_gmt":"2020-11-17T14:15:39","slug":"om-g-man","status":"publish","type":"page","link":"https:\/\/g-man.se\/sv\/om-g-man","title":{"rendered":"Om G-Man"},"content":{"rendered":"[vc_row max_width=&#8221;80&#8243;][vc_column][vc_column_text]\n<h1>Om G-MAN<\/h1>\n<p><em>I Edsbyn, d\u00e4r G-Man s\u00e5garna produceras, har s\u00e5gtillverkning gamla anor. Edsbyn som ligger i mitten av H\u00e4lsingeskogarna, har sedan l\u00e4nge varit ett center f\u00f6r timmer och skogsindustri.<\/em>[\/vc_column_text][\/vc_column][\/vc_row][vc_row][vc_column][vc_single_image image=&#8221;478&#8243;][\/vc_column][\/vc_row][vc_row max_width=&#8221;80&#8243;][vc_column][vc_column_text]Skogsarbetare fr\u00e5n n\u00e4rliggande byar reste f\u00f6rr i tiden till Edsbyn f\u00f6r att reparera och k\u00f6pa nya skogsverktyg hos den lokala smeden. M\u00e5nga g\u00e5nger h\u00e4nde det att skogsarbetarna hade med sig egna ide\u00e9r om hur verktygen skulle designas och tillverkas. Detta ledde till en naturlig utveckling av verktygsindustrin. Idag, f\u00f6rs traditionen vidare genom G-Man Tools tillverkning av s\u00e5gar och s\u00e5gblad. Den h\u00f6ga kvaliteten bibeh\u00e5lls genom anv\u00e4ndning av svenskt st\u00e5l och en modern produktionsteknik.<\/p>\n<p>\u200b\u200b\u200b\u200b\u200b\u200b\u200bF\u00f6retaget registrerades officiellt den 12\/7 1984 under namnet Edsbytool AB. Den grundl\u00e4ggande aff\u00e4rsid\u00e8n bestod i att bygga vidare p\u00e5 den tradition och kunskap som finns i regionen, avseende tillverkning och marknadsf\u00f6ring av s\u00e5gar och s\u00e5gblad f\u00f6r tr\u00e4. Under 1987 \u00f6vertogs f\u00f6rs\u00e4ljning och produktion fr\u00e5n Norges enda s\u00e5gtillverkare, A\/S Grorud Jernvarefabrik. Eftersom dessa s\u00e5gar marknadsf\u00f6rts under varum\u00e4rket G-MAN, \u00e4ndrade ocks\u00e5 bolaget sitt namn till nuvarande G-MAN TOOLS AB. Genom denna aff\u00e4r \u00f6kade volym och oms\u00e4ttning kraftigt, och d\u00e4refter har verksamheten successivt \u00f6kat och lett till en konsolidering av bolaget. Under de senaste \u00e5ren har maskinparken f\u00f6rnyats, vilket g\u00f6r att bolaget nu st\u00e5r v\u00e4l rustat inf\u00f6r framtiden. F\u00f6retaget har \u00e4nda sedan starten varit mycket exportorienterat och idag exporteras ca 80% av produktionen till mer \u00e4n 30 olika marknader \u00f6ver hela v\u00e4rlden. Verksamheten bedrivs i egna lokaler, bel\u00e4gna i Ovan\u00e5ker, Edsbyn.[\/vc_column_text][\/vc_column][\/vc_row]\n","protected":false},"excerpt":{"rendered":"<p>[vc_row max_width=&#8221;80&#8243;][vc_column][vc_column_text] Om G-MAN I Edsbyn, d\u00e4r G-Man s\u00e5garna produceras, har s\u00e5gtillverkning gamla anor. Edsbyn som ligger i mitten av H\u00e4lsingeskogarna, har sedan l\u00e4nge varit ett center f\u00f6r timmer och skogsindustri.[\/vc_column_text][\/vc_column][\/vc_row][vc_row][vc_column][vc_single_image image=&#8221;478&#8243;][\/vc_column][\/vc_row][vc_row max_width=&#8221;80&#8243;][vc_column][vc_column_text]Skogsarbetare fr\u00e5n n\u00e4rliggande byar reste f\u00f6rr i tiden&hellip;<\/p>\n","protected":false},"author":2,"featured_media":0,"parent":0,"menu_order":0,"comment_status":"closed","ping_status":"closed","template":"","meta":{"_acf_changed":false,"footnotes":""},"class_list":["post-75","page","type-page","status-publish","hentry","entry","no-media"],"acf":[],"yoast_head":"<!-- This site is optimized with the Yoast SEO plugin v26.8 - https:\/\/yoast.com\/product\/yoast-seo-wordpress\/ -->\n<title>Om G-Man - G-MAN Tools<\/title>\n<meta name=\"robots\" content=\"index, follow, max-snippet:-1, max-image-preview:large, max-video-preview:-1\" \/>\n<link rel=\"canonical\" href=\"https:\/\/g-man.se\/sv\/om-g-man\" \/>\n<meta property=\"og:locale\" content=\"sv_SE\" \/>\n<meta property=\"og:type\" content=\"article\" \/>\n<meta property=\"og:title\" content=\"Om G-Man - G-MAN Tools\" \/>\n<meta property=\"og:description\" content=\"[vc_row max_width=&#8221;80&#8243;][vc_column][vc_column_text] Om G-MAN I Edsbyn, d\u00e4r G-Man s\u00e5garna produceras, har s\u00e5gtillverkning gamla anor. Edsbyn som ligger i mitten av H\u00e4lsingeskogarna, har sedan l\u00e4nge varit ett center f\u00f6r timmer och skogsindustri.[\/vc_column_text][\/vc_column][\/vc_row][vc_row][vc_column][vc_single_image image=&#8221;478&#8243;][\/vc_column][\/vc_row][vc_row max_width=&#8221;80&#8243;][vc_column][vc_column_text]Skogsarbetare fr\u00e5n n\u00e4rliggande byar reste f\u00f6rr i tiden&hellip;\" \/>\n<meta property=\"og:url\" content=\"https:\/\/g-man.se\/sv\/om-g-man\" \/>\n<meta property=\"og:site_name\" content=\"G-MAN Tools\" \/>\n<meta property=\"article:publisher\" content=\"https:\/\/www.facebook.com\/GManToolsAB\/\" \/>\n<meta property=\"article:modified_time\" content=\"2020-11-17T14:15:39+00:00\" \/>\n<meta name=\"twitter:card\" content=\"summary_large_image\" \/>\n<meta name=\"twitter:label1\" content=\"Ber\u00e4knad l\u00e4stid\" \/>\n\t<meta name=\"twitter:data1\" content=\"2 minuter\" \/>\n<script type=\"application\/ld+json\" class=\"yoast-schema-graph\">{\"@context\":\"https:\/\/schema.org\",\"@graph\":[{\"@type\":\"WebPage\",\"@id\":\"https:\/\/g-man.se\/sv\/om-g-man\",\"url\":\"https:\/\/g-man.se\/sv\/om-g-man\",\"name\":\"Om G-Man - G-MAN Tools\",\"isPartOf\":{\"@id\":\"https:\/\/g-man.se\/sv\/sv\/#website\"},\"datePublished\":\"2020-05-25T14:06:36+00:00\",\"dateModified\":\"2020-11-17T14:15:39+00:00\",\"breadcrumb\":{\"@id\":\"https:\/\/g-man.se\/sv\/om-g-man#breadcrumb\"},\"inLanguage\":\"sv-SE\",\"potentialAction\":[{\"@type\":\"ReadAction\",\"target\":[\"https:\/\/g-man.se\/sv\/om-g-man\"]}]},{\"@type\":\"BreadcrumbList\",\"@id\":\"https:\/\/g-man.se\/sv\/om-g-man#breadcrumb\",\"itemListElement\":[{\"@type\":\"ListItem\",\"position\":1,\"name\":\"Hem\",\"item\":\"https:\/\/g-man.se\/sv\"},{\"@type\":\"ListItem\",\"position\":2,\"name\":\"Om G-Man\"}]},{\"@type\":\"WebSite\",\"@id\":\"https:\/\/g-man.se\/sv\/sv\/#website\",\"url\":\"https:\/\/g-man.se\/sv\/sv\/\",\"name\":\"G-MAN Tools\",\"description\":\"The Swedish Saw Expert\",\"publisher\":{\"@id\":\"https:\/\/g-man.se\/sv\/sv\/#organization\"},\"potentialAction\":[{\"@type\":\"SearchAction\",\"target\":{\"@type\":\"EntryPoint\",\"urlTemplate\":\"https:\/\/g-man.se\/sv\/sv\/?s={search_term_string}\"},\"query-input\":{\"@type\":\"PropertyValueSpecification\",\"valueRequired\":true,\"valueName\":\"search_term_string\"}}],\"inLanguage\":\"sv-SE\"},{\"@type\":\"Organization\",\"@id\":\"https:\/\/g-man.se\/sv\/sv\/#organization\",\"name\":\"G-Man Tools\",\"url\":\"https:\/\/g-man.se\/sv\/sv\/\",\"logo\":{\"@type\":\"ImageObject\",\"inLanguage\":\"sv-SE\",\"@id\":\"https:\/\/g-man.se\/sv\/sv\/#\/schema\/logo\/image\/\",\"url\":\"https:\/\/g-man.se\/wp-content\/uploads\/g-man-logo.png\",\"contentUrl\":\"https:\/\/g-man.se\/wp-content\/uploads\/g-man-logo.png\",\"width\":1080,\"height\":373,\"caption\":\"G-Man Tools\"},\"image\":{\"@id\":\"https:\/\/g-man.se\/sv\/sv\/#\/schema\/logo\/image\/\"},\"sameAs\":[\"https:\/\/www.facebook.com\/GManToolsAB\/\",\"https:\/\/www.instagram.com\/gmantools\/\",\"https:\/\/se.linkedin.com\/company\/g-man-tools-ab\",\"https:\/\/www.youtube.com\/user\/GManTools\"]}]}<\/script>\n<!-- \/ Yoast SEO plugin. -->","yoast_head_json":{"title":"Om G-Man - G-MAN Tools","robots":{"index":"index","follow":"follow","max-snippet":"max-snippet:-1","max-image-preview":"max-image-preview:large","max-video-preview":"max-video-preview:-1"},"canonical":"https:\/\/g-man.se\/sv\/om-g-man","og_locale":"sv_SE","og_type":"article","og_title":"Om G-Man - G-MAN Tools","og_description":"[vc_row max_width=&#8221;80&#8243;][vc_column][vc_column_text] Om G-MAN I Edsbyn, d\u00e4r G-Man s\u00e5garna produceras, har s\u00e5gtillverkning gamla anor. Edsbyn som ligger i mitten av H\u00e4lsingeskogarna, har sedan l\u00e4nge varit ett center f\u00f6r timmer och skogsindustri.[\/vc_column_text][\/vc_column][\/vc_row][vc_row][vc_column][vc_single_image image=&#8221;478&#8243;][\/vc_column][\/vc_row][vc_row max_width=&#8221;80&#8243;][vc_column][vc_column_text]Skogsarbetare fr\u00e5n n\u00e4rliggande byar reste f\u00f6rr i tiden&hellip;","og_url":"https:\/\/g-man.se\/sv\/om-g-man","og_site_name":"G-MAN Tools","article_publisher":"https:\/\/www.facebook.com\/GManToolsAB\/","article_modified_time":"2020-11-17T14:15:39+00:00","twitter_card":"summary_large_image","twitter_misc":{"Ber\u00e4knad l\u00e4stid":"2 minuter"},"schema":{"@context":"https:\/\/schema.org","@graph":[{"@type":"WebPage","@id":"https:\/\/g-man.se\/sv\/om-g-man","url":"https:\/\/g-man.se\/sv\/om-g-man","name":"Om G-Man - G-MAN Tools","isPartOf":{"@id":"https:\/\/g-man.se\/sv\/sv\/#website"},"datePublished":"2020-05-25T14:06:36+00:00","dateModified":"2020-11-17T14:15:39+00:00","breadcrumb":{"@id":"https:\/\/g-man.se\/sv\/om-g-man#breadcrumb"},"inLanguage":"sv-SE","potentialAction":[{"@type":"ReadAction","target":["https:\/\/g-man.se\/sv\/om-g-man"]}]},{"@type":"BreadcrumbList","@id":"https:\/\/g-man.se\/sv\/om-g-man#breadcrumb","itemListElement":[{"@type":"ListItem","position":1,"name":"Hem","item":"https:\/\/g-man.se\/sv"},{"@type":"ListItem","position":2,"name":"Om G-Man"}]},{"@type":"WebSite","@id":"https:\/\/g-man.se\/sv\/sv\/#website","url":"https:\/\/g-man.se\/sv\/sv\/","name":"G-MAN Tools","description":"The Swedish Saw Expert","publisher":{"@id":"https:\/\/g-man.se\/sv\/sv\/#organization"},"potentialAction":[{"@type":"SearchAction","target":{"@type":"EntryPoint","urlTemplate":"https:\/\/g-man.se\/sv\/sv\/?s={search_term_string}"},"query-input":{"@type":"PropertyValueSpecification","valueRequired":true,"valueName":"search_term_string"}}],"inLanguage":"sv-SE"},{"@type":"Organization","@id":"https:\/\/g-man.se\/sv\/sv\/#organization","name":"G-Man Tools","url":"https:\/\/g-man.se\/sv\/sv\/","logo":{"@type":"ImageObject","inLanguage":"sv-SE","@id":"https:\/\/g-man.se\/sv\/sv\/#\/schema\/logo\/image\/","url":"https:\/\/g-man.se\/wp-content\/uploads\/g-man-logo.png","contentUrl":"https:\/\/g-man.se\/wp-content\/uploads\/g-man-logo.png","width":1080,"height":373,"caption":"G-Man Tools"},"image":{"@id":"https:\/\/g-man.se\/sv\/sv\/#\/schema\/logo\/image\/"},"sameAs":["https:\/\/www.facebook.com\/GManToolsAB\/","https:\/\/www.instagram.com\/gmantools\/","https:\/\/se.linkedin.com\/company\/g-man-tools-ab","https:\/\/www.youtube.com\/user\/GManTools"]}]}},"_links":{"self":[{"href":"https:\/\/g-man.se\/sv\/wp-json\/wp\/v2\/pages\/75","targetHints":{"allow":["GET"]}}],"collection":[{"href":"https:\/\/g-man.se\/sv\/wp-json\/wp\/v2\/pages"}],"about":[{"href":"https:\/\/g-man.se\/sv\/wp-json\/wp\/v2\/types\/page"}],"author":[{"embeddable":true,"href":"https:\/\/g-man.se\/sv\/wp-json\/wp\/v2\/users\/2"}],"replies":[{"embeddable":true,"href":"https:\/\/g-man.se\/sv\/wp-json\/wp\/v2\/comments?post=75"}],"version-history":[{"count":0,"href":"https:\/\/g-man.se\/sv\/wp-json\/wp\/v2\/pages\/75\/revisions"}],"wp:attachment":[{"href":"https:\/\/g-man.se\/sv\/wp-json\/wp\/v2\/media?parent=75"}],"curies":[{"name":"wp","href":"https:\/\/api.w.org\/{rel}","templated":true}]}}