{"id":37,"date":"2020-05-25T11:44:22","date_gmt":"2020-05-25T09:44:22","guid":{"rendered":"https:\/\/g-man.se\/?page_id=37"},"modified":"2020-11-19T11:44:11","modified_gmt":"2020-11-19T10:44:11","slug":"tips-rad","status":"publish","type":"page","link":"https:\/\/g-man.se\/sv\/tips-rad","title":{"rendered":"Tips &#038; R\u00e5d"},"content":{"rendered":"[vc_row][vc_column css=&#8221;.vc_custom_1605782637375{margin-bottom: 0px !important;}&#8221;][vc_column_text]\n<h1>Tips &amp; R\u00e5d<\/h1>\n[\/vc_column_text][\/vc_column][\/vc_row][vc_row][vc_column width=&#8221;1\/2&#8243;][vc_column_text]\n<h4>Hur fungerar en s\u00e5g egentligen? Hur v\u00e4ljer man r\u00e4tt s\u00e5g? Raktandade eller grupptandade? L\u00e5t oss reda ut begreppen och g\u00f6ra ditt s\u00e5gliv lite enklare.<\/h4>\n<p>S\u00e5gar \u00e4r verktyg som anv\u00e4nds ofta av s\u00e5v\u00e4l yrkesfolk som &#8221;g\u00f6r-det-sj\u00e4lvare&#8221;. Utbudet av s\u00e5gar \u00e4r vanligen mycket stort hos den lokala j\u00e4rnhandlaren eller byggvaruhandeln. Det kan genom det stora sortimentet, ha sina sv\u00e5righeter att v\u00e4lja r\u00e4tt s\u00e5g. Yrkesmannen vet i regel vad som kr\u00e4vs, men f\u00f6r &#8221;g\u00f6r-det-sj\u00e4lvare&#8221; \u00e4r det inte alltid s\u00e5 l\u00e4tt.<\/p>\n<p>Vi p\u00e5 G-Man Tools har d\u00e4rf\u00f6r sammanst\u00e4llt denna kunskapssida f\u00f6r att g\u00f6ra valet l\u00e4ttare.[\/vc_column_text][\/vc_column][vc_column typography_style=&#8221;light&#8221; width=&#8221;1\/4&#8243;][vc_single_image image=&#8221;1614&#8243; onclick=&#8221;custom_link&#8221; css=&#8221;.vc_custom_1605782540232{margin-bottom: 0px !important;}&#8221; link=&#8221;https:\/\/g-man.se\/sv\/sa-funkar-en-sag&#8221;][vc_column_text css=&#8221;.vc_custom_1591281161167{margin-top: 0px !important;padding-top: 10px !important;padding-right: 10px !important;padding-bottom: 10px !important;padding-left: 10px !important;background-color: #444444 !important;}&#8221;]\n<h3 style=\"margin-top: 0; font-size: 15px;\">S\u00e5 funkar en s\u00e5g<\/h3>\n[\/vc_column_text][vc_single_image image=&#8221;1618&#8243; onclick=&#8221;custom_link&#8221; link=&#8221;https:\/\/g-man.se\/sv\/tandformer-bagsagsblad&#8221; css=&#8221;.vc_custom_1605782561288{margin-top: 20px !important;}&#8221;][vc_column_text css=&#8221;.vc_custom_1591281166638{margin-top: 0px !important;padding-top: 10px !important;padding-right: 10px !important;padding-bottom: 10px !important;padding-left: 10px !important;background-color: #444444 !important;}&#8221;]\n<h3 style=\"margin-top: 0; font-size: 15px;\">Tandformer \u2013 B\u00e5gs\u00e5gblad<\/h3>\n[\/vc_column_text][\/vc_column][vc_column typography_style=&#8221;light&#8221; width=&#8221;1\/4&#8243;][vc_single_image image=&#8221;1616&#8243; onclick=&#8221;custom_link&#8221; css=&#8221;.vc_custom_1605782553058{margin-bottom: 0px !important;}&#8221; link=&#8221;https:\/\/g-man.se\/sv\/tandformer-handsagar&#8221;][vc_column_text css=&#8221;.vc_custom_1591281174212{margin-top: 0px !important;padding-top: 10px !important;padding-right: 10px !important;padding-bottom: 10px !important;padding-left: 10px !important;background-color: #444444 !important;}&#8221;]\n<h3 style=\"margin-top: 0; font-size: 15px;\">Tandformer \u2013 Hands\u00e5gar<\/h3>\n[\/vc_column_text][vc_single_image image=&#8221;1620&#8243; onclick=&#8221;custom_link&#8221; css=&#8221;.vc_custom_1605782568955{margin-top: 20px !important;}&#8221; link=&#8221;https:\/\/g-man.se\/sv\/tandspetshardning&#8221;][vc_column_text css=&#8221;.vc_custom_1591281178482{margin-top: 0px !important;padding-top: 10px !important;padding-right: 10px !important;padding-bottom: 10px !important;padding-left: 10px !important;background-color: #444444 !important;}&#8221;]\n<h3 style=\"margin-top: 0; font-size: 15px;\">Tandspetsh\u00e4rdning<\/h3>\n[\/vc_column_text][\/vc_column][\/vc_row]\n","protected":false},"excerpt":{"rendered":"<p>[vc_row][vc_column css=&#8221;.vc_custom_1605782637375{margin-bottom: 0px !important;}&#8221;][vc_column_text] Tips &amp; R\u00e5d [\/vc_column_text][\/vc_column][\/vc_row][vc_row][vc_column width=&#8221;1\/2&#8243;][vc_column_text] Hur fungerar en s\u00e5g egentligen? Hur v\u00e4ljer man r\u00e4tt s\u00e5g? Raktandade eller grupptandade? L\u00e5t oss reda ut begreppen och g\u00f6ra ditt s\u00e5gliv lite enklare. S\u00e5gar \u00e4r verktyg som anv\u00e4nds ofta av&hellip;<\/p>\n","protected":false},"author":2,"featured_media":0,"parent":0,"menu_order":0,"comment_status":"closed","ping_status":"closed","template":"","meta":{"_acf_changed":false,"footnotes":""},"class_list":["post-37","page","type-page","status-publish","hentry","entry","no-media"],"acf":[],"yoast_head":"<!-- This site is optimized with the Yoast SEO plugin v26.8 - https:\/\/yoast.com\/product\/yoast-seo-wordpress\/ -->\n<title>Tips &amp; R\u00e5d - G-MAN Tools<\/title>\n<meta name=\"robots\" content=\"index, follow, max-snippet:-1, max-image-preview:large, max-video-preview:-1\" \/>\n<link rel=\"canonical\" href=\"https:\/\/g-man.se\/sv\/tips-rad\" \/>\n<meta property=\"og:locale\" content=\"sv_SE\" \/>\n<meta property=\"og:type\" content=\"article\" \/>\n<meta property=\"og:title\" content=\"Tips &amp; R\u00e5d - G-MAN Tools\" \/>\n<meta property=\"og:description\" content=\"[vc_row][vc_column css=&#8221;.vc_custom_1605782637375{margin-bottom: 0px !important;}&#8221;][vc_column_text] Tips &amp; R\u00e5d [\/vc_column_text][\/vc_column][\/vc_row][vc_row][vc_column width=&#8221;1\/2&#8243;][vc_column_text] Hur fungerar en s\u00e5g egentligen? Hur v\u00e4ljer man r\u00e4tt s\u00e5g? Raktandade eller grupptandade? L\u00e5t oss reda ut begreppen och g\u00f6ra ditt s\u00e5gliv lite enklare. S\u00e5gar \u00e4r verktyg som anv\u00e4nds ofta av&hellip;\" \/>\n<meta property=\"og:url\" content=\"https:\/\/g-man.se\/sv\/tips-rad\" \/>\n<meta property=\"og:site_name\" content=\"G-MAN Tools\" \/>\n<meta property=\"article:publisher\" content=\"https:\/\/www.facebook.com\/GManToolsAB\/\" \/>\n<meta property=\"article:modified_time\" content=\"2020-11-19T10:44:11+00:00\" \/>\n<meta name=\"twitter:card\" content=\"summary_large_image\" \/>\n<meta name=\"twitter:label1\" content=\"Ber\u00e4knad l\u00e4stid\" \/>\n\t<meta name=\"twitter:data1\" content=\"2 minuter\" \/>\n<script type=\"application\/ld+json\" class=\"yoast-schema-graph\">{\"@context\":\"https:\/\/schema.org\",\"@graph\":[{\"@type\":\"WebPage\",\"@id\":\"https:\/\/g-man.se\/sv\/tips-rad\",\"url\":\"https:\/\/g-man.se\/sv\/tips-rad\",\"name\":\"Tips & R\u00e5d - G-MAN Tools\",\"isPartOf\":{\"@id\":\"https:\/\/g-man.se\/sv\/sv\/#website\"},\"datePublished\":\"2020-05-25T09:44:22+00:00\",\"dateModified\":\"2020-11-19T10:44:11+00:00\",\"breadcrumb\":{\"@id\":\"https:\/\/g-man.se\/sv\/tips-rad#breadcrumb\"},\"inLanguage\":\"sv-SE\",\"potentialAction\":[{\"@type\":\"ReadAction\",\"target\":[\"https:\/\/g-man.se\/sv\/tips-rad\"]}]},{\"@type\":\"BreadcrumbList\",\"@id\":\"https:\/\/g-man.se\/sv\/tips-rad#breadcrumb\",\"itemListElement\":[{\"@type\":\"ListItem\",\"position\":1,\"name\":\"Hem\",\"item\":\"https:\/\/g-man.se\/sv\"},{\"@type\":\"ListItem\",\"position\":2,\"name\":\"Tips &#038; R\u00e5d\"}]},{\"@type\":\"WebSite\",\"@id\":\"https:\/\/g-man.se\/sv\/sv\/#website\",\"url\":\"https:\/\/g-man.se\/sv\/sv\/\",\"name\":\"G-MAN Tools\",\"description\":\"The Swedish Saw Expert\",\"publisher\":{\"@id\":\"https:\/\/g-man.se\/sv\/sv\/#organization\"},\"potentialAction\":[{\"@type\":\"SearchAction\",\"target\":{\"@type\":\"EntryPoint\",\"urlTemplate\":\"https:\/\/g-man.se\/sv\/sv\/?s={search_term_string}\"},\"query-input\":{\"@type\":\"PropertyValueSpecification\",\"valueRequired\":true,\"valueName\":\"search_term_string\"}}],\"inLanguage\":\"sv-SE\"},{\"@type\":\"Organization\",\"@id\":\"https:\/\/g-man.se\/sv\/sv\/#organization\",\"name\":\"G-Man Tools\",\"url\":\"https:\/\/g-man.se\/sv\/sv\/\",\"logo\":{\"@type\":\"ImageObject\",\"inLanguage\":\"sv-SE\",\"@id\":\"https:\/\/g-man.se\/sv\/sv\/#\/schema\/logo\/image\/\",\"url\":\"https:\/\/g-man.se\/wp-content\/uploads\/g-man-logo.png\",\"contentUrl\":\"https:\/\/g-man.se\/wp-content\/uploads\/g-man-logo.png\",\"width\":1080,\"height\":373,\"caption\":\"G-Man Tools\"},\"image\":{\"@id\":\"https:\/\/g-man.se\/sv\/sv\/#\/schema\/logo\/image\/\"},\"sameAs\":[\"https:\/\/www.facebook.com\/GManToolsAB\/\",\"https:\/\/www.instagram.com\/gmantools\/\",\"https:\/\/se.linkedin.com\/company\/g-man-tools-ab\",\"https:\/\/www.youtube.com\/user\/GManTools\"]}]}<\/script>\n<!-- \/ Yoast SEO plugin. -->","yoast_head_json":{"title":"Tips & R\u00e5d - G-MAN Tools","robots":{"index":"index","follow":"follow","max-snippet":"max-snippet:-1","max-image-preview":"max-image-preview:large","max-video-preview":"max-video-preview:-1"},"canonical":"https:\/\/g-man.se\/sv\/tips-rad","og_locale":"sv_SE","og_type":"article","og_title":"Tips & R\u00e5d - G-MAN Tools","og_description":"[vc_row][vc_column css=&#8221;.vc_custom_1605782637375{margin-bottom: 0px !important;}&#8221;][vc_column_text] Tips &amp; R\u00e5d [\/vc_column_text][\/vc_column][\/vc_row][vc_row][vc_column width=&#8221;1\/2&#8243;][vc_column_text] Hur fungerar en s\u00e5g egentligen? Hur v\u00e4ljer man r\u00e4tt s\u00e5g? Raktandade eller grupptandade? L\u00e5t oss reda ut begreppen och g\u00f6ra ditt s\u00e5gliv lite enklare. S\u00e5gar \u00e4r verktyg som anv\u00e4nds ofta av&hellip;","og_url":"https:\/\/g-man.se\/sv\/tips-rad","og_site_name":"G-MAN Tools","article_publisher":"https:\/\/www.facebook.com\/GManToolsAB\/","article_modified_time":"2020-11-19T10:44:11+00:00","twitter_card":"summary_large_image","twitter_misc":{"Ber\u00e4knad l\u00e4stid":"2 minuter"},"schema":{"@context":"https:\/\/schema.org","@graph":[{"@type":"WebPage","@id":"https:\/\/g-man.se\/sv\/tips-rad","url":"https:\/\/g-man.se\/sv\/tips-rad","name":"Tips & R\u00e5d - G-MAN Tools","isPartOf":{"@id":"https:\/\/g-man.se\/sv\/sv\/#website"},"datePublished":"2020-05-25T09:44:22+00:00","dateModified":"2020-11-19T10:44:11+00:00","breadcrumb":{"@id":"https:\/\/g-man.se\/sv\/tips-rad#breadcrumb"},"inLanguage":"sv-SE","potentialAction":[{"@type":"ReadAction","target":["https:\/\/g-man.se\/sv\/tips-rad"]}]},{"@type":"BreadcrumbList","@id":"https:\/\/g-man.se\/sv\/tips-rad#breadcrumb","itemListElement":[{"@type":"ListItem","position":1,"name":"Hem","item":"https:\/\/g-man.se\/sv"},{"@type":"ListItem","position":2,"name":"Tips &#038; R\u00e5d"}]},{"@type":"WebSite","@id":"https:\/\/g-man.se\/sv\/sv\/#website","url":"https:\/\/g-man.se\/sv\/sv\/","name":"G-MAN Tools","description":"The Swedish Saw Expert","publisher":{"@id":"https:\/\/g-man.se\/sv\/sv\/#organization"},"potentialAction":[{"@type":"SearchAction","target":{"@type":"EntryPoint","urlTemplate":"https:\/\/g-man.se\/sv\/sv\/?s={search_term_string}"},"query-input":{"@type":"PropertyValueSpecification","valueRequired":true,"valueName":"search_term_string"}}],"inLanguage":"sv-SE"},{"@type":"Organization","@id":"https:\/\/g-man.se\/sv\/sv\/#organization","name":"G-Man Tools","url":"https:\/\/g-man.se\/sv\/sv\/","logo":{"@type":"ImageObject","inLanguage":"sv-SE","@id":"https:\/\/g-man.se\/sv\/sv\/#\/schema\/logo\/image\/","url":"https:\/\/g-man.se\/wp-content\/uploads\/g-man-logo.png","contentUrl":"https:\/\/g-man.se\/wp-content\/uploads\/g-man-logo.png","width":1080,"height":373,"caption":"G-Man Tools"},"image":{"@id":"https:\/\/g-man.se\/sv\/sv\/#\/schema\/logo\/image\/"},"sameAs":["https:\/\/www.facebook.com\/GManToolsAB\/","https:\/\/www.instagram.com\/gmantools\/","https:\/\/se.linkedin.com\/company\/g-man-tools-ab","https:\/\/www.youtube.com\/user\/GManTools"]}]}},"_links":{"self":[{"href":"https:\/\/g-man.se\/sv\/wp-json\/wp\/v2\/pages\/37","targetHints":{"allow":["GET"]}}],"collection":[{"href":"https:\/\/g-man.se\/sv\/wp-json\/wp\/v2\/pages"}],"about":[{"href":"https:\/\/g-man.se\/sv\/wp-json\/wp\/v2\/types\/page"}],"author":[{"embeddable":true,"href":"https:\/\/g-man.se\/sv\/wp-json\/wp\/v2\/users\/2"}],"replies":[{"embeddable":true,"href":"https:\/\/g-man.se\/sv\/wp-json\/wp\/v2\/comments?post=37"}],"version-history":[{"count":0,"href":"https:\/\/g-man.se\/sv\/wp-json\/wp\/v2\/pages\/37\/revisions"}],"wp:attachment":[{"href":"https:\/\/g-man.se\/sv\/wp-json\/wp\/v2\/media?parent=37"}],"curies":[{"name":"wp","href":"https:\/\/api.w.org\/{rel}","templated":true}]}}