{"id":2660,"date":"2025-01-29T09:59:11","date_gmt":"2025-01-29T08:59:11","guid":{"rendered":"https:\/\/g-man.se\/?page_id=2660"},"modified":"2025-01-29T09:59:11","modified_gmt":"2025-01-29T08:59:11","slug":"formsprutning","status":"publish","type":"page","link":"https:\/\/g-man.se\/sv\/formsprutning","title":{"rendered":"Formsprutning"},"content":{"rendered":"[vc_row full_width=&#8221;stretch_row_content_no_spaces&#8221; css=&#8221;.vc_custom_1719335852528{margin-top: 0px !important;padding-top: 0px !important;}&#8221;][vc_column][vc_empty_space height=&#8221;400px&#8221; css=&#8221;.vc_custom_1737716710506{margin-top: -40px !important;background-image: url(https:\/\/g-man.se\/wp-content\/uploads\/formsprutning_handtag-scaled.jpg?id=2711) !important;background-position: center !important;background-repeat: no-repeat !important;background-size: cover !important;}&#8221;][\/vc_column][\/vc_row][vc_row][vc_column width=&#8221;1\/6&#8243;][\/vc_column][vc_column width=&#8221;2\/3&#8243;][vc_custom_heading text=&#8221;Formsprutning&#8221; font_container=&#8221;tag:h1|text_align:left&#8221; use_theme_fonts=&#8221;yes&#8221; css=&#8221;.vc_custom_1725903323557{padding-bottom: 35px !important;}&#8221;][vc_column_text]Formsprutning \u00e4r en teknik som anv\u00e4nds vid tillverkningen av formgjutna plastdetaljer.<\/p>\n<p>Metoden g\u00f6r det m\u00f6jligt att producera ett stort urval av produkter, fr\u00e5n enkla handtag till mer avancerade komponenter med integrerade funktioner. Tack vare sin kapacitet att framst\u00e4lla detaljerade och h\u00e5llbara produkter snabbt och kostnadseffektivt \u00e4r formsprutningen en av de mest anv\u00e4ndbara teknikerna inom tillverkningsindustrin f\u00f6r plastprodukter.<\/p>\n<p>Formsprutning \u00f6ppnar d\u00f6rren till en v\u00e4rld av o\u00e4ndliga m\u00f6jligheter. G-MAN Tools AB anv\u00e4nder sig av formsprutning f\u00f6r att bland annat producera handtag till s\u00e5gar.[\/vc_column_text][vc_empty_space height=&#8221;30px&#8221;][vc_single_image image=&#8221;2754&#8243;][vc_column_text]\n<h2 class=\"western\">Processen och materialval<\/h2>\n<p>Processen med formsprutning b\u00f6rjar med att termoplaster sm\u00e4lts i en cylinder och injiceras sedan under h\u00f6gt tryck i en form. D\u00e4r stelnar plasten och tar formen av den detalj som ska produceras. Den f\u00e4rdiga detaljen matas sedan ut ur formen.[\/vc_column_text][vc_empty_space height=&#8221;30px&#8221;][vc_single_image image=&#8221;2742&#8243;][vc_empty_space height=&#8221;30px&#8221;][vc_column_text]Materialvalet har en avg\u00f6rande inverkan p\u00e5 slutproduktens kvalitet. Formsprutningens styrka ligger i f\u00f6rm\u00e5gan att anpassas till olika materialtyper, vilket ger stor frihet att skapa produkter med \u00f6nskade egenskaper.<\/p>\n<h3 class=\"western\">Detta inneb\u00e4r att:<\/h3>\n<ul>\n<li>Du kan v\u00e4lja material som passar perfekt f\u00f6r din produkts specifika behov.<\/li>\n<li>Du kan dra nytta av olika materials unika egenskaper.<\/li>\n<li>Du kan skapa produkter som \u00e4r b\u00e5de starka och l\u00e4tta.<\/li>\n<li>Du kan skapa produkter som \u00e4r h\u00e5llbara och milj\u00f6v\u00e4nliga.<\/li>\n<\/ul>\n<p>Olika typer av termoplaster v\u00e4ljs beroende p\u00e5 de \u00f6nskade egenskaperna hos den f\u00e4rdiga detaljen. Kunskapen om varje material unika egenskaper, s\u00e5som styrka, temperaturbest\u00e4ndighet, kemisk resistens och transparens \u00e4r d\u00e4rf\u00f6r viktig kunskap.[\/vc_column_text][vc_empty_space height=&#8221;30px&#8221;][vc_single_image image=&#8221;2761&#8243;][vc_column_text]\n<h2 class=\"western\">Fr\u00e5n id\u00e9 till f\u00e4rdig produkt<\/h2>\n<p>Att ta fram egna produkter genom formsprutning ger m\u00e5nga f\u00f6rdelar. Du kan skapa unika produkter som \u00e4r perfekt anpassade till dina specifika behov och krav.<\/p>\n<p>G-MAN Tools erbjuder inte bara tillverkning utan ocks\u00e5 omfattande tj\u00e4nster som prototypframst\u00e4llning och teknisk konsultation. H\u00e4r finns m\u00f6jligheten att ta fram en komplett l\u00f6sning \u00e5t dig, fr\u00e5n id\u00e9 till f\u00e4rdig produkt. Det vi inte har sj\u00e4lva finns i v\u00e5rt kontaktn\u00e4t av expertis och resurser som kr\u00e4vs f\u00f6r att ta fram produkter av h\u00f6g kvalitet. Det g\u00f6r vi i samarbete med designers, ingenj\u00f6rer och materialexperter f\u00f6r att s\u00e4kerst\u00e4lla att din produkt blir precis som du vill ha den.[\/vc_column_text][vc_empty_space height=&#8221;30px&#8221;][vc_single_image image=&#8221;2774&#8243;][vc_empty_space height=&#8221;30px&#8221;][vc_column_text]\n<h2 class=\"western\">Kort om formsprutning<\/h2>\n<ul>\n<li>Formsprutning till\u00e5ter massproduktion av komplexa former med mycket snabba cykeltider, vilket \u00f6kar produktiviteten.<\/li>\n<li>N\u00e4r formverktygen v\u00e4l \u00e4r skapade, blir enhetskostnaden f\u00f6r varje produkt mycket l\u00e5g, vilket g\u00f6r processen kostnadseffektiv vid storskalig produktion.<\/li>\n<li>Kan anv\u00e4nda ett brett spektrum av material och anpassa egenskaper som f\u00e4rg, transparens och h\u00e5rdhet.<\/li>\n<\/ul>\n<ul>\n<li>Flexibilitet i produktionen g\u00f6r det m\u00f6jligt f\u00f6r G-MAN Tools att anpassa sig efter kundspecifika behov, oavsett projektets storlek eller komplexitet.<\/li>\n<li>Den senaste tekniken inom formsprutning s\u00e4kerst\u00e4ller en effektiv produktion och h\u00f6g kvalitet p\u00e5 slutprodukterna.<\/li>\n<li>G-MAN Tools har de r\u00e4tta kontakterna och hj\u00e4lper dig att g\u00e5 fr\u00e5n id\u00e9 till f\u00e4rdig produkt, inklusive design, prototypframst\u00e4llning, och tillverkning<\/li>\n<\/ul>\n[\/vc_column_text][vc_empty_space height=&#8221;40px&#8221;][vc_single_image image=&#8221;2771&#8243;][vc_row_inner][vc_column_inner width=&#8221;1\/2&#8243;][\/vc_column_inner][vc_column_inner width=&#8221;1\/2&#8243;][\/vc_column_inner][\/vc_row_inner][\/vc_column][vc_column width=&#8221;1\/6&#8243;][\/vc_column][\/vc_row][vc_row][vc_column][\/vc_column][\/vc_row]\n","protected":false},"excerpt":{"rendered":"<p>[vc_row full_width=&#8221;stretch_row_content_no_spaces&#8221; css=&#8221;.vc_custom_1719335852528{margin-top: 0px !important;padding-top: 0px !important;}&#8221;][vc_column][vc_empty_space height=&#8221;400px&#8221; css=&#8221;.vc_custom_1737716710506{margin-top: -40px !important;background-image: url(https:\/\/g-man.se\/wp-content\/uploads\/formsprutning_handtag-scaled.jpg?id=2711) !important;background-position: center !important;background-repeat: no-repeat !important;background-size: cover !important;}&#8221;][\/vc_column][\/vc_row][vc_row][vc_column width=&#8221;1\/6&#8243;][\/vc_column][vc_column width=&#8221;2\/3&#8243;][vc_custom_heading text=&#8221;Formsprutning&#8221; font_container=&#8221;tag:h1|text_align:left&#8221; use_theme_fonts=&#8221;yes&#8221; css=&#8221;.vc_custom_1725903323557{padding-bottom: 35px !important;}&#8221;][vc_column_text]Formsprutning \u00e4r en teknik som anv\u00e4nds vid tillverkningen av formgjutna plastdetaljer. Metoden g\u00f6r det&hellip;<\/p>\n","protected":false},"author":3,"featured_media":0,"parent":0,"menu_order":0,"comment_status":"closed","ping_status":"closed","template":"","meta":{"_acf_changed":false,"footnotes":""},"class_list":["post-2660","page","type-page","status-publish","hentry","entry","no-media"],"acf":[],"yoast_head":"<!-- This site is optimized with the Yoast SEO plugin v26.8 - https:\/\/yoast.com\/product\/yoast-seo-wordpress\/ -->\n<title>Formsprutning - G-MAN Tools<\/title>\n<meta name=\"robots\" content=\"index, follow, max-snippet:-1, max-image-preview:large, max-video-preview:-1\" \/>\n<link rel=\"canonical\" href=\"https:\/\/g-man.se\/sv\/formsprutning\" \/>\n<meta property=\"og:locale\" content=\"sv_SE\" \/>\n<meta property=\"og:type\" content=\"article\" \/>\n<meta property=\"og:title\" content=\"Formsprutning - G-MAN Tools\" \/>\n<meta property=\"og:description\" content=\"[vc_row full_width=&#8221;stretch_row_content_no_spaces&#8221; css=&#8221;.vc_custom_1719335852528{margin-top: 0px !important;padding-top: 0px !important;}&#8221;][vc_column][vc_empty_space height=&#8221;400px&#8221; css=&#8221;.vc_custom_1737716710506{margin-top: -40px !important;background-image: url(https:\/\/g-man.se\/wp-content\/uploads\/formsprutning_handtag-scaled.jpg?id=2711) !important;background-position: center !important;background-repeat: no-repeat !important;background-size: cover !important;}&#8221;][\/vc_column][\/vc_row][vc_row][vc_column width=&#8221;1\/6&#8243;][\/vc_column][vc_column width=&#8221;2\/3&#8243;][vc_custom_heading text=&#8221;Formsprutning&#8221; font_container=&#8221;tag:h1|text_align:left&#8221; use_theme_fonts=&#8221;yes&#8221; css=&#8221;.vc_custom_1725903323557{padding-bottom: 35px !important;}&#8221;][vc_column_text]Formsprutning \u00e4r en teknik som anv\u00e4nds vid tillverkningen av formgjutna plastdetaljer. Metoden g\u00f6r det&hellip;\" \/>\n<meta property=\"og:url\" content=\"https:\/\/g-man.se\/sv\/formsprutning\" \/>\n<meta property=\"og:site_name\" content=\"G-MAN Tools\" \/>\n<meta property=\"article:publisher\" content=\"https:\/\/www.facebook.com\/GManToolsAB\/\" \/>\n<meta name=\"twitter:card\" content=\"summary_large_image\" \/>\n<meta name=\"twitter:label1\" content=\"Ber\u00e4knad l\u00e4stid\" \/>\n\t<meta name=\"twitter:data1\" content=\"4 minuter\" \/>\n<script type=\"application\/ld+json\" class=\"yoast-schema-graph\">{\"@context\":\"https:\/\/schema.org\",\"@graph\":[{\"@type\":\"WebPage\",\"@id\":\"https:\/\/g-man.se\/sv\/formsprutning\",\"url\":\"https:\/\/g-man.se\/sv\/formsprutning\",\"name\":\"Formsprutning - G-MAN Tools\",\"isPartOf\":{\"@id\":\"https:\/\/g-man.se\/sv\/sv\/#website\"},\"datePublished\":\"2025-01-29T08:59:11+00:00\",\"breadcrumb\":{\"@id\":\"https:\/\/g-man.se\/sv\/formsprutning#breadcrumb\"},\"inLanguage\":\"sv-SE\",\"potentialAction\":[{\"@type\":\"ReadAction\",\"target\":[\"https:\/\/g-man.se\/sv\/formsprutning\"]}]},{\"@type\":\"BreadcrumbList\",\"@id\":\"https:\/\/g-man.se\/sv\/formsprutning#breadcrumb\",\"itemListElement\":[{\"@type\":\"ListItem\",\"position\":1,\"name\":\"Hem\",\"item\":\"https:\/\/g-man.se\/sv\"},{\"@type\":\"ListItem\",\"position\":2,\"name\":\"Formsprutning\"}]},{\"@type\":\"WebSite\",\"@id\":\"https:\/\/g-man.se\/sv\/sv\/#website\",\"url\":\"https:\/\/g-man.se\/sv\/sv\/\",\"name\":\"G-MAN Tools\",\"description\":\"The Swedish Saw Expert\",\"publisher\":{\"@id\":\"https:\/\/g-man.se\/sv\/sv\/#organization\"},\"potentialAction\":[{\"@type\":\"SearchAction\",\"target\":{\"@type\":\"EntryPoint\",\"urlTemplate\":\"https:\/\/g-man.se\/sv\/sv\/?s={search_term_string}\"},\"query-input\":{\"@type\":\"PropertyValueSpecification\",\"valueRequired\":true,\"valueName\":\"search_term_string\"}}],\"inLanguage\":\"sv-SE\"},{\"@type\":\"Organization\",\"@id\":\"https:\/\/g-man.se\/sv\/sv\/#organization\",\"name\":\"G-Man Tools\",\"url\":\"https:\/\/g-man.se\/sv\/sv\/\",\"logo\":{\"@type\":\"ImageObject\",\"inLanguage\":\"sv-SE\",\"@id\":\"https:\/\/g-man.se\/sv\/sv\/#\/schema\/logo\/image\/\",\"url\":\"https:\/\/g-man.se\/wp-content\/uploads\/g-man-logo.png\",\"contentUrl\":\"https:\/\/g-man.se\/wp-content\/uploads\/g-man-logo.png\",\"width\":1080,\"height\":373,\"caption\":\"G-Man Tools\"},\"image\":{\"@id\":\"https:\/\/g-man.se\/sv\/sv\/#\/schema\/logo\/image\/\"},\"sameAs\":[\"https:\/\/www.facebook.com\/GManToolsAB\/\",\"https:\/\/www.instagram.com\/gmantools\/\",\"https:\/\/se.linkedin.com\/company\/g-man-tools-ab\",\"https:\/\/www.youtube.com\/user\/GManTools\"]}]}<\/script>\n<!-- \/ Yoast SEO plugin. -->","yoast_head_json":{"title":"Formsprutning - G-MAN Tools","robots":{"index":"index","follow":"follow","max-snippet":"max-snippet:-1","max-image-preview":"max-image-preview:large","max-video-preview":"max-video-preview:-1"},"canonical":"https:\/\/g-man.se\/sv\/formsprutning","og_locale":"sv_SE","og_type":"article","og_title":"Formsprutning - G-MAN Tools","og_description":"[vc_row full_width=&#8221;stretch_row_content_no_spaces&#8221; css=&#8221;.vc_custom_1719335852528{margin-top: 0px !important;padding-top: 0px !important;}&#8221;][vc_column][vc_empty_space height=&#8221;400px&#8221; css=&#8221;.vc_custom_1737716710506{margin-top: -40px !important;background-image: url(https:\/\/g-man.se\/wp-content\/uploads\/formsprutning_handtag-scaled.jpg?id=2711) !important;background-position: center !important;background-repeat: no-repeat !important;background-size: cover !important;}&#8221;][\/vc_column][\/vc_row][vc_row][vc_column width=&#8221;1\/6&#8243;][\/vc_column][vc_column width=&#8221;2\/3&#8243;][vc_custom_heading text=&#8221;Formsprutning&#8221; font_container=&#8221;tag:h1|text_align:left&#8221; use_theme_fonts=&#8221;yes&#8221; css=&#8221;.vc_custom_1725903323557{padding-bottom: 35px !important;}&#8221;][vc_column_text]Formsprutning \u00e4r en teknik som anv\u00e4nds vid tillverkningen av formgjutna plastdetaljer. Metoden g\u00f6r det&hellip;","og_url":"https:\/\/g-man.se\/sv\/formsprutning","og_site_name":"G-MAN Tools","article_publisher":"https:\/\/www.facebook.com\/GManToolsAB\/","twitter_card":"summary_large_image","twitter_misc":{"Ber\u00e4knad l\u00e4stid":"4 minuter"},"schema":{"@context":"https:\/\/schema.org","@graph":[{"@type":"WebPage","@id":"https:\/\/g-man.se\/sv\/formsprutning","url":"https:\/\/g-man.se\/sv\/formsprutning","name":"Formsprutning - G-MAN Tools","isPartOf":{"@id":"https:\/\/g-man.se\/sv\/sv\/#website"},"datePublished":"2025-01-29T08:59:11+00:00","breadcrumb":{"@id":"https:\/\/g-man.se\/sv\/formsprutning#breadcrumb"},"inLanguage":"sv-SE","potentialAction":[{"@type":"ReadAction","target":["https:\/\/g-man.se\/sv\/formsprutning"]}]},{"@type":"BreadcrumbList","@id":"https:\/\/g-man.se\/sv\/formsprutning#breadcrumb","itemListElement":[{"@type":"ListItem","position":1,"name":"Hem","item":"https:\/\/g-man.se\/sv"},{"@type":"ListItem","position":2,"name":"Formsprutning"}]},{"@type":"WebSite","@id":"https:\/\/g-man.se\/sv\/sv\/#website","url":"https:\/\/g-man.se\/sv\/sv\/","name":"G-MAN Tools","description":"The Swedish Saw Expert","publisher":{"@id":"https:\/\/g-man.se\/sv\/sv\/#organization"},"potentialAction":[{"@type":"SearchAction","target":{"@type":"EntryPoint","urlTemplate":"https:\/\/g-man.se\/sv\/sv\/?s={search_term_string}"},"query-input":{"@type":"PropertyValueSpecification","valueRequired":true,"valueName":"search_term_string"}}],"inLanguage":"sv-SE"},{"@type":"Organization","@id":"https:\/\/g-man.se\/sv\/sv\/#organization","name":"G-Man Tools","url":"https:\/\/g-man.se\/sv\/sv\/","logo":{"@type":"ImageObject","inLanguage":"sv-SE","@id":"https:\/\/g-man.se\/sv\/sv\/#\/schema\/logo\/image\/","url":"https:\/\/g-man.se\/wp-content\/uploads\/g-man-logo.png","contentUrl":"https:\/\/g-man.se\/wp-content\/uploads\/g-man-logo.png","width":1080,"height":373,"caption":"G-Man Tools"},"image":{"@id":"https:\/\/g-man.se\/sv\/sv\/#\/schema\/logo\/image\/"},"sameAs":["https:\/\/www.facebook.com\/GManToolsAB\/","https:\/\/www.instagram.com\/gmantools\/","https:\/\/se.linkedin.com\/company\/g-man-tools-ab","https:\/\/www.youtube.com\/user\/GManTools"]}]}},"_links":{"self":[{"href":"https:\/\/g-man.se\/sv\/wp-json\/wp\/v2\/pages\/2660","targetHints":{"allow":["GET"]}}],"collection":[{"href":"https:\/\/g-man.se\/sv\/wp-json\/wp\/v2\/pages"}],"about":[{"href":"https:\/\/g-man.se\/sv\/wp-json\/wp\/v2\/types\/page"}],"author":[{"embeddable":true,"href":"https:\/\/g-man.se\/sv\/wp-json\/wp\/v2\/users\/3"}],"replies":[{"embeddable":true,"href":"https:\/\/g-man.se\/sv\/wp-json\/wp\/v2\/comments?post=2660"}],"version-history":[{"count":32,"href":"https:\/\/g-man.se\/sv\/wp-json\/wp\/v2\/pages\/2660\/revisions"}],"predecessor-version":[{"id":2948,"href":"https:\/\/g-man.se\/sv\/wp-json\/wp\/v2\/pages\/2660\/revisions\/2948"}],"wp:attachment":[{"href":"https:\/\/g-man.se\/sv\/wp-json\/wp\/v2\/media?parent=2660"}],"curies":[{"name":"wp","href":"https:\/\/api.w.org\/{rel}","templated":true}]}}