{"id":2654,"date":"2025-01-29T11:32:00","date_gmt":"2025-01-29T10:32:00","guid":{"rendered":"https:\/\/g-man.se\/?page_id=2654"},"modified":"2025-01-29T11:47:29","modified_gmt":"2025-01-29T10:47:29","slug":"biokomposit","status":"publish","type":"page","link":"https:\/\/g-man.se\/sv\/biokomposit","title":{"rendered":"Biokomposit"},"content":{"rendered":"[vc_row full_width=&#8221;stretch_row_content_no_spaces&#8221; css=&#8221;.vc_custom_1738088503515{margin-top: 0px !important;padding-top: 0px !important;}&#8221; visibility=&#8221;hide-at-mm-breakpoint&#8221;][vc_column][vc_empty_space height=&#8221;20px&#8221; css=&#8221;.vc_custom_1738089065507{margin-top: -40px !important;background-color: #eeeeee !important;}&#8221;][vc_empty_space height=&#8221;500px&#8221; css=&#8221;.vc_custom_1738089030936{background: #eeeeee url(https:\/\/g-man.se\/wp-content\/uploads\/gman-handsag-biobaserat-material.png?id=2405) !important;background-position: center !important;background-repeat: no-repeat !important;background-size: contain !important;}&#8221;][vc_empty_space height=&#8221;40px&#8221;][\/vc_column][\/vc_row][vc_row full_width=&#8221;stretch_row_content_no_spaces&#8221; css=&#8221;.vc_custom_1738088509885{margin-top: 0px !important;padding-top: 0px !important;}&#8221; visibility=&#8221;show-at-mm-breakpoint&#8221;][vc_column][vc_empty_space height=&#8221;20px&#8221; css=&#8221;.vc_custom_1738089093056{margin-top: -40px !important;background-color: #eeeeee !important;}&#8221;][vc_empty_space height=&#8221;260px&#8221; css=&#8221;.vc_custom_1738089087977{background: #eeeeee url(https:\/\/g-man.se\/wp-content\/uploads\/gman-handsag-biobaserat-material.png?id=2405) !important;background-position: center !important;background-repeat: no-repeat !important;background-size: contain !important;}&#8221;][vc_empty_space height=&#8221;10px&#8221;][\/vc_column][\/vc_row][vc_row][vc_column width=&#8221;1\/6&#8243;][\/vc_column][vc_column width=&#8221;2\/3&#8243;][vc_custom_heading text=&#8221;Biokomposit, handtaget\/hands\u00e5gar&#8221; font_container=&#8221;tag:h1|text_align:left&#8221; use_theme_fonts=&#8221;yes&#8221; css=&#8221;.vc_custom_1725903153428{padding-bottom: 35px !important;}&#8221;][vc_column_text]\n<p class=\"western\">Milj\u00f6medvetenhet och h\u00e5llbar utveckling har aldrig varit viktigare \u00e4n nu och d\u00e4r tar G-MAN Tools AB ledningen genom att anv\u00e4nda biokomposit i handtaget p\u00e5 sina hands\u00e5gar och fogsvansar. Anv\u00e4ndandet ger en rad f\u00f6rdelar f\u00f6r b\u00e5de milj\u00f6 och anv\u00e4ndare d\u00e5 vi har f\u00e5tt ett nytt material att arbeta med som kombinerar b\u00e5de styrka och h\u00e5llbarhet.<\/p>\n<h2 class=\"western\">Vad \u00e4r d\u00e5 biokomposit?<\/h2>\n<p class=\"western\">Kompositer \u00e4r en kombination av material d\u00e4r varje enskilt material bidrar med sina unika egenskaper och tillsammans skapar ett nytt konstruktionsmaterial med nya egenskaper.<\/p>\n<p class=\"western\">Biokomposit best\u00e5r av material d\u00e4r minst en ingrediens \u00e4r biobaserad, vilket skapar en unik sammans\u00e4ttning som \u00e4r stark, h\u00e5llbar och l\u00e4tt att \u00e5tervinna. Handtaget som G-MAN Tools tagit fram \u00e4r skapat fr\u00e5n n\u00e4stan helt biokompositbaserat material (tr\u00e4fibrer), vilket ger en milj\u00f6v\u00e4nlig l\u00f6sning som minskar behovet av icke-f\u00f6rnybara resurser och fr\u00e4mjar \u00e5tervinning. \u00c4ven om det best\u00e5r av naturfiber delar det egenskaperna hos polystyren, ett material baserat p\u00e5 fossila br\u00e4nslen.<\/p>\n<p class=\"western\">Genom att anv\u00e4nda biokompositmaterial minskar milj\u00f6avtrycket med 65% j\u00e4mf\u00f6rt med om handtaget \u00e4r tillverkat av polystyren. G-MAN Tools AB har i sitt framtagande av materialet valt tr\u00e4fibrer fr\u00e5n h\u00e5llbart skogsbruk som \u00e4r certifierade enligt FCS\/PEFS standarder.<\/p>\n<p class=\"western\">Ytterligare en f\u00f6rdel med biokomposit \u00e4r f\u00f6rst\u00e5s att det \u00e4r enklare att \u00e5tervinna \u00e4n till exempel polystyren.<\/p>\n[\/vc_column_text][vc_single_image image=&#8221;2786&#8243;][vc_column_text]\n<h2 class=\"western\">H\u00e5llbarhet och f\u00f6rdelar<\/h2>\n<p class=\"western\">Materialet g\u00f6r det m\u00f6jligt att producera handtaget till s\u00e5gen med en l\u00e4gre milj\u00f6p\u00e5verkan eftersom det kan \u00e5tervinnas upp till sju g\u00e5nger. Det i sin tur minskar behovet av nytt material och minskar koldioxidavtrycket avsev\u00e4rt.<\/p>\n<p class=\"western\">Hands\u00e5gar d\u00e4r handtaget best\u00e5r av biokomposit ger inte bara milj\u00f6f\u00f6rdelar utan ocks\u00e5 en f\u00f6rb\u00e4ttrad ergonomi och estetik. Materialet till\u00e5ter en flexibilitet i design som traditionellt tr\u00e4material inte kan erbjuda, samtidigt som det beh\u00e5ller en naturlig k\u00e4nsla, har ett sk\u00f6nt grepp och till och med en naturlig doft av tr\u00e4. Det bidrar f\u00f6rst\u00e5s \u00e4ven till en bra anv\u00e4ndarupplevelse.<\/p>\n<p class=\"western\">I takt med att efterfr\u00e5gan p\u00e5 h\u00e5llbara material \u00f6kar, v\u00e4xer \u00e4ven intresset f\u00f6r biokomposit. Det h\u00e4r \u00e4r ett material som erbjuder en l\u00f6sning p\u00e5 m\u00e5nga av dagens milj\u00f6utmaningar genom att minska beroendet av fossila br\u00e4nslen, minska avfall och fr\u00e4mja \u00e5teranv\u00e4ndning och \u00e5tervinning.<\/p>\n<p class=\"western\">Biokomposit \u00e4r ett bra exempel p\u00e5 hur innovation och h\u00e5llbarhet kan g\u00e5 hand i hand. Genom en kombination av egenskaperna hos de naturliga och de syntetiska materialen f\u00e5r vi ett nytt material som kan m\u00f6ta dagens och morgondagens milj\u00f6utmaningar.<\/p>\n[\/vc_column_text][vc_empty_space height=&#8221;40px&#8221;][vc_single_image image=&#8221;2395&#8243;][vc_empty_space height=&#8221;20px&#8221;][vc_column_text]\n<h2 class=\"western\">Kort om biokomposit<\/h2>\n<ul>\n<li>Best\u00e5r av biobaserade komponenter vilket g\u00f6r det starkt, h\u00e5llbart och l\u00e4ttare att \u00e5tervinna.<\/li>\n<li>Bidrar till mindre behov av fossila br\u00e4nslen, fr\u00e4mjar \u00e5tervinning och minskar milj\u00f6p\u00e5verkan.<\/li>\n<li>Reducerar milj\u00f6avtrycket med 65% j\u00e4mf\u00f6rt med traditionella material som polystyren.<\/li>\n<li>Som en del i en h\u00e5llbar utveckling \u00e4r G-MAN Tools AB idag f\u00f6rst med att anv\u00e4nda biokomposit i handtaget f\u00f6r sin hands\u00e5g.<\/li>\n<\/ul>\n[\/vc_column_text][vc_empty_space height=&#8221;50px&#8221;][vc_raw_html]JTNDaWZyYW1lJTIwd2lkdGglM0QlMjI2NTAlMjIlMjBoZWlnaHQlM0QlMjIzNjQlMjIlMjBzcmMlM0QlMjJodHRwcyUzQSUyRiUyRnd3dy55b3V0dWJlLmNvbSUyRmVtYmVkJTJGLThsNndEUVRXQmslM0ZzaSUzRC1BY3FSV3drZldjeXlJZUIlMjIlMjB0aXRsZSUzRCUyMllvdVR1YmUlMjB2aWRlbyUyMHBsYXllciUyMiUyMGZyYW1lYm9yZGVyJTNEJTIyMCUyMiUyMGFsbG93JTNEJTIyYWNjZWxlcm9tZXRlciUzQiUyMGF1dG9wbGF5JTNCJTIwY2xpcGJvYXJkLXdyaXRlJTNCJTIwZW5jcnlwdGVkLW1lZGlhJTNCJTIwZ3lyb3Njb3BlJTNCJTIwcGljdHVyZS1pbi1waWN0dXJlJTNCJTIwd2ViLXNoYXJlJTIyJTIwcmVmZXJyZXJwb2xpY3klM0QlMjJzdHJpY3Qtb3JpZ2luLXdoZW4tY3Jvc3Mtb3JpZ2luJTIyJTIwYWxsb3dmdWxsc2NyZWVuJTNFJTNDJTJGaWZyYW1lJTNF[\/vc_raw_html][vc_empty_space height=&#8221;50px&#8221;][\/vc_column][vc_column width=&#8221;1\/6&#8243;][\/vc_column][\/vc_row]\n","protected":false},"excerpt":{"rendered":"<p>[vc_row full_width=&#8221;stretch_row_content_no_spaces&#8221; css=&#8221;.vc_custom_1738088503515{margin-top: 0px !important;padding-top: 0px !important;}&#8221; visibility=&#8221;hide-at-mm-breakpoint&#8221;][vc_column][vc_empty_space height=&#8221;20px&#8221; css=&#8221;.vc_custom_1738089065507{margin-top: -40px !important;background-color: #eeeeee !important;}&#8221;][vc_empty_space height=&#8221;500px&#8221; css=&#8221;.vc_custom_1738089030936{background: #eeeeee url(https:\/\/g-man.se\/wp-content\/uploads\/gman-handsag-biobaserat-material.png?id=2405) !important;background-position: center !important;background-repeat: no-repeat !important;background-size: contain !important;}&#8221;][vc_empty_space height=&#8221;40px&#8221;][\/vc_column][\/vc_row][vc_row full_width=&#8221;stretch_row_content_no_spaces&#8221; css=&#8221;.vc_custom_1738088509885{margin-top: 0px !important;padding-top: 0px !important;}&#8221; visibility=&#8221;show-at-mm-breakpoint&#8221;][vc_column][vc_empty_space height=&#8221;20px&#8221; css=&#8221;.vc_custom_1738089093056{margin-top: -40px !important;background-color: #eeeeee !important;}&#8221;][vc_empty_space height=&#8221;260px&#8221;&hellip;<\/p>\n","protected":false},"author":3,"featured_media":0,"parent":0,"menu_order":0,"comment_status":"closed","ping_status":"closed","template":"","meta":{"_acf_changed":false,"footnotes":""},"class_list":["post-2654","page","type-page","status-publish","hentry","entry","no-media"],"acf":[],"yoast_head":"<!-- This site is optimized with the Yoast SEO plugin v26.8 - https:\/\/yoast.com\/product\/yoast-seo-wordpress\/ -->\n<title>Biokomposit - G-MAN Tools<\/title>\n<meta name=\"robots\" content=\"index, follow, max-snippet:-1, max-image-preview:large, max-video-preview:-1\" \/>\n<link rel=\"canonical\" href=\"https:\/\/g-man.se\/sv\/biokomposit\" \/>\n<meta property=\"og:locale\" content=\"sv_SE\" \/>\n<meta property=\"og:type\" content=\"article\" \/>\n<meta property=\"og:title\" content=\"Biokomposit - G-MAN Tools\" \/>\n<meta property=\"og:description\" content=\"[vc_row full_width=&#8221;stretch_row_content_no_spaces&#8221; css=&#8221;.vc_custom_1738088503515{margin-top: 0px !important;padding-top: 0px !important;}&#8221; visibility=&#8221;hide-at-mm-breakpoint&#8221;][vc_column][vc_empty_space height=&#8221;20px&#8221; css=&#8221;.vc_custom_1738089065507{margin-top: -40px !important;background-color: #eeeeee !important;}&#8221;][vc_empty_space height=&#8221;500px&#8221; css=&#8221;.vc_custom_1738089030936{background: #eeeeee url(https:\/\/g-man.se\/wp-content\/uploads\/gman-handsag-biobaserat-material.png?id=2405) !important;background-position: center !important;background-repeat: no-repeat !important;background-size: contain !important;}&#8221;][vc_empty_space height=&#8221;40px&#8221;][\/vc_column][\/vc_row][vc_row full_width=&#8221;stretch_row_content_no_spaces&#8221; css=&#8221;.vc_custom_1738088509885{margin-top: 0px !important;padding-top: 0px !important;}&#8221; visibility=&#8221;show-at-mm-breakpoint&#8221;][vc_column][vc_empty_space height=&#8221;20px&#8221; css=&#8221;.vc_custom_1738089093056{margin-top: -40px !important;background-color: #eeeeee !important;}&#8221;][vc_empty_space height=&#8221;260px&#8221;&hellip;\" \/>\n<meta property=\"og:url\" content=\"https:\/\/g-man.se\/sv\/biokomposit\" \/>\n<meta property=\"og:site_name\" content=\"G-MAN Tools\" \/>\n<meta property=\"article:publisher\" content=\"https:\/\/www.facebook.com\/GManToolsAB\/\" \/>\n<meta property=\"article:modified_time\" content=\"2025-01-29T10:47:29+00:00\" \/>\n<meta name=\"twitter:card\" content=\"summary_large_image\" \/>\n<meta name=\"twitter:label1\" content=\"Ber\u00e4knad l\u00e4stid\" \/>\n\t<meta name=\"twitter:data1\" content=\"4 minuter\" \/>\n<script type=\"application\/ld+json\" class=\"yoast-schema-graph\">{\"@context\":\"https:\/\/schema.org\",\"@graph\":[{\"@type\":\"WebPage\",\"@id\":\"https:\/\/g-man.se\/sv\/biokomposit\",\"url\":\"https:\/\/g-man.se\/sv\/biokomposit\",\"name\":\"Biokomposit - G-MAN Tools\",\"isPartOf\":{\"@id\":\"https:\/\/g-man.se\/sv\/sv\/#website\"},\"datePublished\":\"2025-01-29T10:32:00+00:00\",\"dateModified\":\"2025-01-29T10:47:29+00:00\",\"breadcrumb\":{\"@id\":\"https:\/\/g-man.se\/sv\/biokomposit#breadcrumb\"},\"inLanguage\":\"sv-SE\",\"potentialAction\":[{\"@type\":\"ReadAction\",\"target\":[\"https:\/\/g-man.se\/sv\/biokomposit\"]}]},{\"@type\":\"BreadcrumbList\",\"@id\":\"https:\/\/g-man.se\/sv\/biokomposit#breadcrumb\",\"itemListElement\":[{\"@type\":\"ListItem\",\"position\":1,\"name\":\"Hem\",\"item\":\"https:\/\/g-man.se\/sv\"},{\"@type\":\"ListItem\",\"position\":2,\"name\":\"Biokomposit\"}]},{\"@type\":\"WebSite\",\"@id\":\"https:\/\/g-man.se\/sv\/sv\/#website\",\"url\":\"https:\/\/g-man.se\/sv\/sv\/\",\"name\":\"G-MAN Tools\",\"description\":\"The Swedish Saw Expert\",\"publisher\":{\"@id\":\"https:\/\/g-man.se\/sv\/sv\/#organization\"},\"potentialAction\":[{\"@type\":\"SearchAction\",\"target\":{\"@type\":\"EntryPoint\",\"urlTemplate\":\"https:\/\/g-man.se\/sv\/sv\/?s={search_term_string}\"},\"query-input\":{\"@type\":\"PropertyValueSpecification\",\"valueRequired\":true,\"valueName\":\"search_term_string\"}}],\"inLanguage\":\"sv-SE\"},{\"@type\":\"Organization\",\"@id\":\"https:\/\/g-man.se\/sv\/sv\/#organization\",\"name\":\"G-Man Tools\",\"url\":\"https:\/\/g-man.se\/sv\/sv\/\",\"logo\":{\"@type\":\"ImageObject\",\"inLanguage\":\"sv-SE\",\"@id\":\"https:\/\/g-man.se\/sv\/sv\/#\/schema\/logo\/image\/\",\"url\":\"https:\/\/g-man.se\/wp-content\/uploads\/g-man-logo.png\",\"contentUrl\":\"https:\/\/g-man.se\/wp-content\/uploads\/g-man-logo.png\",\"width\":1080,\"height\":373,\"caption\":\"G-Man Tools\"},\"image\":{\"@id\":\"https:\/\/g-man.se\/sv\/sv\/#\/schema\/logo\/image\/\"},\"sameAs\":[\"https:\/\/www.facebook.com\/GManToolsAB\/\",\"https:\/\/www.instagram.com\/gmantools\/\",\"https:\/\/se.linkedin.com\/company\/g-man-tools-ab\",\"https:\/\/www.youtube.com\/user\/GManTools\"]}]}<\/script>\n<!-- \/ Yoast SEO plugin. -->","yoast_head_json":{"title":"Biokomposit - G-MAN Tools","robots":{"index":"index","follow":"follow","max-snippet":"max-snippet:-1","max-image-preview":"max-image-preview:large","max-video-preview":"max-video-preview:-1"},"canonical":"https:\/\/g-man.se\/sv\/biokomposit","og_locale":"sv_SE","og_type":"article","og_title":"Biokomposit - G-MAN Tools","og_description":"[vc_row full_width=&#8221;stretch_row_content_no_spaces&#8221; css=&#8221;.vc_custom_1738088503515{margin-top: 0px !important;padding-top: 0px !important;}&#8221; visibility=&#8221;hide-at-mm-breakpoint&#8221;][vc_column][vc_empty_space height=&#8221;20px&#8221; css=&#8221;.vc_custom_1738089065507{margin-top: -40px !important;background-color: #eeeeee !important;}&#8221;][vc_empty_space height=&#8221;500px&#8221; css=&#8221;.vc_custom_1738089030936{background: #eeeeee url(https:\/\/g-man.se\/wp-content\/uploads\/gman-handsag-biobaserat-material.png?id=2405) !important;background-position: center !important;background-repeat: no-repeat !important;background-size: contain !important;}&#8221;][vc_empty_space height=&#8221;40px&#8221;][\/vc_column][\/vc_row][vc_row full_width=&#8221;stretch_row_content_no_spaces&#8221; css=&#8221;.vc_custom_1738088509885{margin-top: 0px !important;padding-top: 0px !important;}&#8221; visibility=&#8221;show-at-mm-breakpoint&#8221;][vc_column][vc_empty_space height=&#8221;20px&#8221; css=&#8221;.vc_custom_1738089093056{margin-top: -40px !important;background-color: #eeeeee !important;}&#8221;][vc_empty_space height=&#8221;260px&#8221;&hellip;","og_url":"https:\/\/g-man.se\/sv\/biokomposit","og_site_name":"G-MAN Tools","article_publisher":"https:\/\/www.facebook.com\/GManToolsAB\/","article_modified_time":"2025-01-29T10:47:29+00:00","twitter_card":"summary_large_image","twitter_misc":{"Ber\u00e4knad l\u00e4stid":"4 minuter"},"schema":{"@context":"https:\/\/schema.org","@graph":[{"@type":"WebPage","@id":"https:\/\/g-man.se\/sv\/biokomposit","url":"https:\/\/g-man.se\/sv\/biokomposit","name":"Biokomposit - G-MAN Tools","isPartOf":{"@id":"https:\/\/g-man.se\/sv\/sv\/#website"},"datePublished":"2025-01-29T10:32:00+00:00","dateModified":"2025-01-29T10:47:29+00:00","breadcrumb":{"@id":"https:\/\/g-man.se\/sv\/biokomposit#breadcrumb"},"inLanguage":"sv-SE","potentialAction":[{"@type":"ReadAction","target":["https:\/\/g-man.se\/sv\/biokomposit"]}]},{"@type":"BreadcrumbList","@id":"https:\/\/g-man.se\/sv\/biokomposit#breadcrumb","itemListElement":[{"@type":"ListItem","position":1,"name":"Hem","item":"https:\/\/g-man.se\/sv"},{"@type":"ListItem","position":2,"name":"Biokomposit"}]},{"@type":"WebSite","@id":"https:\/\/g-man.se\/sv\/sv\/#website","url":"https:\/\/g-man.se\/sv\/sv\/","name":"G-MAN Tools","description":"The Swedish Saw Expert","publisher":{"@id":"https:\/\/g-man.se\/sv\/sv\/#organization"},"potentialAction":[{"@type":"SearchAction","target":{"@type":"EntryPoint","urlTemplate":"https:\/\/g-man.se\/sv\/sv\/?s={search_term_string}"},"query-input":{"@type":"PropertyValueSpecification","valueRequired":true,"valueName":"search_term_string"}}],"inLanguage":"sv-SE"},{"@type":"Organization","@id":"https:\/\/g-man.se\/sv\/sv\/#organization","name":"G-Man Tools","url":"https:\/\/g-man.se\/sv\/sv\/","logo":{"@type":"ImageObject","inLanguage":"sv-SE","@id":"https:\/\/g-man.se\/sv\/sv\/#\/schema\/logo\/image\/","url":"https:\/\/g-man.se\/wp-content\/uploads\/g-man-logo.png","contentUrl":"https:\/\/g-man.se\/wp-content\/uploads\/g-man-logo.png","width":1080,"height":373,"caption":"G-Man Tools"},"image":{"@id":"https:\/\/g-man.se\/sv\/sv\/#\/schema\/logo\/image\/"},"sameAs":["https:\/\/www.facebook.com\/GManToolsAB\/","https:\/\/www.instagram.com\/gmantools\/","https:\/\/se.linkedin.com\/company\/g-man-tools-ab","https:\/\/www.youtube.com\/user\/GManTools"]}]}},"_links":{"self":[{"href":"https:\/\/g-man.se\/sv\/wp-json\/wp\/v2\/pages\/2654","targetHints":{"allow":["GET"]}}],"collection":[{"href":"https:\/\/g-man.se\/sv\/wp-json\/wp\/v2\/pages"}],"about":[{"href":"https:\/\/g-man.se\/sv\/wp-json\/wp\/v2\/types\/page"}],"author":[{"embeddable":true,"href":"https:\/\/g-man.se\/sv\/wp-json\/wp\/v2\/users\/3"}],"replies":[{"embeddable":true,"href":"https:\/\/g-man.se\/sv\/wp-json\/wp\/v2\/comments?post=2654"}],"version-history":[{"count":63,"href":"https:\/\/g-man.se\/sv\/wp-json\/wp\/v2\/pages\/2654\/revisions"}],"predecessor-version":[{"id":2858,"href":"https:\/\/g-man.se\/sv\/wp-json\/wp\/v2\/pages\/2654\/revisions\/2858"}],"wp:attachment":[{"href":"https:\/\/g-man.se\/sv\/wp-json\/wp\/v2\/media?parent=2654"}],"curies":[{"name":"wp","href":"https:\/\/api.w.org\/{rel}","templated":true}]}}