{"id":2477,"date":"2024-04-15T15:22:37","date_gmt":"2024-04-15T13:22:37","guid":{"rendered":"https:\/\/g-man.se\/?page_id=2477"},"modified":"2024-04-15T15:22:37","modified_gmt":"2024-04-15T13:22:37","slug":"profilera-ditt-varumarke-pa-var-sag","status":"publish","type":"page","link":"https:\/\/g-man.se\/sv\/profilera-ditt-varumarke-pa-var-sag","title":{"rendered":"Profilera ditt varum\u00e4rke p\u00e5 v\u00e5r s\u00e5g"},"content":{"rendered":"[vc_row][vc_column][vc_single_image image=&#8221;2468&#8243; css=&#8221;.vc_custom_1713185731860{padding-bottom: 20px !important;}&#8221;][vc_column_text css=&#8221;.vc_custom_1713187289108{padding-top: 20px !important;padding-bottom: 20px !important;}&#8221;]\n<h1>Profilera ditt varum\u00e4rke p\u00e5 v\u00e5r s\u00e5g<\/h1>\n[\/vc_column_text][\/vc_column][\/vc_row][vc_row][vc_column width=&#8221;1\/2&#8243;][vc_custom_heading text=&#8221;328H22U7 Universal \u2013 Med din egen design&#8221; font_container=&#8221;tag:h2|font_size:21px|text_align:left|line_height:1.2&#8243; use_theme_fonts=&#8221;yes&#8221; css=&#8221;.vc_custom_1713186130070{margin-top: 10px !important;padding-bottom: 10px !important;}&#8221;][vc_column_text]Visa upp ditt varum\u00e4rke p\u00e5 v\u00e5r s\u00e5g. Du kan placera din logotyp och andra designelement p\u00e5 s\u00e5gbladet och v\u00e4lja ett handtaget i en f\u00e4rg som speglar ditt varum\u00e4rke f\u00f6r att skapa en unik profil.<\/p>\n<ul>\n<li>Tillg\u00e4ngliga handtagsf\u00e4rger, svart, bl\u00e5, r\u00f6d, gr\u00f6n och orange.<\/li>\n<li>Tryckyta 200&#215;70 mm<\/li>\n<li>Levereras i 25-pack<\/li>\n<\/ul>\n<ul>\n<li>Bilder i form av logotyper eller andra vektoriserade bilder b\u00f6r helst bifogas som \u00f6ppna EPS-filer. H\u00f6guppl\u00f6sta pdf filer funkar ocks\u00e5.<\/li>\n<li>Filen b\u00f6r inneh\u00e5lla kul\u00f6rinformation, Eventuella fotografier m\u00e5ste bifogas i TIF- eller JPG-format.<\/li>\n<li>Texter som ska tryckas b\u00f6r anges med typsnitt och eventuell teckenstorlek.<\/li>\n<\/ul>\n[\/vc_column_text][\/vc_column][vc_column width=&#8221;1\/2&#8243;][vc_single_image image=&#8221;2518&#8243; img_size=&#8221;large&#8221; onclick=&#8221;img_link_large&#8221;][vc_single_image image=&#8221;2486&#8243; img_size=&#8221;large&#8221; onclick=&#8221;img_link_large&#8221;][\/vc_column][\/vc_row][vc_row][vc_column]<div class=\"vcex-shortcode wpex-clr\">\n<table id=\"tablepress-39\" class=\"tablepress tablepress-id-39\">\n<thead>\n<tr class=\"row-1\">\n\t<th class=\"column-1\">L\u00e4ngd (mm)<\/th><th class=\"column-2\">L\u00e4ngd (tum)<\/th><th class=\"column-3\">F\u00f6rpackningsstorlek<\/th>\n<\/tr>\n<\/thead>\n<tbody class=\"row-striping\">\n<tr class=\"row-2\">\n\t<td class=\"column-1\">550<\/td><td class=\"column-2\">22<\/td><td class=\"column-3\">25-pack<\/td>\n<\/tr>\n<\/tbody>\n<\/table>\n<\/div>[\/vc_column][\/vc_row]\n","protected":false},"excerpt":{"rendered":"<p>[vc_row][vc_column][vc_single_image image=&#8221;2468&#8243; css=&#8221;.vc_custom_1713185731860{padding-bottom: 20px !important;}&#8221;][vc_column_text css=&#8221;.vc_custom_1713187289108{padding-top: 20px !important;padding-bottom: 20px !important;}&#8221;] Profilera ditt varum\u00e4rke p\u00e5 v\u00e5r s\u00e5g [\/vc_column_text][\/vc_column][\/vc_row][vc_row][vc_column width=&#8221;1\/2&#8243;][vc_custom_heading text=&#8221;328H22U7 Universal \u2013 Med din egen design&#8221; font_container=&#8221;tag:h2|font_size:21px|text_align:left|line_height:1.2&#8243; use_theme_fonts=&#8221;yes&#8221; css=&#8221;.vc_custom_1713186130070{margin-top: 10px !important;padding-bottom: 10px !important;}&#8221;][vc_column_text]Visa upp ditt varum\u00e4rke p\u00e5 v\u00e5r s\u00e5g. Du kan&hellip;<\/p>\n","protected":false},"author":3,"featured_media":0,"parent":0,"menu_order":0,"comment_status":"closed","ping_status":"closed","template":"","meta":{"_acf_changed":false,"footnotes":""},"class_list":["post-2477","page","type-page","status-publish","hentry","entry","no-media"],"acf":[],"yoast_head":"<!-- This site is optimized with the Yoast SEO plugin v26.8 - https:\/\/yoast.com\/product\/yoast-seo-wordpress\/ -->\n<title>Profilera ditt varum\u00e4rke p\u00e5 v\u00e5r s\u00e5g - G-MAN Tools<\/title>\n<meta name=\"robots\" content=\"index, follow, max-snippet:-1, max-image-preview:large, max-video-preview:-1\" \/>\n<link rel=\"canonical\" href=\"https:\/\/g-man.se\/sv\/profilera-ditt-varumarke-pa-var-sag\" \/>\n<meta property=\"og:locale\" content=\"sv_SE\" \/>\n<meta property=\"og:type\" content=\"article\" \/>\n<meta property=\"og:title\" content=\"Profilera ditt varum\u00e4rke p\u00e5 v\u00e5r s\u00e5g - G-MAN Tools\" \/>\n<meta property=\"og:description\" content=\"[vc_row][vc_column][vc_single_image image=&#8221;2468&#8243; css=&#8221;.vc_custom_1713185731860{padding-bottom: 20px !important;}&#8221;][vc_column_text css=&#8221;.vc_custom_1713187289108{padding-top: 20px !important;padding-bottom: 20px !important;}&#8221;] Profilera ditt varum\u00e4rke p\u00e5 v\u00e5r s\u00e5g [\/vc_column_text][\/vc_column][\/vc_row][vc_row][vc_column width=&#8221;1\/2&#8243;][vc_custom_heading text=&#8221;328H22U7 Universal \u2013 Med din egen design&#8221; font_container=&#8221;tag:h2|font_size:21px|text_align:left|line_height:1.2&#8243; use_theme_fonts=&#8221;yes&#8221; css=&#8221;.vc_custom_1713186130070{margin-top: 10px !important;padding-bottom: 10px !important;}&#8221;][vc_column_text]Visa upp ditt varum\u00e4rke p\u00e5 v\u00e5r s\u00e5g. Du kan&hellip;\" \/>\n<meta property=\"og:url\" content=\"https:\/\/g-man.se\/sv\/profilera-ditt-varumarke-pa-var-sag\" \/>\n<meta property=\"og:site_name\" content=\"G-MAN Tools\" \/>\n<meta property=\"article:publisher\" content=\"https:\/\/www.facebook.com\/GManToolsAB\/\" \/>\n<meta name=\"twitter:card\" content=\"summary_large_image\" \/>\n<meta name=\"twitter:label1\" content=\"Ber\u00e4knad l\u00e4stid\" \/>\n\t<meta name=\"twitter:data1\" content=\"1 minut\" \/>\n<script type=\"application\/ld+json\" class=\"yoast-schema-graph\">{\"@context\":\"https:\/\/schema.org\",\"@graph\":[{\"@type\":\"WebPage\",\"@id\":\"https:\/\/g-man.se\/sv\/profilera-ditt-varumarke-pa-var-sag\",\"url\":\"https:\/\/g-man.se\/sv\/profilera-ditt-varumarke-pa-var-sag\",\"name\":\"Profilera ditt varum\u00e4rke p\u00e5 v\u00e5r s\u00e5g - G-MAN Tools\",\"isPartOf\":{\"@id\":\"https:\/\/g-man.se\/sv\/sv\/#website\"},\"datePublished\":\"2024-04-15T13:22:37+00:00\",\"breadcrumb\":{\"@id\":\"https:\/\/g-man.se\/sv\/profilera-ditt-varumarke-pa-var-sag#breadcrumb\"},\"inLanguage\":\"sv-SE\",\"potentialAction\":[{\"@type\":\"ReadAction\",\"target\":[\"https:\/\/g-man.se\/sv\/profilera-ditt-varumarke-pa-var-sag\"]}]},{\"@type\":\"BreadcrumbList\",\"@id\":\"https:\/\/g-man.se\/sv\/profilera-ditt-varumarke-pa-var-sag#breadcrumb\",\"itemListElement\":[{\"@type\":\"ListItem\",\"position\":1,\"name\":\"Hem\",\"item\":\"https:\/\/g-man.se\/sv\"},{\"@type\":\"ListItem\",\"position\":2,\"name\":\"Profilera ditt varum\u00e4rke p\u00e5 v\u00e5r s\u00e5g\"}]},{\"@type\":\"WebSite\",\"@id\":\"https:\/\/g-man.se\/sv\/sv\/#website\",\"url\":\"https:\/\/g-man.se\/sv\/sv\/\",\"name\":\"G-MAN Tools\",\"description\":\"The Swedish Saw Expert\",\"publisher\":{\"@id\":\"https:\/\/g-man.se\/sv\/sv\/#organization\"},\"potentialAction\":[{\"@type\":\"SearchAction\",\"target\":{\"@type\":\"EntryPoint\",\"urlTemplate\":\"https:\/\/g-man.se\/sv\/sv\/?s={search_term_string}\"},\"query-input\":{\"@type\":\"PropertyValueSpecification\",\"valueRequired\":true,\"valueName\":\"search_term_string\"}}],\"inLanguage\":\"sv-SE\"},{\"@type\":\"Organization\",\"@id\":\"https:\/\/g-man.se\/sv\/sv\/#organization\",\"name\":\"G-Man Tools\",\"url\":\"https:\/\/g-man.se\/sv\/sv\/\",\"logo\":{\"@type\":\"ImageObject\",\"inLanguage\":\"sv-SE\",\"@id\":\"https:\/\/g-man.se\/sv\/sv\/#\/schema\/logo\/image\/\",\"url\":\"https:\/\/g-man.se\/wp-content\/uploads\/g-man-logo.png\",\"contentUrl\":\"https:\/\/g-man.se\/wp-content\/uploads\/g-man-logo.png\",\"width\":1080,\"height\":373,\"caption\":\"G-Man Tools\"},\"image\":{\"@id\":\"https:\/\/g-man.se\/sv\/sv\/#\/schema\/logo\/image\/\"},\"sameAs\":[\"https:\/\/www.facebook.com\/GManToolsAB\/\",\"https:\/\/www.instagram.com\/gmantools\/\",\"https:\/\/se.linkedin.com\/company\/g-man-tools-ab\",\"https:\/\/www.youtube.com\/user\/GManTools\"]}]}<\/script>\n<!-- \/ Yoast SEO plugin. -->","yoast_head_json":{"title":"Profilera ditt varum\u00e4rke p\u00e5 v\u00e5r s\u00e5g - G-MAN Tools","robots":{"index":"index","follow":"follow","max-snippet":"max-snippet:-1","max-image-preview":"max-image-preview:large","max-video-preview":"max-video-preview:-1"},"canonical":"https:\/\/g-man.se\/sv\/profilera-ditt-varumarke-pa-var-sag","og_locale":"sv_SE","og_type":"article","og_title":"Profilera ditt varum\u00e4rke p\u00e5 v\u00e5r s\u00e5g - G-MAN Tools","og_description":"[vc_row][vc_column][vc_single_image image=&#8221;2468&#8243; css=&#8221;.vc_custom_1713185731860{padding-bottom: 20px !important;}&#8221;][vc_column_text css=&#8221;.vc_custom_1713187289108{padding-top: 20px !important;padding-bottom: 20px !important;}&#8221;] Profilera ditt varum\u00e4rke p\u00e5 v\u00e5r s\u00e5g [\/vc_column_text][\/vc_column][\/vc_row][vc_row][vc_column width=&#8221;1\/2&#8243;][vc_custom_heading text=&#8221;328H22U7 Universal \u2013 Med din egen design&#8221; font_container=&#8221;tag:h2|font_size:21px|text_align:left|line_height:1.2&#8243; use_theme_fonts=&#8221;yes&#8221; css=&#8221;.vc_custom_1713186130070{margin-top: 10px !important;padding-bottom: 10px !important;}&#8221;][vc_column_text]Visa upp ditt varum\u00e4rke p\u00e5 v\u00e5r s\u00e5g. Du kan&hellip;","og_url":"https:\/\/g-man.se\/sv\/profilera-ditt-varumarke-pa-var-sag","og_site_name":"G-MAN Tools","article_publisher":"https:\/\/www.facebook.com\/GManToolsAB\/","twitter_card":"summary_large_image","twitter_misc":{"Ber\u00e4knad l\u00e4stid":"1 minut"},"schema":{"@context":"https:\/\/schema.org","@graph":[{"@type":"WebPage","@id":"https:\/\/g-man.se\/sv\/profilera-ditt-varumarke-pa-var-sag","url":"https:\/\/g-man.se\/sv\/profilera-ditt-varumarke-pa-var-sag","name":"Profilera ditt varum\u00e4rke p\u00e5 v\u00e5r s\u00e5g - G-MAN Tools","isPartOf":{"@id":"https:\/\/g-man.se\/sv\/sv\/#website"},"datePublished":"2024-04-15T13:22:37+00:00","breadcrumb":{"@id":"https:\/\/g-man.se\/sv\/profilera-ditt-varumarke-pa-var-sag#breadcrumb"},"inLanguage":"sv-SE","potentialAction":[{"@type":"ReadAction","target":["https:\/\/g-man.se\/sv\/profilera-ditt-varumarke-pa-var-sag"]}]},{"@type":"BreadcrumbList","@id":"https:\/\/g-man.se\/sv\/profilera-ditt-varumarke-pa-var-sag#breadcrumb","itemListElement":[{"@type":"ListItem","position":1,"name":"Hem","item":"https:\/\/g-man.se\/sv"},{"@type":"ListItem","position":2,"name":"Profilera ditt varum\u00e4rke p\u00e5 v\u00e5r s\u00e5g"}]},{"@type":"WebSite","@id":"https:\/\/g-man.se\/sv\/sv\/#website","url":"https:\/\/g-man.se\/sv\/sv\/","name":"G-MAN Tools","description":"The Swedish Saw Expert","publisher":{"@id":"https:\/\/g-man.se\/sv\/sv\/#organization"},"potentialAction":[{"@type":"SearchAction","target":{"@type":"EntryPoint","urlTemplate":"https:\/\/g-man.se\/sv\/sv\/?s={search_term_string}"},"query-input":{"@type":"PropertyValueSpecification","valueRequired":true,"valueName":"search_term_string"}}],"inLanguage":"sv-SE"},{"@type":"Organization","@id":"https:\/\/g-man.se\/sv\/sv\/#organization","name":"G-Man Tools","url":"https:\/\/g-man.se\/sv\/sv\/","logo":{"@type":"ImageObject","inLanguage":"sv-SE","@id":"https:\/\/g-man.se\/sv\/sv\/#\/schema\/logo\/image\/","url":"https:\/\/g-man.se\/wp-content\/uploads\/g-man-logo.png","contentUrl":"https:\/\/g-man.se\/wp-content\/uploads\/g-man-logo.png","width":1080,"height":373,"caption":"G-Man Tools"},"image":{"@id":"https:\/\/g-man.se\/sv\/sv\/#\/schema\/logo\/image\/"},"sameAs":["https:\/\/www.facebook.com\/GManToolsAB\/","https:\/\/www.instagram.com\/gmantools\/","https:\/\/se.linkedin.com\/company\/g-man-tools-ab","https:\/\/www.youtube.com\/user\/GManTools"]}]}},"_links":{"self":[{"href":"https:\/\/g-man.se\/sv\/wp-json\/wp\/v2\/pages\/2477","targetHints":{"allow":["GET"]}}],"collection":[{"href":"https:\/\/g-man.se\/sv\/wp-json\/wp\/v2\/pages"}],"about":[{"href":"https:\/\/g-man.se\/sv\/wp-json\/wp\/v2\/types\/page"}],"author":[{"embeddable":true,"href":"https:\/\/g-man.se\/sv\/wp-json\/wp\/v2\/users\/3"}],"replies":[{"embeddable":true,"href":"https:\/\/g-man.se\/sv\/wp-json\/wp\/v2\/comments?post=2477"}],"version-history":[{"count":29,"href":"https:\/\/g-man.se\/sv\/wp-json\/wp\/v2\/pages\/2477\/revisions"}],"predecessor-version":[{"id":2525,"href":"https:\/\/g-man.se\/sv\/wp-json\/wp\/v2\/pages\/2477\/revisions\/2525"}],"wp:attachment":[{"href":"https:\/\/g-man.se\/sv\/wp-json\/wp\/v2\/media?parent=2477"}],"curies":[{"name":"wp","href":"https:\/\/api.w.org\/{rel}","templated":true}]}}