{"id":2330,"date":"2024-04-14T16:18:39","date_gmt":"2024-04-14T14:18:39","guid":{"rendered":"https:\/\/g-man.se\/?page_id=2330"},"modified":"2026-03-03T17:41:46","modified_gmt":"2026-03-03T16:41:46","slug":"for-en-hallbar-framtid","status":"publish","type":"page","link":"https:\/\/g-man.se\/sv\/for-en-hallbar-framtid","title":{"rendered":"F\u00f6r en h\u00e5llbar framtid"},"content":{"rendered":"[vc_row full_width=&#8221;stretch_row&#8221; wpex_bg_overlay=&#8221;color&#8221; css=&#8221;.vc_custom_1713116487764{margin-top: -40px !important;margin-right: 0px !important;margin-bottom: 0px !important;margin-left: 0px !important;padding-top: 0px !important;padding-right: 0px !important;padding-bottom: 0px !important;padding-left: 0px !important;background-image: url(https:\/\/g-man.se\/wp-content\/uploads\/forest.jpg?id=2272) !important;background-position: center !important;background-repeat: no-repeat !important;background-size: cover !important;}&#8221; wpex_bg_overlay_color=&#8221;rgba(255,255,255,0.2)&#8221;][vc_column][vc_empty_space height=&#8221;400px&#8221;][\/vc_column][\/vc_row][vc_row full_width=&#8221;stretch_row&#8221; css=&#8221;.vc_custom_1713099285347{margin-top: 50px !important;}&#8221;][vc_column][vc_custom_heading text=&#8221;F\u00d6R EN H\u00c5LLBAR FRAMTID&#8221; font_container=&#8221;tag:h1|text_align:left&#8221; use_theme_fonts=&#8221;yes&#8221; css=&#8221;.vc_custom_1713108038234{padding-bottom: 35px !important;}&#8221;][vc_column_text]\n<div id=\"blockitem_241\" class=\"blockitem block_text\">\n<div class=\"block_body block_radius \">\n<div id=\"block_padding_241\" class=\"block_padding block_radius\">\n<div id=\"block_content_241\" class=\"block_content block_radius \">\n<div class=\"block_font_style\">\n<div>\n<p>G-Man Tools producerar s\u00e5gar och s\u00e5gblad,\u00a0och vi distribuerar v\u00e5ra produkter \u00f6ver hela den globala marknaden.\u00a0H\u00e5llbarhet \u00e4r en global utmaning och\u00a0vi anser att en bra aff\u00e4rsplan idag innefattar h\u00e5llbarhetsm\u00e5l. S\u00e5 vi\u00a0arbetar aktivt f\u00f6r att minska v\u00e5rt\u00a0ekologiska fotavtryck\u00a0genom att\u00a0inf\u00f6ra\u00a0mer h\u00e5llbara tillverkningsmetoder samt\u00a0att \u00f6ka\u00a0anv\u00e4ndningen av h\u00e5llbara material.<\/p>\n<p>V\u00e5ra milj\u00f6m\u00e5l fram till 2025 \u00e4r att halvera v\u00e5r energif\u00f6rbrukning och minska v\u00e5r vattenf\u00f6rbrukning med 85 % fr\u00e5n 2022 \u00e5rs niv\u00e5er. Samt att \u00f6ka anv\u00e4ndningen av h\u00e5llbara och lokalt producerade r\u00e5varor. Vi har redan minskat v\u00e5r energif\u00f6rbrukning med 35 % genom att byta till mer energieffektiv utrustning, och vi har minskat v\u00e5r vattenf\u00f6rbrukning med 50 % genom att implementera cirkul\u00e4rt vatten i v\u00e5r produktion. Vi har \u00e4ven b\u00f6rjat producera ett nytt biokomposit-handtag f\u00f6r v\u00e5ra s\u00e5gar, vilket \u00e4r ett resultat fr\u00e5n implementering av h\u00e5llbara r\u00e5varor.<\/p>\n<p>Det nya handtaget \u00e4r tillverkat av n\u00e4stan 100% biobaserade material (tr\u00e4fibrer och biobaserad plast), och genom att anv\u00e4nda biokompositerna har vi minskat v\u00e5rt koldioxidavtryck med 65%. Tr\u00e4fibrerna i biokompositmaterialet kommer fr\u00e5n h\u00e5llbara skogsindustrier och \u00e4r certifierade, samt att materialet \u00e4r l\u00e4tt att \u00e5tervinna. Sj\u00e4lvklart uppfyller det kraven enligt REACH.<\/p>\n<\/div>\n<\/div>\n<\/div>\n<\/div>\n<\/div>\n<\/div>\n[\/vc_column_text][vc_column_text css=&#8221;.vc_custom_1772556103632{margin-top: 50px !important;}&#8221;]\n<div id=\"blockitem_241\" class=\"blockitem block_text\">\n<div class=\"block_body block_radius \">\n<div id=\"block_padding_241\" class=\"block_padding block_radius\">\n<div id=\"block_content_241\" class=\"block_content block_radius \">\n<div class=\"block_font_style\">\n<h2>TR\u00c4FIBERHANDTAG \u2013 65 % L\u00c4GRE KOLDIOXIDAVTRYCK<\/h2>\n<div>\n<p>Idag har n\u00e4stan alla v\u00e5ra hands\u00e5gar handtag av biokomposit, och m\u00e5let \u00e4r att ers\u00e4tta v\u00e5ra fossilbaserade material med biokomposit-material.<\/p>\n<\/div>\n<\/div>\n<\/div>\n<\/div>\n<\/div>\n<\/div>\n[\/vc_column_text][vc_single_image image=&#8221;2393&#8243; onclick=&#8221;img_link_large&#8221; css=&#8221;.vc_custom_1713115910842{margin-top: 50px !important;}&#8221;][\/vc_column][\/vc_row][vc_row][vc_column width=&#8221;2\/3&#8243;][vc_single_image image=&#8221;2395&#8243; onclick=&#8221;img_link_large&#8221;][\/vc_column][vc_column width=&#8221;1\/3&#8243; offset=&#8221;vc_col-xs-3\/5&#8243;][vc_single_image image=&#8221;2397&#8243; onclick=&#8221;img_link_large&#8221;][\/vc_column][\/vc_row]\n","protected":false},"excerpt":{"rendered":"<p>[vc_row full_width=&#8221;stretch_row&#8221; wpex_bg_overlay=&#8221;color&#8221; css=&#8221;.vc_custom_1713116487764{margin-top: -40px !important;margin-right: 0px !important;margin-bottom: 0px !important;margin-left: 0px !important;padding-top: 0px !important;padding-right: 0px !important;padding-bottom: 0px !important;padding-left: 0px !important;background-image: url(https:\/\/g-man.se\/wp-content\/uploads\/forest.jpg?id=2272) !important;background-position: center !important;background-repeat: no-repeat !important;background-size: cover !important;}&#8221; wpex_bg_overlay_color=&#8221;rgba(255,255,255,0.2)&#8221;][vc_column][vc_empty_space height=&#8221;400px&#8221;][\/vc_column][\/vc_row][vc_row full_width=&#8221;stretch_row&#8221; css=&#8221;.vc_custom_1713099285347{margin-top: 50px !important;}&#8221;][vc_column][vc_custom_heading text=&#8221;F\u00d6R EN H\u00c5LLBAR FRAMTID&#8221; font_container=&#8221;tag:h1|text_align:left&#8221; use_theme_fonts=&#8221;yes&#8221;&hellip;<\/p>\n","protected":false},"author":2,"featured_media":0,"parent":0,"menu_order":0,"comment_status":"closed","ping_status":"closed","template":"","meta":{"_acf_changed":false,"footnotes":""},"class_list":["post-2330","page","type-page","status-publish","hentry","entry","no-media"],"acf":[],"yoast_head":"<!-- This site is optimized with the Yoast SEO plugin v26.8 - https:\/\/yoast.com\/product\/yoast-seo-wordpress\/ -->\n<title>F\u00f6r en h\u00e5llbar framtid - G-MAN Tools<\/title>\n<meta name=\"robots\" content=\"index, follow, max-snippet:-1, max-image-preview:large, max-video-preview:-1\" \/>\n<link rel=\"canonical\" href=\"https:\/\/g-man.se\/sv\/for-en-hallbar-framtid\" \/>\n<meta property=\"og:locale\" content=\"sv_SE\" \/>\n<meta property=\"og:type\" content=\"article\" \/>\n<meta property=\"og:title\" content=\"F\u00f6r en h\u00e5llbar framtid - G-MAN Tools\" \/>\n<meta property=\"og:description\" content=\"[vc_row full_width=&#8221;stretch_row&#8221; wpex_bg_overlay=&#8221;color&#8221; css=&#8221;.vc_custom_1713116487764{margin-top: -40px !important;margin-right: 0px !important;margin-bottom: 0px !important;margin-left: 0px !important;padding-top: 0px !important;padding-right: 0px !important;padding-bottom: 0px !important;padding-left: 0px !important;background-image: url(https:\/\/g-man.se\/wp-content\/uploads\/forest.jpg?id=2272) !important;background-position: center !important;background-repeat: no-repeat !important;background-size: cover !important;}&#8221; wpex_bg_overlay_color=&#8221;rgba(255,255,255,0.2)&#8221;][vc_column][vc_empty_space height=&#8221;400px&#8221;][\/vc_column][\/vc_row][vc_row full_width=&#8221;stretch_row&#8221; css=&#8221;.vc_custom_1713099285347{margin-top: 50px !important;}&#8221;][vc_column][vc_custom_heading text=&#8221;F\u00d6R EN H\u00c5LLBAR FRAMTID&#8221; font_container=&#8221;tag:h1|text_align:left&#8221; use_theme_fonts=&#8221;yes&#8221;&hellip;\" \/>\n<meta property=\"og:url\" content=\"https:\/\/g-man.se\/sv\/for-en-hallbar-framtid\" \/>\n<meta property=\"og:site_name\" content=\"G-MAN Tools\" \/>\n<meta property=\"article:publisher\" content=\"https:\/\/www.facebook.com\/GManToolsAB\/\" \/>\n<meta property=\"article:modified_time\" content=\"2026-03-03T16:41:46+00:00\" \/>\n<meta name=\"twitter:card\" content=\"summary_large_image\" \/>\n<meta name=\"twitter:label1\" content=\"Ber\u00e4knad l\u00e4stid\" \/>\n\t<meta name=\"twitter:data1\" content=\"2 minuter\" \/>\n<script type=\"application\/ld+json\" class=\"yoast-schema-graph\">{\"@context\":\"https:\/\/schema.org\",\"@graph\":[{\"@type\":\"WebPage\",\"@id\":\"https:\/\/g-man.se\/sv\/for-en-hallbar-framtid\",\"url\":\"https:\/\/g-man.se\/sv\/for-en-hallbar-framtid\",\"name\":\"F\u00f6r en h\u00e5llbar framtid - G-MAN Tools\",\"isPartOf\":{\"@id\":\"https:\/\/g-man.se\/sv\/sv\/#website\"},\"datePublished\":\"2024-04-14T14:18:39+00:00\",\"dateModified\":\"2026-03-03T16:41:46+00:00\",\"breadcrumb\":{\"@id\":\"https:\/\/g-man.se\/sv\/for-en-hallbar-framtid#breadcrumb\"},\"inLanguage\":\"sv-SE\",\"potentialAction\":[{\"@type\":\"ReadAction\",\"target\":[\"https:\/\/g-man.se\/sv\/for-en-hallbar-framtid\"]}]},{\"@type\":\"BreadcrumbList\",\"@id\":\"https:\/\/g-man.se\/sv\/for-en-hallbar-framtid#breadcrumb\",\"itemListElement\":[{\"@type\":\"ListItem\",\"position\":1,\"name\":\"Hem\",\"item\":\"https:\/\/g-man.se\/sv\"},{\"@type\":\"ListItem\",\"position\":2,\"name\":\"F\u00f6r en h\u00e5llbar framtid\"}]},{\"@type\":\"WebSite\",\"@id\":\"https:\/\/g-man.se\/sv\/sv\/#website\",\"url\":\"https:\/\/g-man.se\/sv\/sv\/\",\"name\":\"G-MAN Tools\",\"description\":\"The Swedish Saw Expert\",\"publisher\":{\"@id\":\"https:\/\/g-man.se\/sv\/sv\/#organization\"},\"potentialAction\":[{\"@type\":\"SearchAction\",\"target\":{\"@type\":\"EntryPoint\",\"urlTemplate\":\"https:\/\/g-man.se\/sv\/sv\/?s={search_term_string}\"},\"query-input\":{\"@type\":\"PropertyValueSpecification\",\"valueRequired\":true,\"valueName\":\"search_term_string\"}}],\"inLanguage\":\"sv-SE\"},{\"@type\":\"Organization\",\"@id\":\"https:\/\/g-man.se\/sv\/sv\/#organization\",\"name\":\"G-Man Tools\",\"url\":\"https:\/\/g-man.se\/sv\/sv\/\",\"logo\":{\"@type\":\"ImageObject\",\"inLanguage\":\"sv-SE\",\"@id\":\"https:\/\/g-man.se\/sv\/sv\/#\/schema\/logo\/image\/\",\"url\":\"https:\/\/g-man.se\/wp-content\/uploads\/g-man-logo.png\",\"contentUrl\":\"https:\/\/g-man.se\/wp-content\/uploads\/g-man-logo.png\",\"width\":1080,\"height\":373,\"caption\":\"G-Man Tools\"},\"image\":{\"@id\":\"https:\/\/g-man.se\/sv\/sv\/#\/schema\/logo\/image\/\"},\"sameAs\":[\"https:\/\/www.facebook.com\/GManToolsAB\/\",\"https:\/\/www.instagram.com\/gmantools\/\",\"https:\/\/se.linkedin.com\/company\/g-man-tools-ab\",\"https:\/\/www.youtube.com\/user\/GManTools\"]}]}<\/script>\n<!-- \/ Yoast SEO plugin. -->","yoast_head_json":{"title":"F\u00f6r en h\u00e5llbar framtid - G-MAN Tools","robots":{"index":"index","follow":"follow","max-snippet":"max-snippet:-1","max-image-preview":"max-image-preview:large","max-video-preview":"max-video-preview:-1"},"canonical":"https:\/\/g-man.se\/sv\/for-en-hallbar-framtid","og_locale":"sv_SE","og_type":"article","og_title":"F\u00f6r en h\u00e5llbar framtid - G-MAN Tools","og_description":"[vc_row full_width=&#8221;stretch_row&#8221; wpex_bg_overlay=&#8221;color&#8221; css=&#8221;.vc_custom_1713116487764{margin-top: -40px !important;margin-right: 0px !important;margin-bottom: 0px !important;margin-left: 0px !important;padding-top: 0px !important;padding-right: 0px !important;padding-bottom: 0px !important;padding-left: 0px !important;background-image: url(https:\/\/g-man.se\/wp-content\/uploads\/forest.jpg?id=2272) !important;background-position: center !important;background-repeat: no-repeat !important;background-size: cover !important;}&#8221; wpex_bg_overlay_color=&#8221;rgba(255,255,255,0.2)&#8221;][vc_column][vc_empty_space height=&#8221;400px&#8221;][\/vc_column][\/vc_row][vc_row full_width=&#8221;stretch_row&#8221; css=&#8221;.vc_custom_1713099285347{margin-top: 50px !important;}&#8221;][vc_column][vc_custom_heading text=&#8221;F\u00d6R EN H\u00c5LLBAR FRAMTID&#8221; font_container=&#8221;tag:h1|text_align:left&#8221; use_theme_fonts=&#8221;yes&#8221;&hellip;","og_url":"https:\/\/g-man.se\/sv\/for-en-hallbar-framtid","og_site_name":"G-MAN Tools","article_publisher":"https:\/\/www.facebook.com\/GManToolsAB\/","article_modified_time":"2026-03-03T16:41:46+00:00","twitter_card":"summary_large_image","twitter_misc":{"Ber\u00e4knad l\u00e4stid":"2 minuter"},"schema":{"@context":"https:\/\/schema.org","@graph":[{"@type":"WebPage","@id":"https:\/\/g-man.se\/sv\/for-en-hallbar-framtid","url":"https:\/\/g-man.se\/sv\/for-en-hallbar-framtid","name":"F\u00f6r en h\u00e5llbar framtid - G-MAN Tools","isPartOf":{"@id":"https:\/\/g-man.se\/sv\/sv\/#website"},"datePublished":"2024-04-14T14:18:39+00:00","dateModified":"2026-03-03T16:41:46+00:00","breadcrumb":{"@id":"https:\/\/g-man.se\/sv\/for-en-hallbar-framtid#breadcrumb"},"inLanguage":"sv-SE","potentialAction":[{"@type":"ReadAction","target":["https:\/\/g-man.se\/sv\/for-en-hallbar-framtid"]}]},{"@type":"BreadcrumbList","@id":"https:\/\/g-man.se\/sv\/for-en-hallbar-framtid#breadcrumb","itemListElement":[{"@type":"ListItem","position":1,"name":"Hem","item":"https:\/\/g-man.se\/sv"},{"@type":"ListItem","position":2,"name":"F\u00f6r en h\u00e5llbar framtid"}]},{"@type":"WebSite","@id":"https:\/\/g-man.se\/sv\/sv\/#website","url":"https:\/\/g-man.se\/sv\/sv\/","name":"G-MAN Tools","description":"The Swedish Saw Expert","publisher":{"@id":"https:\/\/g-man.se\/sv\/sv\/#organization"},"potentialAction":[{"@type":"SearchAction","target":{"@type":"EntryPoint","urlTemplate":"https:\/\/g-man.se\/sv\/sv\/?s={search_term_string}"},"query-input":{"@type":"PropertyValueSpecification","valueRequired":true,"valueName":"search_term_string"}}],"inLanguage":"sv-SE"},{"@type":"Organization","@id":"https:\/\/g-man.se\/sv\/sv\/#organization","name":"G-Man Tools","url":"https:\/\/g-man.se\/sv\/sv\/","logo":{"@type":"ImageObject","inLanguage":"sv-SE","@id":"https:\/\/g-man.se\/sv\/sv\/#\/schema\/logo\/image\/","url":"https:\/\/g-man.se\/wp-content\/uploads\/g-man-logo.png","contentUrl":"https:\/\/g-man.se\/wp-content\/uploads\/g-man-logo.png","width":1080,"height":373,"caption":"G-Man Tools"},"image":{"@id":"https:\/\/g-man.se\/sv\/sv\/#\/schema\/logo\/image\/"},"sameAs":["https:\/\/www.facebook.com\/GManToolsAB\/","https:\/\/www.instagram.com\/gmantools\/","https:\/\/se.linkedin.com\/company\/g-man-tools-ab","https:\/\/www.youtube.com\/user\/GManTools"]}]}},"_links":{"self":[{"href":"https:\/\/g-man.se\/sv\/wp-json\/wp\/v2\/pages\/2330","targetHints":{"allow":["GET"]}}],"collection":[{"href":"https:\/\/g-man.se\/sv\/wp-json\/wp\/v2\/pages"}],"about":[{"href":"https:\/\/g-man.se\/sv\/wp-json\/wp\/v2\/types\/page"}],"author":[{"embeddable":true,"href":"https:\/\/g-man.se\/sv\/wp-json\/wp\/v2\/users\/2"}],"replies":[{"embeddable":true,"href":"https:\/\/g-man.se\/sv\/wp-json\/wp\/v2\/comments?post=2330"}],"version-history":[{"count":58,"href":"https:\/\/g-man.se\/sv\/wp-json\/wp\/v2\/pages\/2330\/revisions"}],"predecessor-version":[{"id":3611,"href":"https:\/\/g-man.se\/sv\/wp-json\/wp\/v2\/pages\/2330\/revisions\/3611"}],"wp:attachment":[{"href":"https:\/\/g-man.se\/sv\/wp-json\/wp\/v2\/media?parent=2330"}],"curies":[{"name":"wp","href":"https:\/\/api.w.org\/{rel}","templated":true}]}}