{"id":1969,"date":"2023-05-11T18:12:25","date_gmt":"2023-05-11T16:12:25","guid":{"rendered":"https:\/\/g-man.se\/?page_id=1969"},"modified":"2024-10-09T18:01:04","modified_gmt":"2024-10-09T16:01:04","slug":"kvalitetspolicy","status":"publish","type":"page","link":"https:\/\/g-man.se\/sv\/kvalitetspolicy","title":{"rendered":"Kvalitet \/ Produkts\u00e4kerhet (GPSR)"},"content":{"rendered":"[vc_row][vc_column][vc_column_text]\n<div id=\"blockitem_241\" class=\"blockitem block_text\">\n<div class=\"block_body block_radius \">\n<div id=\"block_padding_241\" class=\"block_padding block_radius\">\n<div id=\"block_content_241\" class=\"block_content block_radius \">\n<div class=\"block_font_style\">\n<div>\n<div id=\"blockitem_241\" class=\"blockitem block_text\">\n<div class=\"block_body block_radius \">\n<div id=\"block_padding_241\" class=\"block_padding block_radius\">\n<div id=\"block_content_241\" class=\"block_content block_radius \">\n<div class=\"block_font_style\">\n<div>\n<h1>QUALITY POLICY FOR G-MAN TOOLS AB<\/h1>\n<p>We define quality as conformance to requirements<\/p>\n<h2>OUR QUALITY POLICY IS<\/h2>\n<ul>\n<li>To meet our customers expectations and requirements for every order regarding supplied product and service.<\/li>\n<li>Not to allow any exceptions from requirements and promises (Zero Defect Principle)<\/li>\n<li>That all of us shall fully understand the requirments for our own work, enabling us together to supply products and services with Zero Defects and on time to our customers<\/li>\n<li>To work to attain a continuous improvement.<\/li>\n<\/ul>\n<p>Edsbyn 2018-03-09<br \/>\nUlf B\u00e4ckstr\u00f6m<br \/>\nManaging Director<\/p>\n<\/div>\n<\/div>\n<\/div>\n<\/div>\n<\/div>\n<\/div>\n<\/div>\n<\/div>\n<\/div>\n<\/div>\n<\/div>\n<\/div>\n[\/vc_column_text][vc_empty_space height=&#8221;30px&#8221;][vc_single_image image=&#8221;1972&#8243; style=&#8221;vc_box_border&#8221; onclick=&#8221;custom_link&#8221; link=&#8221;https:\/\/g-man.se\/wp-content\/uploads\/GMAN-Quality-Policy-2018.pdf&#8221;][vc_empty_space height=&#8221;30px&#8221;][vc_column_text]\n<div id=\"blockitem_241\" class=\"blockitem block_text\">\n<div class=\"block_body block_radius \">\n<div id=\"block_padding_241\" class=\"block_padding block_radius\">\n<div id=\"block_content_241\" class=\"block_content block_radius \">\n<div class=\"block_font_style\">\n<div>\n<div id=\"blockitem_241\" class=\"blockitem block_text\">\n<div class=\"block_body block_radius \">\n<div id=\"block_padding_241\" class=\"block_padding block_radius\">\n<div id=\"block_content_241\" class=\"block_content block_radius \">\n<div class=\"block_font_style\">\n<div>\n<h2>DOKUMENT PRODUKTS\u00c4KERHET (GPSR)<\/h2>\n<\/div>\n<\/div>\n<\/div>\n<\/div>\n<\/div>\n<\/div>\n<\/div>\n<\/div>\n<\/div>\n<\/div>\n<\/div>\n<\/div>\n[\/vc_column_text][vc_empty_space height=&#8221;10px&#8221;][vc_column_text]H\u00e4r nedan kan du ladda ned produktdokumentation f\u00f6r v\u00e5ra s\u00e5gar och s\u00e5gblad:[\/vc_column_text][vc_empty_space height=&#8221;5px&#8221;]<div class=\"vcex-module vcex-list_item wpex-max-w-100 wpex-clr wpex-mb-5\"><a  href=\"https:\/\/g-man.se\/wp-content\/uploads\/GPSR-handsag.pdf\" title=\"Hands\u00e5gar\" target=\"_blank\" rel=\"noopener noreferrer\"><div class=\"vcex-list-item-inner wpex-inline-flex wpex-flex-no-wrap\"><div class=\"vcex-list-item-icon wpex-mr-10\"><div class=\"vcex-icon-wrap\"><span class=\"ticon ticon-file-pdf-o\"><\/span><\/div><\/div><div class=\"vcex-list-item-text vcex-content wpex-flex-grow\">Hands\u00e5gar<\/div><\/div><\/a><\/div><div class=\"vcex-module vcex-list_item wpex-max-w-100 wpex-clr wpex-mb-5\"><a  href=\"https:\/\/g-man.se\/wp-content\/uploads\/GPSR-sagblad-till-powertools.pdf\" title=\"S\u00e5gblad \u2013 Power Tools\" target=\"_blank\" rel=\"noopener noreferrer\"><div class=\"vcex-list-item-inner wpex-inline-flex wpex-flex-no-wrap\"><div class=\"vcex-list-item-icon wpex-mr-10\"><div class=\"vcex-icon-wrap\"><span class=\"ticon ticon-file-pdf-o\"><\/span><\/div><\/div><div class=\"vcex-list-item-text vcex-content wpex-flex-grow\">S\u00e5gblad till Power Tools<\/div><\/div><\/a><\/div>[\/vc_column][\/vc_row]\n","protected":false},"excerpt":{"rendered":"<p>[vc_row][vc_column][vc_column_text] QUALITY POLICY FOR G-MAN TOOLS AB We define quality as conformance to requirements OUR QUALITY POLICY IS To meet our customers expectations and requirements for every order regarding supplied product and service. Not to allow any exceptions from requirements&hellip;<\/p>\n","protected":false},"author":2,"featured_media":0,"parent":0,"menu_order":0,"comment_status":"closed","ping_status":"closed","template":"","meta":{"_acf_changed":false,"footnotes":""},"class_list":["post-1969","page","type-page","status-publish","hentry","entry","no-media"],"acf":[],"yoast_head":"<!-- This site is optimized with the Yoast SEO plugin v26.8 - https:\/\/yoast.com\/product\/yoast-seo-wordpress\/ -->\n<title>Kvalitet \/ Produkts\u00e4kerhet (GPSR) - G-MAN Tools<\/title>\n<meta name=\"robots\" content=\"index, follow, max-snippet:-1, max-image-preview:large, max-video-preview:-1\" \/>\n<link rel=\"canonical\" href=\"https:\/\/g-man.se\/sv\/kvalitetspolicy\" \/>\n<meta property=\"og:locale\" content=\"sv_SE\" \/>\n<meta property=\"og:type\" content=\"article\" \/>\n<meta property=\"og:title\" content=\"Kvalitet \/ Produkts\u00e4kerhet (GPSR) - G-MAN Tools\" \/>\n<meta property=\"og:description\" content=\"[vc_row][vc_column][vc_column_text] QUALITY POLICY FOR G-MAN TOOLS AB We define quality as conformance to requirements OUR QUALITY POLICY IS To meet our customers expectations and requirements for every order regarding supplied product and service. Not to allow any exceptions from requirements&hellip;\" \/>\n<meta property=\"og:url\" content=\"https:\/\/g-man.se\/sv\/kvalitetspolicy\" \/>\n<meta property=\"og:site_name\" content=\"G-MAN Tools\" \/>\n<meta property=\"article:publisher\" content=\"https:\/\/www.facebook.com\/GManToolsAB\/\" \/>\n<meta property=\"article:modified_time\" content=\"2024-10-09T16:01:04+00:00\" \/>\n<meta name=\"twitter:card\" content=\"summary_large_image\" \/>\n<meta name=\"twitter:label1\" content=\"Ber\u00e4knad l\u00e4stid\" \/>\n\t<meta name=\"twitter:data1\" content=\"1 minut\" \/>\n<script type=\"application\/ld+json\" class=\"yoast-schema-graph\">{\"@context\":\"https:\/\/schema.org\",\"@graph\":[{\"@type\":\"WebPage\",\"@id\":\"https:\/\/g-man.se\/sv\/kvalitetspolicy\",\"url\":\"https:\/\/g-man.se\/sv\/kvalitetspolicy\",\"name\":\"Kvalitet \/ Produkts\u00e4kerhet (GPSR) - G-MAN Tools\",\"isPartOf\":{\"@id\":\"https:\/\/g-man.se\/sv\/sv\/#website\"},\"datePublished\":\"2023-05-11T16:12:25+00:00\",\"dateModified\":\"2024-10-09T16:01:04+00:00\",\"breadcrumb\":{\"@id\":\"https:\/\/g-man.se\/sv\/kvalitetspolicy#breadcrumb\"},\"inLanguage\":\"sv-SE\",\"potentialAction\":[{\"@type\":\"ReadAction\",\"target\":[\"https:\/\/g-man.se\/sv\/kvalitetspolicy\"]}]},{\"@type\":\"BreadcrumbList\",\"@id\":\"https:\/\/g-man.se\/sv\/kvalitetspolicy#breadcrumb\",\"itemListElement\":[{\"@type\":\"ListItem\",\"position\":1,\"name\":\"Hem\",\"item\":\"https:\/\/g-man.se\/sv\"},{\"@type\":\"ListItem\",\"position\":2,\"name\":\"Kvalitet \/ Produkts\u00e4kerhet (GPSR)\"}]},{\"@type\":\"WebSite\",\"@id\":\"https:\/\/g-man.se\/sv\/sv\/#website\",\"url\":\"https:\/\/g-man.se\/sv\/sv\/\",\"name\":\"G-MAN Tools\",\"description\":\"The Swedish Saw Expert\",\"publisher\":{\"@id\":\"https:\/\/g-man.se\/sv\/sv\/#organization\"},\"potentialAction\":[{\"@type\":\"SearchAction\",\"target\":{\"@type\":\"EntryPoint\",\"urlTemplate\":\"https:\/\/g-man.se\/sv\/sv\/?s={search_term_string}\"},\"query-input\":{\"@type\":\"PropertyValueSpecification\",\"valueRequired\":true,\"valueName\":\"search_term_string\"}}],\"inLanguage\":\"sv-SE\"},{\"@type\":\"Organization\",\"@id\":\"https:\/\/g-man.se\/sv\/sv\/#organization\",\"name\":\"G-Man Tools\",\"url\":\"https:\/\/g-man.se\/sv\/sv\/\",\"logo\":{\"@type\":\"ImageObject\",\"inLanguage\":\"sv-SE\",\"@id\":\"https:\/\/g-man.se\/sv\/sv\/#\/schema\/logo\/image\/\",\"url\":\"https:\/\/g-man.se\/wp-content\/uploads\/g-man-logo.png\",\"contentUrl\":\"https:\/\/g-man.se\/wp-content\/uploads\/g-man-logo.png\",\"width\":1080,\"height\":373,\"caption\":\"G-Man Tools\"},\"image\":{\"@id\":\"https:\/\/g-man.se\/sv\/sv\/#\/schema\/logo\/image\/\"},\"sameAs\":[\"https:\/\/www.facebook.com\/GManToolsAB\/\",\"https:\/\/www.instagram.com\/gmantools\/\",\"https:\/\/se.linkedin.com\/company\/g-man-tools-ab\",\"https:\/\/www.youtube.com\/user\/GManTools\"]}]}<\/script>\n<!-- \/ Yoast SEO plugin. -->","yoast_head_json":{"title":"Kvalitet \/ Produkts\u00e4kerhet (GPSR) - G-MAN Tools","robots":{"index":"index","follow":"follow","max-snippet":"max-snippet:-1","max-image-preview":"max-image-preview:large","max-video-preview":"max-video-preview:-1"},"canonical":"https:\/\/g-man.se\/sv\/kvalitetspolicy","og_locale":"sv_SE","og_type":"article","og_title":"Kvalitet \/ Produkts\u00e4kerhet (GPSR) - G-MAN Tools","og_description":"[vc_row][vc_column][vc_column_text] QUALITY POLICY FOR G-MAN TOOLS AB We define quality as conformance to requirements OUR QUALITY POLICY IS To meet our customers expectations and requirements for every order regarding supplied product and service. Not to allow any exceptions from requirements&hellip;","og_url":"https:\/\/g-man.se\/sv\/kvalitetspolicy","og_site_name":"G-MAN Tools","article_publisher":"https:\/\/www.facebook.com\/GManToolsAB\/","article_modified_time":"2024-10-09T16:01:04+00:00","twitter_card":"summary_large_image","twitter_misc":{"Ber\u00e4knad l\u00e4stid":"1 minut"},"schema":{"@context":"https:\/\/schema.org","@graph":[{"@type":"WebPage","@id":"https:\/\/g-man.se\/sv\/kvalitetspolicy","url":"https:\/\/g-man.se\/sv\/kvalitetspolicy","name":"Kvalitet \/ Produkts\u00e4kerhet (GPSR) - G-MAN Tools","isPartOf":{"@id":"https:\/\/g-man.se\/sv\/sv\/#website"},"datePublished":"2023-05-11T16:12:25+00:00","dateModified":"2024-10-09T16:01:04+00:00","breadcrumb":{"@id":"https:\/\/g-man.se\/sv\/kvalitetspolicy#breadcrumb"},"inLanguage":"sv-SE","potentialAction":[{"@type":"ReadAction","target":["https:\/\/g-man.se\/sv\/kvalitetspolicy"]}]},{"@type":"BreadcrumbList","@id":"https:\/\/g-man.se\/sv\/kvalitetspolicy#breadcrumb","itemListElement":[{"@type":"ListItem","position":1,"name":"Hem","item":"https:\/\/g-man.se\/sv"},{"@type":"ListItem","position":2,"name":"Kvalitet \/ Produkts\u00e4kerhet (GPSR)"}]},{"@type":"WebSite","@id":"https:\/\/g-man.se\/sv\/sv\/#website","url":"https:\/\/g-man.se\/sv\/sv\/","name":"G-MAN Tools","description":"The Swedish Saw Expert","publisher":{"@id":"https:\/\/g-man.se\/sv\/sv\/#organization"},"potentialAction":[{"@type":"SearchAction","target":{"@type":"EntryPoint","urlTemplate":"https:\/\/g-man.se\/sv\/sv\/?s={search_term_string}"},"query-input":{"@type":"PropertyValueSpecification","valueRequired":true,"valueName":"search_term_string"}}],"inLanguage":"sv-SE"},{"@type":"Organization","@id":"https:\/\/g-man.se\/sv\/sv\/#organization","name":"G-Man Tools","url":"https:\/\/g-man.se\/sv\/sv\/","logo":{"@type":"ImageObject","inLanguage":"sv-SE","@id":"https:\/\/g-man.se\/sv\/sv\/#\/schema\/logo\/image\/","url":"https:\/\/g-man.se\/wp-content\/uploads\/g-man-logo.png","contentUrl":"https:\/\/g-man.se\/wp-content\/uploads\/g-man-logo.png","width":1080,"height":373,"caption":"G-Man Tools"},"image":{"@id":"https:\/\/g-man.se\/sv\/sv\/#\/schema\/logo\/image\/"},"sameAs":["https:\/\/www.facebook.com\/GManToolsAB\/","https:\/\/www.instagram.com\/gmantools\/","https:\/\/se.linkedin.com\/company\/g-man-tools-ab","https:\/\/www.youtube.com\/user\/GManTools"]}]}},"_links":{"self":[{"href":"https:\/\/g-man.se\/sv\/wp-json\/wp\/v2\/pages\/1969","targetHints":{"allow":["GET"]}}],"collection":[{"href":"https:\/\/g-man.se\/sv\/wp-json\/wp\/v2\/pages"}],"about":[{"href":"https:\/\/g-man.se\/sv\/wp-json\/wp\/v2\/types\/page"}],"author":[{"embeddable":true,"href":"https:\/\/g-man.se\/sv\/wp-json\/wp\/v2\/users\/2"}],"replies":[{"embeddable":true,"href":"https:\/\/g-man.se\/sv\/wp-json\/wp\/v2\/comments?post=1969"}],"version-history":[{"count":10,"href":"https:\/\/g-man.se\/sv\/wp-json\/wp\/v2\/pages\/1969\/revisions"}],"predecessor-version":[{"id":2697,"href":"https:\/\/g-man.se\/sv\/wp-json\/wp\/v2\/pages\/1969\/revisions\/2697"}],"wp:attachment":[{"href":"https:\/\/g-man.se\/sv\/wp-json\/wp\/v2\/media?parent=1969"}],"curies":[{"name":"wp","href":"https:\/\/api.w.org\/{rel}","templated":true}]}}