{"id":153,"date":"2020-05-28T14:30:16","date_gmt":"2020-05-28T12:30:16","guid":{"rendered":"https:\/\/g-man.se\/?page_id=153"},"modified":"2020-11-10T15:51:56","modified_gmt":"2020-11-10T14:51:56","slug":"tandspetshardning","status":"publish","type":"page","link":"https:\/\/g-man.se\/sv\/tandspetshardning","title":{"rendered":"Tandspetsh\u00e4rdning"},"content":{"rendered":"[vc_row][vc_column width=&#8221;1\/6&#8243;][\/vc_column][vc_column width=&#8221;2\/3&#8243;][vc_column_text]\n<h1>Tandspetsh\u00e4rdning<\/h1>\n<h4>Idag \u00e4r de flesta s\u00e5gar tandspetsh\u00e4rdade, vilket betyder att ca 1-2 mm av tandens spets \u00e4r extra h\u00e4rdad.<\/h4>\n<p>Spetsen blir mycket h\u00e5rd och tanden f\u00e5r en l\u00e5ngvarig sk\u00e4rpa, ca 6-8 g\u00e5nger l\u00e4ngre \u00e4n icke h\u00e4rdade spetsar. En tandspetsh\u00e4rdad s\u00e5g blir s\u00e5 h\u00e5rd att den ej kan filas eller slipas om. Man ser att t\u00e4nderna \u00e4r h\u00e4rdade genom att de har en bl\u00e5svart f\u00e4rg.[\/vc_column_text][\/vc_column][vc_column width=&#8221;1\/6&#8243;][\/vc_column][\/vc_row]\n","protected":false},"excerpt":{"rendered":"<p>[vc_row][vc_column width=&#8221;1\/6&#8243;][\/vc_column][vc_column width=&#8221;2\/3&#8243;][vc_column_text] Tandspetsh\u00e4rdning Idag \u00e4r de flesta s\u00e5gar tandspetsh\u00e4rdade, vilket betyder att ca 1-2 mm av tandens spets \u00e4r extra h\u00e4rdad. Spetsen blir mycket h\u00e5rd och tanden f\u00e5r en l\u00e5ngvarig sk\u00e4rpa, ca 6-8 g\u00e5nger l\u00e4ngre \u00e4n icke h\u00e4rdade spetsar.&hellip;<\/p>\n","protected":false},"author":2,"featured_media":0,"parent":0,"menu_order":0,"comment_status":"closed","ping_status":"closed","template":"","meta":{"_acf_changed":false,"footnotes":""},"class_list":["post-153","page","type-page","status-publish","hentry","entry","no-media"],"acf":[],"yoast_head":"<!-- This site is optimized with the Yoast SEO plugin v26.8 - https:\/\/yoast.com\/product\/yoast-seo-wordpress\/ -->\n<title>Tandspetsh\u00e4rdning - G-MAN Tools<\/title>\n<meta name=\"robots\" content=\"index, follow, max-snippet:-1, max-image-preview:large, max-video-preview:-1\" \/>\n<link rel=\"canonical\" href=\"https:\/\/g-man.se\/sv\/tandspetshardning\" \/>\n<meta property=\"og:locale\" content=\"sv_SE\" \/>\n<meta property=\"og:type\" content=\"article\" \/>\n<meta property=\"og:title\" content=\"Tandspetsh\u00e4rdning - G-MAN Tools\" \/>\n<meta property=\"og:description\" content=\"[vc_row][vc_column width=&#8221;1\/6&#8243;][\/vc_column][vc_column width=&#8221;2\/3&#8243;][vc_column_text] Tandspetsh\u00e4rdning Idag \u00e4r de flesta s\u00e5gar tandspetsh\u00e4rdade, vilket betyder att ca 1-2 mm av tandens spets \u00e4r extra h\u00e4rdad. Spetsen blir mycket h\u00e5rd och tanden f\u00e5r en l\u00e5ngvarig sk\u00e4rpa, ca 6-8 g\u00e5nger l\u00e4ngre \u00e4n icke h\u00e4rdade spetsar.&hellip;\" \/>\n<meta property=\"og:url\" content=\"https:\/\/g-man.se\/sv\/tandspetshardning\" \/>\n<meta property=\"og:site_name\" content=\"G-MAN Tools\" \/>\n<meta property=\"article:publisher\" content=\"https:\/\/www.facebook.com\/GManToolsAB\/\" \/>\n<meta property=\"article:modified_time\" content=\"2020-11-10T14:51:56+00:00\" \/>\n<meta name=\"twitter:card\" content=\"summary_large_image\" \/>\n<meta name=\"twitter:label1\" content=\"Ber\u00e4knad l\u00e4stid\" \/>\n\t<meta name=\"twitter:data1\" content=\"1 minut\" \/>\n<script type=\"application\/ld+json\" class=\"yoast-schema-graph\">{\"@context\":\"https:\/\/schema.org\",\"@graph\":[{\"@type\":\"WebPage\",\"@id\":\"https:\/\/g-man.se\/sv\/tandspetshardning\",\"url\":\"https:\/\/g-man.se\/sv\/tandspetshardning\",\"name\":\"Tandspetsh\u00e4rdning - G-MAN Tools\",\"isPartOf\":{\"@id\":\"https:\/\/g-man.se\/sv\/sv\/#website\"},\"datePublished\":\"2020-05-28T12:30:16+00:00\",\"dateModified\":\"2020-11-10T14:51:56+00:00\",\"breadcrumb\":{\"@id\":\"https:\/\/g-man.se\/sv\/tandspetshardning#breadcrumb\"},\"inLanguage\":\"sv-SE\",\"potentialAction\":[{\"@type\":\"ReadAction\",\"target\":[\"https:\/\/g-man.se\/sv\/tandspetshardning\"]}]},{\"@type\":\"BreadcrumbList\",\"@id\":\"https:\/\/g-man.se\/sv\/tandspetshardning#breadcrumb\",\"itemListElement\":[{\"@type\":\"ListItem\",\"position\":1,\"name\":\"Hem\",\"item\":\"https:\/\/g-man.se\/sv\"},{\"@type\":\"ListItem\",\"position\":2,\"name\":\"Tandspetsh\u00e4rdning\"}]},{\"@type\":\"WebSite\",\"@id\":\"https:\/\/g-man.se\/sv\/sv\/#website\",\"url\":\"https:\/\/g-man.se\/sv\/sv\/\",\"name\":\"G-MAN Tools\",\"description\":\"The Swedish Saw Expert\",\"publisher\":{\"@id\":\"https:\/\/g-man.se\/sv\/sv\/#organization\"},\"potentialAction\":[{\"@type\":\"SearchAction\",\"target\":{\"@type\":\"EntryPoint\",\"urlTemplate\":\"https:\/\/g-man.se\/sv\/sv\/?s={search_term_string}\"},\"query-input\":{\"@type\":\"PropertyValueSpecification\",\"valueRequired\":true,\"valueName\":\"search_term_string\"}}],\"inLanguage\":\"sv-SE\"},{\"@type\":\"Organization\",\"@id\":\"https:\/\/g-man.se\/sv\/sv\/#organization\",\"name\":\"G-Man Tools\",\"url\":\"https:\/\/g-man.se\/sv\/sv\/\",\"logo\":{\"@type\":\"ImageObject\",\"inLanguage\":\"sv-SE\",\"@id\":\"https:\/\/g-man.se\/sv\/sv\/#\/schema\/logo\/image\/\",\"url\":\"https:\/\/g-man.se\/wp-content\/uploads\/g-man-logo.png\",\"contentUrl\":\"https:\/\/g-man.se\/wp-content\/uploads\/g-man-logo.png\",\"width\":1080,\"height\":373,\"caption\":\"G-Man Tools\"},\"image\":{\"@id\":\"https:\/\/g-man.se\/sv\/sv\/#\/schema\/logo\/image\/\"},\"sameAs\":[\"https:\/\/www.facebook.com\/GManToolsAB\/\",\"https:\/\/www.instagram.com\/gmantools\/\",\"https:\/\/se.linkedin.com\/company\/g-man-tools-ab\",\"https:\/\/www.youtube.com\/user\/GManTools\"]}]}<\/script>\n<!-- \/ Yoast SEO plugin. -->","yoast_head_json":{"title":"Tandspetsh\u00e4rdning - G-MAN Tools","robots":{"index":"index","follow":"follow","max-snippet":"max-snippet:-1","max-image-preview":"max-image-preview:large","max-video-preview":"max-video-preview:-1"},"canonical":"https:\/\/g-man.se\/sv\/tandspetshardning","og_locale":"sv_SE","og_type":"article","og_title":"Tandspetsh\u00e4rdning - G-MAN Tools","og_description":"[vc_row][vc_column width=&#8221;1\/6&#8243;][\/vc_column][vc_column width=&#8221;2\/3&#8243;][vc_column_text] Tandspetsh\u00e4rdning Idag \u00e4r de flesta s\u00e5gar tandspetsh\u00e4rdade, vilket betyder att ca 1-2 mm av tandens spets \u00e4r extra h\u00e4rdad. Spetsen blir mycket h\u00e5rd och tanden f\u00e5r en l\u00e5ngvarig sk\u00e4rpa, ca 6-8 g\u00e5nger l\u00e4ngre \u00e4n icke h\u00e4rdade spetsar.&hellip;","og_url":"https:\/\/g-man.se\/sv\/tandspetshardning","og_site_name":"G-MAN Tools","article_publisher":"https:\/\/www.facebook.com\/GManToolsAB\/","article_modified_time":"2020-11-10T14:51:56+00:00","twitter_card":"summary_large_image","twitter_misc":{"Ber\u00e4knad l\u00e4stid":"1 minut"},"schema":{"@context":"https:\/\/schema.org","@graph":[{"@type":"WebPage","@id":"https:\/\/g-man.se\/sv\/tandspetshardning","url":"https:\/\/g-man.se\/sv\/tandspetshardning","name":"Tandspetsh\u00e4rdning - G-MAN Tools","isPartOf":{"@id":"https:\/\/g-man.se\/sv\/sv\/#website"},"datePublished":"2020-05-28T12:30:16+00:00","dateModified":"2020-11-10T14:51:56+00:00","breadcrumb":{"@id":"https:\/\/g-man.se\/sv\/tandspetshardning#breadcrumb"},"inLanguage":"sv-SE","potentialAction":[{"@type":"ReadAction","target":["https:\/\/g-man.se\/sv\/tandspetshardning"]}]},{"@type":"BreadcrumbList","@id":"https:\/\/g-man.se\/sv\/tandspetshardning#breadcrumb","itemListElement":[{"@type":"ListItem","position":1,"name":"Hem","item":"https:\/\/g-man.se\/sv"},{"@type":"ListItem","position":2,"name":"Tandspetsh\u00e4rdning"}]},{"@type":"WebSite","@id":"https:\/\/g-man.se\/sv\/sv\/#website","url":"https:\/\/g-man.se\/sv\/sv\/","name":"G-MAN Tools","description":"The Swedish Saw Expert","publisher":{"@id":"https:\/\/g-man.se\/sv\/sv\/#organization"},"potentialAction":[{"@type":"SearchAction","target":{"@type":"EntryPoint","urlTemplate":"https:\/\/g-man.se\/sv\/sv\/?s={search_term_string}"},"query-input":{"@type":"PropertyValueSpecification","valueRequired":true,"valueName":"search_term_string"}}],"inLanguage":"sv-SE"},{"@type":"Organization","@id":"https:\/\/g-man.se\/sv\/sv\/#organization","name":"G-Man Tools","url":"https:\/\/g-man.se\/sv\/sv\/","logo":{"@type":"ImageObject","inLanguage":"sv-SE","@id":"https:\/\/g-man.se\/sv\/sv\/#\/schema\/logo\/image\/","url":"https:\/\/g-man.se\/wp-content\/uploads\/g-man-logo.png","contentUrl":"https:\/\/g-man.se\/wp-content\/uploads\/g-man-logo.png","width":1080,"height":373,"caption":"G-Man Tools"},"image":{"@id":"https:\/\/g-man.se\/sv\/sv\/#\/schema\/logo\/image\/"},"sameAs":["https:\/\/www.facebook.com\/GManToolsAB\/","https:\/\/www.instagram.com\/gmantools\/","https:\/\/se.linkedin.com\/company\/g-man-tools-ab","https:\/\/www.youtube.com\/user\/GManTools"]}]}},"_links":{"self":[{"href":"https:\/\/g-man.se\/sv\/wp-json\/wp\/v2\/pages\/153","targetHints":{"allow":["GET"]}}],"collection":[{"href":"https:\/\/g-man.se\/sv\/wp-json\/wp\/v2\/pages"}],"about":[{"href":"https:\/\/g-man.se\/sv\/wp-json\/wp\/v2\/types\/page"}],"author":[{"embeddable":true,"href":"https:\/\/g-man.se\/sv\/wp-json\/wp\/v2\/users\/2"}],"replies":[{"embeddable":true,"href":"https:\/\/g-man.se\/sv\/wp-json\/wp\/v2\/comments?post=153"}],"version-history":[{"count":0,"href":"https:\/\/g-man.se\/sv\/wp-json\/wp\/v2\/pages\/153\/revisions"}],"wp:attachment":[{"href":"https:\/\/g-man.se\/sv\/wp-json\/wp\/v2\/media?parent=153"}],"curies":[{"name":"wp","href":"https:\/\/api.w.org\/{rel}","templated":true}]}}