{"id":150,"date":"2020-05-28T14:30:05","date_gmt":"2020-05-28T12:30:05","guid":{"rendered":"https:\/\/g-man.se\/?page_id=150"},"modified":"2020-11-10T15:50:39","modified_gmt":"2020-11-10T14:50:39","slug":"tandformer-bagsagsblad","status":"publish","type":"page","link":"https:\/\/g-man.se\/sv\/tandformer-bagsagsblad","title":{"rendered":"Tandformer &#8211; B\u00e5gs\u00e5gsblad"},"content":{"rendered":"[vc_row][vc_column width=&#8221;1\/6&#8243;][\/vc_column][vc_column width=&#8221;2\/3&#8243;][vc_column_text]\n<h1>Tandformer \u2013 B\u00e5gs\u00e5gblad<\/h1>\n<h4>N\u00e4r det g\u00e4ller olika tandformer f\u00f6r b\u00e5gs\u00e5gblad brukar man n\u00e4mna 4 olika sorter, raktandade och hyveltandade i tv\u00e5 storlekar. Raktandade blad rekommenderas f\u00f6r torrt virke, medan hyveltanding \u00e4r att f\u00f6redra vid s\u00e5gning i r\u00e5tt, f\u00e4rsk tr\u00e4.<\/h4>\n<h3>L\u00e4ngder \u2013 Tandstorlekar<\/h3>\n<p>S\u00e5gl\u00e4ngd och antal t\u00e4nder p\u00e5 s\u00e5gen b\u00f6r vara anpassad till tandstorleken och principen \u00e4r, ju gr\u00f6ver t\u00e4nder ju l\u00e4ngre s\u00e5g, ju finare t\u00e4nder ju kortare s\u00e5g. Antalet t\u00e4nder angives per tum och varierar f\u00f6r hands\u00e5gar mellan 3,5 och 13 t\u00e4nder per tum. Om man vill g\u00f6ra det enkel f\u00f6r sig kan man s\u00e4ga att 3,5-5 t\u00e4nder per tum \u00e4r l\u00e4mpligt f\u00f6r grovkapning, 6-8 t\u00e4nder f\u00f6r allround s\u00e5gning, 9-11 t\u00e4nder f\u00f6r finsnickeri och 12 upp\u00e5t f\u00f6r extremt finsnickeri. N\u00e4mnas b\u00f6r ocks\u00e5 att en s\u00e5g med f\u00e4rre t\u00e4nder ger en gr\u00f6vre snittyta och att en s\u00e5g med m\u00e5nga t\u00e4nder ger en finare snittyta.[\/vc_column_text][\/vc_column][vc_column width=&#8221;1\/6&#8243;][\/vc_column][\/vc_row][vc_row][vc_column][vc_single_image image=&#8221;1500&#8243;][\/vc_column][\/vc_row]\n","protected":false},"excerpt":{"rendered":"<p>[vc_row][vc_column width=&#8221;1\/6&#8243;][\/vc_column][vc_column width=&#8221;2\/3&#8243;][vc_column_text] Tandformer \u2013 B\u00e5gs\u00e5gblad N\u00e4r det g\u00e4ller olika tandformer f\u00f6r b\u00e5gs\u00e5gblad brukar man n\u00e4mna 4 olika sorter, raktandade och hyveltandade i tv\u00e5 storlekar. Raktandade blad rekommenderas f\u00f6r torrt virke, medan hyveltanding \u00e4r att f\u00f6redra vid s\u00e5gning i r\u00e5tt,&hellip;<\/p>\n","protected":false},"author":2,"featured_media":0,"parent":0,"menu_order":0,"comment_status":"closed","ping_status":"closed","template":"","meta":{"_acf_changed":false,"footnotes":""},"class_list":["post-150","page","type-page","status-publish","hentry","entry","no-media"],"acf":[],"yoast_head":"<!-- This site is optimized with the Yoast SEO plugin v26.8 - https:\/\/yoast.com\/product\/yoast-seo-wordpress\/ -->\n<title>Tandformer - B\u00e5gs\u00e5gsblad - G-MAN Tools<\/title>\n<meta name=\"robots\" content=\"index, follow, max-snippet:-1, max-image-preview:large, max-video-preview:-1\" \/>\n<link rel=\"canonical\" href=\"https:\/\/g-man.se\/sv\/tandformer-bagsagsblad\" \/>\n<meta property=\"og:locale\" content=\"sv_SE\" \/>\n<meta property=\"og:type\" content=\"article\" \/>\n<meta property=\"og:title\" content=\"Tandformer - B\u00e5gs\u00e5gsblad - G-MAN Tools\" \/>\n<meta property=\"og:description\" content=\"[vc_row][vc_column width=&#8221;1\/6&#8243;][\/vc_column][vc_column width=&#8221;2\/3&#8243;][vc_column_text] Tandformer \u2013 B\u00e5gs\u00e5gblad N\u00e4r det g\u00e4ller olika tandformer f\u00f6r b\u00e5gs\u00e5gblad brukar man n\u00e4mna 4 olika sorter, raktandade och hyveltandade i tv\u00e5 storlekar. Raktandade blad rekommenderas f\u00f6r torrt virke, medan hyveltanding \u00e4r att f\u00f6redra vid s\u00e5gning i r\u00e5tt,&hellip;\" \/>\n<meta property=\"og:url\" content=\"https:\/\/g-man.se\/sv\/tandformer-bagsagsblad\" \/>\n<meta property=\"og:site_name\" content=\"G-MAN Tools\" \/>\n<meta property=\"article:publisher\" content=\"https:\/\/www.facebook.com\/GManToolsAB\/\" \/>\n<meta property=\"article:modified_time\" content=\"2020-11-10T14:50:39+00:00\" \/>\n<meta name=\"twitter:card\" content=\"summary_large_image\" \/>\n<meta name=\"twitter:label1\" content=\"Ber\u00e4knad l\u00e4stid\" \/>\n\t<meta name=\"twitter:data1\" content=\"1 minut\" \/>\n<script type=\"application\/ld+json\" class=\"yoast-schema-graph\">{\"@context\":\"https:\/\/schema.org\",\"@graph\":[{\"@type\":\"WebPage\",\"@id\":\"https:\/\/g-man.se\/sv\/tandformer-bagsagsblad\",\"url\":\"https:\/\/g-man.se\/sv\/tandformer-bagsagsblad\",\"name\":\"Tandformer - B\u00e5gs\u00e5gsblad - G-MAN Tools\",\"isPartOf\":{\"@id\":\"https:\/\/g-man.se\/sv\/sv\/#website\"},\"datePublished\":\"2020-05-28T12:30:05+00:00\",\"dateModified\":\"2020-11-10T14:50:39+00:00\",\"breadcrumb\":{\"@id\":\"https:\/\/g-man.se\/sv\/tandformer-bagsagsblad#breadcrumb\"},\"inLanguage\":\"sv-SE\",\"potentialAction\":[{\"@type\":\"ReadAction\",\"target\":[\"https:\/\/g-man.se\/sv\/tandformer-bagsagsblad\"]}]},{\"@type\":\"BreadcrumbList\",\"@id\":\"https:\/\/g-man.se\/sv\/tandformer-bagsagsblad#breadcrumb\",\"itemListElement\":[{\"@type\":\"ListItem\",\"position\":1,\"name\":\"Hem\",\"item\":\"https:\/\/g-man.se\/sv\"},{\"@type\":\"ListItem\",\"position\":2,\"name\":\"Tandformer &#8211; B\u00e5gs\u00e5gsblad\"}]},{\"@type\":\"WebSite\",\"@id\":\"https:\/\/g-man.se\/sv\/sv\/#website\",\"url\":\"https:\/\/g-man.se\/sv\/sv\/\",\"name\":\"G-MAN Tools\",\"description\":\"The Swedish Saw Expert\",\"publisher\":{\"@id\":\"https:\/\/g-man.se\/sv\/sv\/#organization\"},\"potentialAction\":[{\"@type\":\"SearchAction\",\"target\":{\"@type\":\"EntryPoint\",\"urlTemplate\":\"https:\/\/g-man.se\/sv\/sv\/?s={search_term_string}\"},\"query-input\":{\"@type\":\"PropertyValueSpecification\",\"valueRequired\":true,\"valueName\":\"search_term_string\"}}],\"inLanguage\":\"sv-SE\"},{\"@type\":\"Organization\",\"@id\":\"https:\/\/g-man.se\/sv\/sv\/#organization\",\"name\":\"G-Man Tools\",\"url\":\"https:\/\/g-man.se\/sv\/sv\/\",\"logo\":{\"@type\":\"ImageObject\",\"inLanguage\":\"sv-SE\",\"@id\":\"https:\/\/g-man.se\/sv\/sv\/#\/schema\/logo\/image\/\",\"url\":\"https:\/\/g-man.se\/wp-content\/uploads\/g-man-logo.png\",\"contentUrl\":\"https:\/\/g-man.se\/wp-content\/uploads\/g-man-logo.png\",\"width\":1080,\"height\":373,\"caption\":\"G-Man Tools\"},\"image\":{\"@id\":\"https:\/\/g-man.se\/sv\/sv\/#\/schema\/logo\/image\/\"},\"sameAs\":[\"https:\/\/www.facebook.com\/GManToolsAB\/\",\"https:\/\/www.instagram.com\/gmantools\/\",\"https:\/\/se.linkedin.com\/company\/g-man-tools-ab\",\"https:\/\/www.youtube.com\/user\/GManTools\"]}]}<\/script>\n<!-- \/ Yoast SEO plugin. -->","yoast_head_json":{"title":"Tandformer - B\u00e5gs\u00e5gsblad - G-MAN Tools","robots":{"index":"index","follow":"follow","max-snippet":"max-snippet:-1","max-image-preview":"max-image-preview:large","max-video-preview":"max-video-preview:-1"},"canonical":"https:\/\/g-man.se\/sv\/tandformer-bagsagsblad","og_locale":"sv_SE","og_type":"article","og_title":"Tandformer - B\u00e5gs\u00e5gsblad - G-MAN Tools","og_description":"[vc_row][vc_column width=&#8221;1\/6&#8243;][\/vc_column][vc_column width=&#8221;2\/3&#8243;][vc_column_text] Tandformer \u2013 B\u00e5gs\u00e5gblad N\u00e4r det g\u00e4ller olika tandformer f\u00f6r b\u00e5gs\u00e5gblad brukar man n\u00e4mna 4 olika sorter, raktandade och hyveltandade i tv\u00e5 storlekar. Raktandade blad rekommenderas f\u00f6r torrt virke, medan hyveltanding \u00e4r att f\u00f6redra vid s\u00e5gning i r\u00e5tt,&hellip;","og_url":"https:\/\/g-man.se\/sv\/tandformer-bagsagsblad","og_site_name":"G-MAN Tools","article_publisher":"https:\/\/www.facebook.com\/GManToolsAB\/","article_modified_time":"2020-11-10T14:50:39+00:00","twitter_card":"summary_large_image","twitter_misc":{"Ber\u00e4knad l\u00e4stid":"1 minut"},"schema":{"@context":"https:\/\/schema.org","@graph":[{"@type":"WebPage","@id":"https:\/\/g-man.se\/sv\/tandformer-bagsagsblad","url":"https:\/\/g-man.se\/sv\/tandformer-bagsagsblad","name":"Tandformer - B\u00e5gs\u00e5gsblad - G-MAN Tools","isPartOf":{"@id":"https:\/\/g-man.se\/sv\/sv\/#website"},"datePublished":"2020-05-28T12:30:05+00:00","dateModified":"2020-11-10T14:50:39+00:00","breadcrumb":{"@id":"https:\/\/g-man.se\/sv\/tandformer-bagsagsblad#breadcrumb"},"inLanguage":"sv-SE","potentialAction":[{"@type":"ReadAction","target":["https:\/\/g-man.se\/sv\/tandformer-bagsagsblad"]}]},{"@type":"BreadcrumbList","@id":"https:\/\/g-man.se\/sv\/tandformer-bagsagsblad#breadcrumb","itemListElement":[{"@type":"ListItem","position":1,"name":"Hem","item":"https:\/\/g-man.se\/sv"},{"@type":"ListItem","position":2,"name":"Tandformer &#8211; B\u00e5gs\u00e5gsblad"}]},{"@type":"WebSite","@id":"https:\/\/g-man.se\/sv\/sv\/#website","url":"https:\/\/g-man.se\/sv\/sv\/","name":"G-MAN Tools","description":"The Swedish Saw Expert","publisher":{"@id":"https:\/\/g-man.se\/sv\/sv\/#organization"},"potentialAction":[{"@type":"SearchAction","target":{"@type":"EntryPoint","urlTemplate":"https:\/\/g-man.se\/sv\/sv\/?s={search_term_string}"},"query-input":{"@type":"PropertyValueSpecification","valueRequired":true,"valueName":"search_term_string"}}],"inLanguage":"sv-SE"},{"@type":"Organization","@id":"https:\/\/g-man.se\/sv\/sv\/#organization","name":"G-Man Tools","url":"https:\/\/g-man.se\/sv\/sv\/","logo":{"@type":"ImageObject","inLanguage":"sv-SE","@id":"https:\/\/g-man.se\/sv\/sv\/#\/schema\/logo\/image\/","url":"https:\/\/g-man.se\/wp-content\/uploads\/g-man-logo.png","contentUrl":"https:\/\/g-man.se\/wp-content\/uploads\/g-man-logo.png","width":1080,"height":373,"caption":"G-Man Tools"},"image":{"@id":"https:\/\/g-man.se\/sv\/sv\/#\/schema\/logo\/image\/"},"sameAs":["https:\/\/www.facebook.com\/GManToolsAB\/","https:\/\/www.instagram.com\/gmantools\/","https:\/\/se.linkedin.com\/company\/g-man-tools-ab","https:\/\/www.youtube.com\/user\/GManTools"]}]}},"_links":{"self":[{"href":"https:\/\/g-man.se\/sv\/wp-json\/wp\/v2\/pages\/150","targetHints":{"allow":["GET"]}}],"collection":[{"href":"https:\/\/g-man.se\/sv\/wp-json\/wp\/v2\/pages"}],"about":[{"href":"https:\/\/g-man.se\/sv\/wp-json\/wp\/v2\/types\/page"}],"author":[{"embeddable":true,"href":"https:\/\/g-man.se\/sv\/wp-json\/wp\/v2\/users\/2"}],"replies":[{"embeddable":true,"href":"https:\/\/g-man.se\/sv\/wp-json\/wp\/v2\/comments?post=150"}],"version-history":[{"count":0,"href":"https:\/\/g-man.se\/sv\/wp-json\/wp\/v2\/pages\/150\/revisions"}],"wp:attachment":[{"href":"https:\/\/g-man.se\/sv\/wp-json\/wp\/v2\/media?parent=150"}],"curies":[{"name":"wp","href":"https:\/\/api.w.org\/{rel}","templated":true}]}}