{"id":147,"date":"2020-05-28T14:29:55","date_gmt":"2020-05-28T12:29:55","guid":{"rendered":"https:\/\/g-man.se\/?page_id=147"},"modified":"2020-11-10T15:49:24","modified_gmt":"2020-11-10T14:49:24","slug":"tandformer-handsagar","status":"publish","type":"page","link":"https:\/\/g-man.se\/sv\/tandformer-handsagar","title":{"rendered":"Tandformer &#8211; Hands\u00e5gar"},"content":{"rendered":"[vc_row][vc_column width=&#8221;1\/6&#8243;][\/vc_column][vc_column width=&#8221;2\/3&#8243;][vc_column_text]\n<h1>Tandformer \u2013 Hands\u00e5gar<\/h1>\n<h4>P\u00e5 marknaden finns idag huvudsakligen 4 olika tandformer.<\/h4>\n[\/vc_column_text][\/vc_column][vc_column width=&#8221;1\/6&#8243;][\/vc_column][\/vc_row][vc_row][vc_column width=&#8221;1\/6&#8243;][\/vc_column][vc_column width=&#8221;1\/6&#8243; offset=&#8221;vc_col-xs-6&#8243; css=&#8221;.vc_custom_1605019578496{margin-bottom: 0px !important;}&#8221;][vc_single_image image=&#8221;1507&#8243; css=&#8221;.vc_custom_1605019711115{padding-top: 15px !important;padding-right: 15px !important;padding-bottom: 15px !important;padding-left: 15px !important;}&#8221;][\/vc_column][vc_column width=&#8221;1\/2&#8243;][vc_column_text]\n<h2 style=\"margin-top: 0;\">Raktandade<\/h2>\n<p>En mycket vanlig typ av tandning \u00e4r raktandningen som finns p\u00e5 s\u00e5gar som i huvudsak skall anv\u00e4ndas f\u00f6r kapning dvs s\u00e5gning tv\u00e4rs\u00f6ver fiberriktningen. Den typen av s\u00e5gning utg\u00f6r 90% av allt s\u00e5garbete. Raktandade s\u00e5gar kapar bra men klyver s\u00e4mre. En raktandad s\u00e5g s\u00e5gar p\u00e5 b\u00e5de st\u00f6t och drag.[\/vc_column_text][\/vc_column][vc_column width=&#8221;1\/6&#8243;][\/vc_column][\/vc_row][vc_row][vc_column width=&#8221;1\/6&#8243;][\/vc_column][vc_column width=&#8221;1\/6&#8243; offset=&#8221;vc_col-xs-6&#8243; css=&#8221;.vc_custom_1605019578496{margin-bottom: 0px !important;}&#8221;][vc_single_image image=&#8221;1509&#8243; css=&#8221;.vc_custom_1605019720770{padding-top: 15px !important;padding-right: 15px !important;padding-bottom: 15px !important;padding-left: 15px !important;}&#8221;][\/vc_column][vc_column width=&#8221;1\/2&#8243;][vc_column_text]\n<h2 style=\"margin-top: 0;\">Universaltandade<\/h2>\n<p>Namnet universal anger viss m\u00e5ngsidighet. En s\u00e5g med denna tandning har t\u00e4nder som \u00e4r slipade &#8221;snett \u00f6ver&#8221;. En universaltandad s\u00e5g kapar bra och klyver bra. Den s\u00e5gar dock bara p\u00e5 st\u00f6t. Universaltandade s\u00e5gar anv\u00e4nds l\u00e4mpligast vid medel- och fins\u00e5gning. Sticks\u00e5gar, ryggs\u00e5gar och fan\u00e9rs\u00e5gar \u00e4r t ex universaltandade.[\/vc_column_text][\/vc_column][vc_column width=&#8221;1\/6&#8243;][\/vc_column][\/vc_row][vc_row][vc_column width=&#8221;1\/6&#8243;][\/vc_column][vc_column width=&#8221;1\/6&#8243; offset=&#8221;vc_col-xs-6&#8243; css=&#8221;.vc_custom_1605019578496{margin-bottom: 0px !important;}&#8221;][vc_single_image image=&#8221;1503&#8243; css=&#8221;.vc_custom_1605019517824{padding: 15px !important;}&#8221;][\/vc_column][vc_column width=&#8221;1\/2&#8243;][vc_column_text]\n<h2 style=\"margin-top: 0;\">Grupptandade<\/h2>\n<p>Grupptandningen anv\u00e4nds oftast p\u00e5 s\u00e5gar med vilket man skall kapa r\u00e5tt virke, t ex inom skogsbruket eller f\u00f6r grovkapning av s\u00e5 kallat formvirke. T\u00e4nderna \u00e4r uppdelad i grupper med ett extra avst\u00e5nd mellan t\u00e4nderna och grupperna, vilket g\u00f6r att det fuktiga s\u00e5gsp\u00e5net transporteras ut l\u00e4ttare. Grupptandningen har \u00e4ven en vibrationsreducerande effekt.[\/vc_column_text][\/vc_column][vc_column width=&#8221;1\/6&#8243;][\/vc_column][\/vc_row][vc_row][vc_column width=&#8221;1\/6&#8243;][\/vc_column][vc_column width=&#8221;1\/6&#8243; offset=&#8221;vc_col-xs-6&#8243; css=&#8221;.vc_custom_1605019578496{margin-bottom: 0px !important;}&#8221;][vc_single_image image=&#8221;1505&#8243; css=&#8221;.vc_custom_1605019701107{padding-top: 15px !important;padding-right: 15px !important;padding-bottom: 15px !important;padding-left: 15px !important;}&#8221;][\/vc_column][vc_column width=&#8221;1\/2&#8243;][vc_column_text]\n<h2 style=\"margin-top: 0;\">3-fastandade<\/h2>\n<p>P\u00e5 senare \u00e5r har det tillkommit en ny typ av tandning, den s\u00e5 kallade &#8221;japantandningen&#8221; eller 3-fastandningen, den kommer ursprungligen fr\u00e5n Japan och d\u00e4rav namnet. F\u00f6rdelen med denna typ av tandning \u00e4r att den avverkar mycket snabbt och l\u00e4mnar en mycket fin snittyta, n\u00e4stan som om ytan skulle vara hyvlad.[\/vc_column_text][\/vc_column][vc_column width=&#8221;1\/6&#8243;][\/vc_column][\/vc_row]\n","protected":false},"excerpt":{"rendered":"<p>[vc_row][vc_column width=&#8221;1\/6&#8243;][\/vc_column][vc_column width=&#8221;2\/3&#8243;][vc_column_text] Tandformer \u2013 Hands\u00e5gar P\u00e5 marknaden finns idag huvudsakligen 4 olika tandformer. [\/vc_column_text][\/vc_column][vc_column width=&#8221;1\/6&#8243;][\/vc_column][\/vc_row][vc_row][vc_column width=&#8221;1\/6&#8243;][\/vc_column][vc_column width=&#8221;1\/6&#8243; offset=&#8221;vc_col-xs-6&#8243; css=&#8221;.vc_custom_1605019578496{margin-bottom: 0px !important;}&#8221;][vc_single_image image=&#8221;1507&#8243; css=&#8221;.vc_custom_1605019711115{padding-top: 15px !important;padding-right: 15px !important;padding-bottom: 15px !important;padding-left: 15px !important;}&#8221;][\/vc_column][vc_column width=&#8221;1\/2&#8243;][vc_column_text] Raktandade En mycket vanlig typ av tandning&hellip;<\/p>\n","protected":false},"author":2,"featured_media":0,"parent":0,"menu_order":0,"comment_status":"closed","ping_status":"closed","template":"","meta":{"_acf_changed":false,"footnotes":""},"class_list":["post-147","page","type-page","status-publish","hentry","entry","no-media"],"acf":[],"yoast_head":"<!-- This site is optimized with the Yoast SEO plugin v26.8 - https:\/\/yoast.com\/product\/yoast-seo-wordpress\/ -->\n<title>Tandformer - Hands\u00e5gar - G-MAN Tools<\/title>\n<meta name=\"robots\" content=\"index, follow, max-snippet:-1, max-image-preview:large, max-video-preview:-1\" \/>\n<link rel=\"canonical\" href=\"https:\/\/g-man.se\/sv\/tandformer-handsagar\" \/>\n<meta property=\"og:locale\" content=\"sv_SE\" \/>\n<meta property=\"og:type\" content=\"article\" \/>\n<meta property=\"og:title\" content=\"Tandformer - Hands\u00e5gar - G-MAN Tools\" \/>\n<meta property=\"og:description\" content=\"[vc_row][vc_column width=&#8221;1\/6&#8243;][\/vc_column][vc_column width=&#8221;2\/3&#8243;][vc_column_text] Tandformer \u2013 Hands\u00e5gar P\u00e5 marknaden finns idag huvudsakligen 4 olika tandformer. [\/vc_column_text][\/vc_column][vc_column width=&#8221;1\/6&#8243;][\/vc_column][\/vc_row][vc_row][vc_column width=&#8221;1\/6&#8243;][\/vc_column][vc_column width=&#8221;1\/6&#8243; offset=&#8221;vc_col-xs-6&#8243; css=&#8221;.vc_custom_1605019578496{margin-bottom: 0px !important;}&#8221;][vc_single_image image=&#8221;1507&#8243; css=&#8221;.vc_custom_1605019711115{padding-top: 15px !important;padding-right: 15px !important;padding-bottom: 15px !important;padding-left: 15px !important;}&#8221;][\/vc_column][vc_column width=&#8221;1\/2&#8243;][vc_column_text] Raktandade En mycket vanlig typ av tandning&hellip;\" \/>\n<meta property=\"og:url\" content=\"https:\/\/g-man.se\/sv\/tandformer-handsagar\" \/>\n<meta property=\"og:site_name\" content=\"G-MAN Tools\" \/>\n<meta property=\"article:publisher\" content=\"https:\/\/www.facebook.com\/GManToolsAB\/\" \/>\n<meta property=\"article:modified_time\" content=\"2020-11-10T14:49:24+00:00\" \/>\n<meta name=\"twitter:card\" content=\"summary_large_image\" \/>\n<meta name=\"twitter:label1\" content=\"Ber\u00e4knad l\u00e4stid\" \/>\n\t<meta name=\"twitter:data1\" content=\"3 minuter\" \/>\n<script type=\"application\/ld+json\" class=\"yoast-schema-graph\">{\"@context\":\"https:\/\/schema.org\",\"@graph\":[{\"@type\":\"WebPage\",\"@id\":\"https:\/\/g-man.se\/sv\/tandformer-handsagar\",\"url\":\"https:\/\/g-man.se\/sv\/tandformer-handsagar\",\"name\":\"Tandformer - Hands\u00e5gar - G-MAN Tools\",\"isPartOf\":{\"@id\":\"https:\/\/g-man.se\/sv\/sv\/#website\"},\"datePublished\":\"2020-05-28T12:29:55+00:00\",\"dateModified\":\"2020-11-10T14:49:24+00:00\",\"breadcrumb\":{\"@id\":\"https:\/\/g-man.se\/sv\/tandformer-handsagar#breadcrumb\"},\"inLanguage\":\"sv-SE\",\"potentialAction\":[{\"@type\":\"ReadAction\",\"target\":[\"https:\/\/g-man.se\/sv\/tandformer-handsagar\"]}]},{\"@type\":\"BreadcrumbList\",\"@id\":\"https:\/\/g-man.se\/sv\/tandformer-handsagar#breadcrumb\",\"itemListElement\":[{\"@type\":\"ListItem\",\"position\":1,\"name\":\"Hem\",\"item\":\"https:\/\/g-man.se\/sv\"},{\"@type\":\"ListItem\",\"position\":2,\"name\":\"Tandformer &#8211; Hands\u00e5gar\"}]},{\"@type\":\"WebSite\",\"@id\":\"https:\/\/g-man.se\/sv\/sv\/#website\",\"url\":\"https:\/\/g-man.se\/sv\/sv\/\",\"name\":\"G-MAN Tools\",\"description\":\"The Swedish Saw Expert\",\"publisher\":{\"@id\":\"https:\/\/g-man.se\/sv\/sv\/#organization\"},\"potentialAction\":[{\"@type\":\"SearchAction\",\"target\":{\"@type\":\"EntryPoint\",\"urlTemplate\":\"https:\/\/g-man.se\/sv\/sv\/?s={search_term_string}\"},\"query-input\":{\"@type\":\"PropertyValueSpecification\",\"valueRequired\":true,\"valueName\":\"search_term_string\"}}],\"inLanguage\":\"sv-SE\"},{\"@type\":\"Organization\",\"@id\":\"https:\/\/g-man.se\/sv\/sv\/#organization\",\"name\":\"G-Man Tools\",\"url\":\"https:\/\/g-man.se\/sv\/sv\/\",\"logo\":{\"@type\":\"ImageObject\",\"inLanguage\":\"sv-SE\",\"@id\":\"https:\/\/g-man.se\/sv\/sv\/#\/schema\/logo\/image\/\",\"url\":\"https:\/\/g-man.se\/wp-content\/uploads\/g-man-logo.png\",\"contentUrl\":\"https:\/\/g-man.se\/wp-content\/uploads\/g-man-logo.png\",\"width\":1080,\"height\":373,\"caption\":\"G-Man Tools\"},\"image\":{\"@id\":\"https:\/\/g-man.se\/sv\/sv\/#\/schema\/logo\/image\/\"},\"sameAs\":[\"https:\/\/www.facebook.com\/GManToolsAB\/\",\"https:\/\/www.instagram.com\/gmantools\/\",\"https:\/\/se.linkedin.com\/company\/g-man-tools-ab\",\"https:\/\/www.youtube.com\/user\/GManTools\"]}]}<\/script>\n<!-- \/ Yoast SEO plugin. -->","yoast_head_json":{"title":"Tandformer - Hands\u00e5gar - G-MAN Tools","robots":{"index":"index","follow":"follow","max-snippet":"max-snippet:-1","max-image-preview":"max-image-preview:large","max-video-preview":"max-video-preview:-1"},"canonical":"https:\/\/g-man.se\/sv\/tandformer-handsagar","og_locale":"sv_SE","og_type":"article","og_title":"Tandformer - Hands\u00e5gar - G-MAN Tools","og_description":"[vc_row][vc_column width=&#8221;1\/6&#8243;][\/vc_column][vc_column width=&#8221;2\/3&#8243;][vc_column_text] Tandformer \u2013 Hands\u00e5gar P\u00e5 marknaden finns idag huvudsakligen 4 olika tandformer. [\/vc_column_text][\/vc_column][vc_column width=&#8221;1\/6&#8243;][\/vc_column][\/vc_row][vc_row][vc_column width=&#8221;1\/6&#8243;][\/vc_column][vc_column width=&#8221;1\/6&#8243; offset=&#8221;vc_col-xs-6&#8243; css=&#8221;.vc_custom_1605019578496{margin-bottom: 0px !important;}&#8221;][vc_single_image image=&#8221;1507&#8243; css=&#8221;.vc_custom_1605019711115{padding-top: 15px !important;padding-right: 15px !important;padding-bottom: 15px !important;padding-left: 15px !important;}&#8221;][\/vc_column][vc_column width=&#8221;1\/2&#8243;][vc_column_text] Raktandade En mycket vanlig typ av tandning&hellip;","og_url":"https:\/\/g-man.se\/sv\/tandformer-handsagar","og_site_name":"G-MAN Tools","article_publisher":"https:\/\/www.facebook.com\/GManToolsAB\/","article_modified_time":"2020-11-10T14:49:24+00:00","twitter_card":"summary_large_image","twitter_misc":{"Ber\u00e4knad l\u00e4stid":"3 minuter"},"schema":{"@context":"https:\/\/schema.org","@graph":[{"@type":"WebPage","@id":"https:\/\/g-man.se\/sv\/tandformer-handsagar","url":"https:\/\/g-man.se\/sv\/tandformer-handsagar","name":"Tandformer - Hands\u00e5gar - G-MAN Tools","isPartOf":{"@id":"https:\/\/g-man.se\/sv\/sv\/#website"},"datePublished":"2020-05-28T12:29:55+00:00","dateModified":"2020-11-10T14:49:24+00:00","breadcrumb":{"@id":"https:\/\/g-man.se\/sv\/tandformer-handsagar#breadcrumb"},"inLanguage":"sv-SE","potentialAction":[{"@type":"ReadAction","target":["https:\/\/g-man.se\/sv\/tandformer-handsagar"]}]},{"@type":"BreadcrumbList","@id":"https:\/\/g-man.se\/sv\/tandformer-handsagar#breadcrumb","itemListElement":[{"@type":"ListItem","position":1,"name":"Hem","item":"https:\/\/g-man.se\/sv"},{"@type":"ListItem","position":2,"name":"Tandformer &#8211; Hands\u00e5gar"}]},{"@type":"WebSite","@id":"https:\/\/g-man.se\/sv\/sv\/#website","url":"https:\/\/g-man.se\/sv\/sv\/","name":"G-MAN Tools","description":"The Swedish Saw Expert","publisher":{"@id":"https:\/\/g-man.se\/sv\/sv\/#organization"},"potentialAction":[{"@type":"SearchAction","target":{"@type":"EntryPoint","urlTemplate":"https:\/\/g-man.se\/sv\/sv\/?s={search_term_string}"},"query-input":{"@type":"PropertyValueSpecification","valueRequired":true,"valueName":"search_term_string"}}],"inLanguage":"sv-SE"},{"@type":"Organization","@id":"https:\/\/g-man.se\/sv\/sv\/#organization","name":"G-Man Tools","url":"https:\/\/g-man.se\/sv\/sv\/","logo":{"@type":"ImageObject","inLanguage":"sv-SE","@id":"https:\/\/g-man.se\/sv\/sv\/#\/schema\/logo\/image\/","url":"https:\/\/g-man.se\/wp-content\/uploads\/g-man-logo.png","contentUrl":"https:\/\/g-man.se\/wp-content\/uploads\/g-man-logo.png","width":1080,"height":373,"caption":"G-Man Tools"},"image":{"@id":"https:\/\/g-man.se\/sv\/sv\/#\/schema\/logo\/image\/"},"sameAs":["https:\/\/www.facebook.com\/GManToolsAB\/","https:\/\/www.instagram.com\/gmantools\/","https:\/\/se.linkedin.com\/company\/g-man-tools-ab","https:\/\/www.youtube.com\/user\/GManTools"]}]}},"_links":{"self":[{"href":"https:\/\/g-man.se\/sv\/wp-json\/wp\/v2\/pages\/147","targetHints":{"allow":["GET"]}}],"collection":[{"href":"https:\/\/g-man.se\/sv\/wp-json\/wp\/v2\/pages"}],"about":[{"href":"https:\/\/g-man.se\/sv\/wp-json\/wp\/v2\/types\/page"}],"author":[{"embeddable":true,"href":"https:\/\/g-man.se\/sv\/wp-json\/wp\/v2\/users\/2"}],"replies":[{"embeddable":true,"href":"https:\/\/g-man.se\/sv\/wp-json\/wp\/v2\/comments?post=147"}],"version-history":[{"count":0,"href":"https:\/\/g-man.se\/sv\/wp-json\/wp\/v2\/pages\/147\/revisions"}],"wp:attachment":[{"href":"https:\/\/g-man.se\/sv\/wp-json\/wp\/v2\/media?parent=147"}],"curies":[{"name":"wp","href":"https:\/\/api.w.org\/{rel}","templated":true}]}}