{"id":144,"date":"2020-05-28T14:29:45","date_gmt":"2020-05-28T12:29:45","guid":{"rendered":"https:\/\/g-man.se\/?page_id=144"},"modified":"2020-11-10T15:52:39","modified_gmt":"2020-11-10T14:52:39","slug":"sa-funkar-en-sag","status":"publish","type":"page","link":"https:\/\/g-man.se\/sv\/sa-funkar-en-sag","title":{"rendered":"S\u00e5 funkar en s\u00e5g"},"content":{"rendered":"[vc_row][vc_column width=&#8221;1\/6&#8243;][\/vc_column][vc_column width=&#8221;2\/3&#8243;][vc_column_text]\n<h1>Hur fungerar en s\u00e5g?<\/h1>\n<h4>F\u00f6r att \u00e5sk\u00e5dligg\u00f6ra hur en s\u00e5g fungerar har vi gjort en illustration som du ser h\u00e4r under. Vad som uppst\u00e5r vid kapning eller klyvning \u00e5stadkommes med s\u00e5gt\u00e4ndernas spetsar som i tv\u00e5 parallella linjer sk\u00e4r sig ner i tr\u00e4et.<\/h4>\n<p>Spetsarna m\u00e5ste \u00e4ven sk\u00e4rpas, detta sker idag med datoriserade maskiner vilket bidrar till att varje tand ser likadan ut. Det \u00e4r ytterst viktigt att varje tand \u00e4r exakt i h\u00f6jdled och sidled f\u00f6r att skapa de ovan n\u00e4mnda sk\u00e4rlinjerna.[\/vc_column_text][vc_column_text css=&#8221;.vc_custom_1591168181080{margin-top: 30px !important;}&#8221;]\n<h2>S\u00e5 fungerar en s\u00e5g<\/h2>\n[\/vc_column_text][\/vc_column][vc_column width=&#8221;1\/6&#8243;][\/vc_column][\/vc_row][vc_row][vc_column width=&#8221;1\/6&#8243;][\/vc_column][vc_column width=&#8221;1\/3&#8243;][vc_single_image image=&#8221;579&#8243;][vc_column_text]<strong>Varannan tand sk\u00e4r v\u00e4xelvis<\/strong> i sp\u00e5rets kant. F\u00f6r att tandspetsarna skall kunna sk\u00e4ra p\u00e5 detta s\u00e4tt m\u00e5ste de skr\u00e4nkas (s\u00e4ras).[\/vc_column_text][\/vc_column][vc_column width=&#8221;1\/3&#8243;][vc_single_image image=&#8221;580&#8243;][vc_column_text]Man kan enkelt s\u00e4ga att varannan tand skall vinklas ut till h\u00f6ger och varannan skall vinklas ut till v\u00e4nster.<br \/>\n[\/vc_column_text][\/vc_column][vc_column width=&#8221;1\/6&#8243;][\/vc_column][\/vc_row][vc_row][vc_column width=&#8221;1\/6&#8243;][\/vc_column][vc_column width=&#8221;2\/3&#8243;][vc_separator][vc_column_text css=&#8221;.vc_custom_1591168341386{margin-top: 30px !important;}&#8221;]\n<h2>Kapning &amp; Klyvning<\/h2>\n[\/vc_column_text][\/vc_column][vc_column width=&#8221;1\/6&#8243;][\/vc_column][\/vc_row][vc_row][vc_column width=&#8221;1\/6&#8243;][\/vc_column][vc_column width=&#8221;1\/3&#8243;][vc_single_image image=&#8221;582&#8243;][vc_column_text]<strong>Universaltandade s\u00e5gar<\/strong> anv\u00e4nds l\u00e4mpligast vid medel- och fins\u00e5gning. Sticks\u00e5gar, ryggs\u00e5gar, och fan\u00e9rs\u00e5gar \u00e4r tex universaltandade.[\/vc_column_text][\/vc_column][vc_column width=&#8221;1\/3&#8243;][vc_single_image image=&#8221;581&#8243;][vc_column_text]<strong>Raktandade s\u00e5gar<\/strong> s\u00e5gar b\u00e4st tv\u00e4rs\u00f6ver fiberriktingen, vilket man g\u00f6r i 90% av fallen.[\/vc_column_text][\/vc_column][vc_column width=&#8221;1\/6&#8243;][\/vc_column][\/vc_row]\n","protected":false},"excerpt":{"rendered":"<p>[vc_row][vc_column width=&#8221;1\/6&#8243;][\/vc_column][vc_column width=&#8221;2\/3&#8243;][vc_column_text] Hur fungerar en s\u00e5g? F\u00f6r att \u00e5sk\u00e5dligg\u00f6ra hur en s\u00e5g fungerar har vi gjort en illustration som du ser h\u00e4r under. Vad som uppst\u00e5r vid kapning eller klyvning \u00e5stadkommes med s\u00e5gt\u00e4ndernas spetsar som i tv\u00e5 parallella linjer&hellip;<\/p>\n","protected":false},"author":2,"featured_media":0,"parent":0,"menu_order":0,"comment_status":"closed","ping_status":"closed","template":"","meta":{"_acf_changed":false,"footnotes":""},"class_list":["post-144","page","type-page","status-publish","hentry","entry","no-media"],"acf":[],"yoast_head":"<!-- This site is optimized with the Yoast SEO plugin v26.8 - https:\/\/yoast.com\/product\/yoast-seo-wordpress\/ -->\n<title>S\u00e5 funkar en s\u00e5g - G-MAN Tools<\/title>\n<meta name=\"robots\" content=\"index, follow, max-snippet:-1, max-image-preview:large, max-video-preview:-1\" \/>\n<link rel=\"canonical\" href=\"https:\/\/g-man.se\/sv\/sa-funkar-en-sag\" \/>\n<meta property=\"og:locale\" content=\"sv_SE\" \/>\n<meta property=\"og:type\" content=\"article\" \/>\n<meta property=\"og:title\" content=\"S\u00e5 funkar en s\u00e5g - G-MAN Tools\" \/>\n<meta property=\"og:description\" content=\"[vc_row][vc_column width=&#8221;1\/6&#8243;][\/vc_column][vc_column width=&#8221;2\/3&#8243;][vc_column_text] Hur fungerar en s\u00e5g? F\u00f6r att \u00e5sk\u00e5dligg\u00f6ra hur en s\u00e5g fungerar har vi gjort en illustration som du ser h\u00e4r under. Vad som uppst\u00e5r vid kapning eller klyvning \u00e5stadkommes med s\u00e5gt\u00e4ndernas spetsar som i tv\u00e5 parallella linjer&hellip;\" \/>\n<meta property=\"og:url\" content=\"https:\/\/g-man.se\/sv\/sa-funkar-en-sag\" \/>\n<meta property=\"og:site_name\" content=\"G-MAN Tools\" \/>\n<meta property=\"article:publisher\" content=\"https:\/\/www.facebook.com\/GManToolsAB\/\" \/>\n<meta property=\"article:modified_time\" content=\"2020-11-10T14:52:39+00:00\" \/>\n<meta name=\"twitter:card\" content=\"summary_large_image\" \/>\n<meta name=\"twitter:label1\" content=\"Ber\u00e4knad l\u00e4stid\" \/>\n\t<meta name=\"twitter:data1\" content=\"2 minuter\" \/>\n<script type=\"application\/ld+json\" class=\"yoast-schema-graph\">{\"@context\":\"https:\/\/schema.org\",\"@graph\":[{\"@type\":\"WebPage\",\"@id\":\"https:\/\/g-man.se\/sv\/sa-funkar-en-sag\",\"url\":\"https:\/\/g-man.se\/sv\/sa-funkar-en-sag\",\"name\":\"S\u00e5 funkar en s\u00e5g - G-MAN Tools\",\"isPartOf\":{\"@id\":\"https:\/\/g-man.se\/sv\/sv\/#website\"},\"datePublished\":\"2020-05-28T12:29:45+00:00\",\"dateModified\":\"2020-11-10T14:52:39+00:00\",\"breadcrumb\":{\"@id\":\"https:\/\/g-man.se\/sv\/sa-funkar-en-sag#breadcrumb\"},\"inLanguage\":\"sv-SE\",\"potentialAction\":[{\"@type\":\"ReadAction\",\"target\":[\"https:\/\/g-man.se\/sv\/sa-funkar-en-sag\"]}]},{\"@type\":\"BreadcrumbList\",\"@id\":\"https:\/\/g-man.se\/sv\/sa-funkar-en-sag#breadcrumb\",\"itemListElement\":[{\"@type\":\"ListItem\",\"position\":1,\"name\":\"Hem\",\"item\":\"https:\/\/g-man.se\/sv\"},{\"@type\":\"ListItem\",\"position\":2,\"name\":\"S\u00e5 funkar en s\u00e5g\"}]},{\"@type\":\"WebSite\",\"@id\":\"https:\/\/g-man.se\/sv\/sv\/#website\",\"url\":\"https:\/\/g-man.se\/sv\/sv\/\",\"name\":\"G-MAN Tools\",\"description\":\"The Swedish Saw Expert\",\"publisher\":{\"@id\":\"https:\/\/g-man.se\/sv\/sv\/#organization\"},\"potentialAction\":[{\"@type\":\"SearchAction\",\"target\":{\"@type\":\"EntryPoint\",\"urlTemplate\":\"https:\/\/g-man.se\/sv\/sv\/?s={search_term_string}\"},\"query-input\":{\"@type\":\"PropertyValueSpecification\",\"valueRequired\":true,\"valueName\":\"search_term_string\"}}],\"inLanguage\":\"sv-SE\"},{\"@type\":\"Organization\",\"@id\":\"https:\/\/g-man.se\/sv\/sv\/#organization\",\"name\":\"G-Man Tools\",\"url\":\"https:\/\/g-man.se\/sv\/sv\/\",\"logo\":{\"@type\":\"ImageObject\",\"inLanguage\":\"sv-SE\",\"@id\":\"https:\/\/g-man.se\/sv\/sv\/#\/schema\/logo\/image\/\",\"url\":\"https:\/\/g-man.se\/wp-content\/uploads\/g-man-logo.png\",\"contentUrl\":\"https:\/\/g-man.se\/wp-content\/uploads\/g-man-logo.png\",\"width\":1080,\"height\":373,\"caption\":\"G-Man Tools\"},\"image\":{\"@id\":\"https:\/\/g-man.se\/sv\/sv\/#\/schema\/logo\/image\/\"},\"sameAs\":[\"https:\/\/www.facebook.com\/GManToolsAB\/\",\"https:\/\/www.instagram.com\/gmantools\/\",\"https:\/\/se.linkedin.com\/company\/g-man-tools-ab\",\"https:\/\/www.youtube.com\/user\/GManTools\"]}]}<\/script>\n<!-- \/ Yoast SEO plugin. -->","yoast_head_json":{"title":"S\u00e5 funkar en s\u00e5g - G-MAN Tools","robots":{"index":"index","follow":"follow","max-snippet":"max-snippet:-1","max-image-preview":"max-image-preview:large","max-video-preview":"max-video-preview:-1"},"canonical":"https:\/\/g-man.se\/sv\/sa-funkar-en-sag","og_locale":"sv_SE","og_type":"article","og_title":"S\u00e5 funkar en s\u00e5g - G-MAN Tools","og_description":"[vc_row][vc_column width=&#8221;1\/6&#8243;][\/vc_column][vc_column width=&#8221;2\/3&#8243;][vc_column_text] Hur fungerar en s\u00e5g? F\u00f6r att \u00e5sk\u00e5dligg\u00f6ra hur en s\u00e5g fungerar har vi gjort en illustration som du ser h\u00e4r under. Vad som uppst\u00e5r vid kapning eller klyvning \u00e5stadkommes med s\u00e5gt\u00e4ndernas spetsar som i tv\u00e5 parallella linjer&hellip;","og_url":"https:\/\/g-man.se\/sv\/sa-funkar-en-sag","og_site_name":"G-MAN Tools","article_publisher":"https:\/\/www.facebook.com\/GManToolsAB\/","article_modified_time":"2020-11-10T14:52:39+00:00","twitter_card":"summary_large_image","twitter_misc":{"Ber\u00e4knad l\u00e4stid":"2 minuter"},"schema":{"@context":"https:\/\/schema.org","@graph":[{"@type":"WebPage","@id":"https:\/\/g-man.se\/sv\/sa-funkar-en-sag","url":"https:\/\/g-man.se\/sv\/sa-funkar-en-sag","name":"S\u00e5 funkar en s\u00e5g - G-MAN Tools","isPartOf":{"@id":"https:\/\/g-man.se\/sv\/sv\/#website"},"datePublished":"2020-05-28T12:29:45+00:00","dateModified":"2020-11-10T14:52:39+00:00","breadcrumb":{"@id":"https:\/\/g-man.se\/sv\/sa-funkar-en-sag#breadcrumb"},"inLanguage":"sv-SE","potentialAction":[{"@type":"ReadAction","target":["https:\/\/g-man.se\/sv\/sa-funkar-en-sag"]}]},{"@type":"BreadcrumbList","@id":"https:\/\/g-man.se\/sv\/sa-funkar-en-sag#breadcrumb","itemListElement":[{"@type":"ListItem","position":1,"name":"Hem","item":"https:\/\/g-man.se\/sv"},{"@type":"ListItem","position":2,"name":"S\u00e5 funkar en s\u00e5g"}]},{"@type":"WebSite","@id":"https:\/\/g-man.se\/sv\/sv\/#website","url":"https:\/\/g-man.se\/sv\/sv\/","name":"G-MAN Tools","description":"The Swedish Saw Expert","publisher":{"@id":"https:\/\/g-man.se\/sv\/sv\/#organization"},"potentialAction":[{"@type":"SearchAction","target":{"@type":"EntryPoint","urlTemplate":"https:\/\/g-man.se\/sv\/sv\/?s={search_term_string}"},"query-input":{"@type":"PropertyValueSpecification","valueRequired":true,"valueName":"search_term_string"}}],"inLanguage":"sv-SE"},{"@type":"Organization","@id":"https:\/\/g-man.se\/sv\/sv\/#organization","name":"G-Man Tools","url":"https:\/\/g-man.se\/sv\/sv\/","logo":{"@type":"ImageObject","inLanguage":"sv-SE","@id":"https:\/\/g-man.se\/sv\/sv\/#\/schema\/logo\/image\/","url":"https:\/\/g-man.se\/wp-content\/uploads\/g-man-logo.png","contentUrl":"https:\/\/g-man.se\/wp-content\/uploads\/g-man-logo.png","width":1080,"height":373,"caption":"G-Man Tools"},"image":{"@id":"https:\/\/g-man.se\/sv\/sv\/#\/schema\/logo\/image\/"},"sameAs":["https:\/\/www.facebook.com\/GManToolsAB\/","https:\/\/www.instagram.com\/gmantools\/","https:\/\/se.linkedin.com\/company\/g-man-tools-ab","https:\/\/www.youtube.com\/user\/GManTools"]}]}},"_links":{"self":[{"href":"https:\/\/g-man.se\/sv\/wp-json\/wp\/v2\/pages\/144","targetHints":{"allow":["GET"]}}],"collection":[{"href":"https:\/\/g-man.se\/sv\/wp-json\/wp\/v2\/pages"}],"about":[{"href":"https:\/\/g-man.se\/sv\/wp-json\/wp\/v2\/types\/page"}],"author":[{"embeddable":true,"href":"https:\/\/g-man.se\/sv\/wp-json\/wp\/v2\/users\/2"}],"replies":[{"embeddable":true,"href":"https:\/\/g-man.se\/sv\/wp-json\/wp\/v2\/comments?post=144"}],"version-history":[{"count":0,"href":"https:\/\/g-man.se\/sv\/wp-json\/wp\/v2\/pages\/144\/revisions"}],"wp:attachment":[{"href":"https:\/\/g-man.se\/sv\/wp-json\/wp\/v2\/media?parent=144"}],"curies":[{"name":"wp","href":"https:\/\/api.w.org\/{rel}","templated":true}]}}