{"id":138,"date":"2020-05-28T14:29:06","date_gmt":"2020-05-28T12:29:06","guid":{"rendered":"https:\/\/g-man.se\/?page_id=138"},"modified":"2024-11-18T10:33:31","modified_gmt":"2024-11-18T09:33:31","slug":"kontakt","status":"publish","type":"page","link":"https:\/\/g-man.se\/sv\/kontakt","title":{"rendered":"Kontakt"},"content":{"rendered":"[vc_row full_width=&#8221;stretch_row_content_no_spaces&#8221; css=&#8221;.vc_custom_1591169846531{margin-top: -40px !important;}&#8221;][vc_column][vc_gmaps link=&#8221;#E-8_JTNDaWZyYW1lJTIwc3JjJTNEJTIyaHR0cHMlM0ElMkYlMkZ3d3cuZ29vZ2xlLmNvbSUyRm1hcHMlMkZlbWJlZCUzRnBiJTNEJTIxMW0xNCUyMTFtOCUyMTFtMyUyMTFkMTIyMzk2Ljk2Njk0MjA5MTE4JTIxMmQxNS44OTU5NDcwMDAwMDAwMDElMjEzZDYxLjM1ODEzNTAwMDAwMDAwNCUyMTNtMiUyMTFpMTAyNCUyMTJpNzY4JTIxNGYxMy4xJTIxM20zJTIxMW0yJTIxMXMweDAlMjUzQTB4NGNmMzczNWVjZDFjNTQzJTIxMnNHJTI1MjBNYW4lMjUyMFRvb2xzJTI1MjBBQiUyMTVlMCUyMTNtMiUyMTFzc3YlMjEyc3VzJTIxNHYxNTc1NDc5NTAzNDk1JTIxNW0yJTIxMXNzdiUyMTJzdXMlMjIlMjB3aWR0aCUzRCUyMjEwMCUyNSUyMiUyMGhlaWdodCUzRCUyMjQ1MCUyMiUyMGZyYW1lYm9yZGVyJTNEJTIyMCUyMiUyMHN0eWxlJTNEJTIyYm9yZGVyJTNBMCUzQiUyMG1hcmdpbi1ib3R0b20lM0EtMTBweCUzQiUyMiUyMGFsbG93ZnVsbHNjcmVlbiUzRCUyMiUyMiUzRSUzQyUyRmlmcmFtZSUzRQ==&#8221;][\/vc_column][\/vc_row][vc_row css=&#8221;.vc_custom_1590748706148{margin-top: 40px !important;}&#8221;][vc_column width=&#8221;1\/3&#8243; css=&#8221;.vc_custom_1701861630262{margin-top: 40px !important;}&#8221;][vc_column_text]<strong>Telefon<\/strong><br \/>\n<a href=\"tel:0271-583 40\" target=\"\" rel=\"noopener noreferrer\" data-cke-saved-href=\"tel:0271-583 40\">0271-583 40 <\/a><br \/>\n<strong>E-post<\/strong><br \/>\n<a href=\"mailto:info@g-man.se\" target=\"\" rel=\"noopener noreferrer\" data-cke-saved-href=\"mailto:info@g-man.se\">info@g-man.se<\/a><\/p>\n<p><strong>Order e-post<\/strong><br \/>\n<a href=\"mailto:order@g-man.se\" target=\"\" rel=\"noopener noreferrer\" data-cke-saved-href=\"mailto:order@g-man.se\">order@g-man.se<\/a><br \/>\n\u200b\u200b\u200b\u200b\u200b\u200b\u200b<br \/>\n<strong>Fakturor e-post<\/strong><br \/>\n<a href=\"mailto:faktura@g-man.se\" target=\"\" rel=\"noopener noreferrer\" data-cke-saved-href=\"mailto:faktura@g-man.se\">faktura@g-man.se<\/a>[\/vc_column_text][vc_column_text]<strong>Postadress<\/strong><br \/>\nG-MAN TOOLS AB<br \/>\nBox 110<br \/>\n828 22 EDSBYN<br \/>\nSVERIGE<br \/>\n\u200b\u200b\u200b\u200b\u200b\u200b\u200b<br \/>\n<strong>Bes\u00f6ksadress<\/strong><br \/>\nG-MAN TOOLS AB<br \/>\nVIKSJ\u00d6FORSV\u00c4GEN 20<br \/>\n828 94 EDSBYN<br \/>\nSVERIGE[\/vc_column_text][\/vc_column][vc_column width=&#8221;2\/3&#8243; css=&#8221;.vc_custom_1701861580903{margin-top: 0px !important;padding-top: 0px !important;}&#8221;][vc_column_text css=&#8221;.vc_custom_1701861563966{margin-top: 0px !important;padding-top: 0px !important;}&#8221;]\n<h2>Personal<\/h2>\n[\/vc_column_text][vc_row_inner][vc_column_inner width=&#8221;1\/2&#8243;][vc_column_text css=&#8221;.vc_custom_1590748662522{margin-bottom: 20px !important;}&#8221;]\n<h3>ULF B\u00c4CKSTR\u00d6M<\/h3>\n<p><em>VD<br \/>\n\u200b\u200b\u200b\u200b\u200b\u200b\u200b<\/em><br \/>\n<strong>Telefon<\/strong><br \/>\n0271 58344<br \/>\n<strong>E-post<\/strong><br \/>\nulf.backstrom@g-man.se[\/vc_column_text][vc_empty_space height=&#8221;10px&#8221;][vc_column_text css=&#8221;.vc_custom_1674032933747{margin-bottom: 20px !important;}&#8221;]\n<h3>JESSICA HOLMSTR\u00d6M<\/h3>\n<p><em>Order\/skeppning<br \/>\n\u200b\u200b\u200b\u200b\u200b\u200b\u200b<\/em><br \/>\n<strong>Telefon<\/strong><br \/>\n0271 58343<br \/>\n<strong>E-post<\/strong><br \/>\njessica.holmstrom@g-man.se[\/vc_column_text][\/vc_column_inner][vc_column_inner width=&#8221;1\/2&#8243;][vc_column_text css=&#8221;.vc_custom_1590748667240{margin-bottom: 20px !important;}&#8221;]\n<h3>FREDRIK \u00d6STLING<\/h3>\n<p><em>Planering\/Ink\u00f6p<br \/>\n\u200b\u200b\u200b\u200b\u200b\u200b\u200b<\/em><br \/>\n<strong>Telefon<\/strong><br \/>\n0271 58349<br \/>\n<strong>E-post<\/strong><br \/>\nfredrik.ostling@g-man.se[\/vc_column_text][vc_empty_space height=&#8221;30px&#8221;][vc_column_text]\n<div id=\"columnitem_125\" class=\"column_item col-percent-33\">\n<div class=\"column_padding\">\n<div>\n<div id=\"blockitem_63\" class=\"blockitem block_text\">\n<div class=\"block_body block_radius \">\n<div id=\"block_padding_63\" class=\"block_padding block_radius\">\n<div id=\"block_content_63\" class=\"block_content block_radius \">\n<div class=\"block_font_style\">\n<div>&#8230;Dessutom ytterligare ett 30-tal medarbetare med stor kunskap och erfarenhet av s\u00e5gtillverkning!<\/div>\n<\/div>\n<\/div>\n<\/div>\n<\/div>\n<\/div>\n<\/div>\n<\/div>\n<\/div>\n[\/vc_column_text][vc_raw_html]JTNDc3R5bGUlM0UlMEEuaDMtbm8tbWIlMjBoMyU3QiUwQW1hcmdpbi1ib3R0b20lM0ElMjAwJTNCJTBBJTdEJTBBJTNDJTJGc3R5bGUlM0U=[\/vc_raw_html][\/vc_column_inner][\/vc_row_inner][\/vc_column][\/vc_row][vc_row][vc_column]<div class=\"vcex-module vcex-divider vcex-divider-solid wpex-max-w-100 wpex-mx-auto wpex-block wpex-h-0 wpex-border-b wpex-border-solid wpex-border-gray-200\"><\/div>[\/vc_column][\/vc_row][vc_row][vc_column][\/vc_column][\/vc_row]\n","protected":false},"excerpt":{"rendered":"<p>[vc_row full_width=&#8221;stretch_row_content_no_spaces&#8221; css=&#8221;.vc_custom_1591169846531{margin-top: -40px !important;}&#8221;][vc_column][vc_gmaps link=&#8221;#E-8_JTNDaWZyYW1lJTIwc3JjJTNEJTIyaHR0cHMlM0ElMkYlMkZ3d3cuZ29vZ2xlLmNvbSUyRm1hcHMlMkZlbWJlZCUzRnBiJTNEJTIxMW0xNCUyMTFtOCUyMTFtMyUyMTFkMTIyMzk2Ljk2Njk0MjA5MTE4JTIxMmQxNS44OTU5NDcwMDAwMDAwMDElMjEzZDYxLjM1ODEzNTAwMDAwMDAwNCUyMTNtMiUyMTFpMTAyNCUyMTJpNzY4JTIxNGYxMy4xJTIxM20zJTIxMW0yJTIxMXMweDAlMjUzQTB4NGNmMzczNWVjZDFjNTQzJTIxMnNHJTI1MjBNYW4lMjUyMFRvb2xzJTI1MjBBQiUyMTVlMCUyMTNtMiUyMTFzc3YlMjEyc3VzJTIxNHYxNTc1NDc5NTAzNDk1JTIxNW0yJTIxMXNzdiUyMTJzdXMlMjIlMjB3aWR0aCUzRCUyMjEwMCUyNSUyMiUyMGhlaWdodCUzRCUyMjQ1MCUyMiUyMGZyYW1lYm9yZGVyJTNEJTIyMCUyMiUyMHN0eWxlJTNEJTIyYm9yZGVyJTNBMCUzQiUyMG1hcmdpbi1ib3R0b20lM0EtMTBweCUzQiUyMiUyMGFsbG93ZnVsbHNjcmVlbiUzRCUyMiUyMiUzRSUzQyUyRmlmcmFtZSUzRQ==&#8221;][\/vc_column][\/vc_row][vc_row css=&#8221;.vc_custom_1590748706148{margin-top: 40px !important;}&#8221;][vc_column width=&#8221;1\/3&#8243; css=&#8221;.vc_custom_1701861630262{margin-top: 40px !important;}&#8221;][vc_column_text]Telefon 0271-583 40 E-post info@g-man.se Order e-post order@g-man.se \u200b\u200b\u200b\u200b\u200b\u200b\u200b Fakturor e-post faktura@g-man.se[\/vc_column_text][vc_column_text]Postadress G-MAN TOOLS AB Box 110 828 22 EDSBYN SVERIGE \u200b\u200b\u200b\u200b\u200b\u200b\u200b Bes\u00f6ksadress G-MAN TOOLS AB VIKSJ\u00d6FORSV\u00c4GEN 20&hellip;<\/p>\n","protected":false},"author":2,"featured_media":0,"parent":0,"menu_order":0,"comment_status":"closed","ping_status":"closed","template":"","meta":{"_acf_changed":false,"footnotes":""},"class_list":["post-138","page","type-page","status-publish","hentry","entry","no-media"],"acf":[],"yoast_head":"<!-- This site is optimized with the Yoast SEO plugin v26.8 - https:\/\/yoast.com\/product\/yoast-seo-wordpress\/ -->\n<title>Kontakt - G-MAN Tools<\/title>\n<meta name=\"robots\" content=\"index, follow, max-snippet:-1, max-image-preview:large, max-video-preview:-1\" \/>\n<link rel=\"canonical\" href=\"https:\/\/g-man.se\/sv\/kontakt\" \/>\n<meta property=\"og:locale\" content=\"sv_SE\" \/>\n<meta property=\"og:type\" content=\"article\" \/>\n<meta property=\"og:title\" content=\"Kontakt - G-MAN Tools\" \/>\n<meta property=\"og:description\" content=\"[vc_row full_width=&#8221;stretch_row_content_no_spaces&#8221; css=&#8221;.vc_custom_1591169846531{margin-top: -40px !important;}&#8221;][vc_column][vc_gmaps link=&#8221;#E-8_JTNDaWZyYW1lJTIwc3JjJTNEJTIyaHR0cHMlM0ElMkYlMkZ3d3cuZ29vZ2xlLmNvbSUyRm1hcHMlMkZlbWJlZCUzRnBiJTNEJTIxMW0xNCUyMTFtOCUyMTFtMyUyMTFkMTIyMzk2Ljk2Njk0MjA5MTE4JTIxMmQxNS44OTU5NDcwMDAwMDAwMDElMjEzZDYxLjM1ODEzNTAwMDAwMDAwNCUyMTNtMiUyMTFpMTAyNCUyMTJpNzY4JTIxNGYxMy4xJTIxM20zJTIxMW0yJTIxMXMweDAlMjUzQTB4NGNmMzczNWVjZDFjNTQzJTIxMnNHJTI1MjBNYW4lMjUyMFRvb2xzJTI1MjBBQiUyMTVlMCUyMTNtMiUyMTFzc3YlMjEyc3VzJTIxNHYxNTc1NDc5NTAzNDk1JTIxNW0yJTIxMXNzdiUyMTJzdXMlMjIlMjB3aWR0aCUzRCUyMjEwMCUyNSUyMiUyMGhlaWdodCUzRCUyMjQ1MCUyMiUyMGZyYW1lYm9yZGVyJTNEJTIyMCUyMiUyMHN0eWxlJTNEJTIyYm9yZGVyJTNBMCUzQiUyMG1hcmdpbi1ib3R0b20lM0EtMTBweCUzQiUyMiUyMGFsbG93ZnVsbHNjcmVlbiUzRCUyMiUyMiUzRSUzQyUyRmlmcmFtZSUzRQ==&#8221;][\/vc_column][\/vc_row][vc_row css=&#8221;.vc_custom_1590748706148{margin-top: 40px !important;}&#8221;][vc_column width=&#8221;1\/3&#8243; css=&#8221;.vc_custom_1701861630262{margin-top: 40px !important;}&#8221;][vc_column_text]Telefon 0271-583 40 E-post info@g-man.se Order e-post order@g-man.se \u200b\u200b\u200b\u200b\u200b\u200b\u200b Fakturor e-post faktura@g-man.se[\/vc_column_text][vc_column_text]Postadress G-MAN TOOLS AB Box 110 828 22 EDSBYN SVERIGE \u200b\u200b\u200b\u200b\u200b\u200b\u200b Bes\u00f6ksadress G-MAN TOOLS AB VIKSJ\u00d6FORSV\u00c4GEN 20&hellip;\" \/>\n<meta property=\"og:url\" content=\"https:\/\/g-man.se\/sv\/kontakt\" \/>\n<meta property=\"og:site_name\" content=\"G-MAN Tools\" \/>\n<meta property=\"article:publisher\" content=\"https:\/\/www.facebook.com\/GManToolsAB\/\" \/>\n<meta property=\"article:modified_time\" content=\"2024-11-18T09:33:31+00:00\" \/>\n<meta name=\"twitter:card\" content=\"summary_large_image\" \/>\n<meta name=\"twitter:label1\" content=\"Ber\u00e4knad l\u00e4stid\" \/>\n\t<meta name=\"twitter:data1\" content=\"1 minut\" \/>\n<script type=\"application\/ld+json\" class=\"yoast-schema-graph\">{\"@context\":\"https:\/\/schema.org\",\"@graph\":[{\"@type\":\"WebPage\",\"@id\":\"https:\/\/g-man.se\/sv\/kontakt\",\"url\":\"https:\/\/g-man.se\/sv\/kontakt\",\"name\":\"Kontakt - G-MAN Tools\",\"isPartOf\":{\"@id\":\"https:\/\/g-man.se\/sv\/sv\/#website\"},\"datePublished\":\"2020-05-28T12:29:06+00:00\",\"dateModified\":\"2024-11-18T09:33:31+00:00\",\"breadcrumb\":{\"@id\":\"https:\/\/g-man.se\/sv\/kontakt#breadcrumb\"},\"inLanguage\":\"sv-SE\",\"potentialAction\":[{\"@type\":\"ReadAction\",\"target\":[\"https:\/\/g-man.se\/sv\/kontakt\"]}]},{\"@type\":\"BreadcrumbList\",\"@id\":\"https:\/\/g-man.se\/sv\/kontakt#breadcrumb\",\"itemListElement\":[{\"@type\":\"ListItem\",\"position\":1,\"name\":\"Hem\",\"item\":\"https:\/\/g-man.se\/sv\"},{\"@type\":\"ListItem\",\"position\":2,\"name\":\"Kontakt\"}]},{\"@type\":\"WebSite\",\"@id\":\"https:\/\/g-man.se\/sv\/sv\/#website\",\"url\":\"https:\/\/g-man.se\/sv\/sv\/\",\"name\":\"G-MAN Tools\",\"description\":\"The Swedish Saw Expert\",\"publisher\":{\"@id\":\"https:\/\/g-man.se\/sv\/sv\/#organization\"},\"potentialAction\":[{\"@type\":\"SearchAction\",\"target\":{\"@type\":\"EntryPoint\",\"urlTemplate\":\"https:\/\/g-man.se\/sv\/sv\/?s={search_term_string}\"},\"query-input\":{\"@type\":\"PropertyValueSpecification\",\"valueRequired\":true,\"valueName\":\"search_term_string\"}}],\"inLanguage\":\"sv-SE\"},{\"@type\":\"Organization\",\"@id\":\"https:\/\/g-man.se\/sv\/sv\/#organization\",\"name\":\"G-Man Tools\",\"url\":\"https:\/\/g-man.se\/sv\/sv\/\",\"logo\":{\"@type\":\"ImageObject\",\"inLanguage\":\"sv-SE\",\"@id\":\"https:\/\/g-man.se\/sv\/sv\/#\/schema\/logo\/image\/\",\"url\":\"https:\/\/g-man.se\/wp-content\/uploads\/g-man-logo.png\",\"contentUrl\":\"https:\/\/g-man.se\/wp-content\/uploads\/g-man-logo.png\",\"width\":1080,\"height\":373,\"caption\":\"G-Man Tools\"},\"image\":{\"@id\":\"https:\/\/g-man.se\/sv\/sv\/#\/schema\/logo\/image\/\"},\"sameAs\":[\"https:\/\/www.facebook.com\/GManToolsAB\/\",\"https:\/\/www.instagram.com\/gmantools\/\",\"https:\/\/se.linkedin.com\/company\/g-man-tools-ab\",\"https:\/\/www.youtube.com\/user\/GManTools\"]}]}<\/script>\n<!-- \/ Yoast SEO plugin. -->","yoast_head_json":{"title":"Kontakt - G-MAN Tools","robots":{"index":"index","follow":"follow","max-snippet":"max-snippet:-1","max-image-preview":"max-image-preview:large","max-video-preview":"max-video-preview:-1"},"canonical":"https:\/\/g-man.se\/sv\/kontakt","og_locale":"sv_SE","og_type":"article","og_title":"Kontakt - G-MAN Tools","og_description":"[vc_row full_width=&#8221;stretch_row_content_no_spaces&#8221; css=&#8221;.vc_custom_1591169846531{margin-top: -40px !important;}&#8221;][vc_column][vc_gmaps link=&#8221;#E-8_JTNDaWZyYW1lJTIwc3JjJTNEJTIyaHR0cHMlM0ElMkYlMkZ3d3cuZ29vZ2xlLmNvbSUyRm1hcHMlMkZlbWJlZCUzRnBiJTNEJTIxMW0xNCUyMTFtOCUyMTFtMyUyMTFkMTIyMzk2Ljk2Njk0MjA5MTE4JTIxMmQxNS44OTU5NDcwMDAwMDAwMDElMjEzZDYxLjM1ODEzNTAwMDAwMDAwNCUyMTNtMiUyMTFpMTAyNCUyMTJpNzY4JTIxNGYxMy4xJTIxM20zJTIxMW0yJTIxMXMweDAlMjUzQTB4NGNmMzczNWVjZDFjNTQzJTIxMnNHJTI1MjBNYW4lMjUyMFRvb2xzJTI1MjBBQiUyMTVlMCUyMTNtMiUyMTFzc3YlMjEyc3VzJTIxNHYxNTc1NDc5NTAzNDk1JTIxNW0yJTIxMXNzdiUyMTJzdXMlMjIlMjB3aWR0aCUzRCUyMjEwMCUyNSUyMiUyMGhlaWdodCUzRCUyMjQ1MCUyMiUyMGZyYW1lYm9yZGVyJTNEJTIyMCUyMiUyMHN0eWxlJTNEJTIyYm9yZGVyJTNBMCUzQiUyMG1hcmdpbi1ib3R0b20lM0EtMTBweCUzQiUyMiUyMGFsbG93ZnVsbHNjcmVlbiUzRCUyMiUyMiUzRSUzQyUyRmlmcmFtZSUzRQ==&#8221;][\/vc_column][\/vc_row][vc_row css=&#8221;.vc_custom_1590748706148{margin-top: 40px !important;}&#8221;][vc_column width=&#8221;1\/3&#8243; css=&#8221;.vc_custom_1701861630262{margin-top: 40px !important;}&#8221;][vc_column_text]Telefon 0271-583 40 E-post info@g-man.se Order e-post order@g-man.se \u200b\u200b\u200b\u200b\u200b\u200b\u200b Fakturor e-post faktura@g-man.se[\/vc_column_text][vc_column_text]Postadress G-MAN TOOLS AB Box 110 828 22 EDSBYN SVERIGE \u200b\u200b\u200b\u200b\u200b\u200b\u200b Bes\u00f6ksadress G-MAN TOOLS AB VIKSJ\u00d6FORSV\u00c4GEN 20&hellip;","og_url":"https:\/\/g-man.se\/sv\/kontakt","og_site_name":"G-MAN Tools","article_publisher":"https:\/\/www.facebook.com\/GManToolsAB\/","article_modified_time":"2024-11-18T09:33:31+00:00","twitter_card":"summary_large_image","twitter_misc":{"Ber\u00e4knad l\u00e4stid":"1 minut"},"schema":{"@context":"https:\/\/schema.org","@graph":[{"@type":"WebPage","@id":"https:\/\/g-man.se\/sv\/kontakt","url":"https:\/\/g-man.se\/sv\/kontakt","name":"Kontakt - G-MAN Tools","isPartOf":{"@id":"https:\/\/g-man.se\/sv\/sv\/#website"},"datePublished":"2020-05-28T12:29:06+00:00","dateModified":"2024-11-18T09:33:31+00:00","breadcrumb":{"@id":"https:\/\/g-man.se\/sv\/kontakt#breadcrumb"},"inLanguage":"sv-SE","potentialAction":[{"@type":"ReadAction","target":["https:\/\/g-man.se\/sv\/kontakt"]}]},{"@type":"BreadcrumbList","@id":"https:\/\/g-man.se\/sv\/kontakt#breadcrumb","itemListElement":[{"@type":"ListItem","position":1,"name":"Hem","item":"https:\/\/g-man.se\/sv"},{"@type":"ListItem","position":2,"name":"Kontakt"}]},{"@type":"WebSite","@id":"https:\/\/g-man.se\/sv\/sv\/#website","url":"https:\/\/g-man.se\/sv\/sv\/","name":"G-MAN Tools","description":"The Swedish Saw Expert","publisher":{"@id":"https:\/\/g-man.se\/sv\/sv\/#organization"},"potentialAction":[{"@type":"SearchAction","target":{"@type":"EntryPoint","urlTemplate":"https:\/\/g-man.se\/sv\/sv\/?s={search_term_string}"},"query-input":{"@type":"PropertyValueSpecification","valueRequired":true,"valueName":"search_term_string"}}],"inLanguage":"sv-SE"},{"@type":"Organization","@id":"https:\/\/g-man.se\/sv\/sv\/#organization","name":"G-Man Tools","url":"https:\/\/g-man.se\/sv\/sv\/","logo":{"@type":"ImageObject","inLanguage":"sv-SE","@id":"https:\/\/g-man.se\/sv\/sv\/#\/schema\/logo\/image\/","url":"https:\/\/g-man.se\/wp-content\/uploads\/g-man-logo.png","contentUrl":"https:\/\/g-man.se\/wp-content\/uploads\/g-man-logo.png","width":1080,"height":373,"caption":"G-Man Tools"},"image":{"@id":"https:\/\/g-man.se\/sv\/sv\/#\/schema\/logo\/image\/"},"sameAs":["https:\/\/www.facebook.com\/GManToolsAB\/","https:\/\/www.instagram.com\/gmantools\/","https:\/\/se.linkedin.com\/company\/g-man-tools-ab","https:\/\/www.youtube.com\/user\/GManTools"]}]}},"_links":{"self":[{"href":"https:\/\/g-man.se\/sv\/wp-json\/wp\/v2\/pages\/138","targetHints":{"allow":["GET"]}}],"collection":[{"href":"https:\/\/g-man.se\/sv\/wp-json\/wp\/v2\/pages"}],"about":[{"href":"https:\/\/g-man.se\/sv\/wp-json\/wp\/v2\/types\/page"}],"author":[{"embeddable":true,"href":"https:\/\/g-man.se\/sv\/wp-json\/wp\/v2\/users\/2"}],"replies":[{"embeddable":true,"href":"https:\/\/g-man.se\/sv\/wp-json\/wp\/v2\/comments?post=138"}],"version-history":[{"count":7,"href":"https:\/\/g-man.se\/sv\/wp-json\/wp\/v2\/pages\/138\/revisions"}],"predecessor-version":[{"id":2700,"href":"https:\/\/g-man.se\/sv\/wp-json\/wp\/v2\/pages\/138\/revisions\/2700"}],"wp:attachment":[{"href":"https:\/\/g-man.se\/sv\/wp-json\/wp\/v2\/media?parent=138"}],"curies":[{"name":"wp","href":"https:\/\/api.w.org\/{rel}","templated":true}]}}