{"id":132,"date":"2020-05-28T14:26:50","date_gmt":"2020-05-28T12:26:50","guid":{"rendered":"https:\/\/g-man.se\/?page_id=132"},"modified":"2025-09-12T11:05:20","modified_gmt":"2025-09-12T09:05:20","slug":"integritetspolicy","status":"publish","type":"page","link":"https:\/\/g-man.se\/sv\/integritetspolicy","title":{"rendered":"Integritetspolicy"},"content":{"rendered":"[vc_row][vc_column][vc_column_text]\n<h1>INTEGRITETSPOLICY<\/h1>\n<p>Denna integritetspolicy g\u00e4ller fr\u00e5n den 25 maj 2018, uppdaterad 9 september 2025.<\/p>\n<p>G-Man Tools AB (G-Man) v\u00e4rnar om din personliga integritet och vi str\u00e4var alltid efter att skydda dina personuppgifter p\u00e5 b\u00e4sta s\u00e4tt och f\u00f6lja g\u00e4llande lagar och regler f\u00f6r dataskydd. Med denna integritetspolicy vill vi informera dig om hur dina personuppgifter behandlas av G-Man. Denna policy g\u00e4ller f\u00f6r alla uppgifter som samlas in i samband med er f\u00f6rfr\u00e5gan, best\u00e4llning, k\u00f6p som du g\u00f6r hos G-Man, genom anv\u00e4ndning av v\u00e5r hemsida eller prenumeration p\u00e5 nyhetsbrev.<\/p>\n<h2>Vem \u00e4r ansvarig f\u00f6r dina personuppgifter<\/h2>\n<p>G-Man Tools AB (556245-3992), Viksj\u00f6forsv\u00e4gen 20, 828 94 EDSBYN \u00e4r ansvarig f\u00f6r behandlingen av dina personuppgifter. Du kan kontakta v\u00e5rt dataskyddsombud via mail info@g-man.se.<\/p>\n<h2>Vilka personuppgifter behandlar vi<\/h2>\n<p>G-Man behandlar personuppgifter som du sj\u00e4lv har tillhandah\u00e5llit oss, som vi samlar in via v\u00e5r webbplats eller erh\u00e5ller fr\u00e5n en tredjepart inom ramen f\u00f6r v\u00e5rt aff\u00e4rsn\u00e4tverk. N\u00e4r du g\u00f6r en f\u00f6rfr\u00e5gan eller ett k\u00f6p hos oss kommer du att l\u00e4mna information till oss, likas\u00e5 n\u00e4r du registrerar dig f\u00f6r nyhetsbrev. Du kan \u00e4ven komma att l\u00e4mna information till G-Man av andra anledningar. Informationen som du l\u00e4mnar kan vara namn, bild, IP-adress, personnummer, kontakt- &amp; adressuppgifter, personliga preferenser, telefonnummer, samt e-postadress vid nyhetsbrevsregistrering.<\/p>\n<h2>F\u00f6r vilka \u00e4ndam\u00e5l behandlar vi dina uppgifter<\/h2>\n<p>Vi behandlar dina kontaktuppgifter f\u00f6r att administrera f\u00f6rfr\u00e5gningar fr\u00e5n dig och eventuella avtal med dig samt f\u00f6r att ge information och service i samband med s\u00e5dana f\u00f6rfr\u00e5gningar och avtal. Detta kan exempelvis vara intresseanm\u00e4lningar f\u00f6r v\u00e5ra tj\u00e4nster och produkter, utbildningar som du v\u00e4ljer att deltaga i eller prenumerationer p\u00e5 nyhetsbrev.<\/p>\n<p>Dina personuppgifter kan \u00e4ven komma att anv\u00e4ndas f\u00f6r marknadsf\u00f6ring, uppf\u00f6ljningar samt f\u00f6r v\u00e5r s\u00e4lj- &amp; produktutveckling i syfte att f\u00f6rb\u00e4ttra v\u00e5ra tj\u00e4nster och produkter. Om du prenumererar p\u00e5 v\u00e5rt nyhetsbrev anv\u00e4nder vi din e-postadress f\u00f6r att skicka information, produktnyheter, kampanjer och inbjudningar. Du kan n\u00e4r som helst avregistrera dig genom l\u00e4nken i varje utskick.<\/p>\n<h2>Laglig grund f\u00f6r behandlingen och lagringsperiod<\/h2>\n<p>G-Man behandlar alltid dina personuppgifter i enlighet med till\u00e4mplig lagstiftning. Vi behandlar dina personuppgifter n\u00e4r det \u00e4r n\u00f6dv\u00e4ndigt f\u00f6r att fullg\u00f6ra ett avtal med dig och n\u00e4r vi har ett annat legitimt och ber\u00e4ttigat intresse av att behandla dina personuppgifter, t ex ett intresse av att f\u00e5 marknadsf\u00f6ra oss mot bes\u00f6kare p\u00e5 webbplats eller ett intresse av att utveckla v\u00e5r webbplats eller v\u00e5ra tj\u00e4nster och\/eller produkter. Vid nyhetsbrevsregistrering \u00e4r den lagliga grunden samtycke, vilket du sj\u00e4lv l\u00e4mnar n\u00e4r du registrerar dig. Uppgifterna som vi samlar in i enlighet med vad som anges ovan raderas n\u00e4r \u00e4ndam\u00e5len med behandlingen fullgjorts eller n\u00e4r du \u00e5terkallar ditt samtycke.<\/p>\n<h2>S\u00e4kerhet till skydd f\u00f6r personuppgifter<\/h2>\n<p>G-Man v\u00e4rnar om en h\u00f6g s\u00e4kerhet f\u00f6r dina personuppgifter och har i detta syfte vidtagit l\u00e4mpliga tekniska och organisatoriska s\u00e4kerhets\u00e5tg\u00e4rder f\u00f6r att skydda dina personuppgifter ifr\u00e5n obeh\u00f6rig \u00e5tkomst, \u00e4ndring, spridning eller f\u00f6rst\u00f6relse.<\/p>\n<h2>Begr\u00e4nsningar i utl\u00e4mnande av personuppgifter<\/h2>\n<p>G-Man kan anlita externa samarbetspartners att utf\u00f6ra uppgifter f\u00f6r v\u00e5r r\u00e4kning, t ex f\u00f6r att tillhandah\u00e5lla IT-tj\u00e4nster eller hj\u00e4lpa till med marknadsf\u00f6ring, administration av pressmeddelanden, analyser eller statistik. Utf\u00f6randet av dessa tj\u00e4nster kan inneb\u00e4ra att v\u00e5ra samarbetspartners, b\u00e5de inom EU\/EES och utanf\u00f6r EU\/EES, f\u00e5r tillg\u00e5ng till dina personuppgifter. Bolag som hanterar personuppgifter f\u00f6r v\u00e5r r\u00e4kning f\u00e5r alltid underteckna avtal med oss f\u00f6r att vi skall kunna s\u00e4kerst\u00e4lla en h\u00f6g skyddsniv\u00e5 f\u00f6r dina personuppgifter \u00e4ven hos v\u00e5ra samarbetspartners. G-Man kan \u00e4ven komma att l\u00e4mna ut personuppgifter till tredje part, som t ex polisen eller annan myndighet, om det r\u00f6r utredning av brott eller om vi annars \u00e4r skyldiga att l\u00e4mna ut s\u00e5dan uppgift med st\u00f6d av lag eller myndighetsbeslut. G-Man kommer inte att l\u00e4mna ut dina personuppgifter i n\u00e5gon annan utstr\u00e4ckning \u00e4n vad som beskrivs i detta avsnitt.<\/p>\n<h2>Dina r\u00e4ttigheter och r\u00e4tt att inge klagom\u00e5l<\/h2>\n<p>Du har r\u00e4tt att, i enlighet med till\u00e4mplig personuppgiftslagstiftning, n\u00e4r som helst beg\u00e4ra att f\u00e5 tillg\u00e5ng till de personuppgifter som behandlas om dig, att f\u00e5 felaktiga personuppgifter r\u00e4ttade, att G-Man skall sluta behandla samt radera dina personuppgifter, att behandlingen av dina personuppgifter begr\u00e4nsas, att ut\u00f6va din r\u00e4tt till dataportabilitet, att dra tillbaka ett samtycke till viss behandling (d\u00e4r samtycke har inh\u00e4mtats) samt att inv\u00e4nda mot behandlingen av personuppgifterna. V\u00e4nligen kontakta i s\u00e5dant fall G-Man genom kontaktuppgifterna till ansvarig f\u00f6r personuppgifter.<\/p>\n<p>G-Man Tools AB<br \/>\nUlf B\u00e4ckstr\u00f6m<br \/>\nVerkst\u00e4llande Direkt\u00f6r[\/vc_column_text][\/vc_column][\/vc_row]\n","protected":false},"excerpt":{"rendered":"<p>[vc_row][vc_column][vc_column_text] INTEGRITETSPOLICY Denna integritetspolicy g\u00e4ller fr\u00e5n den 25 maj 2018, uppdaterad 9 september 2025. G-Man Tools AB (G-Man) v\u00e4rnar om din personliga integritet och vi str\u00e4var alltid efter att skydda dina personuppgifter p\u00e5 b\u00e4sta s\u00e4tt och f\u00f6lja g\u00e4llande lagar och&hellip;<\/p>\n","protected":false},"author":2,"featured_media":0,"parent":0,"menu_order":0,"comment_status":"closed","ping_status":"closed","template":"","meta":{"_acf_changed":false,"footnotes":""},"class_list":["post-132","page","type-page","status-publish","hentry","entry","no-media"],"acf":[],"yoast_head":"<!-- This site is optimized with the Yoast SEO plugin v26.8 - https:\/\/yoast.com\/product\/yoast-seo-wordpress\/ -->\n<title>Integritetspolicy - G-MAN Tools<\/title>\n<meta name=\"robots\" content=\"index, follow, max-snippet:-1, max-image-preview:large, max-video-preview:-1\" \/>\n<link rel=\"canonical\" href=\"https:\/\/g-man.se\/sv\/integritetspolicy\" \/>\n<meta property=\"og:locale\" content=\"sv_SE\" \/>\n<meta property=\"og:type\" content=\"article\" \/>\n<meta property=\"og:title\" content=\"Integritetspolicy - G-MAN Tools\" \/>\n<meta property=\"og:description\" content=\"[vc_row][vc_column][vc_column_text] INTEGRITETSPOLICY Denna integritetspolicy g\u00e4ller fr\u00e5n den 25 maj 2018, uppdaterad 9 september 2025. G-Man Tools AB (G-Man) v\u00e4rnar om din personliga integritet och vi str\u00e4var alltid efter att skydda dina personuppgifter p\u00e5 b\u00e4sta s\u00e4tt och f\u00f6lja g\u00e4llande lagar och&hellip;\" \/>\n<meta property=\"og:url\" content=\"https:\/\/g-man.se\/sv\/integritetspolicy\" \/>\n<meta property=\"og:site_name\" content=\"G-MAN Tools\" \/>\n<meta property=\"article:publisher\" content=\"https:\/\/www.facebook.com\/GManToolsAB\/\" \/>\n<meta property=\"article:modified_time\" content=\"2025-09-12T09:05:20+00:00\" \/>\n<meta name=\"twitter:card\" content=\"summary_large_image\" \/>\n<meta name=\"twitter:label1\" content=\"Ber\u00e4knad l\u00e4stid\" \/>\n\t<meta name=\"twitter:data1\" content=\"4 minuter\" \/>\n<script type=\"application\/ld+json\" class=\"yoast-schema-graph\">{\"@context\":\"https:\/\/schema.org\",\"@graph\":[{\"@type\":\"WebPage\",\"@id\":\"https:\/\/g-man.se\/sv\/integritetspolicy\",\"url\":\"https:\/\/g-man.se\/sv\/integritetspolicy\",\"name\":\"Integritetspolicy - G-MAN Tools\",\"isPartOf\":{\"@id\":\"https:\/\/g-man.se\/sv\/sv\/#website\"},\"datePublished\":\"2020-05-28T12:26:50+00:00\",\"dateModified\":\"2025-09-12T09:05:20+00:00\",\"breadcrumb\":{\"@id\":\"https:\/\/g-man.se\/sv\/integritetspolicy#breadcrumb\"},\"inLanguage\":\"sv-SE\",\"potentialAction\":[{\"@type\":\"ReadAction\",\"target\":[\"https:\/\/g-man.se\/sv\/integritetspolicy\"]}]},{\"@type\":\"BreadcrumbList\",\"@id\":\"https:\/\/g-man.se\/sv\/integritetspolicy#breadcrumb\",\"itemListElement\":[{\"@type\":\"ListItem\",\"position\":1,\"name\":\"Hem\",\"item\":\"https:\/\/g-man.se\/sv\"},{\"@type\":\"ListItem\",\"position\":2,\"name\":\"Integritetspolicy\"}]},{\"@type\":\"WebSite\",\"@id\":\"https:\/\/g-man.se\/sv\/sv\/#website\",\"url\":\"https:\/\/g-man.se\/sv\/sv\/\",\"name\":\"G-MAN Tools\",\"description\":\"The Swedish Saw Expert\",\"publisher\":{\"@id\":\"https:\/\/g-man.se\/sv\/sv\/#organization\"},\"potentialAction\":[{\"@type\":\"SearchAction\",\"target\":{\"@type\":\"EntryPoint\",\"urlTemplate\":\"https:\/\/g-man.se\/sv\/sv\/?s={search_term_string}\"},\"query-input\":{\"@type\":\"PropertyValueSpecification\",\"valueRequired\":true,\"valueName\":\"search_term_string\"}}],\"inLanguage\":\"sv-SE\"},{\"@type\":\"Organization\",\"@id\":\"https:\/\/g-man.se\/sv\/sv\/#organization\",\"name\":\"G-Man Tools\",\"url\":\"https:\/\/g-man.se\/sv\/sv\/\",\"logo\":{\"@type\":\"ImageObject\",\"inLanguage\":\"sv-SE\",\"@id\":\"https:\/\/g-man.se\/sv\/sv\/#\/schema\/logo\/image\/\",\"url\":\"https:\/\/g-man.se\/wp-content\/uploads\/g-man-logo.png\",\"contentUrl\":\"https:\/\/g-man.se\/wp-content\/uploads\/g-man-logo.png\",\"width\":1080,\"height\":373,\"caption\":\"G-Man Tools\"},\"image\":{\"@id\":\"https:\/\/g-man.se\/sv\/sv\/#\/schema\/logo\/image\/\"},\"sameAs\":[\"https:\/\/www.facebook.com\/GManToolsAB\/\",\"https:\/\/www.instagram.com\/gmantools\/\",\"https:\/\/se.linkedin.com\/company\/g-man-tools-ab\",\"https:\/\/www.youtube.com\/user\/GManTools\"]}]}<\/script>\n<!-- \/ Yoast SEO plugin. -->","yoast_head_json":{"title":"Integritetspolicy - G-MAN Tools","robots":{"index":"index","follow":"follow","max-snippet":"max-snippet:-1","max-image-preview":"max-image-preview:large","max-video-preview":"max-video-preview:-1"},"canonical":"https:\/\/g-man.se\/sv\/integritetspolicy","og_locale":"sv_SE","og_type":"article","og_title":"Integritetspolicy - G-MAN Tools","og_description":"[vc_row][vc_column][vc_column_text] INTEGRITETSPOLICY Denna integritetspolicy g\u00e4ller fr\u00e5n den 25 maj 2018, uppdaterad 9 september 2025. G-Man Tools AB (G-Man) v\u00e4rnar om din personliga integritet och vi str\u00e4var alltid efter att skydda dina personuppgifter p\u00e5 b\u00e4sta s\u00e4tt och f\u00f6lja g\u00e4llande lagar och&hellip;","og_url":"https:\/\/g-man.se\/sv\/integritetspolicy","og_site_name":"G-MAN Tools","article_publisher":"https:\/\/www.facebook.com\/GManToolsAB\/","article_modified_time":"2025-09-12T09:05:20+00:00","twitter_card":"summary_large_image","twitter_misc":{"Ber\u00e4knad l\u00e4stid":"4 minuter"},"schema":{"@context":"https:\/\/schema.org","@graph":[{"@type":"WebPage","@id":"https:\/\/g-man.se\/sv\/integritetspolicy","url":"https:\/\/g-man.se\/sv\/integritetspolicy","name":"Integritetspolicy - G-MAN Tools","isPartOf":{"@id":"https:\/\/g-man.se\/sv\/sv\/#website"},"datePublished":"2020-05-28T12:26:50+00:00","dateModified":"2025-09-12T09:05:20+00:00","breadcrumb":{"@id":"https:\/\/g-man.se\/sv\/integritetspolicy#breadcrumb"},"inLanguage":"sv-SE","potentialAction":[{"@type":"ReadAction","target":["https:\/\/g-man.se\/sv\/integritetspolicy"]}]},{"@type":"BreadcrumbList","@id":"https:\/\/g-man.se\/sv\/integritetspolicy#breadcrumb","itemListElement":[{"@type":"ListItem","position":1,"name":"Hem","item":"https:\/\/g-man.se\/sv"},{"@type":"ListItem","position":2,"name":"Integritetspolicy"}]},{"@type":"WebSite","@id":"https:\/\/g-man.se\/sv\/sv\/#website","url":"https:\/\/g-man.se\/sv\/sv\/","name":"G-MAN Tools","description":"The Swedish Saw Expert","publisher":{"@id":"https:\/\/g-man.se\/sv\/sv\/#organization"},"potentialAction":[{"@type":"SearchAction","target":{"@type":"EntryPoint","urlTemplate":"https:\/\/g-man.se\/sv\/sv\/?s={search_term_string}"},"query-input":{"@type":"PropertyValueSpecification","valueRequired":true,"valueName":"search_term_string"}}],"inLanguage":"sv-SE"},{"@type":"Organization","@id":"https:\/\/g-man.se\/sv\/sv\/#organization","name":"G-Man Tools","url":"https:\/\/g-man.se\/sv\/sv\/","logo":{"@type":"ImageObject","inLanguage":"sv-SE","@id":"https:\/\/g-man.se\/sv\/sv\/#\/schema\/logo\/image\/","url":"https:\/\/g-man.se\/wp-content\/uploads\/g-man-logo.png","contentUrl":"https:\/\/g-man.se\/wp-content\/uploads\/g-man-logo.png","width":1080,"height":373,"caption":"G-Man Tools"},"image":{"@id":"https:\/\/g-man.se\/sv\/sv\/#\/schema\/logo\/image\/"},"sameAs":["https:\/\/www.facebook.com\/GManToolsAB\/","https:\/\/www.instagram.com\/gmantools\/","https:\/\/se.linkedin.com\/company\/g-man-tools-ab","https:\/\/www.youtube.com\/user\/GManTools"]}]}},"_links":{"self":[{"href":"https:\/\/g-man.se\/sv\/wp-json\/wp\/v2\/pages\/132","targetHints":{"allow":["GET"]}}],"collection":[{"href":"https:\/\/g-man.se\/sv\/wp-json\/wp\/v2\/pages"}],"about":[{"href":"https:\/\/g-man.se\/sv\/wp-json\/wp\/v2\/types\/page"}],"author":[{"embeddable":true,"href":"https:\/\/g-man.se\/sv\/wp-json\/wp\/v2\/users\/2"}],"replies":[{"embeddable":true,"href":"https:\/\/g-man.se\/sv\/wp-json\/wp\/v2\/comments?post=132"}],"version-history":[{"count":2,"href":"https:\/\/g-man.se\/sv\/wp-json\/wp\/v2\/pages\/132\/revisions"}],"predecessor-version":[{"id":3089,"href":"https:\/\/g-man.se\/sv\/wp-json\/wp\/v2\/pages\/132\/revisions\/3089"}],"wp:attachment":[{"href":"https:\/\/g-man.se\/sv\/wp-json\/wp\/v2\/media?parent=132"}],"curies":[{"name":"wp","href":"https:\/\/api.w.org\/{rel}","templated":true}]}}