{"id":129,"date":"2020-05-28T14:26:39","date_gmt":"2020-05-28T12:26:39","guid":{"rendered":"https:\/\/g-man.se\/?page_id=129"},"modified":"2023-05-11T18:24:28","modified_gmt":"2023-05-11T16:24:28","slug":"miljopolicy","status":"publish","type":"page","link":"https:\/\/g-man.se\/sv\/miljopolicy","title":{"rendered":"Milj\u00f6policy"},"content":{"rendered":"[vc_row][vc_column][vc_column_text]\n<div id=\"blockitem_241\" class=\"blockitem block_text\">\n<div class=\"block_body block_radius \">\n<div id=\"block_padding_241\" class=\"block_padding block_radius\">\n<div id=\"block_content_241\" class=\"block_content block_radius \">\n<div class=\"block_font_style\">\n<div>\n<h1>MILJ\u00d6POLICY<\/h1>\n<div>G-MAN TOOLS AB<\/div>\n<\/div>\n<\/div>\n<\/div>\n<\/div>\n<\/div>\n<\/div>\n<div id=\"blockitem_239\" class=\"blockitem block_text\">\n<div class=\"block_body block_radius \">\n<div id=\"block_background_239\" class=\"block_background block_radius\"><\/div>\n<div id=\"block_padding_239\" class=\"block_padding block_radius\">\n<div id=\"block_content_239\" class=\"block_content block_radius \">\n<div class=\"block_font_style\">\n<div>\n<p>F\u00f6retaget tillverkar och marknadsf\u00f6r s\u00e5gar och s\u00e5gblad, som distribueras p\u00e5 v\u00e4rldsmarknaden. Vid tillverkningen anv\u00e4nds huvudsakligen bandst\u00e5l f\u00f6r olika s\u00e5gklingor, liksom plast och tr\u00e4 f\u00f6r handtag. \u00c4ven oljor och olika kemikalier f\u00f6rbrukas i tillverkningsprocessen. \u00c5tg\u00e5ng av el och v\u00e4rme samt transporter \u00e4r ocks\u00e5 v\u00e4sentliga faktorer som p\u00e5verkar v\u00e5r milj\u00f6.<\/p>\n<p>Milj\u00f6arbetet vid f\u00f6retaget skall str\u00e4va till att anv\u00e4nda s\u00e5 lite r\u00e5varor och energi som m\u00f6jligt, f\u00f6r att d\u00e4rigenom minska v\u00e5r p\u00e5verkan p\u00e5 milj\u00f6n. Ambitionen skall ocks\u00e5 vara att i m\u00f6jligaste m\u00e5n f\u00f6rebygga utsl\u00e4pp och reducera olycksrisker, liksom att begr\u00e4nsa effekter p\u00e5 milj\u00f6n om en milj\u00f6olycka skulle intr\u00e4ffa.<\/p>\n<p>Sj\u00e4lvklart skall lagar och f\u00f6rordningar p\u00e5 milj\u00f6omr\u00e5det f\u00f6ljas. Ut\u00f6ver detta skall \u00e5rligen ett milj\u00f6program uppr\u00e4ttas med m\u00e5ls\u00e4ttningar f\u00f6r f\u00f6rb\u00e4ttrings\u00e5tg\u00e4rder. Uppf\u00f6ljning och en st\u00e4ndig f\u00f6rb\u00e4ttring baserad p\u00e5 uppgjorda planer skall pr\u00e4gla milj\u00f6arbetet.<\/p>\n<p>G-Man Tools skall vara ett f\u00f6retag d\u00e4r varje medarbetare k\u00e4nner sitt ansvar f\u00f6r den milj\u00f6 vi alla p\u00e5verkar p\u00e5 olika s\u00e4tt. Ett sunt milj\u00f6arbete gynnar inte bara oss sj\u00e4lva utan ocks\u00e5 f\u00f6retaget och dess kunder.<\/p>\n<p>Edsbyn den 4.6.1999<br \/>\nG-Man Tools AB<br \/>\nKjell B\u00e4ckstr\u00f6m<\/p>\n<\/div>\n<\/div>\n<\/div>\n<\/div>\n<\/div>\n<\/div>\n[\/vc_column_text][vc_empty_space height=&#8221;30px&#8221;][vc_column_text]\n<div id=\"blockitem_241\" class=\"blockitem block_text\">\n<div class=\"block_body block_radius \">\n<div id=\"block_padding_241\" class=\"block_padding block_radius\">\n<div id=\"block_content_241\" class=\"block_content block_radius \">\n<div class=\"block_font_style\">\n<div>\n<h2>Certifikat REACH<\/h2>\n<\/div>\n<\/div>\n<\/div>\n<\/div>\n<\/div>\n<\/div>\n[\/vc_column_text][vc_empty_space height=&#8221;15px&#8221;][vc_single_image image=&#8221;1946&#8243; style=&#8221;vc_box_border&#8221; onclick=&#8221;custom_link&#8221; link=&#8221;https:\/\/g-man.se\/wp-content\/uploads\/Reach.pdf&#8221;][vc_empty_space height=&#8221;30px&#8221;][\/vc_column][\/vc_row]\n","protected":false},"excerpt":{"rendered":"<p>[vc_row][vc_column][vc_column_text] MILJ\u00d6POLICY G-MAN TOOLS AB F\u00f6retaget tillverkar och marknadsf\u00f6r s\u00e5gar och s\u00e5gblad, som distribueras p\u00e5 v\u00e4rldsmarknaden. Vid tillverkningen anv\u00e4nds huvudsakligen bandst\u00e5l f\u00f6r olika s\u00e5gklingor, liksom plast och tr\u00e4 f\u00f6r handtag. \u00c4ven oljor och olika kemikalier f\u00f6rbrukas i tillverkningsprocessen. \u00c5tg\u00e5ng av&hellip;<\/p>\n","protected":false},"author":2,"featured_media":0,"parent":0,"menu_order":0,"comment_status":"closed","ping_status":"closed","template":"","meta":{"_acf_changed":false,"footnotes":""},"class_list":["post-129","page","type-page","status-publish","hentry","entry","no-media"],"acf":[],"yoast_head":"<!-- This site is optimized with the Yoast SEO plugin v26.8 - https:\/\/yoast.com\/product\/yoast-seo-wordpress\/ -->\n<title>Milj\u00f6policy - G-MAN Tools<\/title>\n<meta name=\"robots\" content=\"index, follow, max-snippet:-1, max-image-preview:large, max-video-preview:-1\" \/>\n<link rel=\"canonical\" href=\"https:\/\/g-man.se\/sv\/miljopolicy\" \/>\n<meta property=\"og:locale\" content=\"sv_SE\" \/>\n<meta property=\"og:type\" content=\"article\" \/>\n<meta property=\"og:title\" content=\"Milj\u00f6policy - G-MAN Tools\" \/>\n<meta property=\"og:description\" content=\"[vc_row][vc_column][vc_column_text] MILJ\u00d6POLICY G-MAN TOOLS AB F\u00f6retaget tillverkar och marknadsf\u00f6r s\u00e5gar och s\u00e5gblad, som distribueras p\u00e5 v\u00e4rldsmarknaden. Vid tillverkningen anv\u00e4nds huvudsakligen bandst\u00e5l f\u00f6r olika s\u00e5gklingor, liksom plast och tr\u00e4 f\u00f6r handtag. \u00c4ven oljor och olika kemikalier f\u00f6rbrukas i tillverkningsprocessen. \u00c5tg\u00e5ng av&hellip;\" \/>\n<meta property=\"og:url\" content=\"https:\/\/g-man.se\/sv\/miljopolicy\" \/>\n<meta property=\"og:site_name\" content=\"G-MAN Tools\" \/>\n<meta property=\"article:publisher\" content=\"https:\/\/www.facebook.com\/GManToolsAB\/\" \/>\n<meta property=\"article:modified_time\" content=\"2023-05-11T16:24:28+00:00\" \/>\n<meta name=\"twitter:card\" content=\"summary_large_image\" \/>\n<meta name=\"twitter:label1\" content=\"Ber\u00e4knad l\u00e4stid\" \/>\n\t<meta name=\"twitter:data1\" content=\"1 minut\" \/>\n<script type=\"application\/ld+json\" class=\"yoast-schema-graph\">{\"@context\":\"https:\/\/schema.org\",\"@graph\":[{\"@type\":\"WebPage\",\"@id\":\"https:\/\/g-man.se\/sv\/miljopolicy\",\"url\":\"https:\/\/g-man.se\/sv\/miljopolicy\",\"name\":\"Milj\u00f6policy - G-MAN Tools\",\"isPartOf\":{\"@id\":\"https:\/\/g-man.se\/sv\/sv\/#website\"},\"datePublished\":\"2020-05-28T12:26:39+00:00\",\"dateModified\":\"2023-05-11T16:24:28+00:00\",\"breadcrumb\":{\"@id\":\"https:\/\/g-man.se\/sv\/miljopolicy#breadcrumb\"},\"inLanguage\":\"sv-SE\",\"potentialAction\":[{\"@type\":\"ReadAction\",\"target\":[\"https:\/\/g-man.se\/sv\/miljopolicy\"]}]},{\"@type\":\"BreadcrumbList\",\"@id\":\"https:\/\/g-man.se\/sv\/miljopolicy#breadcrumb\",\"itemListElement\":[{\"@type\":\"ListItem\",\"position\":1,\"name\":\"Hem\",\"item\":\"https:\/\/g-man.se\/sv\"},{\"@type\":\"ListItem\",\"position\":2,\"name\":\"Milj\u00f6policy\"}]},{\"@type\":\"WebSite\",\"@id\":\"https:\/\/g-man.se\/sv\/sv\/#website\",\"url\":\"https:\/\/g-man.se\/sv\/sv\/\",\"name\":\"G-MAN Tools\",\"description\":\"The Swedish Saw Expert\",\"publisher\":{\"@id\":\"https:\/\/g-man.se\/sv\/sv\/#organization\"},\"potentialAction\":[{\"@type\":\"SearchAction\",\"target\":{\"@type\":\"EntryPoint\",\"urlTemplate\":\"https:\/\/g-man.se\/sv\/sv\/?s={search_term_string}\"},\"query-input\":{\"@type\":\"PropertyValueSpecification\",\"valueRequired\":true,\"valueName\":\"search_term_string\"}}],\"inLanguage\":\"sv-SE\"},{\"@type\":\"Organization\",\"@id\":\"https:\/\/g-man.se\/sv\/sv\/#organization\",\"name\":\"G-Man Tools\",\"url\":\"https:\/\/g-man.se\/sv\/sv\/\",\"logo\":{\"@type\":\"ImageObject\",\"inLanguage\":\"sv-SE\",\"@id\":\"https:\/\/g-man.se\/sv\/sv\/#\/schema\/logo\/image\/\",\"url\":\"https:\/\/g-man.se\/wp-content\/uploads\/g-man-logo.png\",\"contentUrl\":\"https:\/\/g-man.se\/wp-content\/uploads\/g-man-logo.png\",\"width\":1080,\"height\":373,\"caption\":\"G-Man Tools\"},\"image\":{\"@id\":\"https:\/\/g-man.se\/sv\/sv\/#\/schema\/logo\/image\/\"},\"sameAs\":[\"https:\/\/www.facebook.com\/GManToolsAB\/\",\"https:\/\/www.instagram.com\/gmantools\/\",\"https:\/\/se.linkedin.com\/company\/g-man-tools-ab\",\"https:\/\/www.youtube.com\/user\/GManTools\"]}]}<\/script>\n<!-- \/ Yoast SEO plugin. -->","yoast_head_json":{"title":"Milj\u00f6policy - G-MAN Tools","robots":{"index":"index","follow":"follow","max-snippet":"max-snippet:-1","max-image-preview":"max-image-preview:large","max-video-preview":"max-video-preview:-1"},"canonical":"https:\/\/g-man.se\/sv\/miljopolicy","og_locale":"sv_SE","og_type":"article","og_title":"Milj\u00f6policy - G-MAN Tools","og_description":"[vc_row][vc_column][vc_column_text] MILJ\u00d6POLICY G-MAN TOOLS AB F\u00f6retaget tillverkar och marknadsf\u00f6r s\u00e5gar och s\u00e5gblad, som distribueras p\u00e5 v\u00e4rldsmarknaden. Vid tillverkningen anv\u00e4nds huvudsakligen bandst\u00e5l f\u00f6r olika s\u00e5gklingor, liksom plast och tr\u00e4 f\u00f6r handtag. \u00c4ven oljor och olika kemikalier f\u00f6rbrukas i tillverkningsprocessen. \u00c5tg\u00e5ng av&hellip;","og_url":"https:\/\/g-man.se\/sv\/miljopolicy","og_site_name":"G-MAN Tools","article_publisher":"https:\/\/www.facebook.com\/GManToolsAB\/","article_modified_time":"2023-05-11T16:24:28+00:00","twitter_card":"summary_large_image","twitter_misc":{"Ber\u00e4knad l\u00e4stid":"1 minut"},"schema":{"@context":"https:\/\/schema.org","@graph":[{"@type":"WebPage","@id":"https:\/\/g-man.se\/sv\/miljopolicy","url":"https:\/\/g-man.se\/sv\/miljopolicy","name":"Milj\u00f6policy - G-MAN Tools","isPartOf":{"@id":"https:\/\/g-man.se\/sv\/sv\/#website"},"datePublished":"2020-05-28T12:26:39+00:00","dateModified":"2023-05-11T16:24:28+00:00","breadcrumb":{"@id":"https:\/\/g-man.se\/sv\/miljopolicy#breadcrumb"},"inLanguage":"sv-SE","potentialAction":[{"@type":"ReadAction","target":["https:\/\/g-man.se\/sv\/miljopolicy"]}]},{"@type":"BreadcrumbList","@id":"https:\/\/g-man.se\/sv\/miljopolicy#breadcrumb","itemListElement":[{"@type":"ListItem","position":1,"name":"Hem","item":"https:\/\/g-man.se\/sv"},{"@type":"ListItem","position":2,"name":"Milj\u00f6policy"}]},{"@type":"WebSite","@id":"https:\/\/g-man.se\/sv\/sv\/#website","url":"https:\/\/g-man.se\/sv\/sv\/","name":"G-MAN Tools","description":"The Swedish Saw Expert","publisher":{"@id":"https:\/\/g-man.se\/sv\/sv\/#organization"},"potentialAction":[{"@type":"SearchAction","target":{"@type":"EntryPoint","urlTemplate":"https:\/\/g-man.se\/sv\/sv\/?s={search_term_string}"},"query-input":{"@type":"PropertyValueSpecification","valueRequired":true,"valueName":"search_term_string"}}],"inLanguage":"sv-SE"},{"@type":"Organization","@id":"https:\/\/g-man.se\/sv\/sv\/#organization","name":"G-Man Tools","url":"https:\/\/g-man.se\/sv\/sv\/","logo":{"@type":"ImageObject","inLanguage":"sv-SE","@id":"https:\/\/g-man.se\/sv\/sv\/#\/schema\/logo\/image\/","url":"https:\/\/g-man.se\/wp-content\/uploads\/g-man-logo.png","contentUrl":"https:\/\/g-man.se\/wp-content\/uploads\/g-man-logo.png","width":1080,"height":373,"caption":"G-Man Tools"},"image":{"@id":"https:\/\/g-man.se\/sv\/sv\/#\/schema\/logo\/image\/"},"sameAs":["https:\/\/www.facebook.com\/GManToolsAB\/","https:\/\/www.instagram.com\/gmantools\/","https:\/\/se.linkedin.com\/company\/g-man-tools-ab","https:\/\/www.youtube.com\/user\/GManTools"]}]}},"_links":{"self":[{"href":"https:\/\/g-man.se\/sv\/wp-json\/wp\/v2\/pages\/129","targetHints":{"allow":["GET"]}}],"collection":[{"href":"https:\/\/g-man.se\/sv\/wp-json\/wp\/v2\/pages"}],"about":[{"href":"https:\/\/g-man.se\/sv\/wp-json\/wp\/v2\/types\/page"}],"author":[{"embeddable":true,"href":"https:\/\/g-man.se\/sv\/wp-json\/wp\/v2\/users\/2"}],"replies":[{"embeddable":true,"href":"https:\/\/g-man.se\/sv\/wp-json\/wp\/v2\/comments?post=129"}],"version-history":[{"count":6,"href":"https:\/\/g-man.se\/sv\/wp-json\/wp\/v2\/pages\/129\/revisions"}],"predecessor-version":[{"id":1987,"href":"https:\/\/g-man.se\/sv\/wp-json\/wp\/v2\/pages\/129\/revisions\/1987"}],"wp:attachment":[{"href":"https:\/\/g-man.se\/sv\/wp-json\/wp\/v2\/media?parent=129"}],"curies":[{"name":"wp","href":"https:\/\/api.w.org\/{rel}","templated":true}]}}